{"id":72,"date":"2020-02-21T16:04:44","date_gmt":"2020-02-21T19:04:44","guid":{"rendered":"http:\/\/www2.uepg.br\/eri\/?page_id=72"},"modified":"2020-03-02T13:40:50","modified_gmt":"2020-03-02T16:40:50","slug":"regulamento","status":"publish","type":"page","link":"https:\/\/www2.uepg.br\/eri\/regulamento\/","title":{"rendered":"Regulamento"},"content":{"rendered":"<header class=\"entry-header\">\n<p class=\"entry-title\"><strong>Regulamento PROMEI<\/strong><\/p>\n<\/header>\n<div class=\"entry-content\">\n<p>O Programa de Mobilidade Estudantil Internacional (PROMEI) da UEPG \u00e9 regulamentado pela <a href=\"http:\/\/www2.uepg.br\/eri\/wp-content\/uploads\/sites\/52\/2020\/02\/Resolu\u00e7\u00e3o-CEPE-N\u00ba-054-2014.pdf\" target=\"_blank\" rel=\"noopener noreferrer\">Resolu\u00e7\u00e3o-CEPE-N\u00ba-054-2014<\/a><\/p>\n<\/div>\n","protected":false},"excerpt":{"rendered":"<p>Regulamento PROMEI O Programa de Mobilidade Estudantil Internacional (PROMEI) da UEPG \u00e9 regulamentado pela Resolu\u00e7\u00e3o-CEPE-N\u00ba-054-2014<\/p>\n","protected":false},"author":24,"featured_media":0,"parent":0,"menu_order":0,"comment_status":"closed","ping_status":"closed","template":"page-templates\/page-with-left-sidebar.php","meta":[],"_links":{"self":[{"href":"https:\/\/www2.uepg.br\/eri\/wp-json\/wp\/v2\/pages\/72"}],"collection":[{"href":"https:\/\/www2.uepg.br\/eri\/wp-json\/wp\/v2\/pages"}],"about":[{"href":"https:\/\/www2.uepg.br\/eri\/wp-json\/wp\/v2\/types\/page"}],"author":[{"embeddable":true,"href":"https:\/\/www2.uepg.br\/eri\/wp-json\/wp\/v2\/users\/24"}],"replies":[{"embeddable":true,"href":"https:\/\/www2.uepg.br\/eri\/wp-json\/wp\/v2\/comments?post=72"}],"version-history":[{"count":2,"href":"https:\/\/www2.uepg.br\/eri\/wp-json\/wp\/v2\/pages\/72\/revisions"}],"predecessor-version":[{"id":80,"href":"https:\/\/www2.uepg.br\/eri\/wp-json\/wp\/v2\/pages\/72\/revisions\/80"}],"wp:attachment":[{"href":"https:\/\/www2.uepg.br\/eri\/wp-json\/wp\/v2\/media?parent=72"}],"curies":[{"name":"wp","href":"https:\/\/api.w.org\/{rel}","templated":true}]}}