{"id":853,"date":"2020-07-20T18:16:17","date_gmt":"2020-07-20T21:16:17","guid":{"rendered":"http:\/\/www2.uepg.br\/eri\/?page_id=853"},"modified":"2026-04-08T16:19:34","modified_gmt":"2026-04-08T19:19:34","slug":"redes-de-cooperacao","status":"publish","type":"page","link":"https:\/\/www2.uepg.br\/eri\/redes-de-cooperacao\/","title":{"rendered":"Redes de Coopera\u00e7\u00e3o"},"content":{"rendered":"<div id=\"pl-853\"  class=\"panel-layout\" ><div id=\"pg-853-0\"  class=\"panel-grid panel-no-style\" ><div id=\"pgc-853-0-0\"  class=\"panel-grid-cell\" ><div id=\"panel-853-0-0-0\" class=\"so-panel widget widget_sow-editor panel-first-child panel-last-child\" data-index=\"0\" ><div id=\"contato\" class=\"panel-widget-style panel-widget-style-for-853-0-0-0\" ><div\n\t\t\t\n\t\t\tclass=\"so-widget-sow-editor so-widget-sow-editor-base\"\n\t\t\t\n\t\t>\n<div class=\"siteorigin-widget-tinymce textwidget\">\n\t<h5 style=\"text-align: center\">O Escrit\u00f3rio de Rela\u00e7\u00f5es Internacionais da UEPG possui diversos parceiros para que possa oferecer oportunidades \u00e0 comunidade acad\u00eamica e promover cada vez mais a internacionaliza\u00e7\u00e3o da Universidade.<\/h5>\n<h5 style=\"text-align: center\">Confira abaixo quem integra essa rede de coopera\u00e7\u00e3o com o ERI:<\/h5>\n<p>&nbsp;<\/p>\n<\/div>\n<\/div><\/div><\/div><\/div><\/div><div id=\"pg-853-1\"  class=\"panel-grid panel-no-style\" ><div id=\"pgc-853-1-0\"  class=\"panel-grid-cell\" ><div id=\"panel-853-1-0-0\" class=\"so-panel widget widget_sow-editor panel-first-child panel-last-child\" data-index=\"1\" ><div id=\"contato\" class=\"panel-widget-style panel-widget-style-for-853-1-0-0\" ><div\n\t\t\t\n\t\t\tclass=\"so-widget-sow-editor so-widget-sow-editor-base\"\n\t\t\t\n\t\t>\n<div class=\"siteorigin-widget-tinymce textwidget\">\n\t<p style=\"text-align: center\"><img loading=\"lazy\" class=\"alignnone wp-image-868 size-thumbnail\" src=\"http:\/\/www2.uepg.br\/eri\/wp-content\/uploads\/sites\/52\/2020\/07\/Faubai-150x150.jpg\" alt=\"\" width=\"150\" height=\"150\" srcset=\"https:\/\/www2.uepg.br\/eri\/wp-content\/uploads\/sites\/52\/2020\/07\/Faubai-150x150.jpg 150w, https:\/\/www2.uepg.br\/eri\/wp-content\/uploads\/sites\/52\/2020\/07\/Faubai-300x300.jpg 300w, https:\/\/www2.uepg.br\/eri\/wp-content\/uploads\/sites\/52\/2020\/07\/Faubai-1024x1024.jpg 1024w, https:\/\/www2.uepg.br\/eri\/wp-content\/uploads\/sites\/52\/2020\/07\/Faubai-768x768.jpg 768w, https:\/\/www2.uepg.br\/eri\/wp-content\/uploads\/sites\/52\/2020\/07\/Faubai-1536x1536.jpg 1536w, https:\/\/www2.uepg.br\/eri\/wp-content\/uploads\/sites\/52\/2020\/07\/Faubai-1232x1232.jpg 1232w, https:\/\/www2.uepg.br\/eri\/wp-content\/uploads\/sites\/52\/2020\/07\/Faubai-1080x1080.jpg 1080w, https:\/\/www2.uepg.br\/eri\/wp-content\/uploads\/sites\/52\/2020\/07\/Faubai.jpg 1800w\" sizes=\"(max-width: 150px) 100vw, 150px\" \/><\/p>\n<p style=\"text-align: center\"><span data-sheets-value=\"{&quot;1&quot;:2,&quot;2&quot;:&quot;Colocar links das parceiras (Redes de coopera\u00e7\u00e3o)\\nFaubai \\nZicosur\\nAbruem\\nApiesp\\nGrupo Coimbra\\nHu- Rede lus\u00f3fona\\nUniversia - Santander (Santander Universidades)\\n&quot;}\" data-sheets-userformat=\"{&quot;2&quot;:1049535,&quot;3&quot;:{&quot;1&quot;:0},&quot;4&quot;:[null,2,13624051],&quot;5&quot;:{&quot;1&quot;:[{&quot;1&quot;:2,&quot;2&quot;:0,&quot;5&quot;:[null,2,16777215]},{&quot;1&quot;:0,&quot;2&quot;:0,&quot;3&quot;:3},{&quot;1&quot;:1,&quot;2&quot;:0,&quot;4&quot;:1}]},&quot;6&quot;:{&quot;1&quot;:[{&quot;1&quot;:2,&quot;2&quot;:0,&quot;5&quot;:[null,2,16777215]},{&quot;1&quot;:0,&quot;2&quot;:0,&quot;3&quot;:3},{&quot;1&quot;:1,&quot;2&quot;:0,&quot;4&quot;:1}]},&quot;7&quot;:{&quot;1&quot;:[{&quot;1&quot;:2,&quot;2&quot;:0,&quot;5&quot;:[null,2,16777215]},{&quot;1&quot;:0,&quot;2&quot;:0,&quot;3&quot;:3},{&quot;1&quot;:1,&quot;2&quot;:0,&quot;4&quot;:1}]},&quot;8&quot;:{&quot;1&quot;:[{&quot;1&quot;:2,&quot;2&quot;:0,&quot;5&quot;:[null,2,16777215]},{&quot;1&quot;:0,&quot;2&quot;:0,&quot;3&quot;:3},{&quot;1&quot;:1,&quot;2&quot;:0,&quot;4&quot;:1}]},&quot;10&quot;:0,&quot;11&quot;:4,&quot;12&quot;:0,&quot;23&quot;:1}\" data-sheets-textstyleruns=\"{&quot;1&quot;:0}\uee10[null,27,{&quot;5&quot;:1}]\uee10{&quot;1&quot;:49}\"><a href=\"http:\/\/faubai.org.br\/pt-br\/\">Associa\u00e7\u00e3o Brasileira de Educa\u00e7\u00e3o Internacional - Faubai<\/a> <\/span><\/p>\n<p>&nbsp;<\/p>\n<p style=\"text-align: center\"><img loading=\"lazy\" class=\"alignnone wp-image-867 size-thumbnail\" src=\"http:\/\/www2.uepg.br\/eri\/wp-content\/uploads\/sites\/52\/2020\/07\/Zicosur-150x150.jpg\" alt=\"\" width=\"150\" height=\"150\" srcset=\"https:\/\/www2.uepg.br\/eri\/wp-content\/uploads\/sites\/52\/2020\/07\/Zicosur-150x150.jpg 150w, https:\/\/www2.uepg.br\/eri\/wp-content\/uploads\/sites\/52\/2020\/07\/Zicosur-300x300.jpg 300w, https:\/\/www2.uepg.br\/eri\/wp-content\/uploads\/sites\/52\/2020\/07\/Zicosur-1024x1024.jpg 1024w, https:\/\/www2.uepg.br\/eri\/wp-content\/uploads\/sites\/52\/2020\/07\/Zicosur-768x768.jpg 768w, https:\/\/www2.uepg.br\/eri\/wp-content\/uploads\/sites\/52\/2020\/07\/Zicosur-1536x1536.jpg 1536w, https:\/\/www2.uepg.br\/eri\/wp-content\/uploads\/sites\/52\/2020\/07\/Zicosur-1232x1232.jpg 1232w, https:\/\/www2.uepg.br\/eri\/wp-content\/uploads\/sites\/52\/2020\/07\/Zicosur-1080x1080.jpg 1080w, https:\/\/www2.uepg.br\/eri\/wp-content\/uploads\/sites\/52\/2020\/07\/Zicosur.jpg 1800w\" sizes=\"(max-width: 150px) 100vw, 150px\" \/><\/p>\n<p style=\"text-align: center\"><span data-sheets-value=\"{&quot;1&quot;:2,&quot;2&quot;:&quot;Colocar links das parceiras (Redes de coopera\u00e7\u00e3o)\\nFaubai \\nZicosur\\nAbruem\\nApiesp\\nGrupo Coimbra\\nHu- Rede lus\u00f3fona\\nUniversia - Santander (Santander Universidades)\\n&quot;}\" data-sheets-userformat=\"{&quot;2&quot;:1049535,&quot;3&quot;:{&quot;1&quot;:0},&quot;4&quot;:[null,2,13624051],&quot;5&quot;:{&quot;1&quot;:[{&quot;1&quot;:2,&quot;2&quot;:0,&quot;5&quot;:[null,2,16777215]},{&quot;1&quot;:0,&quot;2&quot;:0,&quot;3&quot;:3},{&quot;1&quot;:1,&quot;2&quot;:0,&quot;4&quot;:1}]},&quot;6&quot;:{&quot;1&quot;:[{&quot;1&quot;:2,&quot;2&quot;:0,&quot;5&quot;:[null,2,16777215]},{&quot;1&quot;:0,&quot;2&quot;:0,&quot;3&quot;:3},{&quot;1&quot;:1,&quot;2&quot;:0,&quot;4&quot;:1}]},&quot;7&quot;:{&quot;1&quot;:[{&quot;1&quot;:2,&quot;2&quot;:0,&quot;5&quot;:[null,2,16777215]},{&quot;1&quot;:0,&quot;2&quot;:0,&quot;3&quot;:3},{&quot;1&quot;:1,&quot;2&quot;:0,&quot;4&quot;:1}]},&quot;8&quot;:{&quot;1&quot;:[{&quot;1&quot;:2,&quot;2&quot;:0,&quot;5&quot;:[null,2,16777215]},{&quot;1&quot;:0,&quot;2&quot;:0,&quot;3&quot;:3},{&quot;1&quot;:1,&quot;2&quot;:0,&quot;4&quot;:1}]},&quot;10&quot;:0,&quot;11&quot;:4,&quot;12&quot;:0,&quot;23&quot;:1}\" data-sheets-textstyleruns=\"{&quot;1&quot;:0}\uee10[null,27,{&quot;5&quot;:1}]\uee10{&quot;1&quot;:49}\"><a href=\"https:\/\/zicosur.wordpress.com\/universidades\/\">Rede Zicosur Universit\u00e1ria<\/a><\/span><\/p>\n<p>&nbsp;<\/p>\n<p style=\"text-align: center\"><img loading=\"lazy\" class=\"alignnone wp-image-866 size-thumbnail\" src=\"http:\/\/www2.uepg.br\/eri\/wp-content\/uploads\/sites\/52\/2020\/07\/Abruem-150x150.jpg\" alt=\"\" width=\"150\" height=\"150\" srcset=\"https:\/\/www2.uepg.br\/eri\/wp-content\/uploads\/sites\/52\/2020\/07\/Abruem-150x150.jpg 150w, https:\/\/www2.uepg.br\/eri\/wp-content\/uploads\/sites\/52\/2020\/07\/Abruem-300x300.jpg 300w, https:\/\/www2.uepg.br\/eri\/wp-content\/uploads\/sites\/52\/2020\/07\/Abruem-1024x1024.jpg 1024w, https:\/\/www2.uepg.br\/eri\/wp-content\/uploads\/sites\/52\/2020\/07\/Abruem-768x768.jpg 768w, https:\/\/www2.uepg.br\/eri\/wp-content\/uploads\/sites\/52\/2020\/07\/Abruem-1536x1536.jpg 1536w, https:\/\/www2.uepg.br\/eri\/wp-content\/uploads\/sites\/52\/2020\/07\/Abruem-1232x1232.jpg 1232w, https:\/\/www2.uepg.br\/eri\/wp-content\/uploads\/sites\/52\/2020\/07\/Abruem-1080x1080.jpg 1080w, https:\/\/www2.uepg.br\/eri\/wp-content\/uploads\/sites\/52\/2020\/07\/Abruem.jpg 1800w\" sizes=\"(max-width: 150px) 100vw, 150px\" \/><\/p>\n<p style=\"text-align: center\"><span data-sheets-value=\"{&quot;1&quot;:2,&quot;2&quot;:&quot;Colocar links das parceiras (Redes de coopera\u00e7\u00e3o)\\nFaubai \\nZicosur\\nAbruem\\nApiesp\\nGrupo Coimbra\\nHu- Rede lus\u00f3fona\\nUniversia - Santander (Santander Universidades)\\n&quot;}\" data-sheets-userformat=\"{&quot;2&quot;:1049535,&quot;3&quot;:{&quot;1&quot;:0},&quot;4&quot;:[null,2,13624051],&quot;5&quot;:{&quot;1&quot;:[{&quot;1&quot;:2,&quot;2&quot;:0,&quot;5&quot;:[null,2,16777215]},{&quot;1&quot;:0,&quot;2&quot;:0,&quot;3&quot;:3},{&quot;1&quot;:1,&quot;2&quot;:0,&quot;4&quot;:1}]},&quot;6&quot;:{&quot;1&quot;:[{&quot;1&quot;:2,&quot;2&quot;:0,&quot;5&quot;:[null,2,16777215]},{&quot;1&quot;:0,&quot;2&quot;:0,&quot;3&quot;:3},{&quot;1&quot;:1,&quot;2&quot;:0,&quot;4&quot;:1}]},&quot;7&quot;:{&quot;1&quot;:[{&quot;1&quot;:2,&quot;2&quot;:0,&quot;5&quot;:[null,2,16777215]},{&quot;1&quot;:0,&quot;2&quot;:0,&quot;3&quot;:3},{&quot;1&quot;:1,&quot;2&quot;:0,&quot;4&quot;:1}]},&quot;8&quot;:{&quot;1&quot;:[{&quot;1&quot;:2,&quot;2&quot;:0,&quot;5&quot;:[null,2,16777215]},{&quot;1&quot;:0,&quot;2&quot;:0,&quot;3&quot;:3},{&quot;1&quot;:1,&quot;2&quot;:0,&quot;4&quot;:1}]},&quot;10&quot;:0,&quot;11&quot;:4,&quot;12&quot;:0,&quot;23&quot;:1}\" data-sheets-textstyleruns=\"{&quot;1&quot;:0}\uee10[null,27,{&quot;5&quot;:1}]\uee10{&quot;1&quot;:49}\"><a href=\"http:\/\/www.abruem.org.br\/\">Associa\u00e7\u00e3o Brasileira dos Reitores das Universidades Estaduais e Municipais - Abruem<\/a><\/span><\/p>\n<p>&nbsp;<\/p>\n<p style=\"text-align: center\"><img loading=\"lazy\" class=\"alignnone wp-image-865 size-thumbnail\" src=\"http:\/\/www2.uepg.br\/eri\/wp-content\/uploads\/sites\/52\/2020\/07\/Apiesp-150x150.jpg\" alt=\"\" width=\"150\" height=\"150\" srcset=\"https:\/\/www2.uepg.br\/eri\/wp-content\/uploads\/sites\/52\/2020\/07\/Apiesp-150x150.jpg 150w, https:\/\/www2.uepg.br\/eri\/wp-content\/uploads\/sites\/52\/2020\/07\/Apiesp-300x300.jpg 300w, https:\/\/www2.uepg.br\/eri\/wp-content\/uploads\/sites\/52\/2020\/07\/Apiesp-1024x1024.jpg 1024w, https:\/\/www2.uepg.br\/eri\/wp-content\/uploads\/sites\/52\/2020\/07\/Apiesp-768x768.jpg 768w, https:\/\/www2.uepg.br\/eri\/wp-content\/uploads\/sites\/52\/2020\/07\/Apiesp-1536x1536.jpg 1536w, https:\/\/www2.uepg.br\/eri\/wp-content\/uploads\/sites\/52\/2020\/07\/Apiesp-1232x1232.jpg 1232w, https:\/\/www2.uepg.br\/eri\/wp-content\/uploads\/sites\/52\/2020\/07\/Apiesp-1080x1080.jpg 1080w, https:\/\/www2.uepg.br\/eri\/wp-content\/uploads\/sites\/52\/2020\/07\/Apiesp.jpg 1800w\" sizes=\"(max-width: 150px) 100vw, 150px\" \/><\/p>\n<p style=\"text-align: center\"><span data-sheets-value=\"{&quot;1&quot;:2,&quot;2&quot;:&quot;Colocar links das parceiras (Redes de coopera\u00e7\u00e3o)\\nFaubai \\nZicosur\\nAbruem\\nApiesp\\nGrupo Coimbra\\nHu- Rede lus\u00f3fona\\nUniversia - Santander (Santander Universidades)\\n&quot;}\" data-sheets-userformat=\"{&quot;2&quot;:1049535,&quot;3&quot;:{&quot;1&quot;:0},&quot;4&quot;:[null,2,13624051],&quot;5&quot;:{&quot;1&quot;:[{&quot;1&quot;:2,&quot;2&quot;:0,&quot;5&quot;:[null,2,16777215]},{&quot;1&quot;:0,&quot;2&quot;:0,&quot;3&quot;:3},{&quot;1&quot;:1,&quot;2&quot;:0,&quot;4&quot;:1}]},&quot;6&quot;:{&quot;1&quot;:[{&quot;1&quot;:2,&quot;2&quot;:0,&quot;5&quot;:[null,2,16777215]},{&quot;1&quot;:0,&quot;2&quot;:0,&quot;3&quot;:3},{&quot;1&quot;:1,&quot;2&quot;:0,&quot;4&quot;:1}]},&quot;7&quot;:{&quot;1&quot;:[{&quot;1&quot;:2,&quot;2&quot;:0,&quot;5&quot;:[null,2,16777215]},{&quot;1&quot;:0,&quot;2&quot;:0,&quot;3&quot;:3},{&quot;1&quot;:1,&quot;2&quot;:0,&quot;4&quot;:1}]},&quot;8&quot;:{&quot;1&quot;:[{&quot;1&quot;:2,&quot;2&quot;:0,&quot;5&quot;:[null,2,16777215]},{&quot;1&quot;:0,&quot;2&quot;:0,&quot;3&quot;:3},{&quot;1&quot;:1,&quot;2&quot;:0,&quot;4&quot;:1}]},&quot;10&quot;:0,&quot;11&quot;:4,&quot;12&quot;:0,&quot;23&quot;:1}\" data-sheets-textstyleruns=\"{&quot;1&quot;:0}\uee10[null,27,{&quot;5&quot;:1}]\uee10{&quot;1&quot;:49}\"><a href=\"https:\/\/www.apiesp.org.br\/\">Associa\u00e7\u00e3o Paranaense das Institui\u00e7\u00f5es de Ensino Superior P\u00fablico - Apiesp<\/a><\/span><\/p>\n<p>&nbsp;<\/p>\n<p><strong>ersa+ Community-based change: local and traditional knowledge(s) in NbS<\/strong><\/p>\n<p><img loading=\"lazy\" class=\"alignnone size-full wp-image-7405\" src=\"http:\/\/www2.uepg.br\/eri\/wp-content\/uploads\/sites\/52\/2025\/12\/biodiversa_logo.png\" alt=\"\" width=\"268\" height=\"69\" \/><\/p>\n<p>IESol<strong><a href=\"https:\/\/www.biodiversa.eu\/2025\/04\/08\/comcha\/\"><span style=\"color: #333333\">COMCHA<\/span><\/a><\/strong>Identificar a pluralidade de pr\u00e1ticas, din\u00e2micas sociais e fatores associados \u00e0 mudan\u00e7a comunit\u00e1ria; Estimular a tradu\u00e7\u00e3o intercultural entre experi\u00eancias de Solu\u00e7\u00f5es Baseadas na Natureza (SbN); Mapear os conceitos e abordagens de Solu\u00e7\u00f5es Baseadas na Natureza (SbN) aplicados a comunidades amea\u00e7adas, lan\u00e7ando luz sobre os sistemas de governan\u00e7a comunit\u00e1ria e as formas de economia comunit\u00e1ria nessas terras amea\u00e7adas.<\/p>\n<\/div>\n<\/div><\/div><\/div><\/div><div id=\"pgc-853-1-1\"  class=\"panel-grid-cell\" ><div id=\"panel-853-1-1-0\" class=\"so-panel widget widget_sow-editor panel-first-child panel-last-child\" data-index=\"2\" ><div id=\"contato\" class=\"panel-widget-style panel-widget-style-for-853-1-1-0\" ><div\n\t\t\t\n\t\t\tclass=\"so-widget-sow-editor so-widget-sow-editor-base\"\n\t\t\t\n\t\t>\n<div class=\"siteorigin-widget-tinymce textwidget\">\n\t<p style=\"text-align: center\"><img loading=\"lazy\" class=\"alignnone wp-image-864 size-thumbnail\" src=\"http:\/\/www2.uepg.br\/eri\/wp-content\/uploads\/sites\/52\/2020\/07\/Coimbra-150x150.jpg\" alt=\"\" width=\"150\" height=\"150\" srcset=\"https:\/\/www2.uepg.br\/eri\/wp-content\/uploads\/sites\/52\/2020\/07\/Coimbra-150x150.jpg 150w, https:\/\/www2.uepg.br\/eri\/wp-content\/uploads\/sites\/52\/2020\/07\/Coimbra-300x300.jpg 300w, https:\/\/www2.uepg.br\/eri\/wp-content\/uploads\/sites\/52\/2020\/07\/Coimbra-1024x1024.jpg 1024w, https:\/\/www2.uepg.br\/eri\/wp-content\/uploads\/sites\/52\/2020\/07\/Coimbra-768x768.jpg 768w, https:\/\/www2.uepg.br\/eri\/wp-content\/uploads\/sites\/52\/2020\/07\/Coimbra-1536x1536.jpg 1536w, https:\/\/www2.uepg.br\/eri\/wp-content\/uploads\/sites\/52\/2020\/07\/Coimbra-1232x1232.jpg 1232w, https:\/\/www2.uepg.br\/eri\/wp-content\/uploads\/sites\/52\/2020\/07\/Coimbra-1080x1080.jpg 1080w, https:\/\/www2.uepg.br\/eri\/wp-content\/uploads\/sites\/52\/2020\/07\/Coimbra.jpg 1800w\" sizes=\"(max-width: 150px) 100vw, 150px\" \/><\/p>\n<p style=\"text-align: center\"><span data-sheets-value=\"{&quot;1&quot;:2,&quot;2&quot;:&quot;Colocar links das parceiras (Redes de coopera\u00e7\u00e3o)\\nFaubai \\nZicosur\\nAbruem\\nApiesp\\nGrupo Coimbra\\nHu- Rede lus\u00f3fona\\nUniversia - Santander (Santander Universidades)\\n&quot;}\" data-sheets-userformat=\"{&quot;2&quot;:1049535,&quot;3&quot;:{&quot;1&quot;:0},&quot;4&quot;:[null,2,13624051],&quot;5&quot;:{&quot;1&quot;:[{&quot;1&quot;:2,&quot;2&quot;:0,&quot;5&quot;:[null,2,16777215]},{&quot;1&quot;:0,&quot;2&quot;:0,&quot;3&quot;:3},{&quot;1&quot;:1,&quot;2&quot;:0,&quot;4&quot;:1}]},&quot;6&quot;:{&quot;1&quot;:[{&quot;1&quot;:2,&quot;2&quot;:0,&quot;5&quot;:[null,2,16777215]},{&quot;1&quot;:0,&quot;2&quot;:0,&quot;3&quot;:3},{&quot;1&quot;:1,&quot;2&quot;:0,&quot;4&quot;:1}]},&quot;7&quot;:{&quot;1&quot;:[{&quot;1&quot;:2,&quot;2&quot;:0,&quot;5&quot;:[null,2,16777215]},{&quot;1&quot;:0,&quot;2&quot;:0,&quot;3&quot;:3},{&quot;1&quot;:1,&quot;2&quot;:0,&quot;4&quot;:1}]},&quot;8&quot;:{&quot;1&quot;:[{&quot;1&quot;:2,&quot;2&quot;:0,&quot;5&quot;:[null,2,16777215]},{&quot;1&quot;:0,&quot;2&quot;:0,&quot;3&quot;:3},{&quot;1&quot;:1,&quot;2&quot;:0,&quot;4&quot;:1}]},&quot;10&quot;:0,&quot;11&quot;:4,&quot;12&quot;:0,&quot;23&quot;:1}\" data-sheets-textstyleruns=\"{&quot;1&quot;:0}\uee10[null,27,{&quot;5&quot;:1}]\uee10{&quot;1&quot;:49}\"><a href=\"http:\/\/www.grupocoimbra.org.br\/\">Grupo Coimbra de Universidades Brasileiras<\/a><\/span><\/p>\n<p>&nbsp;<\/p>\n<p style=\"text-align: center\"><img loading=\"lazy\" class=\"alignnone wp-image-893 size-thumbnail\" src=\"http:\/\/www2.uepg.br\/eri\/wp-content\/uploads\/sites\/52\/2020\/07\/HU-UEPG-rede-lus\u00f3fona-150x150.jpg\" alt=\"\" width=\"150\" height=\"150\" srcset=\"https:\/\/www2.uepg.br\/eri\/wp-content\/uploads\/sites\/52\/2020\/07\/HU-UEPG-rede-lus\u00f3fona-150x150.jpg 150w, https:\/\/www2.uepg.br\/eri\/wp-content\/uploads\/sites\/52\/2020\/07\/HU-UEPG-rede-lus\u00f3fona-300x300.jpg 300w, https:\/\/www2.uepg.br\/eri\/wp-content\/uploads\/sites\/52\/2020\/07\/HU-UEPG-rede-lus\u00f3fona-1024x1024.jpg 1024w, https:\/\/www2.uepg.br\/eri\/wp-content\/uploads\/sites\/52\/2020\/07\/HU-UEPG-rede-lus\u00f3fona-768x768.jpg 768w, https:\/\/www2.uepg.br\/eri\/wp-content\/uploads\/sites\/52\/2020\/07\/HU-UEPG-rede-lus\u00f3fona-1536x1536.jpg 1536w, https:\/\/www2.uepg.br\/eri\/wp-content\/uploads\/sites\/52\/2020\/07\/HU-UEPG-rede-lus\u00f3fona-1232x1232.jpg 1232w, https:\/\/www2.uepg.br\/eri\/wp-content\/uploads\/sites\/52\/2020\/07\/HU-UEPG-rede-lus\u00f3fona-1080x1080.jpg 1080w, https:\/\/www2.uepg.br\/eri\/wp-content\/uploads\/sites\/52\/2020\/07\/HU-UEPG-rede-lus\u00f3fona.jpg 1800w\" sizes=\"(max-width: 150px) 100vw, 150px\" \/><\/p>\n<p style=\"text-align: center\"><span data-sheets-value=\"{&quot;1&quot;:2,&quot;2&quot;:&quot;Colocar links das parceiras (Redes de coopera\u00e7\u00e3o)\\nFaubai \\nZicosur\\nAbruem\\nApiesp\\nGrupo Coimbra\\nHu- Rede lus\u00f3fona\\nUniversia - Santander (Santander Universidades)\\n&quot;}\" data-sheets-userformat=\"{&quot;2&quot;:1049535,&quot;3&quot;:{&quot;1&quot;:0},&quot;4&quot;:[null,2,13624051],&quot;5&quot;:{&quot;1&quot;:[{&quot;1&quot;:2,&quot;2&quot;:0,&quot;5&quot;:[null,2,16777215]},{&quot;1&quot;:0,&quot;2&quot;:0,&quot;3&quot;:3},{&quot;1&quot;:1,&quot;2&quot;:0,&quot;4&quot;:1}]},&quot;6&quot;:{&quot;1&quot;:[{&quot;1&quot;:2,&quot;2&quot;:0,&quot;5&quot;:[null,2,16777215]},{&quot;1&quot;:0,&quot;2&quot;:0,&quot;3&quot;:3},{&quot;1&quot;:1,&quot;2&quot;:0,&quot;4&quot;:1}]},&quot;7&quot;:{&quot;1&quot;:[{&quot;1&quot;:2,&quot;2&quot;:0,&quot;5&quot;:[null,2,16777215]},{&quot;1&quot;:0,&quot;2&quot;:0,&quot;3&quot;:3},{&quot;1&quot;:1,&quot;2&quot;:0,&quot;4&quot;:1}]},&quot;8&quot;:{&quot;1&quot;:[{&quot;1&quot;:2,&quot;2&quot;:0,&quot;5&quot;:[null,2,16777215]},{&quot;1&quot;:0,&quot;2&quot;:0,&quot;3&quot;:3},{&quot;1&quot;:1,&quot;2&quot;:0,&quot;4&quot;:1}]},&quot;10&quot;:0,&quot;11&quot;:4,&quot;12&quot;:0,&quot;23&quot;:1}\" data-sheets-textstyleruns=\"{&quot;1&quot;:0}\uee10[null,27,{&quot;5&quot;:1}]\uee10{&quot;1&quot;:49}\"><a href=\"http:\/\/racslusofonia.org\/\">Rede Acad\u00eamica das Ci\u00eancias da Sa\u00fade da Lusofonia (HU UEPG)<\/a><\/span><\/p>\n<p>&nbsp;<\/p>\n<p style=\"text-align: center\"><img loading=\"lazy\" class=\"alignnone wp-image-862 size-thumbnail\" src=\"http:\/\/www2.uepg.br\/eri\/wp-content\/uploads\/sites\/52\/2020\/07\/Universia-150x150.jpg\" alt=\"\" width=\"150\" height=\"150\" srcset=\"https:\/\/www2.uepg.br\/eri\/wp-content\/uploads\/sites\/52\/2020\/07\/Universia-150x150.jpg 150w, https:\/\/www2.uepg.br\/eri\/wp-content\/uploads\/sites\/52\/2020\/07\/Universia-300x300.jpg 300w, https:\/\/www2.uepg.br\/eri\/wp-content\/uploads\/sites\/52\/2020\/07\/Universia-1024x1024.jpg 1024w, https:\/\/www2.uepg.br\/eri\/wp-content\/uploads\/sites\/52\/2020\/07\/Universia-768x768.jpg 768w, https:\/\/www2.uepg.br\/eri\/wp-content\/uploads\/sites\/52\/2020\/07\/Universia-1536x1536.jpg 1536w, https:\/\/www2.uepg.br\/eri\/wp-content\/uploads\/sites\/52\/2020\/07\/Universia-1232x1232.jpg 1232w, https:\/\/www2.uepg.br\/eri\/wp-content\/uploads\/sites\/52\/2020\/07\/Universia-1080x1080.jpg 1080w, https:\/\/www2.uepg.br\/eri\/wp-content\/uploads\/sites\/52\/2020\/07\/Universia.jpg 1800w\" sizes=\"(max-width: 150px) 100vw, 150px\" \/><\/p>\n<p style=\"text-align: center\"><span data-sheets-value=\"{&quot;1&quot;:2,&quot;2&quot;:&quot;Colocar links das parceiras (Redes de coopera\u00e7\u00e3o)\\nFaubai \\nZicosur\\nAbruem\\nApiesp\\nGrupo Coimbra\\nHu- Rede lus\u00f3fona\\nUniversia - Santander (Santander Universidades)\\n&quot;}\" data-sheets-userformat=\"{&quot;2&quot;:1049535,&quot;3&quot;:{&quot;1&quot;:0},&quot;4&quot;:[null,2,13624051],&quot;5&quot;:{&quot;1&quot;:[{&quot;1&quot;:2,&quot;2&quot;:0,&quot;5&quot;:[null,2,16777215]},{&quot;1&quot;:0,&quot;2&quot;:0,&quot;3&quot;:3},{&quot;1&quot;:1,&quot;2&quot;:0,&quot;4&quot;:1}]},&quot;6&quot;:{&quot;1&quot;:[{&quot;1&quot;:2,&quot;2&quot;:0,&quot;5&quot;:[null,2,16777215]},{&quot;1&quot;:0,&quot;2&quot;:0,&quot;3&quot;:3},{&quot;1&quot;:1,&quot;2&quot;:0,&quot;4&quot;:1}]},&quot;7&quot;:{&quot;1&quot;:[{&quot;1&quot;:2,&quot;2&quot;:0,&quot;5&quot;:[null,2,16777215]},{&quot;1&quot;:0,&quot;2&quot;:0,&quot;3&quot;:3},{&quot;1&quot;:1,&quot;2&quot;:0,&quot;4&quot;:1}]},&quot;8&quot;:{&quot;1&quot;:[{&quot;1&quot;:2,&quot;2&quot;:0,&quot;5&quot;:[null,2,16777215]},{&quot;1&quot;:0,&quot;2&quot;:0,&quot;3&quot;:3},{&quot;1&quot;:1,&quot;2&quot;:0,&quot;4&quot;:1}]},&quot;10&quot;:0,&quot;11&quot;:4,&quot;12&quot;:0,&quot;23&quot;:1}\" data-sheets-textstyleruns=\"{&quot;1&quot;:0}\uee10[null,27,{&quot;5&quot;:1}]\uee10{&quot;1&quot;:49}\"><a href=\"https:\/\/programauniversitario.universia.com.br\/\">Universia - Santander (Santander Universidades)<\/a><\/span><\/p>\n<p>&nbsp;<\/p>\n<p><img loading=\"lazy\" class=\"size-full wp-image-7405 aligncenter\" src=\"http:\/\/www2.uepg.br\/eri\/wp-content\/uploads\/sites\/52\/2025\/12\/biodiversa_logo.png\" alt=\"\" width=\"268\" height=\"69\" \/><\/p>\n<p style=\"text-align: center\"><span style=\"color: #000080\"><a style=\"color: #000080\" href=\"https:\/\/www.biodiversa.eu\/2025\/04\/08\/comcha\/\"><strong>Biodiversa+<\/strong> Community-based change: local and traditional knowledge(s) in NbS - IESol COMCHA<\/a><\/span><\/p>\n<\/div>\n<\/div><\/div><\/div><\/div><\/div><div id=\"pg-853-2\"  class=\"panel-grid panel-no-style\" ><div id=\"pgc-853-2-0\"  class=\"panel-grid-cell\" ><div id=\"panel-853-2-0-0\" class=\"so-panel widget widget_sow-editor panel-first-child panel-last-child\" data-index=\"3\" ><div id=\"contato\" class=\"panel-widget-style panel-widget-style-for-853-2-0-0\" ><div\n\t\t\t\n\t\t\tclass=\"so-widget-sow-editor so-widget-sow-editor-base\"\n\t\t\t\n\t\t>\n<div class=\"siteorigin-widget-tinymce textwidget\">\n\t<h5 style=\"text-align: left\">Conhe\u00e7a os Escrit\u00f3rios de Rela\u00e7\u00f5es Internacionais das outras Universidades Estaduais do Paran\u00e1:<\/h5>\n<p><a href=\"http:\/\/www.uel.br\/ari\/\">Universidade Estadual de Londrina (UEL)<\/a><\/p>\n<p><a href=\"http:\/\/www.eci.uem.br\/\">Universidade Estadual de Maring\u00e1 (UEM)<\/a><\/p>\n<p><a href=\"https:\/\/eri.unespar.edu.br\/\">Universidade Estadual do Paran\u00e1 (UNESPAR) <\/a><\/p>\n<p><a href=\"http:\/\/www2.unicentro.br\/eri\/\">Universidade Estadual do Centro-Oeste (UNICENTRO)<\/a><\/p>\n<p><a href=\"http:\/\/cri.uenp.edu.br\/\">Universidade Estadual do Norte do Paran\u00e1 (UENP)<\/a><\/p>\n<p><a href=\"http:\/\/www.unioeste.br\/ari\/\">Universidade Estadual do Oeste do Paran\u00e1 (UNIOESTE)<\/a><\/p>\n<\/div>\n<\/div><\/div><\/div><\/div><\/div><\/div>","protected":false},"excerpt":{"rendered":"<p>O Escrit\u00f3rio de Rela\u00e7\u00f5es Internacionais da UEPG possui diversos parceiros para que possa oferecer oportunidades \u00e0 comunidade acad\u00eamica e promover cada vez mais a internacionaliza\u00e7\u00e3o da Universidade. Confira abaixo quem integra essa rede de coopera\u00e7\u00e3o com o ERI: &nbsp; Associa\u00e7\u00e3o Brasileira de Educa\u00e7\u00e3o Internacional &#8211; Faubai &nbsp; Rede Zicosur Universit\u00e1ria &nbsp; Associa\u00e7\u00e3o Brasileira dos Reitores&nbsp;&hellip;<\/p>\n","protected":false},"author":80,"featured_media":0,"parent":0,"menu_order":0,"comment_status":"closed","ping_status":"closed","template":"","meta":[],"_links":{"self":[{"href":"https:\/\/www2.uepg.br\/eri\/wp-json\/wp\/v2\/pages\/853"}],"collection":[{"href":"https:\/\/www2.uepg.br\/eri\/wp-json\/wp\/v2\/pages"}],"about":[{"href":"https:\/\/www2.uepg.br\/eri\/wp-json\/wp\/v2\/types\/page"}],"author":[{"embeddable":true,"href":"https:\/\/www2.uepg.br\/eri\/wp-json\/wp\/v2\/users\/80"}],"replies":[{"embeddable":true,"href":"https:\/\/www2.uepg.br\/eri\/wp-json\/wp\/v2\/comments?post=853"}],"version-history":[{"count":11,"href":"https:\/\/www2.uepg.br\/eri\/wp-json\/wp\/v2\/pages\/853\/revisions"}],"predecessor-version":[{"id":7586,"href":"https:\/\/www2.uepg.br\/eri\/wp-json\/wp\/v2\/pages\/853\/revisions\/7586"}],"wp:attachment":[{"href":"https:\/\/www2.uepg.br\/eri\/wp-json\/wp\/v2\/media?parent=853"}],"curies":[{"name":"wp","href":"https:\/\/api.w.org\/{rel}","templated":true}]}}