{"id":90,"date":"2020-02-21T16:25:08","date_gmt":"2020-02-21T19:25:08","guid":{"rendered":"http:\/\/www2.uepg.br\/eri\/?page_id=90"},"modified":"2025-10-01T14:04:11","modified_gmt":"2025-10-01T17:04:11","slug":"top","status":"publish","type":"page","link":"https:\/\/www2.uepg.br\/eri\/top\/","title":{"rendered":"The Ohio Program \u2013 Est\u00e1gio Internacional em Fazendas, Empresas, Centros de Pesquisas, etc."},"content":{"rendered":"<div id=\"pl-90\"  class=\"panel-layout\" ><div id=\"pg-90-0\"  class=\"panel-grid panel-no-style\" ><div id=\"pgc-90-0-0\"  class=\"panel-grid-cell\" ><div id=\"panel-90-0-0-0\" class=\"so-panel widget widget_sow-editor panel-first-child panel-last-child\" data-index=\"0\" ><div\n\t\t\t\n\t\t\tclass=\"so-widget-sow-editor so-widget-sow-editor-base\"\n\t\t\t\n\t\t>\n<div class=\"siteorigin-widget-tinymce textwidget\">\n\t<div class=\"entry-content\">\n<ul>\n<li>\n<header class=\"entry-header\">\n<p class=\"entry-title\">O programa de Ohio iniciou em 1979 para atender aos alunos de faculdades que precisavam de est\u00e1gio para se formar e tamb\u00e9m de uma experi\u00eancia internacional.<\/p>\n<\/header>\n<div class=\"entry-content\">\n<ul>\n<li>Destinado a: estudantes da UEPG matriculados nos cursos de <strong>Agronomia, Zootecnia, Engenharia de Alimentos, Biologia<\/strong> ou \u00e1reas correlatas a partir da 3\u00aa s\u00e9rie.<\/li>\n<li>Dura\u00e7\u00e3o:\n<ul>\n<li>Programa B: 12 meses: agricultura, horticultura, produ\u00e7\u00e3o animal \u2013 IN\u00cdCIO A QUALQUER \u00c9POCA<\/li>\n<li>Programa C: 8 meses: grandes culturas e maquin\u00e1rio agr\u00edcola \u2013 DE MAR\u00c7O\/ABRIL A OUTUBRO\/NOVEMBRO<\/li>\n<\/ul>\n<\/li>\n<li>Inscri\u00e7\u00f5es: no m\u00ednimo quatro (4) meses de anteced\u00eancia \u00e0 data de in\u00edcio pretendida.<\/li>\n<\/ul>\n<ul>\n<li>\u00a0Requisitos:\n<ul>\n<li>\u00a0idade entre 21 \u2013 29<\/li>\n<li>\u00a0flu\u00eancia em ingl\u00eas (falar, compreender, ler e escrever);<a href=\"mailto:mob.internacional@uepg.br\"><img loading=\"lazy\" class=\"alignright\" src=\"http:\/\/videira.ifc.edu.br\/wp-content\/uploads\/2015\/04\/ohio-state-university.jpg\" alt=\"\" width=\"338\" height=\"253\" \/><\/a><\/li>\n<li>interesse em agricultura ou pecu\u00e1ria;<\/li>\n<li>conhecimento e experi\u00eancia na \u00e1rea pretendida;<\/li>\n<li>carteira de motorista internacional;<\/li>\n<li>estar regularmente matriculado na UEPG (E N\u00c3O ESTAR EM REGIME DE DEPEND\u00caNCIA AO SER ACEITO PELO PROGRAMA) na 3\u00aa, 4\u00aa, ou 5\u00aa s\u00e9rie dos curso de Agronomia, Zootecnia, Engenharia de Alimentos ou outro curso correlato ou rec\u00e9m-graduado nestas \u00e1reas;<\/li>\n<li>Documentos necess\u00e1rios:<br \/>\n\u2013 3 cartas de refer\u00eancia (digitalizadas) de realiza\u00e7\u00e3o de est\u00e1gio na \u00e1rea (pelo menos 1 de fora da universidade) mencionando: per\u00edodo que o aluno esteve estudando\/empregado, habilidades e responsabilidades adquiridas, descri\u00e7\u00e3o de atividades e caracter\u00edsticas pessoais;<br \/>\n\u2013 C\u00f3pia digitalizada do passaporte (identifica\u00e7\u00e3o e vistos anteriores<br \/>\n\u2013 1 foto digitalizada tipo para passaporte (5\u00d77 ou 5\u00d75 com fundo branco)<br \/>\n\u2013 Carta de descri\u00e7\u00e3o pessoal (digitalizada)<br \/>\n\u2013 Hist\u00f3rico Escolar (em ingl\u00eas)<br \/>\n\u2013 V\u00eddeo de apresenta\u00e7\u00e3o pessoal (opcional)<\/li>\n<\/ul>\n<\/li>\n<\/ul>\n<p>&nbsp;<\/p>\n<h5><strong>O QUE FAZER PARA PARTICIPAR DO PROGRAMA DE OHIO?<\/strong><\/h5>\n<h6><strong>FASE I<\/strong><\/h6>\n<ul>\n<li>Preencher o Formul\u00e1rio: <a href=\"http:\/\/www2.uepg.br\/eri\/wp-content\/uploads\/sites\/52\/2020\/11\/The-Ohio-Program-UEPG-FORM.doc\">The Ohio Program Form<\/a>, juntar o Hist\u00f3rico Escolar atualizado e enviar ao ERI , para o e-mail: <a href=\"mailto:eri@uepg.br\">eri@uepg.br\u00a0<\/a><\/li>\n<li>Aguardar contato do ERI para agendar uma entrevista;<\/li>\n<li>Realizar entrevista no Escrit\u00f3rio de Rela\u00e7\u00f5es Internacionais;<\/li>\n<li>Ap\u00f3s aprova\u00e7\u00e3o na entrevista, aguardar e-mail com as instru\u00e7\u00f5es para acessar o formul\u00e1rio online;<\/li>\n<li>Preencher o formul\u00e1rio de inscri\u00e7\u00e3o do PROGRAMA DE OHIO (online);<\/li>\n<li>Obter 3 cartas de refer\u00eancia (1 tem que ser de fora da universidade);<\/li>\n<li>Enviar c\u00f3pias digitalizadas para mob.internacional@uepg.br para verifica\u00e7\u00e3o (antes de inclu\u00ed-las no formul\u00e1rio online);<\/li>\n<li>Carta de descri\u00e7\u00e3o pessoal em ingl\u00eas (enviar c\u00f3pias digitalizadas para mob.internacional@uepg.br para verifica\u00e7\u00e3o \u2013 antes de inclu\u00ed-las no formul\u00e1rio online);<\/li>\n<li>Passaporte (p\u00e1ginas: n\u00famero do passaporte, identifica\u00e7\u00e3o e vistos);<\/li>\n<li>2 cartas de refer\u00eancia em ingl\u00eas (pelo menos 1 de fora da universidade);<\/li>\n<li>1 foto tipo passaporte (5\u00d77 ou 5\u00d75 com fundo branco)<\/li>\n<li>Obter a carteira de motorista internacional<\/li>\n<li>Receber uma liga\u00e7\u00e3o\/contato Skype do escrit\u00f3rio do Programa de Ohio (1\u00ba contato)<\/li>\n<li>Receber uma liga\u00e7\u00e3o\/contato Skype de um prov\u00e1vel host<\/li>\n<li>Enviar um e-mail para o Programa confirmando o aceite da oferta de est\u00e1gio apresentada<\/li>\n<li>Aguardar um e-mail do TOP com instru\u00e7\u00f5es para pagamento das taxas do programa<\/li>\n<li>Realizar o pagamento das taxas por meio de cart\u00e3o de cr\u00e9dito internacional, conforme orienta\u00e7\u00f5es dadas pelo Programa de Ohio;<\/li>\n<li>Receber a documenta\u00e7\u00e3o expedida pelo Programa de Ohio (retirar no ERI)<\/li>\n<li>Agendar a entrevista no consulado americano em S\u00e3o Paulo<\/li>\n<\/ul>\n<h6><strong>FASE II<\/strong><\/h6>\n<p>Assim que receber a documenta\u00e7\u00e3o enviada pelo Programa, o aluno deve solicitar AFASTAMENTO, conforme <a href=\"http:\/\/www3.uepg.br\/eri\/wp-content\/uploads\/sites\/30\/2015\/11\/Resolu%C3%A7%C3%A3o-CEPE-N%C2%BA-054-2014.pdf\">Resolu\u00e7\u00e3o CEPE N\u00ba 054-2014<\/a>, acessando o SEI: <a href=\"https:\/\/sisei.apps.uepg.br\/protocolo-digital\">https:\/\/sisei.apps.uepg.br\/protocolo-digital<\/a>, preenchendo com as informa\u00e7\u00f5es solicitadas e incluindo os seguintes ANEXOS:<\/p>\n<ol>\n<li><a href=\"http:\/\/www3.uepg.br\/eri\/wp-content\/uploads\/sites\/30\/2015\/11\/Form-afastamento-Acad%C3%AAmico-UEPG-PROMEI-Res.-CEPE-054_20141.doc\">Formul\u00e1rio de Afastamento Acad\u00eamico<\/a>\u00a0preenchido e assinado;<\/li>\n<li>carta de aceita\u00e7\u00e3o com assinatura + tradu\u00e7\u00e3o;<\/li>\n<li>carta que cont\u00e9m o endere\u00e7o da empresa (local de est\u00e1gio) nos EUA + tradu\u00e7\u00e3o;<\/li>\n<li>\u201cTraining Plan\u201d + tradu\u00e7\u00e3o;<\/li>\n<li>Hist\u00f3rico Escolar extra\u00eddo do \u201cacad\u00eamico online\u201d;<\/li>\n<li>Comprovante de seguro (que contenha o nome da seguradora, o nome do estudante, a data de cobertura e o n\u00famero da ap\u00f3lice);<\/li>\n<\/ol>\n<p><strong>Todo o processo de solicita\u00e7\u00e3o de afastamento est\u00e1 explicado na aba <a href=\"https:\/\/www2.uepg.br\/eri\/mobilidade-out\/\">\"mobilidade out\"<\/a>. Aqui no site do ERI.<\/strong><\/p>\n<p>\u2022 Providenciar documentos para obten\u00e7\u00e3o do visto<br \/>\n\u2022 Comparecer \u00e0 entrevista no consulado americano<br \/>\n\u2022 Reservar passagem a\u00e9rea. Trajeto: Brasil \u2013 Columbus, OH \u2013 local de est\u00e1gio \u2013 Brasil<br \/>\n\u2022 Enviar um e-mail para o Programa de Ohio com o itiner\u00e1rio da viagem para aprova\u00e7\u00e3o (ao Programa e ao Host e esperar o retorno e s\u00f3 ent\u00e3o comprar a passagem a\u00e9rea)<br \/>\n\u2022 Realizar consultas e exames m\u00e9dicos e odontol\u00f3gicos<br \/>\n\u2022 Tomar vacinas que n\u00e3o estejam em dia;<br \/>\n\u2022 Receber um e-mail do Programa de OHIO confirmando a aceita\u00e7\u00e3o do itiner\u00e1rio de viagem<br \/>\n\u2022 Adquirir o bilhete a\u00e9reo<\/p>\n<h4 style=\"text-align: center\"><strong>VIAJAR PARA REALIZAR O EST\u00c1GIO!!!<\/strong><\/h4>\n<p>&nbsp;<\/p>\n<ul>\n<li style=\"list-style-type: none\">\n<ul>\n<li>Para mais informa\u00e7\u00f5es consulte:\u00a0<a href=\"http:\/\/www.ohioprogram.org\/\" target=\"_blank\" rel=\"noopener noreferrer\">http:\/\/www.ohioprogram.org\/<\/a><\/li>\n<\/ul>\n<\/li>\n<\/ul>\n<\/div>\n<\/li>\n<\/ul>\n<\/div>\n<\/div>\n<\/div><\/div><\/div><\/div><\/div>","protected":false},"excerpt":{"rendered":"<p>O programa de Ohio iniciou em 1979 para atender aos alunos de faculdades que precisavam de est\u00e1gio para se formar e tamb\u00e9m de uma experi\u00eancia internacional. Destinado a: estudantes da UEPG matriculados nos cursos de Agronomia, Zootecnia, Engenharia de Alimentos, Biologia ou \u00e1reas correlatas a partir da 3\u00aa s\u00e9rie. Dura\u00e7\u00e3o: Programa B: 12 meses: agricultura,&nbsp;&hellip;<\/p>\n","protected":false},"author":24,"featured_media":0,"parent":0,"menu_order":0,"comment_status":"closed","ping_status":"closed","template":"","meta":[],"_links":{"self":[{"href":"https:\/\/www2.uepg.br\/eri\/wp-json\/wp\/v2\/pages\/90"}],"collection":[{"href":"https:\/\/www2.uepg.br\/eri\/wp-json\/wp\/v2\/pages"}],"about":[{"href":"https:\/\/www2.uepg.br\/eri\/wp-json\/wp\/v2\/types\/page"}],"author":[{"embeddable":true,"href":"https:\/\/www2.uepg.br\/eri\/wp-json\/wp\/v2\/users\/24"}],"replies":[{"embeddable":true,"href":"https:\/\/www2.uepg.br\/eri\/wp-json\/wp\/v2\/comments?post=90"}],"version-history":[{"count":9,"href":"https:\/\/www2.uepg.br\/eri\/wp-json\/wp\/v2\/pages\/90\/revisions"}],"predecessor-version":[{"id":7101,"href":"https:\/\/www2.uepg.br\/eri\/wp-json\/wp\/v2\/pages\/90\/revisions\/7101"}],"wp:attachment":[{"href":"https:\/\/www2.uepg.br\/eri\/wp-json\/wp\/v2\/media?parent=90"}],"curies":[{"name":"wp","href":"https:\/\/api.w.org\/{rel}","templated":true}]}}