{"id":121,"date":"2021-12-14T10:14:56","date_gmt":"2021-12-14T13:14:56","guid":{"rendered":"https:\/\/www2.uepg.br\/escrita-academica\/?page_id=121"},"modified":"2024-09-02T10:52:48","modified_gmt":"2024-09-02T13:52:48","slug":"sobre","status":"publish","type":"page","link":"https:\/\/www2.uepg.br\/escrita-academica\/sobre\/","title":{"rendered":"Sobre"},"content":{"rendered":"<div id=\"pl-121\"  class=\"panel-layout\" ><div id=\"pg-121-0\"  class=\"panel-grid panel-no-style\" ><div id=\"pgc-121-0-0\"  class=\"panel-grid-cell\" ><div id=\"panel-121-0-0-0\" class=\"so-panel widget widget_sow-editor panel-first-child panel-last-child\" data-index=\"0\" ><div\n\t\t\t\n\t\t\tclass=\"so-widget-sow-editor so-widget-sow-editor-base\"\n\t\t\t\n\t\t>\n<div class=\"siteorigin-widget-tinymce textwidget\">\n\t<p>A divulga\u00e7\u00e3o cient\u00edfica \u00e9 um dos grandes desafios do trabalho de pesquisa em todas as \u00e1reas do conhecimento. \u00c9 preciso multiplicar e divulgar atividades, achados e descobertas: \u00e9 desta forma que a ci\u00eancia acontece, pelo esfor\u00e7o coletivo da comunidade acad\u00eamica. Mais do que isso, divulgar ci\u00eancia \u00e9 tamb\u00e9m uma exig\u00eancia de cursos de gradua\u00e7\u00e3o e, especialmente, de p\u00f3s-gradua\u00e7\u00e3o, tanto para alunos como para professores. Assim, produzir e publicar s\u00e3o partes imprescind\u00edveis da vida acad\u00eamica.<\/p>\n<p>O CEA foi criado para oferecer suporte a esses processos, com <strong>consultoria especializada em escrita acad\u00eamica em portugu\u00eas e ingl\u00eas, tradu\u00e7\u00e3o portugu\u00eas-ingl\u00eas\/ ingl\u00eas-portugu\u00eas, assessoria de edi\u00e7\u00e3o de textos e revis\u00e3o<\/strong> destinada a fomentar a publica\u00e7\u00e3o em peri\u00f3dicos cient\u00edficos nacionais e, principalmente, internacionais. O objetivo central \u00e9 o de inserir as pesquisas produzidas na UEPG mais ativamente na comunidade cient\u00edfica internacional.<\/p>\n<p>O CEA \u00e9 uma iniciativa pioneira que integra o AWARD (<em>Academic Writing and Research Development<\/em>), programa que nasce da parceria entre a Superintend\u00eancia Geral de Ci\u00eancia, Tecnologia e Ensino Superior (Seti), a Universidade Federal do Paran\u00e1 (UFPR), a Embaixada dos Estados Unidos e envolve as sete universidades p\u00fablicas estaduais \u2014 UEL, UEM, UENP, UNESPAR, UEPG, UNICENTRO e UNIOESTE. Em cada uma delas, centros de escrita passam a atuar em 2022 para contribuir com a pesquisa e a internacionaliza\u00e7\u00e3o das universidades paranaenses.<\/p>\n<p>Al\u00e9m de consultoria a pesquisadores, o CEA \u00e9 tamb\u00e9m um espa\u00e7o de forma\u00e7\u00e3o para alunos de gradua\u00e7\u00e3o e p\u00f3s-gradua\u00e7\u00e3o, contribuindo para a excel\u00eancia acad\u00eamica e a produ\u00e7\u00e3o cient\u00edfica de maneira decisiva. Leia mais em <strong><a href=\"https:\/\/www2.uepg.br\/escrita-academica\/servicos\/\">Servi\u00e7os<\/a> <\/strong>e <strong><a href=\"https:\/\/www2.uepg.br\/escrita-academica\/equipe\/\">Equipe<\/a>.<\/strong><\/p>\n<p>&nbsp;<\/p>\n<p>&nbsp;<\/p>\n<p><img loading=\"lazy\" class=\"size-medium wp-image-141 aligncenter\" src=\"https:\/\/www2.uepg.br\/escrita-academica\/wp-content\/uploads\/sites\/210\/2021\/12\/award-300x98.png\" alt=\"\" width=\"300\" height=\"98\" srcset=\"https:\/\/www2.uepg.br\/escrita-academica\/wp-content\/uploads\/sites\/210\/2021\/12\/award-300x98.png 300w, https:\/\/www2.uepg.br\/escrita-academica\/wp-content\/uploads\/sites\/210\/2021\/12\/award.png 693w\" sizes=\"(max-width: 300px) 100vw, 300px\" \/><\/p>\n<\/div>\n<\/div><\/div><\/div><\/div><\/div>","protected":false},"excerpt":{"rendered":"<p>A divulga\u00e7\u00e3o cient\u00edfica \u00e9 um dos grandes desafios do trabalho de pesquisa em todas as \u00e1reas do conhecimento. \u00c9 preciso multiplicar e divulgar atividades, achados e descobertas: \u00e9 desta forma que a ci\u00eancia acontece, pelo esfor\u00e7o coletivo da comunidade acad\u00eamica. Mais do que isso, divulgar ci\u00eancia \u00e9 tamb\u00e9m uma exig\u00eancia de cursos de gradua\u00e7\u00e3o e,&nbsp;&hellip;<\/p>\n","protected":false},"author":378,"featured_media":715,"parent":0,"menu_order":0,"comment_status":"closed","ping_status":"closed","template":"","meta":[],"_links":{"self":[{"href":"https:\/\/www2.uepg.br\/escrita-academica\/wp-json\/wp\/v2\/pages\/121"}],"collection":[{"href":"https:\/\/www2.uepg.br\/escrita-academica\/wp-json\/wp\/v2\/pages"}],"about":[{"href":"https:\/\/www2.uepg.br\/escrita-academica\/wp-json\/wp\/v2\/types\/page"}],"author":[{"embeddable":true,"href":"https:\/\/www2.uepg.br\/escrita-academica\/wp-json\/wp\/v2\/users\/378"}],"replies":[{"embeddable":true,"href":"https:\/\/www2.uepg.br\/escrita-academica\/wp-json\/wp\/v2\/comments?post=121"}],"version-history":[{"count":10,"href":"https:\/\/www2.uepg.br\/escrita-academica\/wp-json\/wp\/v2\/pages\/121\/revisions"}],"predecessor-version":[{"id":716,"href":"https:\/\/www2.uepg.br\/escrita-academica\/wp-json\/wp\/v2\/pages\/121\/revisions\/716"}],"wp:featuredmedia":[{"embeddable":true,"href":"https:\/\/www2.uepg.br\/escrita-academica\/wp-json\/wp\/v2\/media\/715"}],"wp:attachment":[{"href":"https:\/\/www2.uepg.br\/escrita-academica\/wp-json\/wp\/v2\/media?parent=121"}],"curies":[{"name":"wp","href":"https:\/\/api.w.org\/{rel}","templated":true}]}}