{"id":125,"date":"2021-12-14T10:14:56","date_gmt":"2021-12-14T13:14:56","guid":{"rendered":"https:\/\/www2.uepg.br\/escrita-academica\/?page_id=125"},"modified":"2024-11-05T15:36:37","modified_gmt":"2024-11-05T18:36:37","slug":"equipe","status":"publish","type":"page","link":"https:\/\/www2.uepg.br\/escrita-academica\/equipe\/","title":{"rendered":"Equipe"},"content":{"rendered":"<p>A equipe de profissionais do CEA \u00e9 formada por uma coordena\u00e7\u00e3o, composta por docentes do Departamento de Estudos da Linguagem (DEEL),respons\u00e1vel pela gest\u00e3o das atividades do centro e pelas iniciativas de forma\u00e7\u00e3o, e por bolsistas e volunt\u00e1rios acad\u00eamicos: alunos de gradua\u00e7\u00e3o e de p\u00f3s que atuam na consultoria especializada em tradu\u00e7\u00e3o, revis\u00e3o e edi\u00e7\u00e3o de textos.<\/p>\n<p><strong>Forma\u00e7\u00e3o continuada<\/strong><br \/>\nOs tradutores e assessores do CEA s\u00e3o bolsistas e volunt\u00e1rios dos cursos de gradua\u00e7\u00e3o e p\u00f3s-gradua\u00e7\u00e3o da UEPG, que passaram por um processo de sele\u00e7\u00e3o criterioso e treinamentos espec\u00edficos. O CEA mant\u00e9m iniciativas de forma\u00e7\u00e3o continuada de sua equipe, por meio de cursos, oficinas e eventos, para contribuir para a efici\u00eancia do centro e a qualifica\u00e7\u00e3o de seus profissionais.<br \/>\nAssim, O CEA funciona tanto como um provedor de servi\u00e7os para a comunidade acad\u00eamica quanto como um espa\u00e7o de desenvolvimento e aperfei\u00e7oamento de profissionais de tradu\u00e7\u00e3o e revis\u00e3o de textos, contribuindo para a forma\u00e7\u00e3o discente.<\/p>\n<p><strong>Coordena\u00e7\u00e3o<\/strong><\/p>\n<p><img loading=\"lazy\" class=\"alignleft size-thumbnail wp-image-510\" src=\"https:\/\/www2.uepg.br\/escrita-academica\/wp-content\/uploads\/sites\/210\/2023\/06\/fotor_1686658119390-150x150.png\" alt=\"\" width=\"150\" height=\"150\" srcset=\"https:\/\/www2.uepg.br\/escrita-academica\/wp-content\/uploads\/sites\/210\/2023\/06\/fotor_1686658119390-150x150.png 150w, https:\/\/www2.uepg.br\/escrita-academica\/wp-content\/uploads\/sites\/210\/2023\/06\/fotor_1686658119390-300x300.png 300w, https:\/\/www2.uepg.br\/escrita-academica\/wp-content\/uploads\/sites\/210\/2023\/06\/fotor_1686658119390.png 767w\" sizes=\"(max-width: 150px) 100vw, 150px\" \/><\/p>\n<p><a href=\"http:\/\/lattes.cnpq.br\/6426262182600997\" target=\"_blank\" rel=\"noopener\">Profa Dra Sulany Silveira dos Santos (2022 <span style=\"font-weight: 400\">\u2013<\/span>)<\/a><br \/>\nProfessora Adjunta de L\u00edngua Inglesa no Departamento de Estudos da Linguagem (DEEL)<br \/>\nGa\u00facha de nascimento; paranaense de cora\u00e7\u00e3o. Formada pela UFRGS e PUCRS. Pesquisadora de quest\u00f5es relacionadas ao ensino e aprendizagem de l\u00edngua inglesa. Atualmente \u00e9 Diretora do Escrit\u00f3rio de Rela\u00e7\u00f5es Internacionais (ERI). N\u00e3o \u00e9 terraplanista e acredita na hist\u00f3ria da cria\u00e7\u00e3o.<\/p>\n<p>&nbsp;<\/p>\n<p>&nbsp;<\/p>\n<p><img loading=\"lazy\" class=\"alignleft size-thumbnail wp-image-504\" src=\"https:\/\/www2.uepg.br\/escrita-academica\/wp-content\/uploads\/sites\/210\/2023\/06\/fotor_1686654837444-150x150.png\" alt=\"\" width=\"150\" height=\"150\" srcset=\"https:\/\/www2.uepg.br\/escrita-academica\/wp-content\/uploads\/sites\/210\/2023\/06\/fotor_1686654837444-150x150.png 150w, https:\/\/www2.uepg.br\/escrita-academica\/wp-content\/uploads\/sites\/210\/2023\/06\/fotor_1686654837444-300x300.png 300w, https:\/\/www2.uepg.br\/escrita-academica\/wp-content\/uploads\/sites\/210\/2023\/06\/fotor_1686654837444-1024x1024.png 1024w, https:\/\/www2.uepg.br\/escrita-academica\/wp-content\/uploads\/sites\/210\/2023\/06\/fotor_1686654837444-768x768.png 768w, https:\/\/www2.uepg.br\/escrita-academica\/wp-content\/uploads\/sites\/210\/2023\/06\/fotor_1686654837444-1536x1536.png 1536w, https:\/\/www2.uepg.br\/escrita-academica\/wp-content\/uploads\/sites\/210\/2023\/06\/fotor_1686654837444-1232x1233.png 1232w, https:\/\/www2.uepg.br\/escrita-academica\/wp-content\/uploads\/sites\/210\/2023\/06\/fotor_1686654837444-1079x1080.png 1079w, https:\/\/www2.uepg.br\/escrita-academica\/wp-content\/uploads\/sites\/210\/2023\/06\/fotor_1686654837444.png 1599w\" sizes=\"(max-width: 150px) 100vw, 150px\" \/><\/p>\n<p><a href=\"http:\/\/lattes.cnpq.br\/0010705498841896\" target=\"_blank\" rel=\"noopener\">Profa Dra Isabel Cristina Vollet Marson (2022 <span style=\"font-weight: 400\">\u2013<\/span>)<\/a><br \/>\nProfessora Adjunta de L\u00edngua Inglesa no Departamento de Estudos da Linguagem (DEEL)<br \/>\nIsabel \u00e9 paulista, professora adjunta da UEPG. Participa de grupos de estudos na UFPR e UEPG. Seus interesses de pesquisa envolvem a forma\u00e7\u00e3o de professores, os multiletramentos, o ingl\u00eas como l\u00edngua franca e os ambientes virtuais de aprendizagem. Gosta de passar momentos em fam\u00edlia, viajar e pintar porcelana<\/p>\n<p>&nbsp;<\/p>\n<p>&nbsp;<\/p>\n<p><img loading=\"lazy\" class=\"alignleft wp-image-517\" src=\"https:\/\/www2.uepg.br\/escrita-academica\/wp-content\/uploads\/sites\/210\/2023\/06\/fotor_1687786533528-150x150.png\" alt=\"\" width=\"85\" height=\"85\" srcset=\"https:\/\/www2.uepg.br\/escrita-academica\/wp-content\/uploads\/sites\/210\/2023\/06\/fotor_1687786533528-150x150.png 150w, https:\/\/www2.uepg.br\/escrita-academica\/wp-content\/uploads\/sites\/210\/2023\/06\/fotor_1687786533528-300x300.png 300w, https:\/\/www2.uepg.br\/escrita-academica\/wp-content\/uploads\/sites\/210\/2023\/06\/fotor_1687786533528-1024x1024.png 1024w, https:\/\/www2.uepg.br\/escrita-academica\/wp-content\/uploads\/sites\/210\/2023\/06\/fotor_1687786533528-768x769.png 768w, https:\/\/www2.uepg.br\/escrita-academica\/wp-content\/uploads\/sites\/210\/2023\/06\/fotor_1687786533528.png 1079w\" sizes=\"(max-width: 85px) 100vw, 85px\" \/><\/p>\n<p><a href=\"http:\/\/lattes.cnpq.br\/5759433450089778\" target=\"_blank\" rel=\"noopener\">Profa Ma Patricia Barreto Mainardi Maeso (2022 <span style=\"font-weight: 400\">\u2013 2023<\/span>)<\/a><br \/>\nProfessora Colaboradora de L\u00edngua Inglesa no Departamento de Estudos da Linguagem (DEEL)<br \/>\nPatricia \u00e9 professora de l\u00edngua inglesa e l\u00edngua inglesa instrumental da UEPG. \u00c9 pesquisadora na \u00e1rea de Literatura, em poesia moderna e contempor\u00e2nea em l\u00edngua inglesa e autoria feminina. Participa de grupos de pesquisa sobre literatura e cinema(IFPR), tradu\u00e7\u00e3o(UFPR) e intertextualidade e RAP(UFMS). Adora cinema, m\u00fasica e literatura(claro!) e as interfaces de contato entre estas artes.<\/p>\n<p>&nbsp;<\/p>\n<p><strong>Bolsistas e volunt\u00e1rios<\/strong><\/p>\n<p>&nbsp;<\/p>\n<p style=\"padding-left: 40px\"><img loading=\"lazy\" class=\"alignleft wp-image-582\" src=\"https:\/\/www2.uepg.br\/escrita-academica\/wp-content\/uploads\/sites\/210\/2024\/03\/WhatsApp-Image-2024-03-06-at-5.00.40-PM.jpeg\" alt=\"\" width=\"151\" height=\"148\" \/><\/p>\n<p>&nbsp;<\/p>\n<p style=\"padding-left: 40px\"><a href=\"http:\/\/lattes.cnpq.br\/1314135982539556\" target=\"_blank\" rel=\"noopener\">Giovanna Fonseca (2024 <span style=\"font-weight: 400\">\u2013<\/span>)<\/a><\/p>\n<p style=\"padding-left: 40px\"><span style=\"font-weight: 400\">Graduada em Letras Portugu\u00eas-Ingl\u00eas pela UEPG. Ama l\u00ednguas, a natureza e diversos tipos de arte. Escreve e desenha em qualquer peda\u00e7o de &#8220;papel&#8221;.<\/span><\/p>\n<p>&nbsp;<\/p>\n<p>&nbsp;<\/p>\n<p style=\"padding-left: 40px\"><a href=\"https:\/\/lattes.cnpq.br\/7643874534733318\">\u00a0Mariana Silva Troyner (2024 <span style=\"font-weight: 400\">\u2013<\/span>)<\/a><a href=\"https:\/\/lattes.cnpq.br\/7643874534733318\"><img loading=\"lazy\" class=\"alignleft wp-image-677\" src=\"https:\/\/www2.uepg.br\/escrita-academica\/wp-content\/uploads\/sites\/210\/2024\/08\/WhatsApp-Image-2024-08-07-at-10.26.54-AM.jpeg\" alt=\"\" width=\"148\" height=\"150\" \/><\/a><\/p>\n<p style=\"padding-left: 40px\">Sou apaixonada por livros de romance, Taylor Swift e 5SOS. Amo trabalhar com crian\u00e7as, mas atrav\u00e9s do curso espero descobrir todas as \u00e1reas que o curso de Letras pode me inserir, incluindo a tradu\u00e7\u00e3o de textos acad\u00eamicos e espero futuramente trabalhar com textos liter\u00e1rios.<\/p>\n<p>&nbsp;<\/p>\n<p>&nbsp;<\/p>\n<p style=\"padding-left: 40px\"><img loading=\"lazy\" class=\"alignleft wp-image-735\" src=\"https:\/\/www2.uepg.br\/escrita-academica\/wp-content\/uploads\/sites\/210\/2024\/11\/A68591D3-F5E9-4157-8F0C-A3215E4A5C94.jpeg\" alt=\"\" width=\"149\" height=\"149\" \/><\/p>\n<p>&nbsp;<\/p>\n<p style=\"padding-left: 40px\"><a href=\"http:\/\/lattes.cnpq.br\/3918254093238920\">Vit\u00f3ria Rosa da Silva (2024 <span style=\"font-weight: 400\">\u2013<\/span>)<\/a><\/p>\n<p style=\"padding-left: 40px\">Estudante de Letras na UEPG. Apaixonada por ingl\u00eas desde pequena. F\u00e3 de F\u00f3rmula 1 e Shawn Mendes. Gosta de ler, jogar e assistir filmes e s\u00e9ries em seu tempo livre.<\/p>\n<p>&nbsp;<\/p>\n<p>&nbsp;<\/p>\n<p style=\"padding-left: 40px\"><img loading=\"lazy\" class=\"alignleft wp-image-441\" src=\"https:\/\/www2.uepg.br\/escrita-academica\/wp-content\/uploads\/sites\/210\/2023\/01\/Foto-renata-150x150.png\" alt=\"\" width=\"83\" height=\"89\" srcset=\"https:\/\/www2.uepg.br\/escrita-academica\/wp-content\/uploads\/sites\/210\/2023\/01\/Foto-renata-281x300.png 281w, https:\/\/www2.uepg.br\/escrita-academica\/wp-content\/uploads\/sites\/210\/2023\/01\/Foto-renata-960x1024.png 960w, https:\/\/www2.uepg.br\/escrita-academica\/wp-content\/uploads\/sites\/210\/2023\/01\/Foto-renata-768x819.png 768w, https:\/\/www2.uepg.br\/escrita-academica\/wp-content\/uploads\/sites\/210\/2023\/01\/Foto-renata-1440x1536.png 1440w, https:\/\/www2.uepg.br\/escrita-academica\/wp-content\/uploads\/sites\/210\/2023\/01\/Foto-renata-1920x2048.png 1920w, https:\/\/www2.uepg.br\/escrita-academica\/wp-content\/uploads\/sites\/210\/2023\/01\/Foto-renata-1232x1314.png 1232w, https:\/\/www2.uepg.br\/escrita-academica\/wp-content\/uploads\/sites\/210\/2023\/01\/Foto-renata-1013x1080.png 1013w\" sizes=\"(max-width: 83px) 100vw, 83px\" \/><\/p>\n<p>&nbsp;<\/p>\n<p style=\"padding-left: 40px\"><a href=\"https:\/\/lattes.cnpq.br\/3291011425330703\" target=\"_blank\" rel=\"noopener\">Renata Vettorazzi <\/a><a href=\"https:\/\/lattes.cnpq.br\/3291011425330703\" target=\"_blank\" rel=\"noopener\">(2023 <span style=\"font-weight: 400\">\u2013 2024<\/span>)<\/a><\/p>\n<p style=\"padding-left: 40px\">Leitora ass\u00eddua de romances duvidosos. Nas poucas horas em que n\u00e3o est\u00e1 se dedicando a um de seus interesses, reflete sobre a pr\u00f3xima mudan\u00e7a que far\u00e1 no pr\u00f3prio cabelo. Espera, no futuro, trabalhar tamb\u00e9m com tradu\u00e7\u00e3o liter\u00e1ria.<\/p>\n<p>&nbsp;<\/p>\n<p style=\"padding-left: 40px\"><img loading=\"lazy\" class=\"alignleft wp-image-589\" src=\"https:\/\/www2.uepg.br\/escrita-academica\/wp-content\/uploads\/sites\/210\/2024\/03\/WhatsApp-Image-2024-03-18-at-2.15.28-PM.jpeg\" alt=\"\" width=\"83\" height=\"83\" \/><\/p>\n<p style=\"padding-left: 40px\"><a href=\"http:\/\/lattes.cnpq.br\/0877082849091986\" target=\"_blank\" rel=\"noopener\">Idilson Felipe J\u00fanior (2024)<\/a><\/p>\n<p style=\"padding-left: 40px\">Fazer parte desse projeto \u00e9 como ver um sonho se tornando realidade. Minha experi\u00eancia de interc\u00e2mbio lingu\u00edstico e cultural na Irlanda acendeu essa paix\u00e3o pela L\u00edngua Inglesa, e o ingresso no curso de Letras da UEPG \u00e9 a concretiza\u00e7\u00e3o desse amor. Embora encantado pela Literatura, \u00e9 atrav\u00e9s da Lingu\u00edstica que encontro uma vis\u00e3o mais ampla do mundo ao meu redor. Al\u00e9m disso, gosto de praticar esportes e do contato com a natureza.<\/p>\n<p>&nbsp;<\/p>\n<p style=\"padding-left: 40px\"><img loading=\"lazy\" class=\"alignleft wp-image-443\" src=\"https:\/\/www2.uepg.br\/escrita-academica\/wp-content\/uploads\/sites\/210\/2023\/06\/fotor_1686576884262-150x150.png\" alt=\"\" width=\"85\" height=\"85\" \/><\/p>\n<p style=\"padding-left: 40px\"><a href=\"http:\/\/lattes.cnpq.br\/9766502085557087\" target=\"_blank\" rel=\"noopener\">Vitor Jasper (2023)<\/a><\/p>\n<p style=\"padding-left: 40px\">Cientista social em constante forma\u00e7\u00e3o. Revisor e tradutor por um acaso do destino. Sou uma pessoa curiosa e levemente perdida. Leio e escrevo ouvindo m\u00fasica. Apaixonado por futebol.<\/p>\n<p>&nbsp;<\/p>\n<p style=\"padding-left: 40px\"><img loading=\"lazy\" class=\"alignleft wp-image-443\" src=\"https:\/\/www2.uepg.br\/escrita-academica\/wp-content\/uploads\/sites\/210\/2023\/01\/Foto-Gabrielle-150x150.png\" alt=\"\" width=\"85\" height=\"85\" srcset=\"https:\/\/www2.uepg.br\/escrita-academica\/wp-content\/uploads\/sites\/210\/2023\/01\/Foto-Gabrielle-150x150.png 150w, https:\/\/www2.uepg.br\/escrita-academica\/wp-content\/uploads\/sites\/210\/2023\/01\/Foto-Gabrielle-300x300.png 300w, https:\/\/www2.uepg.br\/escrita-academica\/wp-content\/uploads\/sites\/210\/2023\/01\/Foto-Gabrielle.png 690w\" sizes=\"(max-width: 85px) 100vw, 85px\" \/><\/p>\n<p style=\"padding-left: 40px\"><a href=\"https:\/\/lattes.cnpq.br\/6672810080876005\" target=\"_blank\" rel=\"noopener\">Gabrielle Gomes da Silva (2023)<\/a><\/p>\n<p style=\"padding-left: 40px\">Fascinada por l\u00ednguas, e palavras colocadas sutilmente em poesia. Apaixonada por rap e pop, talvez tenha um sonho sutil em um dia juntar a tradu\u00e7\u00e3o com a sala de aula por meio de m\u00fasicas. Autora do livro autobiogr\u00e1fico &#8220;A Escravid\u00e3o da Liberdade&#8221;.<\/p>\n<p>&nbsp;<\/p>\n<p style=\"padding-left: 40px\"><img loading=\"lazy\" class=\"alignleft wp-image-441\" src=\"https:\/\/mail.google.com\/mail\/u\/0?ui=2&amp;ik=2dcdee9612&amp;attid=0.1&amp;permmsgid=msg-f:1768501321071186967&amp;th=188afa94e341d417&amp;view=fimg&amp;realattid=188afa881d54f5b40c11&amp;disp=thd&amp;attbid=ANGjdJ9RbhUMtgV-qtzBqef_YmDHmfJdgDHzOrmpJAWAw0IJEV3AS4VnsBtAGtfDKee8TELeyDcOWs31gUB_QJxpdzvfWOr2kIFBZSEvawHwfAw4S2YB6ofSChJCGg8&amp;ats=2524608000000&amp;sz=w1366-h641\" alt=\"\" width=\"83\" height=\"89\" \/><\/p>\n<p style=\"padding-left: 120px\"><a href=\"http:\/\/lattes.cnpq.br\/2249212067795671\" target=\"_blank\" rel=\"noopener\">Mariana Moromisa da Silveira<\/a><a href=\"http:\/\/lattes.cnpq.br\/2249212067795671\" target=\"_blank\" rel=\"noopener\"> (2023)<\/a><\/p>\n<p style=\"padding-left: 120px\">Sou amante de livros e cinema, fa\u00e7o tudo que posso escutando m\u00fasica. Adoro passar tempo com os meus cachorros e aprender novas l\u00ednguas. Gostaria de trabalhar com tradu\u00e7\u00e3o e cinema no futuro.<\/p>\n<p>&nbsp;<\/p>\n<p style=\"padding-left: 40px\"><img loading=\"lazy\" class=\"alignleft wp-image-441\" src=\"https:\/\/www2.uepg.br\/escrita-academica\/wp-content\/uploads\/sites\/210\/2023\/06\/fotor_1687045265803-150x150.png\" alt=\"\" width=\"83\" height=\"89\" \/><\/p>\n<p><a href=\"http:\/\/lattes.cnpq.br\/0918166903921320\" target=\"_blank\" rel=\"noopener\">Fernanda Burgath (2023)<\/a><\/p>\n<p style=\"padding-left: 40px\">Sou professora de l\u00ednguas e literaturas inglesa e portuguesa h\u00e1 12 anos. Viajar, ler e escrever s\u00e3o as coisas que eu mais gosto de fazer no mundo. J\u00e1 viajei para mais de 20 pa\u00edses e morei no M\u00e9xico, na Ucr\u00e2nia e nos Estados Unidos. Me graduei em Letras e sou mestranda em Estudos da Linguagem, na UEPG. Fui bolsista Fulbright no College of Saint Rose, em Nova York, onde ensinei portugu\u00eas e estudei Escrita Criativa. Trabalho tamb\u00e9m como tradutora de textos acad\u00eamicos, liter\u00e1rios e audiovisual.<\/p>\n<p>&nbsp;<\/p>\n<p style=\"padding-left: 40px\"><img loading=\"lazy\" class=\"alignleft wp-image-441\" src=\"https:\/\/www2.uepg.br\/escrita-academica\/wp-content\/uploads\/sites\/210\/2023\/02\/3-Sem-Titulo_20230201082326.png\" alt=\"\" width=\"87\" height=\"89\" \/><\/p>\n<p style=\"padding-left: 120px\"><a href=\"http:\/\/lattes.cnpq.br\/9040954351920832\" target=\"_blank\" rel=\"noopener\">Beatriz Mayer (2023)<\/a><\/p>\n<p style=\"padding-left: 120px\">Vive a vida como d\u00e1 na telha, mas nunca faz algo que n\u00e3o gosta. F\u00e3 de m\u00fasicas aleat\u00f3rias de rock a kpop. Passa a maior parte do seu tempo vendo Criminal Minds e brincando com seus gatos!<\/p>\n<p>&nbsp;<\/p>\n<p style=\"padding-left: 40px\"><img loading=\"lazy\" class=\"alignleft wp-image-443\" src=\"https:\/\/www2.uepg.br\/escrita-academica\/wp-content\/uploads\/sites\/210\/2023\/06\/fotor_1686577117358-150x150.png\" alt=\"\" width=\"85\" height=\"85\" \/><\/p>\n<p style=\"padding-left: 40px\"><a href=\"https:\/\/lattes.cnpq.br\/4441521851371770\" target=\"_blank\" rel=\"noopener\">Nicoly Moreira Parapinski (2023)<\/a><\/p>\n<p style=\"padding-left: 40px\">Adoro tudo que envolve l\u00ednguas estrangeiras e outras culturas e sempre procuro inserir isso na minha rotina. Aprecio muito a m\u00fasica, gosto de cantar, pintar, ler e assistir filmes. Acredito que a arte \u00e9 essencial para o autodescobrimento e desenvolvimento do senso cr\u00edtico. Transitando entre lingu\u00edstica e literatura, chiaroscuro, vida e morte.<\/p>\n<p><a href=\"http:\/\/lattes.cnpq.br\/3689619563468336\" target=\"_blank\" rel=\"noopener\"><img loading=\"lazy\" class=\"alignleft size-thumbnail wp-image-289\" src=\"https:\/\/www2.uepg.br\/escrita-academica\/wp-content\/uploads\/sites\/210\/2022\/03\/output-onlinepngtools-7-150x150.png\" alt=\"\" width=\"150\" height=\"150\" srcset=\"https:\/\/www2.uepg.br\/escrita-academica\/wp-content\/uploads\/sites\/210\/2022\/03\/output-onlinepngtools-7-150x150.png 150w, https:\/\/www2.uepg.br\/escrita-academica\/wp-content\/uploads\/sites\/210\/2022\/03\/output-onlinepngtools-7-300x300.png 300w, https:\/\/www2.uepg.br\/escrita-academica\/wp-content\/uploads\/sites\/210\/2022\/03\/output-onlinepngtools-7-1024x1024.png 1024w, https:\/\/www2.uepg.br\/escrita-academica\/wp-content\/uploads\/sites\/210\/2022\/03\/output-onlinepngtools-7-768x768.png 768w, https:\/\/www2.uepg.br\/escrita-academica\/wp-content\/uploads\/sites\/210\/2022\/03\/output-onlinepngtools-7.png 1080w\" sizes=\"(max-width: 150px) 100vw, 150px\" \/><\/a><\/p>\n<p>&nbsp;<\/p>\n<p><a href=\"http:\/\/lattes.cnpq.br\/3689619563468336\" target=\"_blank\" rel=\"noopener\">Felipe Mill\u00e9o Schons (2022)<\/a><\/p>\n<p>Apesar de fazer Letras adoro trabalhar com computadores, administro o site do CEA e no futuro quero trabalhar como tradutor.<\/p>\n<p>&nbsp;<\/p>\n<p><a href=\"http:\/\/lattes.cnpq.br\/6170350923802893\" target=\"_blank\" rel=\"noopener\"><img loading=\"lazy\" class=\"alignleft size-thumbnail wp-image-288\" src=\"https:\/\/www2.uepg.br\/escrita-academica\/wp-content\/uploads\/sites\/210\/2022\/03\/output-onlinepngtools-6-150x150.png\" alt=\"\" width=\"150\" height=\"150\" srcset=\"https:\/\/www2.uepg.br\/escrita-academica\/wp-content\/uploads\/sites\/210\/2022\/03\/output-onlinepngtools-6-150x150.png 150w, https:\/\/www2.uepg.br\/escrita-academica\/wp-content\/uploads\/sites\/210\/2022\/03\/output-onlinepngtools-6-300x300.png 300w, https:\/\/www2.uepg.br\/escrita-academica\/wp-content\/uploads\/sites\/210\/2022\/03\/output-onlinepngtools-6-1024x1024.png 1024w, https:\/\/www2.uepg.br\/escrita-academica\/wp-content\/uploads\/sites\/210\/2022\/03\/output-onlinepngtools-6-768x768.png 768w, https:\/\/www2.uepg.br\/escrita-academica\/wp-content\/uploads\/sites\/210\/2022\/03\/output-onlinepngtools-6.png 1080w\" sizes=\"(max-width: 150px) 100vw, 150px\" \/><\/a><\/p>\n<p>&nbsp;<\/p>\n<p><a href=\"http:\/\/lattes.cnpq.br\/6170350923802893\" target=\"_blank\" rel=\"noopener\">K\u00e1ssia Roberta Takasugi (2022)<\/a><br \/>\nCrise ambulante desconexa da realidade, gosto muito da natureza e de fic\u00e7\u00e3o cient\u00edfica. Minha fun\u00e7\u00e3o na sociedade \u00e9 ser ouvinte. Indecis\u00e3o \u00e9 meu sobrenome.<\/p>\n<p>&nbsp;<\/p>\n<p><a href=\"http:\/\/lattes.cnpq.br\/9294674132675582\" target=\"_blank\" rel=\"noopener\"><img loading=\"lazy\" class=\"alignleft size-thumbnail wp-image-290\" src=\"https:\/\/www2.uepg.br\/escrita-academica\/wp-content\/uploads\/sites\/210\/2022\/03\/output-onlinepngtools-8-150x150.png\" alt=\"\" width=\"150\" height=\"150\" srcset=\"https:\/\/www2.uepg.br\/escrita-academica\/wp-content\/uploads\/sites\/210\/2022\/03\/output-onlinepngtools-8-150x150.png 150w, https:\/\/www2.uepg.br\/escrita-academica\/wp-content\/uploads\/sites\/210\/2022\/03\/output-onlinepngtools-8-300x300.png 300w, https:\/\/www2.uepg.br\/escrita-academica\/wp-content\/uploads\/sites\/210\/2022\/03\/output-onlinepngtools-8-1024x1024.png 1024w, https:\/\/www2.uepg.br\/escrita-academica\/wp-content\/uploads\/sites\/210\/2022\/03\/output-onlinepngtools-8-768x768.png 768w, https:\/\/www2.uepg.br\/escrita-academica\/wp-content\/uploads\/sites\/210\/2022\/03\/output-onlinepngtools-8.png 1080w\" sizes=\"(max-width: 150px) 100vw, 150px\" \/><\/a><\/p>\n<p>&nbsp;<\/p>\n<p><a href=\"http:\/\/lattes.cnpq.br\/9294674132675582\" target=\"_blank\" rel=\"noopener\">Marcos Adriano Pereira Emilio (2022)<\/a><br \/>\nSou Marcos Adriano Pereira Emilio! Cursei 8 anos de Ingl\u00eas e gosto de tocar teclado nas horas vagas. No momento estou matriculado no curso de Letras Ingl\u00eas na UEPG.<\/p>\n<p>&nbsp;<\/p>\n<p><a href=\"http:\/\/lattes.cnpq.br\/3009279421860933\" target=\"_blank\" rel=\"noopener\"><img loading=\"lazy\" class=\"size-thumbnail wp-image-282 alignleft\" src=\"https:\/\/www2.uepg.br\/escrita-academica\/wp-content\/uploads\/sites\/210\/2022\/03\/output-onlinepngtools-1-150x150.png\" alt=\"\" width=\"150\" height=\"150\" srcset=\"https:\/\/www2.uepg.br\/escrita-academica\/wp-content\/uploads\/sites\/210\/2022\/03\/output-onlinepngtools-1-150x150.png 150w, https:\/\/www2.uepg.br\/escrita-academica\/wp-content\/uploads\/sites\/210\/2022\/03\/output-onlinepngtools-1-300x300.png 300w, https:\/\/www2.uepg.br\/escrita-academica\/wp-content\/uploads\/sites\/210\/2022\/03\/output-onlinepngtools-1-1024x1024.png 1024w, https:\/\/www2.uepg.br\/escrita-academica\/wp-content\/uploads\/sites\/210\/2022\/03\/output-onlinepngtools-1-768x768.png 768w, https:\/\/www2.uepg.br\/escrita-academica\/wp-content\/uploads\/sites\/210\/2022\/03\/output-onlinepngtools-1.png 1080w\" sizes=\"(max-width: 150px) 100vw, 150px\" \/><\/a><\/p>\n<p>&nbsp;<\/p>\n<p><a href=\"http:\/\/lattes.cnpq.br\/3009279421860933\" target=\"_blank\" rel=\"noopener\">Nat\u00e1lia Rodrigues \u00a0(2022)<\/a><br \/>\nMeu nome \u00e9 Nat\u00e1lia, tenho 23 anos e sou do interior de S\u00e3o Paulo. Gosto de desenhar e pintar com aquarela e de assistir os mesmos filmes repetidamente. Gostaria muito de, no futuro, morar no litoral e trabalhar com o ensino-aprendizagem de l\u00edngua inglesa.<\/p>\n","protected":false},"excerpt":{"rendered":"<p>A equipe de profissionais do CEA \u00e9 formada por uma coordena\u00e7\u00e3o, composta por docentes do Departamento de Estudos da Linguagem (DEEL),respons\u00e1vel pela gest\u00e3o das atividades do centro e pelas iniciativas de forma\u00e7\u00e3o, e por bolsistas e volunt\u00e1rios acad\u00eamicos: alunos de gradua\u00e7\u00e3o e de p\u00f3s que atuam na consultoria especializada em tradu\u00e7\u00e3o, revis\u00e3o e edi\u00e7\u00e3o de&nbsp;&hellip;<\/p>\n","protected":false},"author":378,"featured_media":715,"parent":0,"menu_order":0,"comment_status":"closed","ping_status":"closed","template":"","meta":[],"_links":{"self":[{"href":"https:\/\/www2.uepg.br\/escrita-academica\/wp-json\/wp\/v2\/pages\/125"}],"collection":[{"href":"https:\/\/www2.uepg.br\/escrita-academica\/wp-json\/wp\/v2\/pages"}],"about":[{"href":"https:\/\/www2.uepg.br\/escrita-academica\/wp-json\/wp\/v2\/types\/page"}],"author":[{"embeddable":true,"href":"https:\/\/www2.uepg.br\/escrita-academica\/wp-json\/wp\/v2\/users\/378"}],"replies":[{"embeddable":true,"href":"https:\/\/www2.uepg.br\/escrita-academica\/wp-json\/wp\/v2\/comments?post=125"}],"version-history":[{"count":52,"href":"https:\/\/www2.uepg.br\/escrita-academica\/wp-json\/wp\/v2\/pages\/125\/revisions"}],"predecessor-version":[{"id":736,"href":"https:\/\/www2.uepg.br\/escrita-academica\/wp-json\/wp\/v2\/pages\/125\/revisions\/736"}],"wp:featuredmedia":[{"embeddable":true,"href":"https:\/\/www2.uepg.br\/escrita-academica\/wp-json\/wp\/v2\/media\/715"}],"wp:attachment":[{"href":"https:\/\/www2.uepg.br\/escrita-academica\/wp-json\/wp\/v2\/media?parent=125"}],"curies":[{"name":"wp","href":"https:\/\/api.w.org\/{rel}","templated":true}]}}