{"id":127,"date":"2021-12-14T10:14:56","date_gmt":"2021-12-14T13:14:56","guid":{"rendered":"https:\/\/www2.uepg.br\/escrita-academica\/?page_id=127"},"modified":"2024-09-02T10:45:45","modified_gmt":"2024-09-02T13:45:45","slug":"contato","status":"publish","type":"page","link":"https:\/\/www2.uepg.br\/escrita-academica\/contato\/","title":{"rendered":"Contato"},"content":{"rendered":"<p>Se voc\u00ea tem alguma d\u00favida ou gostaria de entrar em contato com o CEA, utilize o e-mail <a href=\"mailto:centrodeescrita@uepg.br\">centrodeescrita@uepg.br<\/a>.<\/p>\n<p>Nosso funcionamento \u00e9 de segunda a sexta, das 08h00 \u00e0s 11h00.<\/p>\n<p>&nbsp;<\/p>\n<p>Endere\u00e7os:<\/p>\n<p><strong>UEPG Campus Uvaranas<\/strong> &#8211; Biblioteca Central Prof Faris Michaele<br \/>\nAv. General Carlos Cavalcanti, 4748 &#8211; Uvaranas, Ponta Grossa &#8211; PR, 84030-900<\/p>\n<p><strong>Escola de L\u00ednguas, Literaturas e Cultura da Universidade Estadual de Ponta Grossa (ESLin-UEPG) <\/strong><br \/>\nRua J\u00falia Wanderley, 980, Centro, Ponta Grossa &#8211; PR, 84010-170<\/p>\n<p>&nbsp;<\/p>\n<p>Acompanhe o Centro pelas redes sociais, @ceauepg!<\/p>\n","protected":false},"excerpt":{"rendered":"<p>Se voc\u00ea tem alguma d\u00favida ou gostaria de entrar em contato com o CEA, utilize o e-mail centrodeescrita@uepg.br. Nosso funcionamento \u00e9 de segunda a sexta, das 08h00 \u00e0s 11h00. &nbsp; Endere\u00e7os: UEPG Campus Uvaranas &#8211; Biblioteca Central Prof Faris Michaele Av. General Carlos Cavalcanti, 4748 &#8211; Uvaranas, Ponta Grossa &#8211; PR, 84030-900 Escola de L\u00ednguas,&nbsp;&hellip;<\/p>\n","protected":false},"author":378,"featured_media":707,"parent":0,"menu_order":0,"comment_status":"closed","ping_status":"closed","template":"","meta":[],"_links":{"self":[{"href":"https:\/\/www2.uepg.br\/escrita-academica\/wp-json\/wp\/v2\/pages\/127"}],"collection":[{"href":"https:\/\/www2.uepg.br\/escrita-academica\/wp-json\/wp\/v2\/pages"}],"about":[{"href":"https:\/\/www2.uepg.br\/escrita-academica\/wp-json\/wp\/v2\/types\/page"}],"author":[{"embeddable":true,"href":"https:\/\/www2.uepg.br\/escrita-academica\/wp-json\/wp\/v2\/users\/378"}],"replies":[{"embeddable":true,"href":"https:\/\/www2.uepg.br\/escrita-academica\/wp-json\/wp\/v2\/comments?post=127"}],"version-history":[{"count":8,"href":"https:\/\/www2.uepg.br\/escrita-academica\/wp-json\/wp\/v2\/pages\/127\/revisions"}],"predecessor-version":[{"id":584,"href":"https:\/\/www2.uepg.br\/escrita-academica\/wp-json\/wp\/v2\/pages\/127\/revisions\/584"}],"wp:featuredmedia":[{"embeddable":true,"href":"https:\/\/www2.uepg.br\/escrita-academica\/wp-json\/wp\/v2\/media\/707"}],"wp:attachment":[{"href":"https:\/\/www2.uepg.br\/escrita-academica\/wp-json\/wp\/v2\/media?parent=127"}],"curies":[{"name":"wp","href":"https:\/\/api.w.org\/{rel}","templated":true}]}}