{"id":159,"date":"2022-01-31T22:53:52","date_gmt":"2022-02-01T01:53:52","guid":{"rendered":"https:\/\/www2.uepg.br\/escrita-academica\/?page_id=159"},"modified":"2024-09-02T10:52:26","modified_gmt":"2024-09-02T13:52:26","slug":"links-uteis","status":"publish","type":"page","link":"https:\/\/www2.uepg.br\/escrita-academica\/links-uteis\/","title":{"rendered":"Links \u00fateis"},"content":{"rendered":"<div id=\"pl-159\" class=\"panel-layout\">\n<div id=\"pg-159-0\" class=\"panel-grid panel-no-style\">\n<div id=\"pgc-159-0-0\" class=\"panel-grid-cell\" data-weight=\"1\">\n<div id=\"panel-159-0-0-0\" class=\"so-panel widget widget_sow-editor panel-first-child panel-last-child\" data-index=\"0\" data-style=\"{&quot;background_image_attachment&quot;:false,&quot;background_display&quot;:&quot;tile&quot;}\">\n<div class=\"so-widget-sow-editor so-widget-sow-editor-base\">\n<div class=\"siteorigin-widget-tinymce textwidget\">\n<h2>Websites da UEPG<\/h2>\n<p><a href=\"https:\/\/www2.uepg.br\/eri\/en\/home-en\/\" target=\"_blank\" rel=\"noopener\">Escrit\u00f3rio de Rela\u00e7\u00f5es Internacionais (ERI)<\/a><\/p>\n<p><a href=\"https:\/\/www2.uepg.br\/propesp\/\" target=\"_blank\" rel=\"noopener\">Pr\u00f3-reitoria de Pesquisa e P\u00f3s-gradua\u00e7\u00e3o UEPG (PROPESP)<\/a><\/p>\n<p><a href=\"https:\/\/www2.uepg.br\/eslin\/\">ESLIN \u2013 Escola de L\u00ednguas e Culturas \u2013 Universidade Estadual de Ponta Grossa (uepg.br)<\/a><\/p>\n<h2>Centros de Escrita AWARD<\/h2>\n<p><a href=\"http:\/\/www.uel.br\/programas\/centrodeescrita\/\" target=\"_blank\" rel=\"noopener\">UEL<\/a><\/p>\n<p><a href=\"https:\/\/www.cpr.uem.br\/eci-comunica\/index.php\/br\/iec\/centro-de-escrita-academica\" target=\"_blank\" rel=\"noopener\">UEM<\/a><\/p>\n<p><a href=\"https:\/\/cri.uenp.edu.br\/index.php\/idiomas\/centro-escrita\" target=\"_blank\" rel=\"noopener\">UENP<\/a><\/p>\n<p><a href=\"https:\/\/eri.unespar.edu.br\/menu-geral\/centro-de-escrita-academica-da-unespar\" target=\"_blank\" rel=\"noopener\">UNESPAR<\/a><\/p>\n<p><a href=\"https:\/\/www3.unicentro.br\/centrodeescrita\/\" target=\"_blank\" rel=\"noopener\">UNICENTRO <\/a><\/p>\n<p><a href=\"https:\/\/www.unioeste.br\/portal\/prppg\/centros-prppg\/cetro\" target=\"_blank\" rel=\"noopener\">UNIOESTE<\/a><\/p>\n<p><a href=\"http:\/\/www.capa.ufpr.br\/portal\/\" target=\"_blank\" rel=\"noopener\">UFPR (CAPA)<\/a><\/p>\n<h2>Escrita acad\u00eamica \u2013 sites internacionais e refer\u00eancias \u00fateis<\/h2>\n<h3><a href=\"https:\/\/gwc.psu.edu\/resources\/#Academic_Genre_Guide\" target=\"_blank\" rel=\"noopener\">Universidade de Penn State <\/a><\/h3>\n<h6><span style=\"font-weight: 400;\">O site possui um acervo de slides e v\u00eddeos que apresentam fundamentos e particularidades da escrita acad\u00eamica, como um guia introdut\u00f3rio para o g\u00eanero, apresenta\u00e7\u00e3o do <\/span><i><span style=\"font-weight: 400;\">abstract<\/span><\/i><span style=\"font-weight: 400;\">, coer\u00eancia na escrita acad\u00eamica, reda\u00e7\u00e3o e revis\u00e3o, introdu\u00e7\u00e3o e conclus\u00e3o, diferentes g\u00eaneros acad\u00eamicos, utiliza\u00e7\u00e3o da ret\u00f3rica, estilo e produ\u00e7\u00e3o da escrita acad\u00eamica e uma guia de como escrever em ingl\u00eas (para n\u00e3o nativos). \u2014 Felipe Mill\u00e9o Schons \u2014 Acesso em Maio de 2022<\/span><\/h6>\n<h3><a href=\"http:\/\/www.letras.ufmg.br\/arado\/writing.html\" target=\"_blank\" rel=\"noopener\">Universidade Federal de Minas Gerais<\/a><\/h3>\n<h6><span style=\"font-weight: 400;\">No site, h\u00e1 a disponibilidade de diversos links de universidades e sites de escrita. Os links est\u00e3o separados por finalidade. Seguem os t\u00f3picos: escrita acad\u00eamica, guias e exerc\u00edcios para serem utilizados em artigos; links para acesso e compartilhamento de obras bibliogr\u00e1ficas; acessos para sites que tratam sobre a escrita on-line, como escrita em blogs e f\u00f3runs; v\u00eddeos sobre escrita acad\u00eamica; sites que abordam a escrita em sala de aula; e blogs onde se compartilham ideias de como melhorar a escrita em geral. \u2014 K\u00e1ssia Roberta Takasugi <\/span>\u2014 Acesso em Maio de 2022<\/h6>\n<h3 class=\"home\"><a href=\"http:\/\/www.uefap.com\/writing\/writframgenre.htm\" target=\"_blank\" rel=\"noopener\">Using English for Academic Purposes<\/a><\/h3>\n<h6><span style=\"font-weight: 400;\">Ao acessar o link, voc\u00ea encontra um guia com todos os pontos da escrita acad\u00eamica como: introdu\u00e7\u00e3o, fun\u00e7\u00f5es ret\u00f3ricas da escrita acad\u00eamica, par\u00e1grafo, pl\u00e1gio, cita\u00e7\u00e3o indireta, refer\u00eancias e exerc\u00edcios,\u00a0 al\u00e9m de apresentar exerc\u00edcios e uma lista de tipos de escrita que ajudam na elabora\u00e7\u00e3o de um artigo. \u2014 K\u00e1ssia Roberta Takasugi <\/span>\u2014 Acesso em Maio de 2022<\/h6>\n<h3><a href=\"https:\/\/www.phrasebank.manchester.ac.uk\/using-cautious-language\/\" target=\"_blank\" rel=\"noopener\">Universidade de Manchester<\/a><\/h3>\n<h6><span style=\"font-weight: 400;\">Este link apresenta sugest\u00f5es de v\u00e1rias frases e express\u00f5es, para serem utilizadas em diversas situa\u00e7\u00f5es encontradas na elabora\u00e7\u00e3o de um texto acad\u00eamico, com o intuito de esclarecer a ideia que o autor quer expressar no texto. \u2014 Marcos Adriano Pereira Emilio <\/span>\u2014 Acesso em Maio de 2022<\/h6>\n<h3><a href=\"https:\/\/writingcenter.unc.edu\/tips-and-tools\/\" target=\"_blank\" rel=\"noopener\">Universidade da Carolina do Norte em Chapel Hill<\/a><\/h3>\n<h6><span style=\"font-weight: 400;\">A p\u00e1gina oferece diversos redirecionamentos para que voc\u00ea encontre suporte na hora de elaborar seu artigo. Est\u00e3o dispon\u00edveis p\u00e1ginas e v\u00eddeos para a confer\u00eancia de t\u00f3picos da escrita acad\u00eamica, como uso da voz passiva, uso da primeira pessoa, e escrita para espec\u00edficas \u00e1reas de estudo. O site tamb\u00e9m confere um suporte para quem possui bloqueio e ansiedade na hora de preparar o artigo. \u2014 K\u00e1ssia Roberta Takasugi <\/span><span style=\"font-weight: 400;\">\u2014 Acesso em Maio de 2022<\/span><\/h6>\n<h3><a href=\"https:\/\/www.eapfoundation.com\/writing\/style\/\" target=\"_blank\" rel=\"noopener\">English For Academic Purposes<\/a><\/h3>\n<h6><span style=\"font-weight: 400;\">O conte\u00fado do link informa sobre o estilo da escrita acad\u00eamica em ingl\u00eas seguindo 10 regras bem exemplificadas, al\u00e9m de exerc\u00edcios e uma lista de verifica\u00e7\u00e3o para auxiliar no compreendimento do estilo. Esta p\u00e1gina tamb\u00e9m apresenta mais a fundo o processo da escrita e outros t\u00f3picos de vocabul\u00e1rio e leitura. <\/span><span style=\"font-weight: 400;\">\u2014 Marcos Adriano Pereira Emilio <\/span><span style=\"font-weight: 400;\">\u2014 Acesso em Maio de 2022<\/span><\/h6>\n<h3><a href=\"https:\/\/www.bbc.co.uk\/learningenglish\/gothedistance\/academicwriting\" target=\"_blank\" rel=\"noopener\">BBC<\/a><\/h3>\n<h6><span style=\"font-weight: 400;\">A p\u00e1gina apresenta etapas para a elabora\u00e7\u00e3o de um texto acad\u00eamico, come\u00e7ando com o vocabul\u00e1rio e alertando para o uso de express\u00f5es e palavras informais. As pr\u00f3ximas etapas dizem respeito \u00e0 estrutura de um artigo e seu conte\u00fado. Ao todo, s\u00e3o dez etapas com exerc\u00edcios para adequada aplica\u00e7\u00e3o dos itens apresentados (vocabul\u00e1rio, estrutura de par\u00e1grafo, argumenta\u00e7\u00e3o, etc.) \u2014 K\u00e1ssia Roberta Takasugi <\/span><span style=\"font-weight: 400;\">\u2014 Acesso em Maio de 2022<\/span><\/h6>\n<h3><a href=\"https:\/\/students.unimelb.edu.au\/academic-skills\" target=\"_blank\" rel=\"noopener\">Universidade de Melbourne<\/a><\/h3>\n<h6><span style=\"font-weight: 400;\">Esse site fala sobre habilidades acad\u00eamicas como valida\u00e7\u00e3o cr\u00edtica, gerenciamento de tempo, colabora\u00e7\u00e3o de equipe, etc. O site oferta m\u00f3dulos de ensino online, workshops, quizzes, planejadores de semestre, dicas para calouros e diferentes tipos de estudo dentro da faculdade. \u2014 Felipe Mill\u00e9o Schons <\/span><span style=\"font-weight: 400;\">\u2014 Acesso em Maio de 2022<\/span><\/h6>\n<h3><a href=\"https:\/\/owl.excelsior.edu\/\" target=\"_blank\" rel=\"noopener\">Universidade de Excelsior \u2014 Processos de escrita<\/a><\/h3>\n<h6><span style=\"font-weight: 400;\">Nesta p\u00e1gina encontram-se v\u00e1rios t\u00f3picos importantes que explicam as etapas para o processo de escrita de artigos como, a pesquisa, o processo da escrita, cita\u00e7\u00f5es, apresenta\u00e7\u00f5es online, gram\u00e1tica, sugest\u00f5es argumentativas e outros. Para acessar mais informa\u00e7\u00f5es sobre o t\u00f3pico de seu interesse basta clicar no link em azul encontrado na se\u00e7\u00e3o do t\u00f3pico escolhido. <\/span><span style=\"font-weight: 400;\">\u2014 Marcos Adriano Pereira Emilio <\/span><span style=\"font-weight: 400;\">\u2014 Acesso em Maio de 2022<\/span><\/h6>\n<h3><a href=\"https:\/\/owl.excelsior.edu\/writing-process\/paragraphing\/paragraphing-and-transitioning\/\" target=\"_blank\" rel=\"noopener\">Universidade de Excelsior \u2014 Par\u00e1grafos e transi\u00e7\u00f5es<\/a><\/h3>\n<h6><span style=\"font-weight: 400;\">Ao acessar o link, voc\u00ea encontra aux\u00edlio acerca da constru\u00e7\u00e3o do par\u00e1grafo \u2013 quando se tem conte\u00fado suficiente em um par\u00e1grafo e quando \u00e9 hora de come\u00e7ar outro? \u2013, bem como informa\u00e7\u00f5es sobre palavras e frases de transi\u00e7\u00e3o e como ajudam a manter os par\u00e1grafos logicamente conectados. \u2014 Nat\u00e1lia Rodrigues <\/span><span style=\"font-weight: 400;\">\u2014 Acesso em Maio de 2022<\/span><\/h6>\n<h3><a href=\"https:\/\/owl.excelsior.edu\/plagiarism\/\">Universidade de Excelsior \u2014 Pl\u00e1gio<\/a><\/h3>\n<h6><span style=\"font-weight: 400;\">Este link informa sobre os cuidados que se deve ter com o pl\u00e1gio. O site detalha n\u00e3o apenas o que \u00e9 considerado pl\u00e1gio mas tamb\u00e9m suas consequ\u00eancias e como evit\u00e1-lo. Para isso, a p\u00e1gina \u00e9 organizada similarmente a um planejamento de aula, com apresenta\u00e7\u00f5es de slides, v\u00eddeos tutoriais e alguns exerc\u00edcios. \u2014 <\/span><span style=\"font-weight: 400;\">Marcos Adriano Pereira Emilio <\/span><span style=\"font-weight: 400;\">\u2014 Acesso em Maio de 2022<\/span><\/h6>\n<h3><a href=\"https:\/\/owl.purdue.edu\/owl\/purdue_owl.html\">Universidade de Purdue<\/a><\/h3>\n<h6><span style=\"font-weight: 400;\">Nesse site encontram-se informa\u00e7\u00f5es sobre escrita geral, pesquisas e cita\u00e7\u00f5es nos estilos APA, MLA, CHICAGO, IFE, AMA entre outros estilos, guias para evitar pl\u00e1gio, recursos de escrita para professores e tutores, escrita universit\u00e1ria, escrita espec\u00edfica para diferentes assuntos, ingl\u00eas como l\u00edngua secund\u00e1ria al\u00e9m de um b\u00f4nus sobre como encontrar empregos na \u00e1rea de escrita. \u2014 Felipe Mill\u00e9o Schons <\/span><span style=\"font-weight: 400;\">\u2014 Acesso em Maio de 2022<\/span><\/h6>\n<h3><a href=\"https:\/\/writingcenter.gmu.edu\/writing-resources\" target=\"_blank\" rel=\"noopener\">Universidade George Manson<\/a><\/h3>\n<h6><span style=\"font-weight: 400;\">Aqui temos v\u00e1rias guias sobre variados tipo de habilidades da escrita, tarefas e processos da mesma. Aqui voc\u00ea encontra guias para enfrentar <\/span><i><span style=\"font-weight: 400;\">brainstorming<\/span><\/i><span style=\"font-weight: 400;\">, como fazer esbo\u00e7os, revis\u00f5es, esbo\u00e7os reversos, maneiras de lidar com bloqueios mentais, escrita em diferentes g\u00eaneros, praticas gerais da escrita, fontes de cita\u00e7\u00e3o, escrita baseada na investiga\u00e7\u00e3o e muito mais.\u00a0 \u2014 Felipe Mill\u00e9o Schons <\/span><span style=\"font-weight: 400;\">\u2014 Acesso em Maio de 2022<\/span><\/h6>\n<h3><a href=\"https:\/\/www.speakconfidentenglish.com\/prepare-presentations\/\" target=\"_blank\" rel=\"noopener\">Speak Confident English<\/a><\/h3>\n<h6><span style=\"font-weight: 400;\">O site oferece sete estrat\u00e9gias sobre como preparar uma apresenta\u00e7\u00e3o em l\u00edngua inglesa com \u00eaxito, discorrendo sobre quest\u00f5es de planejamento, organiza\u00e7\u00e3o, visual, p\u00fablico-alvo e apresenta\u00e7\u00e3o. <\/span><span style=\"font-weight: 400;\">\u2014 Nat\u00e1lia Rodrigues <\/span><span style=\"font-weight: 400;\">\u2014 Acesso em Maio de 2022<\/span><\/h6>\n<\/div>\n<h3><strong><a href=\"https:\/\/tamu.libguides.com\/c.php?g=1289555\">Selected AI-Based Literature Review Tools<\/a><\/strong><\/h3>\n<\/div>\n<h6><span style=\"font-weight: 400;\">Este site re\u00fane diversos referenciais, como links para ferramentas de Intelig\u00eancia Artificial que podem\u00a0 <\/span><span style=\"font-weight: 400;\">\u2014 Acesso em Novembro de 2023<\/span><\/h6>\n<\/div>\n<\/div>\n<\/div>\n<\/div>\n","protected":false},"excerpt":{"rendered":"<p>Websites da UEPG Escrit\u00f3rio de Rela\u00e7\u00f5es Internacionais (ERI) Pr\u00f3-reitoria de Pesquisa e P\u00f3s-gradua\u00e7\u00e3o UEPG (PROPESP) ESLIN \u2013 Escola de L\u00ednguas e Culturas \u2013 Universidade Estadual de Ponta Grossa (uepg.br) Centros de Escrita AWARD UEL UEM UENP UNESPAR UNICENTRO UNIOESTE UFPR (CAPA) Escrita acad\u00eamica \u2013 sites internacionais e refer\u00eancias \u00fateis Universidade de Penn State O site&nbsp;&hellip;<\/p>\n","protected":false},"author":429,"featured_media":708,"parent":0,"menu_order":0,"comment_status":"closed","ping_status":"closed","template":"","meta":[],"_links":{"self":[{"href":"https:\/\/www2.uepg.br\/escrita-academica\/wp-json\/wp\/v2\/pages\/159"}],"collection":[{"href":"https:\/\/www2.uepg.br\/escrita-academica\/wp-json\/wp\/v2\/pages"}],"about":[{"href":"https:\/\/www2.uepg.br\/escrita-academica\/wp-json\/wp\/v2\/types\/page"}],"author":[{"embeddable":true,"href":"https:\/\/www2.uepg.br\/escrita-academica\/wp-json\/wp\/v2\/users\/429"}],"replies":[{"embeddable":true,"href":"https:\/\/www2.uepg.br\/escrita-academica\/wp-json\/wp\/v2\/comments?post=159"}],"version-history":[{"count":44,"href":"https:\/\/www2.uepg.br\/escrita-academica\/wp-json\/wp\/v2\/pages\/159\/revisions"}],"predecessor-version":[{"id":714,"href":"https:\/\/www2.uepg.br\/escrita-academica\/wp-json\/wp\/v2\/pages\/159\/revisions\/714"}],"wp:featuredmedia":[{"embeddable":true,"href":"https:\/\/www2.uepg.br\/escrita-academica\/wp-json\/wp\/v2\/media\/708"}],"wp:attachment":[{"href":"https:\/\/www2.uepg.br\/escrita-academica\/wp-json\/wp\/v2\/media?parent=159"}],"curies":[{"name":"wp","href":"https:\/\/api.w.org\/{rel}","templated":true}]}}