{"id":195,"date":"2022-02-03T06:50:05","date_gmt":"2022-02-03T09:50:05","guid":{"rendered":"https:\/\/www2.uepg.br\/escrita-academica\/?page_id=195"},"modified":"2024-09-02T10:50:30","modified_gmt":"2024-09-02T13:50:30","slug":"assessoria","status":"publish","type":"page","link":"https:\/\/www2.uepg.br\/escrita-academica\/assessoria\/","title":{"rendered":"Assessoria"},"content":{"rendered":"<p>Assessorias s\u00e3o consultas individualizadas, presenciais ou remotas, marcadas pelos autores(as) de qualquer trabalho acad\u00eamico com a equipe do CEA, para a discuss\u00e3o de trabalhos espec\u00edficos originais, em portugu\u00eas ou ingl\u00eas. Durante a assessoria, que dura entre 30 e 50 minutos, voc\u00ea ir\u00e1 resumir o contexto e os objetivos do seu trabalho e os desafios e dificuldades que est\u00e1 enfrentando para coloc\u00e1-lo no papel. O papel do assessor \u00e9 o de oferecer sugest\u00f5es e tutoria na escrita, auxiliando o processo de edi\u00e7\u00e3o do texto e promovendo a autonomia de autores e autoras.<\/p>\n<p>Quando marcar uma assessoria?<br \/>\nQuando voc\u00ea tem dificuldades em colocar suas ideias no papel. Muitas vezes, o trabalho (artigo, proposta de trabalho, projeto de pesquisa, etc) est\u00e1 muito claro na sua cabe\u00e7a, mas na hora de escrever as ideias n\u00e3o fluem: assim, assessorias s\u00e3o bastante \u00fateis para trabalhos em desenvolvimento.<\/p>\n<p>Quem pode agendar uma assessoria?<br \/>\nDocentes, discentes, servidores e t\u00e9cnicos da UEPG. O servi\u00e7o \u00e9 gratuito para a comunidade acad\u00eamica da UEPG.<\/p>\n<p>O que levar a uma assessoria?<br \/>\nSuas d\u00favidas e qualquer material escrito que j\u00e1 tenha produzido sobre o trabalho em quest\u00e3o. No caso de assessorias presenciais, leve o texto impresso ou seu computador.<\/p>\n<p>Para que n\u00e3o serve uma assessoria?<br \/>\nPara corrigir. Na verdade, pedir ao assessor que simplesmente corrija um texto durante uma assessoria n\u00e3o \u00e9 permitido. O papel do assessor \u00e9 o de auxiliar com t\u00e9cnicas de escrita e organiza\u00e7\u00e3o textual de acordo com o g\u00eanero acad\u00eamico em quest\u00e3o: se ele ou ela identificar erros ou outros problemas, ir\u00e1 apont\u00e1-los e sugerir ferramentas e procedimentos para que voc\u00ea possa lidar com eles de forma aut\u00f4noma, ou indicar os servi\u00e7os de revis\u00e3o do CEA.<\/p>\n<p><a href=\"https:\/\/www.picktime.com\/97f1e172-9196-4f86-a811-3c4629e2f271\">Agende uma assessoria<\/a><\/p>\n","protected":false},"excerpt":{"rendered":"<p>Assessorias s\u00e3o consultas individualizadas, presenciais ou remotas, marcadas pelos autores(as) de qualquer trabalho acad\u00eamico com a equipe do CEA, para a discuss\u00e3o de trabalhos espec\u00edficos originais, em portugu\u00eas ou ingl\u00eas. Durante a assessoria, que dura entre 30 e 50 minutos, voc\u00ea ir\u00e1 resumir o contexto e os objetivos do seu trabalho e os desafios e&nbsp;&hellip;<\/p>\n","protected":false},"author":429,"featured_media":711,"parent":0,"menu_order":0,"comment_status":"closed","ping_status":"closed","template":"","meta":[],"_links":{"self":[{"href":"https:\/\/www2.uepg.br\/escrita-academica\/wp-json\/wp\/v2\/pages\/195"}],"collection":[{"href":"https:\/\/www2.uepg.br\/escrita-academica\/wp-json\/wp\/v2\/pages"}],"about":[{"href":"https:\/\/www2.uepg.br\/escrita-academica\/wp-json\/wp\/v2\/types\/page"}],"author":[{"embeddable":true,"href":"https:\/\/www2.uepg.br\/escrita-academica\/wp-json\/wp\/v2\/users\/429"}],"replies":[{"embeddable":true,"href":"https:\/\/www2.uepg.br\/escrita-academica\/wp-json\/wp\/v2\/comments?post=195"}],"version-history":[{"count":7,"href":"https:\/\/www2.uepg.br\/escrita-academica\/wp-json\/wp\/v2\/pages\/195\/revisions"}],"predecessor-version":[{"id":298,"href":"https:\/\/www2.uepg.br\/escrita-academica\/wp-json\/wp\/v2\/pages\/195\/revisions\/298"}],"wp:featuredmedia":[{"embeddable":true,"href":"https:\/\/www2.uepg.br\/escrita-academica\/wp-json\/wp\/v2\/media\/711"}],"wp:attachment":[{"href":"https:\/\/www2.uepg.br\/escrita-academica\/wp-json\/wp\/v2\/media?parent=195"}],"curies":[{"name":"wp","href":"https:\/\/api.w.org\/{rel}","templated":true}]}}