{"id":229,"date":"2022-02-03T08:09:58","date_gmt":"2022-02-03T11:09:58","guid":{"rendered":"https:\/\/www2.uepg.br\/escrita-academica\/?page_id=229"},"modified":"2024-09-02T10:48:48","modified_gmt":"2024-09-02T13:48:48","slug":"conteudos-em-escrita-academica","status":"publish","type":"page","link":"https:\/\/www2.uepg.br\/escrita-academica\/conteudos-em-escrita-academica\/","title":{"rendered":"A Escrita Acad\u00eamica"},"content":{"rendered":"<!--[if lt IE 9]><script>document.createElement('video');<\/script><![endif]-->\n\t<div class=\"wp-playlist wp-video-playlist wp-playlist-light\">\n\t\t<video controls=\"controls\" preload=\"none\" width=\"3818\"\n\t\t height=\"2148\"\t><\/video>\n\t<div class=\"wp-playlist-next\"><\/div>\n\t<div class=\"wp-playlist-prev\"><\/div>\n\t<noscript>\n\t<ol>\n\t\t<li><a href='https:\/\/www2.uepg.br\/escrita-academica\/wp-content\/uploads\/sites\/210\/2022\/06\/Como-fazer-uma-Introducao-de-um-artigo-cientifico.mp4'>Como fazer uma Introdu\u00e7\u00e3o de um artigo cient\u00edfico<\/a><\/li><li><a href='https:\/\/www2.uepg.br\/escrita-academica\/wp-content\/uploads\/sites\/210\/2022\/06\/Resumo-de-uma-pesquisa-de-u.mp4'>Como fazer o resumo de um artigo cient\u00edfico<\/a><\/li><li><a href='https:\/\/www2.uepg.br\/escrita-academica\/wp-content\/uploads\/sites\/210\/2022\/06\/POR-QUE-USAR-OS-MARCADORES-DISCURSIVOS.mp4'>Por que usar os marcadores discursivos<\/a><\/li><li><a href='https:\/\/www2.uepg.br\/escrita-academica\/wp-content\/uploads\/sites\/210\/2022\/06\/Como-Estruturar-um-Paragrafo.mp4'>Como Estruturar um Par\u00e1grafo<\/a><\/li>\t<\/ol>\n\t<\/noscript>\n\t<script type=\"application\/json\" class=\"wp-playlist-script\">{\"type\":\"video\",\"tracklist\":true,\"tracknumbers\":true,\"images\":true,\"artists\":true,\"tracks\":[{\"src\":\"https:\\\/\\\/www2.uepg.br\\\/escrita-academica\\\/wp-content\\\/uploads\\\/sites\\\/210\\\/2022\\\/06\\\/Como-fazer-uma-Introducao-de-um-artigo-cientifico.mp4\",\"type\":\"video\\\/mp4\",\"title\":\"Como fazer uma Introdu\\u00e7\\u00e3o de um artigo cient\\u00edfico\",\"caption\":\"\",\"description\":\"\",\"meta\":{\"length_formatted\":\"1:08\"},\"dimensions\":{\"original\":{\"width\":1920,\"height\":1080},\"resized\":{\"width\":3818,\"height\":2148}},\"image\":{\"src\":\"https:\\\/\\\/www2.uepg.br\\\/escrita-academica\\\/wp-includes\\\/images\\\/media\\\/video.png\",\"width\":48,\"height\":64},\"thumb\":{\"src\":\"https:\\\/\\\/www2.uepg.br\\\/escrita-academica\\\/wp-includes\\\/images\\\/media\\\/video.png\",\"width\":48,\"height\":64}},{\"src\":\"https:\\\/\\\/www2.uepg.br\\\/escrita-academica\\\/wp-content\\\/uploads\\\/sites\\\/210\\\/2022\\\/06\\\/Resumo-de-uma-pesquisa-de-u.mp4\",\"type\":\"video\\\/mp4\",\"title\":\"Como fazer o resumo de um artigo cient\\u00edfico\",\"caption\":\"\",\"description\":\"\",\"meta\":{\"length_formatted\":\"1:18\"},\"dimensions\":{\"original\":{\"width\":1920,\"height\":1080},\"resized\":{\"width\":3818,\"height\":2148}},\"image\":{\"src\":\"https:\\\/\\\/www2.uepg.br\\\/escrita-academica\\\/wp-includes\\\/images\\\/media\\\/video.png\",\"width\":48,\"height\":64},\"thumb\":{\"src\":\"https:\\\/\\\/www2.uepg.br\\\/escrita-academica\\\/wp-includes\\\/images\\\/media\\\/video.png\",\"width\":48,\"height\":64}},{\"src\":\"https:\\\/\\\/www2.uepg.br\\\/escrita-academica\\\/wp-content\\\/uploads\\\/sites\\\/210\\\/2022\\\/06\\\/POR-QUE-USAR-OS-MARCADORES-DISCURSIVOS.mp4\",\"type\":\"video\\\/mp4\",\"title\":\"Por que usar os marcadores discursivos\",\"caption\":\"\",\"description\":\"\",\"meta\":{\"length_formatted\":\"1:18\"},\"dimensions\":{\"original\":{\"width\":1920,\"height\":1080},\"resized\":{\"width\":3818,\"height\":2148}},\"image\":{\"src\":\"https:\\\/\\\/www2.uepg.br\\\/escrita-academica\\\/wp-includes\\\/images\\\/media\\\/video.png\",\"width\":48,\"height\":64},\"thumb\":{\"src\":\"https:\\\/\\\/www2.uepg.br\\\/escrita-academica\\\/wp-includes\\\/images\\\/media\\\/video.png\",\"width\":48,\"height\":64}},{\"src\":\"https:\\\/\\\/www2.uepg.br\\\/escrita-academica\\\/wp-content\\\/uploads\\\/sites\\\/210\\\/2022\\\/06\\\/Como-Estruturar-um-Paragrafo.mp4\",\"type\":\"video\\\/mp4\",\"title\":\"Como Estruturar um Par\\u00e1grafo\",\"caption\":\"\",\"description\":\"\",\"meta\":{\"length_formatted\":\"1:12\"},\"dimensions\":{\"original\":{\"width\":1920,\"height\":1080},\"resized\":{\"width\":3818,\"height\":2148}},\"image\":{\"src\":\"https:\\\/\\\/www2.uepg.br\\\/escrita-academica\\\/wp-includes\\\/images\\\/media\\\/video.png\",\"width\":48,\"height\":64},\"thumb\":{\"src\":\"https:\\\/\\\/www2.uepg.br\\\/escrita-academica\\\/wp-includes\\\/images\\\/media\\\/video.png\",\"width\":48,\"height\":64}}]}<\/script>\n<\/div>\n\t\n<p>&nbsp;<\/p>\n<p>&nbsp;<\/p>\n<p>&nbsp;<\/p>\n<p>&nbsp;<\/p>\n<p>&nbsp;<\/p>\n<p>&nbsp;<\/p>\n<p>&nbsp;<\/p>\n<p>&nbsp;<\/p>\n<p>&nbsp;<\/p>\n<p>&nbsp;<\/p>\n<p>&nbsp;<\/p>\n<p>&nbsp;<\/p>\n<p>&nbsp;<\/p>\n<p>&nbsp;<\/p>\n<p>&nbsp;<\/p>\n<p>&nbsp;<\/p>\n","protected":false},"excerpt":{"rendered":"<p>&nbsp; &nbsp; &nbsp; &nbsp; &nbsp; &nbsp; &nbsp; &nbsp; &nbsp; &nbsp; &nbsp; &nbsp; &nbsp; &nbsp; &nbsp; &nbsp;<\/p>\n","protected":false},"author":429,"featured_media":708,"parent":0,"menu_order":0,"comment_status":"closed","ping_status":"closed","template":"","meta":[],"_links":{"self":[{"href":"https:\/\/www2.uepg.br\/escrita-academica\/wp-json\/wp\/v2\/pages\/229"}],"collection":[{"href":"https:\/\/www2.uepg.br\/escrita-academica\/wp-json\/wp\/v2\/pages"}],"about":[{"href":"https:\/\/www2.uepg.br\/escrita-academica\/wp-json\/wp\/v2\/types\/page"}],"author":[{"embeddable":true,"href":"https:\/\/www2.uepg.br\/escrita-academica\/wp-json\/wp\/v2\/users\/429"}],"replies":[{"embeddable":true,"href":"https:\/\/www2.uepg.br\/escrita-academica\/wp-json\/wp\/v2\/comments?post=229"}],"version-history":[{"count":4,"href":"https:\/\/www2.uepg.br\/escrita-academica\/wp-json\/wp\/v2\/pages\/229\/revisions"}],"predecessor-version":[{"id":579,"href":"https:\/\/www2.uepg.br\/escrita-academica\/wp-json\/wp\/v2\/pages\/229\/revisions\/579"}],"wp:featuredmedia":[{"embeddable":true,"href":"https:\/\/www2.uepg.br\/escrita-academica\/wp-json\/wp\/v2\/media\/708"}],"wp:attachment":[{"href":"https:\/\/www2.uepg.br\/escrita-academica\/wp-json\/wp\/v2\/media?parent=229"}],"curies":[{"name":"wp","href":"https:\/\/api.w.org\/{rel}","templated":true}]}}