{"id":11,"date":"2020-04-20T14:57:56","date_gmt":"2020-04-20T17:57:56","guid":{"rendered":"http:\/\/www2.uepg.br\/eslin\/?page_id=11"},"modified":"2025-10-01T15:43:58","modified_gmt":"2025-10-01T18:43:58","slug":"editais","status":"publish","type":"page","link":"https:\/\/www2.uepg.br\/eslin\/editais\/","title":{"rendered":"EDITAIS"},"content":{"rendered":"<div id=\"pl-11\"  class=\"panel-layout\" ><div id=\"pg-11-0\"  class=\"panel-grid panel-no-style\" ><div id=\"pgc-11-0-0\"  class=\"panel-grid-cell\" ><div id=\"panel-11-0-0-0\" class=\"so-panel widget widget_sow-accordion panel-first-child\" data-index=\"0\" ><div\n\t\t\t\n\t\t\tclass=\"so-widget-sow-accordion so-widget-sow-accordion-default-f2a84b1ce66c-11\"\n\t\t\t\n\t\t><div>\n\t<div class=\"sow-accordion\">\n\t\t\t<div class=\"sow-accordion-panel\"\n\t\t\t data-anchor=\"2025\">\n\t\t\t\t<div class=\"sow-accordion-panel-header-container\" role=\"heading\" aria-level=\"2\">\n\t\t\t\t\t<div class=\"sow-accordion-panel-header\" tabindex=\"0\" role=\"button\" id=\"accordion-label-2025\" aria-controls=\"accordion-content-2025\" aria-expanded=\"false\">\n\t\t\t\t\t\t<div class=\"sow-accordion-title sow-accordion-title-icon-left\">\n\t\t\t\t\t\t\t\t\t\t\t\t\t\t2025\t\t\t\t\t\t\t\t\t\t\t\t\t<\/div>\n\t\t\t\t\t\t<div class=\"sow-accordion-open-close-button\">\n\t\t\t\t\t\t\t<div class=\"sow-accordion-open-button\">\n\t\t\t\t\t\t\t\t<span class=\"sow-icon-ionicons\" data-sow-icon=\"&#xf218;\"\n\t\t \n\t\taria-hidden=\"true\"><\/span>\t\t\t\t\t\t\t<\/div>\n\t\t\t\t\t\t\t<div class=\"sow-accordion-close-button\">\n\t\t\t\t\t\t\t\t<span class=\"sow-icon-ionicons\" data-sow-icon=\"&#xf209;\"\n\t\t \n\t\taria-hidden=\"true\"><\/span>\t\t\t\t\t\t\t<\/div>\n\t\t\t\t\t\t<\/div>\n\t\t\t\t\t<\/div>\n\t\t\t\t<\/div>\n\n\t\t\t<div\n\t\t\t\tclass=\"sow-accordion-panel-content\"\n\t\t\t\trole=\"region\"\n\t\t\t\taria-labelledby=\"accordion-label-2025\"\n\t\t\t\tid=\"accordion-content-2025\"\n\t\t\t\tstyle=\"display: none;\"\t\t\t>\n\t\t\t\t<div class=\"sow-accordion-panel-border\" tabindex=\"0\">\n\t\t\t\t\t<p>Edital de est\u00e1gio n\u00e3o obrigat\u00f3rio em L\u00edngua Inglesa - <a href=\"https:\/\/www.fauepg.org.br\/wp-content\/uploads\/\/sites\/133\/2025\/08\/EDITAL-FAUEPG-No-134-2025-SELEC%CC%A7A%CC%83O-DE-ESTAGIA%CC%81RIO-ESLIN.pdf\">Abertura<\/a><\/p>\n<p><a href=\"https:\/\/www.fauepg.org.br\/wp-content\/uploads\/\/sites\/133\/2025\/08\/EDITAL-FAUEPG-No-139-2025-HOMOLOGACAO-DAS-INSCRICOES-DA-SELEC%CC%A7A%CC%83O-DE-ESTAGIA%CC%81RIO-ESLIN.pdf\">Homologa\u00e7\u00e3o das Inscri\u00e7\u00f5es<\/a><\/p>\n<p><a href=\"https:\/\/www.fauepg.org.br\/wp-content\/uploads\/\/sites\/133\/2025\/08\/EDITAL-FAUEPG-No-140-2025-RESULTADO-PROVA-ESCRITA-E-CONVOCACAO-PARA-ENTREVISTA-ESTAGIARIO-ESLIN-2.pdf\">Convoca\u00e7\u00e3o Para a Entrevista<\/a><\/p>\n\t\t\t\t<\/div>\n\t\t\t<\/div>\n\t\t<\/div>\n\t\t<\/div>\n<\/div>\n<\/div><\/div><div id=\"panel-11-0-0-1\" class=\"so-panel widget widget_sow-accordion\" data-index=\"1\" ><div\n\t\t\t\n\t\t\tclass=\"so-widget-sow-accordion so-widget-sow-accordion-default-7d7e7a901dc1-11\"\n\t\t\t\n\t\t><div>\n\t<div class=\"sow-accordion\">\n\t\t\t<div class=\"sow-accordion-panel\"\n\t\t\t data-anchor=\"2024\">\n\t\t\t\t<div class=\"sow-accordion-panel-header-container\" role=\"heading\" aria-level=\"2\">\n\t\t\t\t\t<div class=\"sow-accordion-panel-header\" tabindex=\"0\" role=\"button\" id=\"accordion-label-2024\" aria-controls=\"accordion-content-2024\" aria-expanded=\"false\">\n\t\t\t\t\t\t<div class=\"sow-accordion-title sow-accordion-title-icon-left\">\n\t\t\t\t\t\t\t\t\t\t\t\t\t\t2024\t\t\t\t\t\t\t\t\t\t\t\t\t<\/div>\n\t\t\t\t\t\t<div class=\"sow-accordion-open-close-button\">\n\t\t\t\t\t\t\t<div class=\"sow-accordion-open-button\">\n\t\t\t\t\t\t\t\t<span class=\"sow-icon-ionicons\" data-sow-icon=\"&#xf218;\"\n\t\t \n\t\taria-hidden=\"true\"><\/span>\t\t\t\t\t\t\t<\/div>\n\t\t\t\t\t\t\t<div class=\"sow-accordion-close-button\">\n\t\t\t\t\t\t\t\t<span class=\"sow-icon-ionicons\" data-sow-icon=\"&#xf209;\"\n\t\t \n\t\taria-hidden=\"true\"><\/span>\t\t\t\t\t\t\t<\/div>\n\t\t\t\t\t\t<\/div>\n\t\t\t\t\t<\/div>\n\t\t\t\t<\/div>\n\n\t\t\t<div\n\t\t\t\tclass=\"sow-accordion-panel-content\"\n\t\t\t\trole=\"region\"\n\t\t\t\taria-labelledby=\"accordion-label-2024\"\n\t\t\t\tid=\"accordion-content-2024\"\n\t\t\t\tstyle=\"display: none;\"\t\t\t>\n\t\t\t\t<div class=\"sow-accordion-panel-border\" tabindex=\"0\">\n\t\t\t\t\t<p><a href=\"https:\/\/www.fauepg.org.br\/wp-content\/uploads\/\/sites\/133\/2024\/09\/EDITAL-FAUEPG-No-78-2024-RETIFICACAO-DO-EDITAL-FAUEPG-No-76-2024-CHAMAMENTO-PU%CC%81BLICO-PARA-CREDENCIAMENTO-DE-PROFESSORES-PARA-ATUAC%CC%A7A%CC%83O-NA-ESLIN-UEPG.pdf\">Edital de credenciamento de professores - Setembro Outubro 2024 - Ingl\u00eas, Franc\u00eas e Libras - Abertura<\/a><\/p>\n<p>Homologa\u00e7\u00e3o e Chamamento para entrevista - <a href=\"https:\/\/www2.uepg.br\/eslin\/wp-content\/uploads\/sites\/269\/2024\/09\/EDITAL-FAUEPG-No-X1-2024-HOMOLOGACAO-DAS-INSCRICOES-DO-CHAMAMENTO-PU\u0301BLICO-PARA-CREDENCIAMENTO-DE-PROFESSORES-PARA-ATUAC\u0327A\u0303O-NA-ESLIN-CLEC-UEPG.docx\">EDITAL-FAUEPG-No-X1-2024-HOMOLOGACAO-DAS-INSCRICOES-DO-CHAMAMENTO-PU\u0301BLICO-PARA-CREDENCIAMENTO-DE-PROFESSORES-PARA-ATUAC\u0327A\u0303O-NA-ESLIN-CLEC-UEPG<\/a><\/p>\n\t\t\t\t<\/div>\n\t\t\t<\/div>\n\t\t<\/div>\n\t\t<\/div>\n<\/div>\n<\/div><\/div><div id=\"panel-11-0-0-2\" class=\"so-panel widget widget_sow-accordion panel-last-child\" data-index=\"2\" ><div\n\t\t\t\n\t\t\tclass=\"so-widget-sow-accordion so-widget-sow-accordion-default-b39269ea4238-11\"\n\t\t\t\n\t\t><div>\n\t<div class=\"sow-accordion\">\n\t\t\t<div class=\"sow-accordion-panel\"\n\t\t\t data-anchor=\"2023\">\n\t\t\t\t<div class=\"sow-accordion-panel-header-container\" role=\"heading\" aria-level=\"2\">\n\t\t\t\t\t<div class=\"sow-accordion-panel-header\" tabindex=\"0\" role=\"button\" id=\"accordion-label-2023\" aria-controls=\"accordion-content-2023\" aria-expanded=\"false\">\n\t\t\t\t\t\t<div class=\"sow-accordion-title sow-accordion-title-icon-left\">\n\t\t\t\t\t\t\t\t\t\t\t\t\t\t2023\t\t\t\t\t\t\t\t\t\t\t\t\t<\/div>\n\t\t\t\t\t\t<div class=\"sow-accordion-open-close-button\">\n\t\t\t\t\t\t\t<div class=\"sow-accordion-open-button\">\n\t\t\t\t\t\t\t\t<span class=\"sow-icon-ionicons\" data-sow-icon=\"&#xf218;\"\n\t\t \n\t\taria-hidden=\"true\"><\/span>\t\t\t\t\t\t\t<\/div>\n\t\t\t\t\t\t\t<div class=\"sow-accordion-close-button\">\n\t\t\t\t\t\t\t\t<span class=\"sow-icon-ionicons\" data-sow-icon=\"&#xf209;\"\n\t\t \n\t\taria-hidden=\"true\"><\/span>\t\t\t\t\t\t\t<\/div>\n\t\t\t\t\t\t<\/div>\n\t\t\t\t\t<\/div>\n\t\t\t\t<\/div>\n\n\t\t\t<div\n\t\t\t\tclass=\"sow-accordion-panel-content\"\n\t\t\t\trole=\"region\"\n\t\t\t\taria-labelledby=\"accordion-label-2023\"\n\t\t\t\tid=\"accordion-content-2023\"\n\t\t\t\tstyle=\"display: none;\"\t\t\t>\n\t\t\t\t<div class=\"sow-accordion-panel-border\" tabindex=\"0\">\n\t\t\t\t\t<p><a href=\"https:\/\/drive.google.com\/file\/d\/10LI05Px7P_5yMHgMK10MqEiqQSazyOiq\/view?usp=sharing\">RESULTADO DA AVALIA\u00c7\u00c3O DE PEDIDOS DE ISEN\u00c7\u00c3O - ALUNOS UEPG<\/a><\/p>\n\t\t\t\t<\/div>\n\t\t\t<\/div>\n\t\t<\/div>\n\t\t<\/div>\n<\/div>\n<\/div><\/div><\/div><\/div><div id=\"pg-11-1\"  class=\"panel-grid panel-no-style\" ><div id=\"pgc-11-1-0\"  class=\"panel-grid-cell panel-grid-cell-empty\" ><\/div><\/div><\/div>","protected":false},"excerpt":{"rendered":"<p>2025 Edital de est\u00e1gio n\u00e3o obrigat\u00f3rio em L\u00edngua Inglesa &#8211; Abertura Homologa\u00e7\u00e3o das Inscri\u00e7\u00f5es Convoca\u00e7\u00e3o Para a Entrevista 2024 Edital de credenciamento de professores &#8211; Setembro Outubro 2024 &#8211; Ingl\u00eas, Franc\u00eas e Libras &#8211; Abertura Homologa\u00e7\u00e3o e Chamamento para entrevista &#8211; EDITAL-FAUEPG-No-X1-2024-HOMOLOGACAO-DAS-INSCRICOES-DO-CHAMAMENTO-PU\u0301BLICO-PARA-CREDENCIAMENTO-DE-PROFESSORES-PARA-ATUAC\u0327A\u0303O-NA-ESLIN-CLEC-UEPG 2023 RESULTADO DA AVALIA\u00c7\u00c3O DE PEDIDOS DE ISEN\u00c7\u00c3O &#8211; ALUNOS UEPG<\/p>\n","protected":false},"author":24,"featured_media":289,"parent":0,"menu_order":0,"comment_status":"closed","ping_status":"closed","template":"","meta":[],"_links":{"self":[{"href":"https:\/\/www2.uepg.br\/eslin\/wp-json\/wp\/v2\/pages\/11"}],"collection":[{"href":"https:\/\/www2.uepg.br\/eslin\/wp-json\/wp\/v2\/pages"}],"about":[{"href":"https:\/\/www2.uepg.br\/eslin\/wp-json\/wp\/v2\/types\/page"}],"author":[{"embeddable":true,"href":"https:\/\/www2.uepg.br\/eslin\/wp-json\/wp\/v2\/users\/24"}],"replies":[{"embeddable":true,"href":"https:\/\/www2.uepg.br\/eslin\/wp-json\/wp\/v2\/comments?post=11"}],"version-history":[{"count":27,"href":"https:\/\/www2.uepg.br\/eslin\/wp-json\/wp\/v2\/pages\/11\/revisions"}],"predecessor-version":[{"id":450,"href":"https:\/\/www2.uepg.br\/eslin\/wp-json\/wp\/v2\/pages\/11\/revisions\/450"}],"wp:featuredmedia":[{"embeddable":true,"href":"https:\/\/www2.uepg.br\/eslin\/wp-json\/wp\/v2\/media\/289"}],"wp:attachment":[{"href":"https:\/\/www2.uepg.br\/eslin\/wp-json\/wp\/v2\/media?parent=11"}],"curies":[{"name":"wp","href":"https:\/\/api.w.org\/{rel}","templated":true}]}}