{"id":154,"date":"2023-05-10T20:59:49","date_gmt":"2023-05-10T23:59:49","guid":{"rendered":"https:\/\/www2.uepg.br\/eslin\/?page_id=154"},"modified":"2024-03-14T13:57:16","modified_gmt":"2024-03-14T16:57:16","slug":"a-eslin","status":"publish","type":"page","link":"https:\/\/www2.uepg.br\/eslin\/a-eslin\/","title":{"rendered":"A ESLIN"},"content":{"rendered":"<div id=\"pl-154\"  class=\"panel-layout\" ><div id=\"pg-154-0\"  class=\"panel-grid panel-has-style\" ><div class=\"siteorigin-panels-stretch panel-row-style panel-row-style-for-154-0\" data-stretch-type=\"full-stretched\" ><div id=\"pgc-154-0-0\"  class=\"panel-grid-cell panel-grid-cell-empty\" ><\/div><div id=\"pgc-154-0-1\"  class=\"panel-grid-cell\" ><div id=\"panel-154-0-1-0\" class=\"so-panel widget widget_sow-editor panel-first-child panel-last-child\" data-index=\"0\" ><div\n\t\t\t\n\t\t\tclass=\"so-widget-sow-editor so-widget-sow-editor-base\"\n\t\t\t\n\t\t>\n<div class=\"siteorigin-widget-tinymce textwidget\">\n\t<h2 style=\"text-align: center;\"><span style=\"color: #ffffff;\">Quem somos<\/span><\/h2>\n<\/div>\n<\/div><\/div><\/div><div id=\"pgc-154-0-2\"  class=\"panel-grid-cell\" ><div id=\"panel-154-0-2-0\" class=\"so-panel widget widget_sow-editor panel-first-child panel-last-child\" data-index=\"1\" ><div\n\t\t\t\n\t\t\tclass=\"so-widget-sow-editor so-widget-sow-editor-base\"\n\t\t\t\n\t\t>\n<div class=\"siteorigin-widget-tinymce textwidget\">\n\t<div style=\"text-align: justify;color: #ffffff\">A Eslin \u00e9 uma escola de l\u00ednguas diferente de tudo o que voc\u00ea j\u00e1 viu. Um ambiente criado especialmente para o ensino com qualidade e recursos, professores formados em Letras e aulas que englobam l\u00edngua e cultura de uma forma din\u00e2mica e interativa. Nossa equipe \u00e9 selecionada, com profissionais qualificados, graduados, mestres e doutores, para oferecer aulas eficazes, que constroem conhecimento lingu\u00edstico relevante e significativo para a sua necessidade.<\/div><\/div>\n<\/div><\/div><\/div><div id=\"pgc-154-0-3\"  class=\"panel-grid-cell panel-grid-cell-mobile-last\" ><div id=\"panel-154-0-3-0\" class=\"so-panel widget widget_sow-editor panel-first-child panel-last-child\" data-index=\"2\" ><div\n\t\t\t\n\t\t\tclass=\"so-widget-sow-editor so-widget-sow-editor-base\"\n\t\t\t\n\t\t>\n<div class=\"siteorigin-widget-tinymce textwidget\">\n\t<div style=\"text-align: justify;color: #ffffff\">A escola mant\u00e9m atividades de forma\u00e7\u00e3o continuada e eventos para garantir a constante atualiza\u00e7\u00e3o de seus professores. Os materiais did\u00e1ticos utilizados s\u00e3o selecionados por sua pertin\u00eancia de conte\u00fado e qualidade, entre editoras renomadas para experi\u00eancias \u00fanicas de aprendizado.<br \/>\nContato:<br \/>\nWhatsApp: 42 98409-3846<br \/>\nTelefone: 42 3220-3372<br \/>\nEndere\u00e7o: Rua J\u00falia Wanderley, 980, Centro, Ponta Grossa.<\/div>\n<\/div>\n<\/div><\/div><\/div><div id=\"pgc-154-0-4\"  class=\"panel-grid-cell panel-grid-cell-empty\" ><\/div><\/div><\/div><div id=\"pg-154-1\"  class=\"panel-grid panel-has-style\" ><div class=\"siteorigin-panels-stretch panel-row-style panel-row-style-for-154-1\" data-stretch-type=\"full-stretched\" ><div id=\"pgc-154-1-0\"  class=\"panel-grid-cell panel-grid-cell-empty\" ><\/div><div id=\"pgc-154-1-1\"  class=\"panel-grid-cell\" ><div id=\"panel-154-1-1-0\" class=\"so-panel widget widget_sow-image panel-first-child panel-last-child\" data-index=\"3\" ><div\n\t\t\t\n\t\t\tclass=\"so-widget-sow-image so-widget-sow-image-default-17bc2272b535-154\"\n\t\t\t\n\t\t>\n\n<div class=\"sow-image-container\">\n\t\t<img src=\"https:\/\/www2.uepg.br\/eslin\/wp-content\/uploads\/sites\/269\/2023\/05\/Historico.png\" width=\"472\" height=\"209\" srcset=\"https:\/\/www2.uepg.br\/eslin\/wp-content\/uploads\/sites\/269\/2023\/05\/Historico.png 472w, https:\/\/www2.uepg.br\/eslin\/wp-content\/uploads\/sites\/269\/2023\/05\/Historico-300x133.png 300w\" sizes=\"(max-width: 472px) 100vw, 472px\" title=\"Hist\u00f3rico\" alt=\"\" loading=\"lazy\" \t\tclass=\"so-widget-image\"\/>\n\t<\/div>\n\n<\/div><\/div><\/div><div id=\"pgc-154-1-2\"  class=\"panel-grid-cell\" ><div id=\"panel-154-1-2-0\" class=\"so-panel widget widget_sow-editor panel-first-child panel-last-child\" data-index=\"4\" ><div\n\t\t\t\n\t\t\tclass=\"so-widget-sow-editor so-widget-sow-editor-base\"\n\t\t\t\n\t\t>\n<div class=\"siteorigin-widget-tinymce textwidget\">\n\t<div style=\"text-align: justify;\">\n<p>A Eslin \u00e9 a Escola de L\u00ednguas, Literaturas e Culturas. A ideia surgiu a partir da reestrutura\u00e7\u00e3o e amplia\u00e7\u00e3o do Curso de L\u00ednguas para a Comunidade (CLEC- UEPG), cuja cria\u00e7\u00e3o foi em 1986. Com as atividades ininterruptas desde seu surgimento, a escola atender\u00e1 a comunidade externa \u00e0 UEPG no ensino de l\u00ednguas e \u00e1reas afins.<\/p>\n<p>O que mudou?<\/p>\n<p>Agora nossos objetivos foram ampliados e temos uma sede pr\u00f3pria com modernas instala\u00e7\u00f5es! Passamos a atender em novo endere\u00e7o que se localiza na Rua Julia Wanderley, 980 (ao lado da Mans\u00e3o Vila Hilda).<\/p>\n<p>Para ficar por dentro das novidades e das a\u00e7\u00f5es da Eslin, siga nossas redes no\u00a0Instagram\u00a0e\u00a0Facebook<\/p>\n<p>Instagram: <a href=\"https:\/\/www.instagram.com\/clec.uepg\/\" rel=\"noopener\" target=\"_blank\">https:\/\/www.instagram.com\/clec.uepg\/<\/a><br \/>\nFacebook: <a href=\"https:\/\/www.facebook.com\/clecuepg\" rel=\"noopener\" target=\"_blank\">https:\/\/www.facebook.com\/clecuepg<\/a><\/p>\n<\/div>\n<\/div>\n<\/div><\/div><\/div><div id=\"pgc-154-1-3\"  class=\"panel-grid-cell panel-grid-cell-mobile-last\" ><div id=\"panel-154-1-3-0\" class=\"so-panel widget widget_sow-editor panel-first-child panel-last-child\" data-index=\"5\" ><div\n\t\t\t\n\t\t\tclass=\"so-widget-sow-editor so-widget-sow-editor-base\"\n\t\t\t\n\t\t>\n<div class=\"siteorigin-widget-tinymce textwidget\">\n\t<div style=\"text-align: justify;\">\n<p>E quais as atividades desenvolvidas pela ESLIN?<\/p>\n<ul>\n<li>Cursos de L\u00ednguas Estrangeiras (Espanhol, Franc\u00eas e Ingl\u00eas, entre outras);<\/li>\n<li>Cursos de L\u00edngua Portuguesa como L\u00edngua de Acolhimento;<\/li>\n<li>Cursos de L\u00edngua Brasileira de Sinais (Libras), escrita de sinais e literaturas surdas;<\/li>\n<li>Cursos de l\u00ednguas e literaturas ind\u00edgenas, dentre outros, que envolvam a forma\u00e7\u00e3o inicial e continuada de professores\/as de l\u00ednguas estrangeiras\/adicionais;<\/li>\n<li>Eventos de extens\u00e3o, como palestras e grupos de estudo, que congreguem professores\/as em exerc\u00edcio e acad\u00eamicos do curso de Letras da UEPG, do PPGEL e de outras IES da cidade de Ponta Grossa (e regi\u00e3o) voltados \u00e0 partilha dos saberes produzidos cientificamente;<\/li>\n<li>Promo\u00e7\u00e3o de eventos culturais;<\/li>\n<li>Produ\u00e7\u00e3o de materiais e livro(s) resultantes da reflex\u00e3o sobre forma\u00e7\u00e3o inicial e continuada de professores\/as e ensino de l\u00ednguas estrangeiras\/adicionais;<\/li>\n<li>Adapta\u00e7\u00e3o dos materiais e livros produzidos, quanto \u00e0 acessibilidade comunicacional de surdos, cegos e surdocegos;<\/li>\n<li>A\u00e7\u00f5es voltadas \u00e0 internacionaliza\u00e7\u00e3o em parceria com o ERI;<\/li>\n<li>Elabora\u00e7\u00e3o e coordena\u00e7\u00e3o de provas de profici\u00eancia.<\/li>\n<\/ul>\n<ul>\n<p>E muito mais!!!<\/p>\n<\/ul>\n<\/div>\n<\/div>\n<\/div><\/div><\/div><div id=\"pgc-154-1-4\"  class=\"panel-grid-cell panel-grid-cell-empty\" ><\/div><\/div><\/div><div id=\"pg-154-2\"  class=\"panel-grid panel-has-style\" ><div class=\"siteorigin-panels-stretch panel-row-style panel-row-style-for-154-2\" data-stretch-type=\"full-stretched\" ><div id=\"pgc-154-2-0\"  class=\"panel-grid-cell panel-grid-cell-empty\" ><\/div><div id=\"pgc-154-2-1\"  class=\"panel-grid-cell\" ><div id=\"panel-154-2-1-0\" class=\"so-panel widget widget_sow-image panel-first-child panel-last-child\" data-index=\"6\" ><div\n\t\t\t\n\t\t\tclass=\"so-widget-sow-image so-widget-sow-image-default-d6014b76747a-154\"\n\t\t\t\n\t\t>\n\n<div class=\"sow-image-container\">\n\t\t<img src=\"https:\/\/www2.uepg.br\/eslin\/wp-content\/uploads\/sites\/269\/2023\/05\/Missao.png\" width=\"250\" height=\"102\" srcset=\"https:\/\/www2.uepg.br\/eslin\/wp-content\/uploads\/sites\/269\/2023\/05\/Missao.png 472w, https:\/\/www2.uepg.br\/eslin\/wp-content\/uploads\/sites\/269\/2023\/05\/Missao-300x122.png 300w\" sizes=\"(max-width: 250px) 100vw, 250px\" title=\"Miss\u00e3o\" alt=\"\" loading=\"lazy\" \t\tclass=\"so-widget-image\"\/>\n\t<\/div>\n\n<\/div><\/div><\/div><div id=\"pgc-154-2-2\"  class=\"panel-grid-cell\" ><div id=\"panel-154-2-2-0\" class=\"so-panel widget widget_sow-image panel-first-child panel-last-child\" data-index=\"7\" ><div\n\t\t\t\n\t\t\tclass=\"so-widget-sow-image so-widget-sow-image-default-d6014b76747a-154\"\n\t\t\t\n\t\t>\n\n<div class=\"sow-image-container\">\n\t\t\t<a href=\"https:\/\/www2.uepg.br\/eslin\/equipe\/\"\n\t\t\t\t\t>\n\t\t\t<img src=\"https:\/\/www2.uepg.br\/eslin\/wp-content\/uploads\/sites\/269\/2023\/05\/Equipe.png\" width=\"250\" height=\"104\" srcset=\"https:\/\/www2.uepg.br\/eslin\/wp-content\/uploads\/sites\/269\/2023\/05\/Equipe.png 472w, https:\/\/www2.uepg.br\/eslin\/wp-content\/uploads\/sites\/269\/2023\/05\/Equipe-300x125.png 300w\" sizes=\"(max-width: 250px) 100vw, 250px\" alt=\"\" loading=\"lazy\" \t\tclass=\"so-widget-image\"\/>\n\t<\/a><\/div>\n\n<\/div><\/div><\/div><div id=\"pgc-154-2-3\"  class=\"panel-grid-cell panel-grid-cell-mobile-last\" ><div id=\"panel-154-2-3-0\" class=\"so-panel widget widget_sow-image panel-first-child panel-last-child\" data-index=\"8\" ><div\n\t\t\t\n\t\t\tclass=\"so-widget-sow-image so-widget-sow-image-default-d6014b76747a-154\"\n\t\t\t\n\t\t>\n\n<div class=\"sow-image-container\">\n\t\t<img src=\"https:\/\/www2.uepg.br\/eslin\/wp-content\/uploads\/sites\/269\/2023\/05\/Estrutura.png\" width=\"250\" height=\"94\" srcset=\"https:\/\/www2.uepg.br\/eslin\/wp-content\/uploads\/sites\/269\/2023\/05\/Estrutura.png 472w, https:\/\/www2.uepg.br\/eslin\/wp-content\/uploads\/sites\/269\/2023\/05\/Estrutura-300x113.png 300w\" sizes=\"(max-width: 250px) 100vw, 250px\" alt=\"\" loading=\"lazy\" \t\tclass=\"so-widget-image\"\/>\n\t<\/div>\n\n<\/div><\/div><\/div><div id=\"pgc-154-2-4\"  class=\"panel-grid-cell panel-grid-cell-empty\" ><\/div><\/div><\/div><div id=\"pg-154-3\"  class=\"panel-grid panel-has-style\" ><div class=\"siteorigin-panels-stretch panel-row-style panel-row-style-for-154-3\" data-stretch-type=\"full-stretched\" ><div id=\"pgc-154-3-0\"  class=\"panel-grid-cell panel-grid-cell-empty\" ><\/div><div id=\"pgc-154-3-1\"  class=\"panel-grid-cell\" ><div id=\"panel-154-3-1-0\" class=\"so-panel widget widget_sow-editor panel-first-child panel-last-child\" data-index=\"9\" ><div\n\t\t\t\n\t\t\tclass=\"so-widget-sow-editor so-widget-sow-editor-base\"\n\t\t\t\n\t\t>\n<div class=\"siteorigin-widget-tinymce textwidget\">\n\t<div style=\"text-align: justify;\">\n<p>Temos como proposta atender as demandas de forma\u00e7\u00e3o inicial ou continuada de professores de l\u00ednguas e literaturas (estrangeiras\/adicionais, portugu\u00eas como l\u00edngua de acolhimento, Libras, escritas de sinais e literaturas surdas l\u00ednguas e literaturas ind\u00edgenas, dentre outras) para a comunidade acad\u00eamica e comunidade externa, por meio da integra\u00e7\u00e3o entre a extens\u00e3o e os eixos da pesquisa e ensino. Al\u00e9m disso, buscamos oferecer com valor acess\u00edvel, cursos de l\u00edngua estrangeira para a comunidade interna e externa da UEPG. <\/p>\n<\/div>\n<\/div>\n<\/div><\/div><\/div><div id=\"pgc-154-3-2\"  class=\"panel-grid-cell\" ><div id=\"panel-154-3-2-0\" class=\"so-panel widget widget_sow-editor panel-first-child panel-last-child\" data-index=\"10\" ><div\n\t\t\t\n\t\t\tclass=\"so-widget-sow-editor so-widget-sow-editor-base\"\n\t\t\t\n\t\t>\n<div class=\"siteorigin-widget-tinymce textwidget\">\n\t<div style=\"text-align: justify\">\n<p>Nossa equipe \u00e9 composta pelos seguintes integrantes:<\/p>\n<ul>\n<li><a href=\"https:\/\/www2.uepg.br\/eslin\/equipe\/#valeska\">Valeska Gracioso Carlos - Diretora<\/a><\/li>\n<li><a href=\"https:\/\/www2.uepg.br\/eslin\/equipe\/#patricia\">Patr\u00edcia Barreto Mainardi Maeso - Coordenadora Pedag\u00f3gica<\/a><\/li>\n<li>Marina Xavier - Coordenadora (Espanhol)<\/li>\n<li>Juliana Ristow - Coordenadora (Franc\u00eas)<\/li>\n<li>Rictor Dantas - Coordenador (Ingl\u00eas)<\/li>\n<li><a href=\"https:\/\/www2.uepg.br\/eslin\/equipe\/#rubia\">Rubia Carla da Silva \u2013 Coordenadora (Libras)<\/a><\/li>\n<li>Charlott Eloize Leviski - Coordenadora (Portugu\u00eas)<\/li>\n<\/ul>\n<\/div>\n<\/div>\n<\/div><\/div><\/div><div id=\"pgc-154-3-3\"  class=\"panel-grid-cell panel-grid-cell-mobile-last\" ><div id=\"panel-154-3-3-0\" class=\"so-panel widget widget_sow-editor panel-first-child panel-last-child\" data-index=\"11\" ><div\n\t\t\t\n\t\t\tclass=\"so-widget-sow-editor so-widget-sow-editor-base\"\n\t\t\t\n\t\t>\n<div class=\"siteorigin-widget-tinymce textwidget\">\n\t<div style=\"text-align: justify\">\n<p>A estrutura da Eslin foi pensada para oferecer \u00f3timas condi\u00e7\u00f5es de ensino e aprendizagem, com recursos interativos e instala\u00e7\u00f5es novas, amplas e que s\u00e3o tamb\u00e9m um espa\u00e7o de conviv\u00eancia e troca intercultural. Seja em ingl\u00eas, em portugu\u00eas, em espanhol, em franc\u00eas ou em LIBRAS, a Eslin tem o espa\u00e7o perfeito para o seu aprendizado.<\/p>\n<\/div>\n<\/div>\n<\/div><\/div><\/div><div id=\"pgc-154-3-4\"  class=\"panel-grid-cell panel-grid-cell-empty\" ><\/div><\/div><\/div><\/div>","protected":false},"excerpt":{"rendered":"<p>Quem somos A Eslin \u00e9 uma escola de l\u00ednguas diferente de tudo o que voc\u00ea j\u00e1 viu. Um ambiente criado especialmente para o ensino com qualidade e recursos, professores formados em Letras e aulas que englobam l\u00edngua e cultura de uma forma din\u00e2mica e interativa. Nossa equipe \u00e9 selecionada, com profissionais qualificados, graduados, mestres e&nbsp;&hellip;<\/p>\n","protected":false},"author":582,"featured_media":248,"parent":0,"menu_order":0,"comment_status":"closed","ping_status":"closed","template":"","meta":[],"_links":{"self":[{"href":"https:\/\/www2.uepg.br\/eslin\/wp-json\/wp\/v2\/pages\/154"}],"collection":[{"href":"https:\/\/www2.uepg.br\/eslin\/wp-json\/wp\/v2\/pages"}],"about":[{"href":"https:\/\/www2.uepg.br\/eslin\/wp-json\/wp\/v2\/types\/page"}],"author":[{"embeddable":true,"href":"https:\/\/www2.uepg.br\/eslin\/wp-json\/wp\/v2\/users\/582"}],"replies":[{"embeddable":true,"href":"https:\/\/www2.uepg.br\/eslin\/wp-json\/wp\/v2\/comments?post=154"}],"version-history":[{"count":23,"href":"https:\/\/www2.uepg.br\/eslin\/wp-json\/wp\/v2\/pages\/154\/revisions"}],"predecessor-version":[{"id":404,"href":"https:\/\/www2.uepg.br\/eslin\/wp-json\/wp\/v2\/pages\/154\/revisions\/404"}],"wp:featuredmedia":[{"embeddable":true,"href":"https:\/\/www2.uepg.br\/eslin\/wp-json\/wp\/v2\/media\/248"}],"wp:attachment":[{"href":"https:\/\/www2.uepg.br\/eslin\/wp-json\/wp\/v2\/media?parent=154"}],"curies":[{"name":"wp","href":"https:\/\/api.w.org\/{rel}","templated":true}]}}