{"id":156,"date":"2023-05-10T20:59:49","date_gmt":"2023-05-10T23:59:49","guid":{"rendered":"https:\/\/www2.uepg.br\/eslin\/?page_id=156"},"modified":"2023-05-11T16:51:57","modified_gmt":"2023-05-11T19:51:57","slug":"pfi","status":"publish","type":"page","link":"https:\/\/www2.uepg.br\/eslin\/pfi\/","title":{"rendered":"PFI"},"content":{"rendered":"<div style=\"text-align: justify;\">\n<h2>PROGRAMA PARAN\u00c1 FALA IDIOMAS (PFI)<\/h2>\n<p>&nbsp;<\/p>\n<p>O Programa Paran\u00e1 Fala Idiomas (PFI) visa apoiar o processo de internacionaliza\u00e7\u00e3o das Universidades Estaduais do Paran\u00e1, com foco no desenvolvimento cient\u00edfico e tecnol\u00f3gico, sendo parte integrante das a\u00e7\u00f5es estrat\u00e9gicas da Superintend\u00eancia Geral de Ci\u00eancia, Tecnologia e Ensino Superior (Seti).<\/p>\n<p>Considerado refer\u00eancia em pol\u00edtica lingu\u00edstica, em n\u00edvel nacional e internacional, o PFI contempla qualifica\u00e7\u00e3o nos idiomas Espanhol, Franc\u00eas e Ingl\u00eas para toda a comunidade acad\u00eamica, favorecendo estudantes de gradua\u00e7\u00e3o e p\u00f3s-gradua\u00e7\u00e3o, al\u00e9m de professores e agentes universit\u00e1rios.<\/p>\n<p>O intuito \u00e9 que esses p\u00fablicos possam participar de programas de mobilidade internacional, al\u00e9m de auxiliar a forma\u00e7\u00e3o de professores de diversas \u00e1reas do conhecimento, para oferta de disciplinas em l\u00edngua espanhola, francesa e inglesa. O programa tamb\u00e9m articula parcerias com outros pa\u00edses, promovendo a\u00e7\u00f5es conjuntas de capacita\u00e7\u00e3o e qualifica\u00e7\u00e3o.<\/p>\n<p>A gest\u00e3o do PFI \u00e9 realizada por um Comit\u00ea Gestor, composto por uma Coordena\u00e7\u00e3o Estadual e por representantes das Coordena\u00e7\u00f5es Institucionais, nas universidades, e da Unidade Gestora do Fundo Paran\u00e1 (UGF), na Seti. Esses integrantes s\u00e3o designados pela Coordena\u00e7\u00e3o da UGF.<\/p>\n<p>Adaptado de: <a href=\"https:\/\/www.seti.pr.gov.br\/paranafalaidiomas\" rel=\"noopener\" target=\"_blank\">https:\/\/www.seti.pr.gov.br\/paranafalaidiomas<\/a><\/p>\n<p>Mais informa\u00e7\u00f5es no site do Paran\u00e1 Fala Idiomas da UEPG: <a href=\"https:\/\/www2.uepg.br\/parana-fala-idiomas\/\" rel=\"noopener\" target=\"_blank\">https:\/\/www2.uepg.br\/parana-fala-idiomas\/<\/a><\/p>\n<\/div>\n","protected":false},"excerpt":{"rendered":"<p>PROGRAMA PARAN\u00c1 FALA IDIOMAS (PFI) &nbsp; O Programa Paran\u00e1 Fala Idiomas (PFI) visa apoiar o processo de internacionaliza\u00e7\u00e3o das Universidades Estaduais do Paran\u00e1, com foco no desenvolvimento cient\u00edfico e tecnol\u00f3gico, sendo parte integrante das a\u00e7\u00f5es estrat\u00e9gicas da Superintend\u00eancia Geral de Ci\u00eancia, Tecnologia e Ensino Superior (Seti). Considerado refer\u00eancia em pol\u00edtica lingu\u00edstica, em n\u00edvel nacional e&nbsp;&hellip;<\/p>\n","protected":false},"author":582,"featured_media":283,"parent":0,"menu_order":0,"comment_status":"closed","ping_status":"closed","template":"","meta":[],"_links":{"self":[{"href":"https:\/\/www2.uepg.br\/eslin\/wp-json\/wp\/v2\/pages\/156"}],"collection":[{"href":"https:\/\/www2.uepg.br\/eslin\/wp-json\/wp\/v2\/pages"}],"about":[{"href":"https:\/\/www2.uepg.br\/eslin\/wp-json\/wp\/v2\/types\/page"}],"author":[{"embeddable":true,"href":"https:\/\/www2.uepg.br\/eslin\/wp-json\/wp\/v2\/users\/582"}],"replies":[{"embeddable":true,"href":"https:\/\/www2.uepg.br\/eslin\/wp-json\/wp\/v2\/comments?post=156"}],"version-history":[{"count":3,"href":"https:\/\/www2.uepg.br\/eslin\/wp-json\/wp\/v2\/pages\/156\/revisions"}],"predecessor-version":[{"id":285,"href":"https:\/\/www2.uepg.br\/eslin\/wp-json\/wp\/v2\/pages\/156\/revisions\/285"}],"wp:featuredmedia":[{"embeddable":true,"href":"https:\/\/www2.uepg.br\/eslin\/wp-json\/wp\/v2\/media\/283"}],"wp:attachment":[{"href":"https:\/\/www2.uepg.br\/eslin\/wp-json\/wp\/v2\/media?parent=156"}],"curies":[{"name":"wp","href":"https:\/\/api.w.org\/{rel}","templated":true}]}}