{"id":157,"date":"2023-05-10T20:59:49","date_gmt":"2023-05-10T23:59:49","guid":{"rendered":"https:\/\/www2.uepg.br\/eslin\/?page_id=157"},"modified":"2023-05-24T14:07:50","modified_gmt":"2023-05-24T17:07:50","slug":"internacionalizacao","status":"publish","type":"page","link":"https:\/\/www2.uepg.br\/eslin\/internacionalizacao\/","title":{"rendered":"INTERNACIONALIZA\u00c7\u00c3O"},"content":{"rendered":"<div style=\"text-align: justify;\">\n<h2>INTERNACIONALIZA\u00c7\u00c3O<\/h2>\n<p>&nbsp;<\/p>\n<p>Entendemos a internacionaliza\u00e7\u00e3o como o processo que integra diferentes atividades, tais como todas as formas de mobilidade acad\u00eamica (interc\u00e2mbios), colabora\u00e7\u00e3o em pesquisa, projetos internacionais de desenvolvimento em educa\u00e7\u00e3o superior, aspectos curriculares de cursos gerais ou de disciplinas espec\u00edficas (KNIGHT, 2004).<\/p>\n<p>Nesse contexto, a Eslin insere-se como uma pol\u00edtica institucional cujo objetivo um de seus objetivos \u00e9 servir como ferramenta para capacitar o corpo t\u00e9cnico da UEPG, bem como sua comunidade acad\u00eamica para atuar em ensino, pesquisa e extens\u00e3o em esferas internacionais, difundindo e valorizando a diversidade lingu\u00edstica e cultural nacional e internacional.<\/p>\n<p>Por meio da capacita\u00e7\u00e3o lingu\u00edstico-cultural oferecida pela ESLiN, buscaremos democratizar o acesso ao ensino de l\u00ednguas, ampliar oportunidades de interc\u00e2mbio de alunos de gradua\u00e7\u00e3o e de p\u00f3s-gradua\u00e7\u00e3o; incentivar docentes a estabelecer cursos regulares (tanto de gradua\u00e7\u00e3o quanto de p\u00f3s-gradua\u00e7\u00e3o), ministrados integralmente nas l\u00ednguas estrangeiras; cooperar efetivamente com professores e alunos internacionais e com toda a sociedade, no sentido de facilitar sua integra\u00e7\u00e3o na comunidade acad\u00eamica e brasileira por meio de oferecimento de Portugu\u00eas como l\u00edngua de acolhimento; elaborar e aplicar provas de profici\u00eancia. A Eslin constitui-se ainda como incentivador do programa estadual de extens\u00e3o Paran\u00e1 Fala Idiomas (PFI).<\/p>\n<\/div>\n","protected":false},"excerpt":{"rendered":"<p>INTERNACIONALIZA\u00c7\u00c3O &nbsp; Entendemos a internacionaliza\u00e7\u00e3o como o processo que integra diferentes atividades, tais como todas as formas de mobilidade acad\u00eamica (interc\u00e2mbios), colabora\u00e7\u00e3o em pesquisa, projetos internacionais de desenvolvimento em educa\u00e7\u00e3o superior, aspectos curriculares de cursos gerais ou de disciplinas espec\u00edficas (KNIGHT, 2004). Nesse contexto, a Eslin insere-se como uma pol\u00edtica institucional cujo objetivo um de&nbsp;&hellip;<\/p>\n","protected":false},"author":582,"featured_media":317,"parent":0,"menu_order":0,"comment_status":"closed","ping_status":"closed","template":"","meta":[],"_links":{"self":[{"href":"https:\/\/www2.uepg.br\/eslin\/wp-json\/wp\/v2\/pages\/157"}],"collection":[{"href":"https:\/\/www2.uepg.br\/eslin\/wp-json\/wp\/v2\/pages"}],"about":[{"href":"https:\/\/www2.uepg.br\/eslin\/wp-json\/wp\/v2\/types\/page"}],"author":[{"embeddable":true,"href":"https:\/\/www2.uepg.br\/eslin\/wp-json\/wp\/v2\/users\/582"}],"replies":[{"embeddable":true,"href":"https:\/\/www2.uepg.br\/eslin\/wp-json\/wp\/v2\/comments?post=157"}],"version-history":[{"count":3,"href":"https:\/\/www2.uepg.br\/eslin\/wp-json\/wp\/v2\/pages\/157\/revisions"}],"predecessor-version":[{"id":287,"href":"https:\/\/www2.uepg.br\/eslin\/wp-json\/wp\/v2\/pages\/157\/revisions\/287"}],"wp:featuredmedia":[{"embeddable":true,"href":"https:\/\/www2.uepg.br\/eslin\/wp-json\/wp\/v2\/media\/317"}],"wp:attachment":[{"href":"https:\/\/www2.uepg.br\/eslin\/wp-json\/wp\/v2\/media?parent=157"}],"curies":[{"name":"wp","href":"https:\/\/api.w.org\/{rel}","templated":true}]}}