{"id":159,"date":"2023-05-10T20:59:49","date_gmt":"2023-05-10T23:59:49","guid":{"rendered":"https:\/\/www2.uepg.br\/eslin\/?page_id=159"},"modified":"2025-07-29T12:44:35","modified_gmt":"2025-07-29T15:44:35","slug":"bolsas","status":"publish","type":"page","link":"https:\/\/www2.uepg.br\/eslin\/bolsas\/","title":{"rendered":"ISEN\u00c7\u00d5ES"},"content":{"rendered":"<div style=\"text-align: justify\">\n<h2>ISEN\u00c7\u00d5ES<\/h2>\n<p>&nbsp;<\/p>\n<p>A Escola de L\u00ednguas, Literaturas e Culturas da Universidade Estadual de Ponta Grossa- ESLiN, ainda que fa\u00e7a parte da UEPG, \u00e9 um projeto autossustent\u00e1vel. Por isso, garantimos a qualidade dos nossos cursos possibilitando o acesso a uma l\u00edngua estrangeira por um pre\u00e7o acess\u00edvel. Ainda, a ESLiN pratica uma pol\u00edtica de isen\u00e7\u00f5es para pessoas da comunidade externa em situa\u00e7\u00e3o de vulnerabilidade s\u00f3cio-econ\u00f4mica de 100% e de 50%. Aguarde novas informa\u00e7\u00f5es sobre os prazos e procedimentos.<\/p>\n<p>Orientamos que acad\u00eamicos, professores e servidores da UEPG busquem o Programa Paran\u00e1 Fala Idiomas, que oferece cursos de l\u00ednguas gratuitos para toda a comunidade acad\u00eamica. Para informa\u00e7\u00f5es, clique <a href=\"https:\/\/www2.uepg.br\/parana-fala-idiomas\/\">aqui<\/a>.<\/p>\n<p>&nbsp;<\/p>\n<p>&nbsp;<\/p>\n<p>&nbsp;<\/p>\n<\/div>\n","protected":false},"excerpt":{"rendered":"<p>ISEN\u00c7\u00d5ES &nbsp; A Escola de L\u00ednguas, Literaturas e Culturas da Universidade Estadual de Ponta Grossa- ESLiN, ainda que fa\u00e7a parte da UEPG, \u00e9 um projeto autossustent\u00e1vel. Por isso, garantimos a qualidade dos nossos cursos possibilitando o acesso a uma l\u00edngua estrangeira por um pre\u00e7o acess\u00edvel. Ainda, a ESLiN pratica uma pol\u00edtica de isen\u00e7\u00f5es para pessoas&nbsp;&hellip;<\/p>\n","protected":false},"author":582,"featured_media":293,"parent":0,"menu_order":0,"comment_status":"closed","ping_status":"closed","template":"","meta":[],"_links":{"self":[{"href":"https:\/\/www2.uepg.br\/eslin\/wp-json\/wp\/v2\/pages\/159"}],"collection":[{"href":"https:\/\/www2.uepg.br\/eslin\/wp-json\/wp\/v2\/pages"}],"about":[{"href":"https:\/\/www2.uepg.br\/eslin\/wp-json\/wp\/v2\/types\/page"}],"author":[{"embeddable":true,"href":"https:\/\/www2.uepg.br\/eslin\/wp-json\/wp\/v2\/users\/582"}],"replies":[{"embeddable":true,"href":"https:\/\/www2.uepg.br\/eslin\/wp-json\/wp\/v2\/comments?post=159"}],"version-history":[{"count":30,"href":"https:\/\/www2.uepg.br\/eslin\/wp-json\/wp\/v2\/pages\/159\/revisions"}],"predecessor-version":[{"id":501,"href":"https:\/\/www2.uepg.br\/eslin\/wp-json\/wp\/v2\/pages\/159\/revisions\/501"}],"wp:featuredmedia":[{"embeddable":true,"href":"https:\/\/www2.uepg.br\/eslin\/wp-json\/wp\/v2\/media\/293"}],"wp:attachment":[{"href":"https:\/\/www2.uepg.br\/eslin\/wp-json\/wp\/v2\/media?parent=159"}],"curies":[{"name":"wp","href":"https:\/\/api.w.org\/{rel}","templated":true}]}}