{"id":160,"date":"2023-05-10T20:59:49","date_gmt":"2023-05-10T23:59:49","guid":{"rendered":"https:\/\/www2.uepg.br\/eslin\/?page_id=160"},"modified":"2026-03-26T14:15:19","modified_gmt":"2026-03-26T17:15:19","slug":"proficiencia","status":"publish","type":"page","link":"https:\/\/www2.uepg.br\/eslin\/proficiencia\/","title":{"rendered":"PROFICI\u00caNCIA"},"content":{"rendered":"<div style=\"text-align: justify\">\n<h2>PROFICI\u00caNCIA 2026 &#8211; PRIMEIRA APLICA\u00c7\u00c3O<\/h2>\n<h2><img loading=\"lazy\" class=\"alignnone  wp-image-530\" src=\"https:\/\/www2.uepg.br\/eslin\/wp-content\/uploads\/sites\/269\/2026\/03\/WhatsApp-Image-2026-03-26-at-11.55.45-240x300.jpeg\" alt=\"\" width=\"472\" height=\"590\" srcset=\"https:\/\/www2.uepg.br\/eslin\/wp-content\/uploads\/sites\/269\/2026\/03\/WhatsApp-Image-2026-03-26-at-11.55.45-240x300.jpeg 240w, https:\/\/www2.uepg.br\/eslin\/wp-content\/uploads\/sites\/269\/2026\/03\/WhatsApp-Image-2026-03-26-at-11.55.45-819x1024.jpeg 819w, https:\/\/www2.uepg.br\/eslin\/wp-content\/uploads\/sites\/269\/2026\/03\/WhatsApp-Image-2026-03-26-at-11.55.45-768x960.jpeg 768w, https:\/\/www2.uepg.br\/eslin\/wp-content\/uploads\/sites\/269\/2026\/03\/WhatsApp-Image-2026-03-26-at-11.55.45-864x1080.jpeg 864w, https:\/\/www2.uepg.br\/eslin\/wp-content\/uploads\/sites\/269\/2026\/03\/WhatsApp-Image-2026-03-26-at-11.55.45.jpeg 1080w\" sizes=\"(max-width: 472px) 100vw, 472px\" \/><\/h2>\n<h2>PROFICI\u00caNCIA 2025 &#8211; Primeira aplica\u00e7\u00e3o<\/h2>\n<h2><\/h2>\n<p>A primeira aplica\u00e7\u00e3o de 2025 da Prova de Profici\u00eancia em Leitura em L\u00ednguas Estrangeiras est\u00e1 com inscri\u00e7\u00f5es abertas. Para participar, acesse o link, leia os editais <strong>atentamente<\/strong> e siga as instru\u00e7\u00f5es.<\/p>\n<p><a href=\"https:\/\/drive.google.com\/file\/d\/1N_2ix-Z5QTGchJXizQ0IT1j5ssaauBAe\/view?usp=drive_link\"><strong>Edital de Abertura &#8211; prova de profici\u00eancia<\/strong><\/a><\/p>\n<p><a href=\"https:\/\/drive.google.com\/file\/d\/1LzIt_B9gkzqjlvx-hu68ACbuwDlGDcNV\/view?usp=drive_link\"><strong>Retifica\u00e7\u00e3o do Edital de Abertura &#8211; prova de profici\u00eancia<\/strong><\/a><\/p>\n<p><strong>Mais informa\u00e7\u00f5es: provadeproficiencia@uepg.br<\/strong><\/p>\n<h2><\/h2>\n<h2>PROFICI\u00caNCIA<\/h2>\n<p>&nbsp;<\/p>\n<p>A Escola de L\u00ednguas, Literaturas e Culturas da Universidade Estadual de Ponta Grossa-Eslin em parceria com Pr\u00f3-Reitoria de Pesquisa e P\u00f3s-Gradua\u00e7\u00e3o (Propesp), com Escrit\u00f3rio de Rela\u00e7\u00f5es Internacionais (ERI) e com Funda\u00e7\u00e3o de Apoio ao Desenvolvimento Institucional, Cient\u00edfico e Tecnol\u00f3gico da Universidade Estadual de Ponta Grossa (FAUEPG), oferece a prova de profici\u00eancia em leitura de l\u00ednguas estrangeiras), com apoio do Programa de P\u00f3s-Gradua\u00e7\u00e3o em Estudos da Linguagem.<\/p>\n<p>A prova de profici\u00eancia em leitura de l\u00edngua estrangeira, al\u00e9m de servir como um indicador do n\u00edvel de conhecimento no idioma escolhido, \u00e9 voltado aos alunos dos programas de p\u00f3s-gradua\u00e7\u00e3o, j\u00e1 que a profici\u00eancia \u00e9 exigida para ingressar no mestrado e\/ou no doutorado da UEPG e de outras institui\u00e7\u00f5es.<\/p>\n<p>Oferecemos duas edi\u00e7\u00f5es ao ano, portanto, fiquem atentos aos nossas redes sociais e aos editais da FAUEPG.<\/p>\n<\/div>\n","protected":false},"excerpt":{"rendered":"<p>PROFICI\u00caNCIA 2026 &#8211; PRIMEIRA APLICA\u00c7\u00c3O PROFICI\u00caNCIA 2025 &#8211; Primeira aplica\u00e7\u00e3o A primeira aplica\u00e7\u00e3o de 2025 da Prova de Profici\u00eancia em Leitura em L\u00ednguas Estrangeiras est\u00e1 com inscri\u00e7\u00f5es abertas. Para participar, acesse o link, leia os editais atentamente e siga as instru\u00e7\u00f5es. Edital de Abertura &#8211; prova de profici\u00eancia Retifica\u00e7\u00e3o do Edital de Abertura &#8211; prova&nbsp;&hellip;<\/p>\n","protected":false},"author":582,"featured_media":296,"parent":0,"menu_order":0,"comment_status":"closed","ping_status":"closed","template":"","meta":[],"_links":{"self":[{"href":"https:\/\/www2.uepg.br\/eslin\/wp-json\/wp\/v2\/pages\/160"}],"collection":[{"href":"https:\/\/www2.uepg.br\/eslin\/wp-json\/wp\/v2\/pages"}],"about":[{"href":"https:\/\/www2.uepg.br\/eslin\/wp-json\/wp\/v2\/types\/page"}],"author":[{"embeddable":true,"href":"https:\/\/www2.uepg.br\/eslin\/wp-json\/wp\/v2\/users\/582"}],"replies":[{"embeddable":true,"href":"https:\/\/www2.uepg.br\/eslin\/wp-json\/wp\/v2\/comments?post=160"}],"version-history":[{"count":10,"href":"https:\/\/www2.uepg.br\/eslin\/wp-json\/wp\/v2\/pages\/160\/revisions"}],"predecessor-version":[{"id":448,"href":"https:\/\/www2.uepg.br\/eslin\/wp-json\/wp\/v2\/pages\/160\/revisions\/448"}],"wp:featuredmedia":[{"embeddable":true,"href":"https:\/\/www2.uepg.br\/eslin\/wp-json\/wp\/v2\/media\/296"}],"wp:attachment":[{"href":"https:\/\/www2.uepg.br\/eslin\/wp-json\/wp\/v2\/media?parent=160"}],"curies":[{"name":"wp","href":"https:\/\/api.w.org\/{rel}","templated":true}]}}