{"id":161,"date":"2023-05-10T20:59:49","date_gmt":"2023-05-10T23:59:49","guid":{"rendered":"https:\/\/www2.uepg.br\/eslin\/?page_id=161"},"modified":"2025-12-12T11:45:17","modified_gmt":"2025-12-12T14:45:17","slug":"matriculas","status":"publish","type":"page","link":"https:\/\/www2.uepg.br\/eslin\/a-eslin\/matriculas\/","title":{"rendered":"MATR\u00cdCULAS e REMATR\u00cdCULAS"},"content":{"rendered":"<div id=\"pl-161\" class=\"panel-layout\">\n<div id=\"pg-161-0\" class=\"panel-grid panel-no-style\">\n<div id=\"pgc-161-0-0\" class=\"panel-grid-cell\" data-weight=\"1\">\n<div id=\"panel-161-0-0-0\" class=\"so-panel widget widget_sow-editor panel-first-child panel-last-child\" data-index=\"0\">\n<div class=\"so-widget-sow-editor so-widget-sow-editor-base\">\n<div class=\"siteorigin-widget-tinymce textwidget\">\n<div style=\"text-align: justify\"><\/div>\n<div style=\"text-align: justify\"><\/div>\n<\/div>\n<h1 style=\"text-align: center\">Matr\u00edculas Abertas para 2026!!!<\/h1>\n<p>Hora de continuar seus estudos ou de aprender uma nova l\u00edngua! Leia com aten\u00e7\u00e3o e acesse o link para fazer a sua matr\u00edcula!<\/p>\n<p><strong>J\u00e1 \u00e9 aluno da ESLIN?\u00a0 &#8211;&gt; <a href=\"https:\/\/docs.google.com\/forms\/d\/e\/1FAIpQLSdZkPPWdOQjuwydVCs8GlThwAuYGT2fI207AHI7p8nVM5IRnA\/viewform?usp=header\">Rematr\u00edculas<\/a>!<\/strong><\/p>\n<p>Quer aprender uma nova L\u00edngua? &#8211;&gt; <a href=\"https:\/\/docs.google.com\/forms\/d\/e\/1FAIpQLSf_D4LdREY2hOf1BCoeGLIIiIHbUOMnTtLkhjCScpy66JtJfg\/viewform?usp=publish-editor\"><strong>Matr\u00edculas para novos alunos!<\/strong>\u00a0<\/a><\/p>\n<p>J\u00e1 foi aluno da ESLIN (entre o segundo semestre de 2022 e o primeiro semestre de 2025)? &#8211;&gt;<strong> <a href=\"https:\/\/docs.google.com\/forms\/d\/e\/1FAIpQLSct3ke4fDdjgjfaQuvDJBNRAuyWd7rT88sf1G8tbE_JGIfxig\/viewform?usp=header\">Retome os seus estudos!<\/a>\u00a0<\/strong><\/p>\n<p>Quer indicar um amigo e ganhar desconto? &#8211;&gt; Campanha Indique<\/p>\n<p>&nbsp;<\/p>\n<div class=\"siteorigin-widget-tinymce textwidget\">\n<p>&nbsp;<\/p>\n<div style=\"text-align: justify\">\n<p>&nbsp;<\/p>\n<p>&nbsp;<\/p>\n<\/div>\n<\/div>\n<\/div>\n<\/div>\n<\/div>\n<\/div>\n<\/div>\n","protected":false},"excerpt":{"rendered":"<p>Matr\u00edculas Abertas para 2026!!! Hora de continuar seus estudos ou de aprender uma nova l\u00edngua! Leia com aten\u00e7\u00e3o e acesse o link para fazer a sua matr\u00edcula! J\u00e1 \u00e9 aluno da ESLIN?\u00a0 &#8211;&gt; Rematr\u00edculas! Quer aprender uma nova L\u00edngua? &#8211;&gt; Matr\u00edculas para novos alunos!\u00a0 J\u00e1 foi aluno da ESLIN (entre o segundo semestre de 2022&nbsp;&hellip;<\/p>\n","protected":false},"author":582,"featured_media":301,"parent":154,"menu_order":2,"comment_status":"closed","ping_status":"closed","template":"","meta":[],"_links":{"self":[{"href":"https:\/\/www2.uepg.br\/eslin\/wp-json\/wp\/v2\/pages\/161"}],"collection":[{"href":"https:\/\/www2.uepg.br\/eslin\/wp-json\/wp\/v2\/pages"}],"about":[{"href":"https:\/\/www2.uepg.br\/eslin\/wp-json\/wp\/v2\/types\/page"}],"author":[{"embeddable":true,"href":"https:\/\/www2.uepg.br\/eslin\/wp-json\/wp\/v2\/users\/582"}],"replies":[{"embeddable":true,"href":"https:\/\/www2.uepg.br\/eslin\/wp-json\/wp\/v2\/comments?post=161"}],"version-history":[{"count":68,"href":"https:\/\/www2.uepg.br\/eslin\/wp-json\/wp\/v2\/pages\/161\/revisions"}],"predecessor-version":[{"id":527,"href":"https:\/\/www2.uepg.br\/eslin\/wp-json\/wp\/v2\/pages\/161\/revisions\/527"}],"up":[{"embeddable":true,"href":"https:\/\/www2.uepg.br\/eslin\/wp-json\/wp\/v2\/pages\/154"}],"wp:featuredmedia":[{"embeddable":true,"href":"https:\/\/www2.uepg.br\/eslin\/wp-json\/wp\/v2\/media\/301"}],"wp:attachment":[{"href":"https:\/\/www2.uepg.br\/eslin\/wp-json\/wp\/v2\/media?parent=161"}],"curies":[{"name":"wp","href":"https:\/\/api.w.org\/{rel}","templated":true}]}}