{"id":192,"date":"2020-08-19T20:46:07","date_gmt":"2020-08-19T23:46:07","guid":{"rendered":"http:\/\/www2.uepg.br\/etlqueijos\/?page_id=192"},"modified":"2020-08-20T14:46:19","modified_gmt":"2020-08-20T17:46:19","slug":"home","status":"publish","type":"page","link":"https:\/\/www2.uepg.br\/etlqueijos\/","title":{"rendered":"Home"},"content":{"rendered":"<div id=\"pl-192\"  class=\"panel-layout\" ><div id=\"pg-192-0\"  class=\"panel-grid panel-no-style\" ><div id=\"pgc-192-0-0\"  class=\"panel-grid-cell\" ><div id=\"panel-192-0-0-0\" class=\"so-panel widget widget_sow-editor panel-first-child\" data-index=\"0\" ><div\n\t\t\t\n\t\t\tclass=\"so-widget-sow-editor so-widget-sow-editor-base\"\n\t\t\t\n\t\t>\n<div class=\"siteorigin-widget-tinymce textwidget\">\n\t<h4 style=\"text-align: center;\"><strong>\u00daltimas Not\u00edcias<\/strong><\/h4>\n\t\t<div class=\"wppsac-slick-carousel-wrp wppsac-clearfix \">\r\n\t\t\t<div id=\"wppsac-post-carousel-1\" class=\"wppsac-post-slider-init wppsac-post-carousel design-1\">\r\n\t\t\t\t\r\n<div class=\"wppsac-carousel-slides\">\r\n\t\t\t<div class=\"wppsac-post-image-bg\">\r\n\t\t\t<a href=\"https:\/\/www2.uepg.br\/etlqueijos\/inscricoes-abertas-para-o-curso-de-extensao-em-fabricacao-de-queijos-2026\/\">\r\n\t\t\t\t<img class=\"wppsac-post-image-bg\"  src=\"https:\/\/www2.uepg.br\/etlqueijos\/wp-content\/uploads\/sites\/137\/2026\/03\/ETL-Domitila-Gonzalez-baixa-3-scaled-1.jpg\" alt=\"Inscri\u00e7\u00f5es abertas para o Curso de Extens\u00e3o em Fabrica\u00e7\u00e3o de Queijos 2026\" \/>\r\n\t\t\t<\/a>\r\n\t\t<\/div>\r\n\t\t<div class=\"wppsac-post-content-position\">\r\n\t\t\t\t\t<div class=\"wppsac-post-categories\"><ul class=\"wppsac-post-categories-list\"><li><a href=\"https:\/\/www2.uepg.br\/etlqueijos\/category\/noticias\/\" rel=\"category\"> Not\u00edcias <\/a><\/li><\/ul><\/div>\r\n\t\t\t  \t<h2 class=\"wppsac-post-title\">\r\n\t\t\t<a href=\"https:\/\/www2.uepg.br\/etlqueijos\/inscricoes-abertas-para-o-curso-de-extensao-em-fabricacao-de-queijos-2026\/\">Inscri\u00e7\u00f5es abertas para o Curso de Extens\u00e3o em Fabrica\u00e7\u00e3o de Queijos 2026<\/a>\r\n\t\t<\/h2>\r\n\t\t\t\t\t<div class=\"wppsac-post-date\">\r\n\t\t\t\t16 de mar\u00e7o de 2026\t\t\t<\/div>\r\n\t\t\t\t\t<\/div>\r\n<\/div>\r\n<div class=\"wppsac-carousel-slides\">\r\n\t\t\t<div class=\"wppsac-post-image-bg\">\r\n\t\t\t<a href=\"https:\/\/www2.uepg.br\/etlqueijos\/pre-inscricoes-para-o-xiii-workshop-internacional-de-leite-e-queijos\/\">\r\n\t\t\t\t<img class=\"wppsac-post-image-bg\"  src=\"https:\/\/www2.uepg.br\/etlqueijos\/wp-content\/uploads\/sites\/137\/2025\/10\/banner.png\" alt=\"Pr\u00e9-inscri\u00e7\u00f5es para o XIII Workshop Internacional de Leite e Queijos\" \/>\r\n\t\t\t<\/a>\r\n\t\t<\/div>\r\n\t\t<div class=\"wppsac-post-content-position\">\r\n\t\t\t\t\t<div class=\"wppsac-post-categories\"><ul class=\"wppsac-post-categories-list\"><li><a href=\"https:\/\/www2.uepg.br\/etlqueijos\/category\/noticias\/\" rel=\"category\"> Not\u00edcias <\/a><\/li><\/ul><\/div>\r\n\t\t\t  \t<h2 class=\"wppsac-post-title\">\r\n\t\t\t<a href=\"https:\/\/www2.uepg.br\/etlqueijos\/pre-inscricoes-para-o-xiii-workshop-internacional-de-leite-e-queijos\/\">Pr\u00e9-inscri\u00e7\u00f5es para o XIII Workshop Internacional de Leite e Queijos<\/a>\r\n\t\t<\/h2>\r\n\t\t\t\t\t<div class=\"wppsac-post-date\">\r\n\t\t\t\t3 de outubro de 2025\t\t\t<\/div>\r\n\t\t\t\t\t<\/div>\r\n<\/div>\r\n<div class=\"wppsac-carousel-slides\">\r\n\t\t\t<div class=\"wppsac-post-image-bg\">\r\n\t\t\t<a href=\"https:\/\/www2.uepg.br\/etlqueijos\/etlqueijos-e-destaque-no-minuto-rural\/\">\r\n\t\t\t\t<img class=\"wppsac-post-image-bg\"  src=\"https:\/\/www2.uepg.br\/etlqueijos\/wp-content\/uploads\/sites\/137\/2025\/09\/Aula-Escola-de-Queijos-ETL-queijo-de-bufala-foto-Jessica-Natal-58-scaled-1.jpg\" alt=\"ETLQueijos \u00e9 destaque no &#8220;Minuto Rural&#8221;\" \/>\r\n\t\t\t<\/a>\r\n\t\t<\/div>\r\n\t\t<div class=\"wppsac-post-content-position\">\r\n\t\t\t\t\t<div class=\"wppsac-post-categories\"><ul class=\"wppsac-post-categories-list\"><li><a href=\"https:\/\/www2.uepg.br\/etlqueijos\/category\/noticias\/\" rel=\"category\"> Not\u00edcias <\/a><\/li><\/ul><\/div>\r\n\t\t\t  \t<h2 class=\"wppsac-post-title\">\r\n\t\t\t<a href=\"https:\/\/www2.uepg.br\/etlqueijos\/etlqueijos-e-destaque-no-minuto-rural\/\">ETLQueijos \u00e9 destaque no &#8220;Minuto Rural&#8221;<\/a>\r\n\t\t<\/h2>\r\n\t\t\t\t\t<div class=\"wppsac-post-date\">\r\n\t\t\t\t23 de setembro de 2025\t\t\t<\/div>\r\n\t\t\t\t\t<\/div>\r\n<\/div>\r\n<div class=\"wppsac-carousel-slides\">\r\n\t\t\t<div class=\"wppsac-post-image-bg\">\r\n\t\t\t<a href=\"https:\/\/www2.uepg.br\/etlqueijos\/implementacao-de-nova-experiencia-enriquece-a-formacao-dos-alunos-do-curso-de-extensao-em-fabricacao-de-queijos\/\">\r\n\t\t\t\t<img class=\"wppsac-post-image-bg\"  src=\"https:\/\/www2.uepg.br\/etlqueijos\/wp-content\/uploads\/sites\/137\/2025\/04\/IMG_0543.jpg\" alt=\"Implementa\u00e7\u00e3o de nova experi\u00eancia enriquece a forma\u00e7\u00e3o dos alunos do Curso de Extens\u00e3o em Fabrica\u00e7\u00e3o de Queijos\" \/>\r\n\t\t\t<\/a>\r\n\t\t<\/div>\r\n\t\t<div class=\"wppsac-post-content-position\">\r\n\t\t\t\t\t<div class=\"wppsac-post-categories\"><ul class=\"wppsac-post-categories-list\"><li><a href=\"https:\/\/www2.uepg.br\/etlqueijos\/category\/noticias\/\" rel=\"category\"> Not\u00edcias <\/a><\/li><\/ul><\/div>\r\n\t\t\t  \t<h2 class=\"wppsac-post-title\">\r\n\t\t\t<a href=\"https:\/\/www2.uepg.br\/etlqueijos\/implementacao-de-nova-experiencia-enriquece-a-formacao-dos-alunos-do-curso-de-extensao-em-fabricacao-de-queijos\/\">Implementa\u00e7\u00e3o de nova experi\u00eancia enriquece a forma\u00e7\u00e3o dos alunos do Curso de Extens\u00e3o em Fabrica\u00e7\u00e3o de Queijos<\/a>\r\n\t\t<\/h2>\r\n\t\t\t\t\t<div class=\"wppsac-post-date\">\r\n\t\t\t\t7 de abril de 2025\t\t\t<\/div>\r\n\t\t\t\t\t<\/div>\r\n<\/div>\r\n<div class=\"wppsac-carousel-slides\">\r\n\t\t\t<div class=\"wppsac-post-image-bg\">\r\n\t\t\t<a href=\"https:\/\/www2.uepg.br\/etlqueijos\/estao-abertas-as-inscricoes-para-o-curso-de-extensao-em-fabricacao-de-queijos-2025\/\">\r\n\t\t\t\t<img class=\"wppsac-post-image-bg\"  src=\"https:\/\/www2.uepg.br\/etlqueijos\/wp-content\/uploads\/sites\/137\/2025\/02\/Blue-and-Black-Modern-Bold-Business-Start-Up-Instagram-Post_20250218_184741_0002.png\" alt=\"Est\u00e3o abertas as inscri\u00e7\u00f5es para o Curso de Extens\u00e3o em Fabrica\u00e7\u00e3o de Queijos 2025\" \/>\r\n\t\t\t<\/a>\r\n\t\t<\/div>\r\n\t\t<div class=\"wppsac-post-content-position\">\r\n\t\t\t\t\t<div class=\"wppsac-post-categories\"><ul class=\"wppsac-post-categories-list\"><li><a href=\"https:\/\/www2.uepg.br\/etlqueijos\/category\/noticias\/\" rel=\"category\"> Not\u00edcias <\/a><\/li><\/ul><\/div>\r\n\t\t\t  \t<h2 class=\"wppsac-post-title\">\r\n\t\t\t<a href=\"https:\/\/www2.uepg.br\/etlqueijos\/estao-abertas-as-inscricoes-para-o-curso-de-extensao-em-fabricacao-de-queijos-2025\/\">Est\u00e3o abertas as inscri\u00e7\u00f5es para o Curso de Extens\u00e3o em Fabrica\u00e7\u00e3o de Queijos 2025<\/a>\r\n\t\t<\/h2>\r\n\t\t\t\t\t<div class=\"wppsac-post-date\">\r\n\t\t\t\t18 de fevereiro de 2025\t\t\t<\/div>\r\n\t\t\t\t\t<\/div>\r\n<\/div>\r\n<div class=\"wppsac-carousel-slides\">\r\n\t\t\t<div class=\"wppsac-post-image-bg\">\r\n\t\t\t<a href=\"https:\/\/www2.uepg.br\/etlqueijos\/cronograma-xiv-curso-em-extensao-em-fabricacao-de-queijos\/\">\r\n\t\t\t\t<img class=\"wppsac-post-image-bg\"  src=\"https:\/\/www2.uepg.br\/etlqueijos\/wp-content\/uploads\/sites\/137\/2025\/02\/1-1.jpg\" alt=\"Cronograma XIV Curso em Extens\u00e3o em Fabrica\u00e7\u00e3o de Queijos\" \/>\r\n\t\t\t<\/a>\r\n\t\t<\/div>\r\n\t\t<div class=\"wppsac-post-content-position\">\r\n\t\t\t\t\t<div class=\"wppsac-post-categories\"><ul class=\"wppsac-post-categories-list\"><li><a href=\"https:\/\/www2.uepg.br\/etlqueijos\/category\/noticias\/\" rel=\"category\"> Not\u00edcias <\/a><\/li><\/ul><\/div>\r\n\t\t\t  \t<h2 class=\"wppsac-post-title\">\r\n\t\t\t<a href=\"https:\/\/www2.uepg.br\/etlqueijos\/cronograma-xiv-curso-em-extensao-em-fabricacao-de-queijos\/\">Cronograma XIV Curso em Extens\u00e3o em Fabrica\u00e7\u00e3o de Queijos<\/a>\r\n\t\t<\/h2>\r\n\t\t\t\t\t<div class=\"wppsac-post-date\">\r\n\t\t\t\t12 de fevereiro de 2025\t\t\t<\/div>\r\n\t\t\t\t\t<\/div>\r\n<\/div>\r\n<div class=\"wppsac-carousel-slides\">\r\n\t\t<div class=\"wppsac-post-content-position\">\r\n\t\t\t\t\t<div class=\"wppsac-post-categories\"><ul class=\"wppsac-post-categories-list\"><li><a href=\"https:\/\/www2.uepg.br\/etlqueijos\/category\/noticias\/\" rel=\"category\"> Not\u00edcias <\/a><\/li><\/ul><\/div>\r\n\t\t\t  \t<h2 class=\"wppsac-post-title\">\r\n\t\t\t<a href=\"https:\/\/www2.uepg.br\/etlqueijos\/podcast-semanal-do-sistema-faep-senar-pr-conta-com-entrevista-ao-prof-alessandro-nogueira-e-matheus-baldykoski\/\">Podcast semanal do Sistema FAEP\/SENAR-PR conta com entrevista ao Prof. Alessandro Nogueira e Matheus Baldykoski.<\/a>\r\n\t\t<\/h2>\r\n\t\t\t\t\t<div class=\"wppsac-post-date\">\r\n\t\t\t\t12 de fevereiro de 2025\t\t\t<\/div>\r\n\t\t\t\t\t<\/div>\r\n<\/div>\r\n<div class=\"wppsac-carousel-slides\">\r\n\t\t\t<div class=\"wppsac-post-image-bg\">\r\n\t\t\t<a href=\"https:\/\/www2.uepg.br\/etlqueijos\/submissao-de-trabalhos-cientificos-para-apresentacoes-no-xii-workshop-internacional-de-leite-e-queijos\/\">\r\n\t\t\t\t<img class=\"wppsac-post-image-bg\"  src=\"https:\/\/www2.uepg.br\/etlqueijos\/wp-content\/uploads\/sites\/137\/2024\/10\/banner-workshop-2024a.jpg\" alt=\"Submiss\u00e3o de trabalhos cient\u00edficos para apresenta\u00e7\u00f5es no XII Workshop Internacional de Leite e Queijos\" \/>\r\n\t\t\t<\/a>\r\n\t\t<\/div>\r\n\t\t<div class=\"wppsac-post-content-position\">\r\n\t\t\t\t\t<div class=\"wppsac-post-categories\"><ul class=\"wppsac-post-categories-list\"><li><a href=\"https:\/\/www2.uepg.br\/etlqueijos\/category\/noticias\/\" rel=\"category\"> Not\u00edcias <\/a><\/li><\/ul><\/div>\r\n\t\t\t  \t<h2 class=\"wppsac-post-title\">\r\n\t\t\t<a href=\"https:\/\/www2.uepg.br\/etlqueijos\/submissao-de-trabalhos-cientificos-para-apresentacoes-no-xii-workshop-internacional-de-leite-e-queijos\/\">Submiss\u00e3o de trabalhos cient\u00edficos para apresenta\u00e7\u00f5es no XII Workshop Internacional de Leite e Queijos<\/a>\r\n\t\t<\/h2>\r\n\t\t\t\t\t<div class=\"wppsac-post-date\">\r\n\t\t\t\t5 de novembro de 2024\t\t\t<\/div>\r\n\t\t\t\t\t<\/div>\r\n<\/div>\r\n<div class=\"wppsac-carousel-slides\">\r\n\t\t\t<div class=\"wppsac-post-image-bg\">\r\n\t\t\t<a href=\"https:\/\/www2.uepg.br\/etlqueijos\/pre-inscricoes-ao-xii-workshop-internacional-de-leite-e-queijos\/\">\r\n\t\t\t\t<img class=\"wppsac-post-image-bg\"  src=\"https:\/\/www2.uepg.br\/etlqueijos\/wp-content\/uploads\/sites\/137\/2024\/10\/banner-workshop-2024a.jpg\" alt=\"Pr\u00e9-inscri\u00e7\u00f5es ao XII Workshop Internacional de Leite e Queijos.\" \/>\r\n\t\t\t<\/a>\r\n\t\t<\/div>\r\n\t\t<div class=\"wppsac-post-content-position\">\r\n\t\t\t\t\t<div class=\"wppsac-post-categories\"><ul class=\"wppsac-post-categories-list\"><li><a href=\"https:\/\/www2.uepg.br\/etlqueijos\/category\/noticias\/\" rel=\"category\"> Not\u00edcias <\/a><\/li><\/ul><\/div>\r\n\t\t\t  \t<h2 class=\"wppsac-post-title\">\r\n\t\t\t<a href=\"https:\/\/www2.uepg.br\/etlqueijos\/pre-inscricoes-ao-xii-workshop-internacional-de-leite-e-queijos\/\">Pr\u00e9-inscri\u00e7\u00f5es ao XII Workshop Internacional de Leite e Queijos.<\/a>\r\n\t\t<\/h2>\r\n\t\t\t\t\t<div class=\"wppsac-post-date\">\r\n\t\t\t\t17 de outubro de 2024\t\t\t<\/div>\r\n\t\t\t\t\t<\/div>\r\n<\/div>\r\n<div class=\"wppsac-carousel-slides\">\r\n\t\t\t<div class=\"wppsac-post-image-bg\">\r\n\t\t\t<a href=\"https:\/\/www2.uepg.br\/etlqueijos\/estao-abertas-as-inscricoes-para-o-curso-de-extensao-em-fabricacao-de-queijos-2024\/\">\r\n\t\t\t\t<img class=\"wppsac-post-image-bg\"  src=\"https:\/\/www2.uepg.br\/etlqueijos\/wp-content\/uploads\/sites\/137\/2024\/05\/CURSO-2.png\" alt=\"Est\u00e3o abertas as inscri\u00e7\u00f5es para o Curso de Extens\u00e3o em Fabrica\u00e7\u00e3o de Queijos 2024\" \/>\r\n\t\t\t<\/a>\r\n\t\t<\/div>\r\n\t\t<div class=\"wppsac-post-content-position\">\r\n\t\t\t\t\t<div class=\"wppsac-post-categories\"><ul class=\"wppsac-post-categories-list\"><li><a href=\"https:\/\/www2.uepg.br\/etlqueijos\/category\/noticias\/\" rel=\"category\"> Not\u00edcias <\/a><\/li><\/ul><\/div>\r\n\t\t\t  \t<h2 class=\"wppsac-post-title\">\r\n\t\t\t<a href=\"https:\/\/www2.uepg.br\/etlqueijos\/estao-abertas-as-inscricoes-para-o-curso-de-extensao-em-fabricacao-de-queijos-2024\/\">Est\u00e3o abertas as inscri\u00e7\u00f5es para o Curso de Extens\u00e3o em Fabrica\u00e7\u00e3o de Queijos 2024<\/a>\r\n\t\t<\/h2>\r\n\t\t\t\t\t<div class=\"wppsac-post-date\">\r\n\t\t\t\t14 de maio de 2024\t\t\t<\/div>\r\n\t\t\t\t\t<\/div>\r\n<\/div>\r\n<div class=\"wppsac-carousel-slides\">\r\n\t\t\t<div class=\"wppsac-post-image-bg\">\r\n\t\t\t<a href=\"https:\/\/www2.uepg.br\/etlqueijos\/candidatos-selecionados-para-participar-do-xii-curso-de-fabricacao-de-queijos\/\">\r\n\t\t\t\t<img class=\"wppsac-post-image-bg\"  src=\"https:\/\/www2.uepg.br\/etlqueijos\/wp-content\/uploads\/sites\/137\/2020\/08\/cropped-fundo-1-1.jpg\" alt=\"CANDIDATOS SELECIONADOS PARA PARTICIPAR DO XII CURSO DE  FABRICA\u00c7\u00c3O DE QUEIJOS\" \/>\r\n\t\t\t<\/a>\r\n\t\t<\/div>\r\n\t\t<div class=\"wppsac-post-content-position\">\r\n\t\t\t\t\t<div class=\"wppsac-post-categories\"><ul class=\"wppsac-post-categories-list\"><li><a href=\"https:\/\/www2.uepg.br\/etlqueijos\/category\/noticias\/\" rel=\"category\"> Not\u00edcias <\/a><\/li><\/ul><\/div>\r\n\t\t\t  \t<h2 class=\"wppsac-post-title\">\r\n\t\t\t<a href=\"https:\/\/www2.uepg.br\/etlqueijos\/candidatos-selecionados-para-participar-do-xii-curso-de-fabricacao-de-queijos\/\">CANDIDATOS SELECIONADOS PARA PARTICIPAR DO XII CURSO DE  FABRICA\u00c7\u00c3O DE QUEIJOS<\/a>\r\n\t\t<\/h2>\r\n\t\t\t\t\t<div class=\"wppsac-post-date\">\r\n\t\t\t\t4 de julho de 2023\t\t\t<\/div>\r\n\t\t\t\t\t<\/div>\r\n<\/div>\r\n<div class=\"wppsac-carousel-slides\">\r\n\t\t\t<div class=\"wppsac-post-image-bg\">\r\n\t\t\t<a href=\"https:\/\/www2.uepg.br\/etlqueijos\/abertura-das-inscricoes-para-o-curso-de-extensao-em-fabricacao-de-queijos-2023\/\">\r\n\t\t\t\t<img class=\"wppsac-post-image-bg\"  src=\"https:\/\/www2.uepg.br\/etlqueijos\/wp-content\/uploads\/sites\/137\/2023\/03\/Imagem1.png\" alt=\"Abertura das inscri\u00e7\u00f5es para o Curso de Extens\u00e3o em Fabrica\u00e7\u00e3o de Queijos 2023\" \/>\r\n\t\t\t<\/a>\r\n\t\t<\/div>\r\n\t\t<div class=\"wppsac-post-content-position\">\r\n\t\t\t\t\t<div class=\"wppsac-post-categories\"><ul class=\"wppsac-post-categories-list\"><li><a href=\"https:\/\/www2.uepg.br\/etlqueijos\/category\/noticias\/\" rel=\"category\"> Not\u00edcias <\/a><\/li><\/ul><\/div>\r\n\t\t\t  \t<h2 class=\"wppsac-post-title\">\r\n\t\t\t<a href=\"https:\/\/www2.uepg.br\/etlqueijos\/abertura-das-inscricoes-para-o-curso-de-extensao-em-fabricacao-de-queijos-2023\/\">Abertura das inscri\u00e7\u00f5es para o Curso de Extens\u00e3o em Fabrica\u00e7\u00e3o de Queijos 2023<\/a>\r\n\t\t<\/h2>\r\n\t\t\t\t\t<div class=\"wppsac-post-date\">\r\n\t\t\t\t30 de mar\u00e7o de 2023\t\t\t<\/div>\r\n\t\t\t\t\t<\/div>\r\n<\/div>\r\n<div class=\"wppsac-carousel-slides\">\r\n\t\t\t<div class=\"wppsac-post-image-bg\">\r\n\t\t\t<a href=\"https:\/\/www2.uepg.br\/etlqueijos\/686-2\/\">\r\n\t\t\t\t<img class=\"wppsac-post-image-bg\"  src=\"https:\/\/www2.uepg.br\/etlqueijos\/wp-content\/uploads\/sites\/137\/2022\/03\/WhatsApp-Image-2022-03-25-at-22.38.41.jpeg\" alt=\"Prof. Dr. Alessandro Nogueira ministra palestra &#8220;A fabrica\u00e7\u00e3o de queijos finos compensa?&#8221;\" \/>\r\n\t\t\t<\/a>\r\n\t\t<\/div>\r\n\t\t<div class=\"wppsac-post-content-position\">\r\n\t\t\t\t\t<div class=\"wppsac-post-categories\"><ul class=\"wppsac-post-categories-list\"><li><a href=\"https:\/\/www2.uepg.br\/etlqueijos\/category\/noticias\/\" rel=\"category\"> Not\u00edcias <\/a><\/li><\/ul><\/div>\r\n\t\t\t  \t<h2 class=\"wppsac-post-title\">\r\n\t\t\t<a href=\"https:\/\/www2.uepg.br\/etlqueijos\/686-2\/\">Prof. Dr. Alessandro Nogueira ministra palestra &#8220;A fabrica\u00e7\u00e3o de queijos finos compensa?&#8221;<\/a>\r\n\t\t<\/h2>\r\n\t\t\t\t\t<div class=\"wppsac-post-date\">\r\n\t\t\t\t25 de mar\u00e7o de 2022\t\t\t<\/div>\r\n\t\t\t\t\t<\/div>\r\n<\/div>\r\n<div class=\"wppsac-carousel-slides\">\r\n\t\t\t<div class=\"wppsac-post-image-bg\">\r\n\t\t\t<a href=\"https:\/\/www2.uepg.br\/etlqueijos\/atividades-da-etlqueijos\/\">\r\n\t\t\t\t<img class=\"wppsac-post-image-bg\"  src=\"https:\/\/www2.uepg.br\/etlqueijos\/wp-content\/uploads\/sites\/137\/2022\/03\/Imagem1.png\" alt=\"Atividades da ETLQueijos\" \/>\r\n\t\t\t<\/a>\r\n\t\t<\/div>\r\n\t\t<div class=\"wppsac-post-content-position\">\r\n\t\t\t\t\t<div class=\"wppsac-post-categories\"><ul class=\"wppsac-post-categories-list\"><li><a href=\"https:\/\/www2.uepg.br\/etlqueijos\/category\/noticias\/\" rel=\"category\"> Not\u00edcias <\/a><\/li><\/ul><\/div>\r\n\t\t\t  \t<h2 class=\"wppsac-post-title\">\r\n\t\t\t<a href=\"https:\/\/www2.uepg.br\/etlqueijos\/atividades-da-etlqueijos\/\">Atividades da ETLQueijos<\/a>\r\n\t\t<\/h2>\r\n\t\t\t\t\t<div class=\"wppsac-post-date\">\r\n\t\t\t\t25 de mar\u00e7o de 2022\t\t\t<\/div>\r\n\t\t\t\t\t<\/div>\r\n<\/div>\r\n<div class=\"wppsac-carousel-slides\">\r\n\t\t<div class=\"wppsac-post-content-position\">\r\n\t\t\t\t\t<div class=\"wppsac-post-categories\"><ul class=\"wppsac-post-categories-list\"><li><a href=\"https:\/\/www2.uepg.br\/etlqueijos\/category\/noticias\/\" rel=\"category\"> Not\u00edcias <\/a><\/li><\/ul><\/div>\r\n\t\t\t  \t<h2 class=\"wppsac-post-title\">\r\n\t\t\t<a href=\"https:\/\/www2.uepg.br\/etlqueijos\/devido-a-pandemia-de-covid-19-a-selecao-dos-alunos-e-inicio-do-curso-previstos-para-os-meses-de-abril-e-maio-respectivamente-estao-suspensas\/\">Devido a pandemia de Covid-19, a sele\u00e7\u00e3o dos alunos e in\u00edcio do curso previstos para os meses de abril e maio, respectivamente, est\u00e3o suspensas<\/a>\r\n\t\t<\/h2>\r\n\t\t\t\t\t<div class=\"wppsac-post-date\">\r\n\t\t\t\t20 de agosto de 2020\t\t\t<\/div>\r\n\t\t\t\t\t<\/div>\r\n<\/div>\t\t\t<\/div>\r\n\t\t\t<div class=\"wppsac-carousel-conf wppsac-hide\" data-conf=\"{&quot;slides_to_show&quot;:&quot;4&quot;,&quot;slides_to_scroll&quot;:1,&quot;dots&quot;:&quot;false&quot;,&quot;arrows&quot;:&quot;true&quot;,&quot;autoplay&quot;:&quot;true&quot;,&quot;autoplay_interval&quot;:&quot;19500&quot;,&quot;speed&quot;:500,&quot;rtl&quot;:&quot;false&quot;,&quot;lazyload&quot;:&quot;&quot;}\"><\/div>\r\n\t\t<\/div>\r\n\t\n<\/div>\n<\/div><\/div><div id=\"panel-192-0-0-1\" class=\"so-panel widget widget_sow-button\" data-index=\"1\" ><div\n\t\t\t\n\t\t\tclass=\"so-widget-sow-button so-widget-sow-button-atom-72ef9f6b2d62-492\"\n\t\t\t\n\t\t><div class=\"ow-button-base ow-button-align-center\">\n\t<a href=\"https:\/\/www2.uepg.br\/etlqueijos\/noticias\/\" class=\"ow-icon-placement-left ow-button-hover\" \t\t>\n\t\t<span>\n\t\t\t\n\t\t\tVeja todas as not\u00edcias\t\t<\/span>\n\t<\/a>\n<\/div>\n<\/div><\/div><div id=\"panel-192-0-0-2\" class=\"so-panel widget widget_text panel-last-child\" data-index=\"2\" >\t\t\t<div class=\"textwidget\"><p>&nbsp;<\/p>\n<p>&nbsp;<\/p>\n<p>&nbsp;<\/p>\n<p><img loading=\"lazy\" class=\"alignnone size-medium wp-image-525 alignright\" src=\"http:\/\/www2.uepg.br\/etlqueijos\/wp-content\/uploads\/sites\/137\/2020\/08\/logo_REgion_Rhone_Alpes.png\" alt=\"\" width=\"152\" height=\"53\" srcset=\"https:\/\/www2.uepg.br\/etlqueijos\/wp-content\/uploads\/sites\/137\/2020\/08\/logo_REgion_Rhone_Alpes.png 152w, https:\/\/www2.uepg.br\/etlqueijos\/wp-content\/uploads\/sites\/137\/2020\/08\/logo_REgion_Rhone_Alpes-150x53.png 150w\" sizes=\"(max-width: 152px) 100vw, 152px\" \/> <img loading=\"lazy\" class=\"alignnone size-medium wp-image-526 alignright\" src=\"http:\/\/www2.uepg.br\/etlqueijos\/wp-content\/uploads\/sites\/137\/2020\/08\/logo_SETI_Governo_Parana.png\" alt=\"\" width=\"79\" height=\"56\" \/> <img loading=\"lazy\" class=\"alignnone size-medium wp-image-527 alignright\" src=\"http:\/\/www2.uepg.br\/etlqueijos\/wp-content\/uploads\/sites\/137\/2020\/08\/logo_UEPG.png\" alt=\"\" width=\"106\" height=\"56\" \/> <img loading=\"lazy\" class=\"alignnone size-medium wp-image-528 alignright\" src=\"http:\/\/www2.uepg.br\/etlqueijos\/wp-content\/uploads\/sites\/137\/2020\/08\/parana.png\" alt=\"\" width=\"80\" height=\"39\" \/><\/p>\n<\/div>\n\t\t<\/div><\/div><\/div><\/div>","protected":false},"excerpt":{"rendered":"<p>\u00daltimas Not\u00edcias &nbsp; &nbsp; &nbsp;<\/p>\n","protected":false},"author":204,"featured_media":0,"parent":0,"menu_order":0,"comment_status":"closed","ping_status":"closed","template":"","meta":[],"_links":{"self":[{"href":"https:\/\/www2.uepg.br\/etlqueijos\/wp-json\/wp\/v2\/pages\/192"}],"collection":[{"href":"https:\/\/www2.uepg.br\/etlqueijos\/wp-json\/wp\/v2\/pages"}],"about":[{"href":"https:\/\/www2.uepg.br\/etlqueijos\/wp-json\/wp\/v2\/types\/page"}],"author":[{"embeddable":true,"href":"https:\/\/www2.uepg.br\/etlqueijos\/wp-json\/wp\/v2\/users\/204"}],"replies":[{"embeddable":true,"href":"https:\/\/www2.uepg.br\/etlqueijos\/wp-json\/wp\/v2\/comments?post=192"}],"version-history":[{"count":14,"href":"https:\/\/www2.uepg.br\/etlqueijos\/wp-json\/wp\/v2\/pages\/192\/revisions"}],"predecessor-version":[{"id":534,"href":"https:\/\/www2.uepg.br\/etlqueijos\/wp-json\/wp\/v2\/pages\/192\/revisions\/534"}],"wp:attachment":[{"href":"https:\/\/www2.uepg.br\/etlqueijos\/wp-json\/wp\/v2\/media?parent=192"}],"curies":[{"name":"wp","href":"https:\/\/api.w.org\/{rel}","templated":true}]}}