{"id":34,"date":"2020-08-19T18:22:30","date_gmt":"2020-08-19T21:22:30","guid":{"rendered":"http:\/\/www2.uepg.br\/etlqueijos\/?page_id=34"},"modified":"2026-03-16T14:35:41","modified_gmt":"2026-03-16T17:35:41","slug":"modulos","status":"publish","type":"page","link":"https:\/\/www2.uepg.br\/etlqueijos\/modulos\/","title":{"rendered":"M\u00f3dulos"},"content":{"rendered":"<div id=\"pl-34\" class=\"panel-layout\">\n<div id=\"pg-34-0\" class=\"panel-grid panel-no-style\">\n<div id=\"pgc-34-0-0\" class=\"panel-grid-cell\" data-weight=\"1\">\n<div id=\"panel-34-0-0-0\" class=\"so-panel widget widget_sow-tabs panel-first-child panel-last-child\" data-index=\"0\" data-style=\"{&quot;background_image_attachment&quot;:false,&quot;background_display&quot;:&quot;tile&quot;}\">\n<p>O curso em 2026 ter\u00e1 70h e ser\u00e1 aos s\u00e1bados (8 as 18horas), iniciando no dia 13\/06\/2026 com encerramento em 31\/10\/2026.<\/p>\n<p>M\u00f3dulos:<\/p>\n<p>1\u00b0 Processos gerais de fabrica\u00e7\u00e3o de queijos.<\/p>\n<p>2\u00b0 Processamento de queijos de massa dura.<\/p>\n<p>3\u00b0 Processamento de queijos com olhaduras.<\/p>\n<p>4\u00b0 Processamento de queijos de massa semidura.<\/p>\n<p>5\u00b0 Processamento de queijos com leite de cabra.<\/p>\n<p>6\u00b0 Processamento de queijos com leite de b\u00fafala.<\/p>\n<p>7\u00b0 Queijos azuis.<\/p>\n<p>8\u00b0 Processamento de queijos recobertos com <em>Penicillium candidum<\/em> (mofo branco).<\/p>\n<p>9\u00ba Avalia\u00e7\u00e3o sensorial de queijos: qualidade e defeitos e Processamento de queijos de casca lavada.<\/p>\n<p><a href=\"http:\/\/www2.uepg.br\/etlqueijos\/wp-content\/uploads\/sites\/137\/2026\/03\/Cronograma-curso_arte_-2026.pdf\">Clique aqui para visualizar o cronograma oficial do Curso de Extens\u00e3o em Fabrica\u00e7\u00e3o de Queijos em 2026.<\/a><\/p>\n<\/div>\n<div class=\"so-panel widget widget_sow-tabs panel-first-child panel-last-child\" data-index=\"0\" data-style=\"{&quot;background_image_attachment&quot;:false,&quot;background_display&quot;:&quot;tile&quot;}\">\n<p><strong>Pagamento:<\/strong><br \/>\nO custo total do curso ser\u00e1 de R$ 3.500,00 por pessoa (incluso vestimenta e cal\u00e7ados para as aulas pr\u00e1ticas), os quais ser\u00e3o pagos em at\u00e9 quatro vezes de R$ 875,00 por boleto banc\u00e1rio, que ser\u00e1 entregue no in\u00edcio do curso. Devido \u00e0 elevada procura os alunos assinar\u00e3o um contrato assumindo o pagamento na integra caso haja desist\u00eancia.<br \/>\nSe houver interesse, h\u00e1 a possibilidade de participa\u00e7\u00e3o em m\u00f3dulos individuais (1 s\u00e1bado\/8 horas) a um custo de R$ 1000,00 cada.<\/p>\n<\/div>\n<\/div>\n<\/div>\n<\/div>\n","protected":false},"excerpt":{"rendered":"<p>O curso em 2026 ter\u00e1 70h e ser\u00e1 aos s\u00e1bados (8 as 18horas), iniciando no dia 13\/06\/2026 com encerramento em 31\/10\/2026. M\u00f3dulos: 1\u00b0 Processos gerais de fabrica\u00e7\u00e3o de queijos. 2\u00b0 Processamento de queijos de massa dura. 3\u00b0 Processamento de queijos com olhaduras. 4\u00b0 Processamento de queijos de massa semidura. 5\u00b0 Processamento de queijos com leite&nbsp;&hellip;<\/p>\n","protected":false},"author":204,"featured_media":0,"parent":0,"menu_order":0,"comment_status":"closed","ping_status":"closed","template":"","meta":[],"_links":{"self":[{"href":"https:\/\/www2.uepg.br\/etlqueijos\/wp-json\/wp\/v2\/pages\/34"}],"collection":[{"href":"https:\/\/www2.uepg.br\/etlqueijos\/wp-json\/wp\/v2\/pages"}],"about":[{"href":"https:\/\/www2.uepg.br\/etlqueijos\/wp-json\/wp\/v2\/types\/page"}],"author":[{"embeddable":true,"href":"https:\/\/www2.uepg.br\/etlqueijos\/wp-json\/wp\/v2\/users\/204"}],"replies":[{"embeddable":true,"href":"https:\/\/www2.uepg.br\/etlqueijos\/wp-json\/wp\/v2\/comments?post=34"}],"version-history":[{"count":38,"href":"https:\/\/www2.uepg.br\/etlqueijos\/wp-json\/wp\/v2\/pages\/34\/revisions"}],"predecessor-version":[{"id":898,"href":"https:\/\/www2.uepg.br\/etlqueijos\/wp-json\/wp\/v2\/pages\/34\/revisions\/898"}],"wp:attachment":[{"href":"https:\/\/www2.uepg.br\/etlqueijos\/wp-json\/wp\/v2\/media?parent=34"}],"curies":[{"name":"wp","href":"https:\/\/api.w.org\/{rel}","templated":true}]}}