{"id":40,"date":"2020-08-19T18:26:10","date_gmt":"2020-08-19T21:26:10","guid":{"rendered":"http:\/\/www2.uepg.br\/etlqueijos\/?page_id=40"},"modified":"2023-03-30T12:08:55","modified_gmt":"2023-03-30T15:08:55","slug":"publico-alvo","status":"publish","type":"page","link":"https:\/\/www2.uepg.br\/etlqueijos\/publico-alvo\/","title":{"rendered":"P\u00fablico Alvo"},"content":{"rendered":"<h3>P\u00fablico alvo<\/h3>\n<p>Os participantes devem apresentar no m\u00ednimo ensino m\u00e9dio completo e trabalharem no setor de alimentos, preferencialmente em latic\u00ednios. O p\u00fablico alvo consiste em Profissionais de N\u00edvel Superior e T\u00e9cnico, Profissionais de Ind\u00fastrias e Cooperativas, Produtores de Leite e Queijo e \u00e1reas afins.<\/p>\n<p>&nbsp;<\/p>\n<p>Previs\u00e3o do n\u00famero de participantes: 25.<\/p>\n","protected":false},"excerpt":{"rendered":"<p>P\u00fablico alvo Os participantes devem apresentar no m\u00ednimo ensino m\u00e9dio completo e trabalharem no setor de alimentos, preferencialmente em latic\u00ednios. O p\u00fablico alvo consiste em Profissionais de N\u00edvel Superior e T\u00e9cnico, Profissionais de Ind\u00fastrias e Cooperativas, Produtores de Leite e Queijo e \u00e1reas afins. &nbsp; Previs\u00e3o do n\u00famero de participantes: 25.<\/p>\n","protected":false},"author":204,"featured_media":0,"parent":0,"menu_order":0,"comment_status":"closed","ping_status":"closed","template":"","meta":[],"_links":{"self":[{"href":"https:\/\/www2.uepg.br\/etlqueijos\/wp-json\/wp\/v2\/pages\/40"}],"collection":[{"href":"https:\/\/www2.uepg.br\/etlqueijos\/wp-json\/wp\/v2\/pages"}],"about":[{"href":"https:\/\/www2.uepg.br\/etlqueijos\/wp-json\/wp\/v2\/types\/page"}],"author":[{"embeddable":true,"href":"https:\/\/www2.uepg.br\/etlqueijos\/wp-json\/wp\/v2\/users\/204"}],"replies":[{"embeddable":true,"href":"https:\/\/www2.uepg.br\/etlqueijos\/wp-json\/wp\/v2\/comments?post=40"}],"version-history":[{"count":2,"href":"https:\/\/www2.uepg.br\/etlqueijos\/wp-json\/wp\/v2\/pages\/40\/revisions"}],"predecessor-version":[{"id":708,"href":"https:\/\/www2.uepg.br\/etlqueijos\/wp-json\/wp\/v2\/pages\/40\/revisions\/708"}],"wp:attachment":[{"href":"https:\/\/www2.uepg.br\/etlqueijos\/wp-json\/wp\/v2\/media?parent=40"}],"curies":[{"name":"wp","href":"https:\/\/api.w.org\/{rel}","templated":true}]}}