{"id":169,"date":"2020-12-09T09:22:42","date_gmt":"2020-12-09T12:22:42","guid":{"rendered":"http:\/\/www2.uepg.br\/fasca\/?page_id=169"},"modified":"2024-03-15T22:56:30","modified_gmt":"2024-03-16T01:56:30","slug":"mestrado","status":"publish","type":"page","link":"https:\/\/www2.uepg.br\/fasca\/mestrado\/","title":{"rendered":"Mestrado"},"content":{"rendered":"<div id=\"pl-169\"  class=\"panel-layout\" ><div id=\"pg-169-0\"  class=\"panel-grid panel-no-style\" ><div id=\"pgc-169-0-0\"  class=\"panel-grid-cell\" ><div id=\"panel-169-0-0-0\" class=\"so-panel widget widget_sow-accordion panel-first-child panel-last-child\" data-index=\"0\" ><div\n\t\t\t\n\t\t\tclass=\"so-widget-sow-accordion so-widget-sow-accordion-default-818752f61983-169\"\n\t\t\t\n\t\t><h3 class=\"widget-title\">Orienta\u00e7\u00f5es em andamento - MSc<\/h3><div>\n\t<div class=\"sow-accordion\">\n\t\t\t<div class=\"sow-accordion-panel\"\n\t\t\t data-anchor=\"prof-dr-andr%c3%a9-maur%c3%adcio-brinatti\">\n\t\t\t\t<div class=\"sow-accordion-panel-header-container\" role=\"heading\" aria-level=\"2\">\n\t\t\t\t\t<div class=\"sow-accordion-panel-header\" tabindex=\"0\" role=\"button\" id=\"accordion-label-prof-dr-andr%c3%a9-maur%c3%adcio-brinatti\" aria-controls=\"accordion-content-prof-dr-andr%c3%a9-maur%c3%adcio-brinatti\" aria-expanded=\"false\">\n\t\t\t\t\t\t<div class=\"sow-accordion-title sow-accordion-title-icon-left\">\n\t\t\t\t\t\t\t\t\t\t\t\t\t\tProf. Dr. Andr\u00e9 Maur\u00edcio Brinatti\t\t\t\t\t\t\t\t\t\t\t\t\t<\/div>\n\t\t\t\t\t\t<div class=\"sow-accordion-open-close-button\">\n\t\t\t\t\t\t\t<div class=\"sow-accordion-open-button\">\n\t\t\t\t\t\t\t\t<span class=\"sow-icon-ionicons\" data-sow-icon=\"&#xf218;\"\n\t\t \n\t\taria-hidden=\"true\"><\/span>\t\t\t\t\t\t\t<\/div>\n\t\t\t\t\t\t\t<div class=\"sow-accordion-close-button\">\n\t\t\t\t\t\t\t\t<span class=\"sow-icon-ionicons\" data-sow-icon=\"&#xf209;\"\n\t\t \n\t\taria-hidden=\"true\"><\/span>\t\t\t\t\t\t\t<\/div>\n\t\t\t\t\t\t<\/div>\n\t\t\t\t\t<\/div>\n\t\t\t\t<\/div>\n\n\t\t\t<div\n\t\t\t\tclass=\"sow-accordion-panel-content\"\n\t\t\t\trole=\"region\"\n\t\t\t\taria-labelledby=\"accordion-label-prof-dr-andr%c3%a9-maur%c3%adcio-brinatti\"\n\t\t\t\tid=\"accordion-content-prof-dr-andr%c3%a9-maur%c3%adcio-brinatti\"\n\t\t\t\tstyle=\"display: none;\"\t\t\t>\n\t\t\t\t<div class=\"sow-accordion-panel-border\" tabindex=\"0\">\n\t\t\t\t\t<div class=\"layout-cell layout-cell-1 text-align-right\">\n<div class=\"layout-cell-pad-5 text-align-right\">\n<div class=\"layout-cell layout-cell-1 text-align-right\">\n<div class=\"layout-cell-pad-5 text-align-right\"><b>1. <\/b>Jose Felipe Hneda. Abordagem do conceito de campo el\u00e9trico numa perspectiva significativa por meio de uma sequ\u00eancia did\u00e1tica (t\u00edtulo provis\u00f3rio). In\u00edcio: 2018. Disserta\u00e7\u00e3o (Mestrado profissional em Ensino de F\u00edsica) - Universidade Estadual de Ponta Grossa -\u00a0<a href=\"http:\/\/lattes.cnpq.br\/5737371418426273\" target=\"_blank\" rel=\"noopener\">CV Lattes<\/a><\/div>\n<\/div>\n<\/div>\n<\/div>\n\t\t\t\t<\/div>\n\t\t\t<\/div>\n\t\t<\/div>\n\t\t\t<div class=\"sow-accordion-panel\"\n\t\t\t data-anchor=\"prof-dr-fabio-augusto-meira-c%c3%a1ssaro\">\n\t\t\t\t<div class=\"sow-accordion-panel-header-container\" role=\"heading\" aria-level=\"2\">\n\t\t\t\t\t<div class=\"sow-accordion-panel-header\" tabindex=\"0\" role=\"button\" id=\"accordion-label-prof-dr-fabio-augusto-meira-c%c3%a1ssaro\" aria-controls=\"accordion-content-prof-dr-fabio-augusto-meira-c%c3%a1ssaro\" aria-expanded=\"false\">\n\t\t\t\t\t\t<div class=\"sow-accordion-title sow-accordion-title-icon-left\">\n\t\t\t\t\t\t\t\t\t\t\t\t\t\tProf. Dr. Fabio Augusto Meira C\u00e1ssaro\t\t\t\t\t\t\t\t\t\t\t\t\t<\/div>\n\t\t\t\t\t\t<div class=\"sow-accordion-open-close-button\">\n\t\t\t\t\t\t\t<div class=\"sow-accordion-open-button\">\n\t\t\t\t\t\t\t\t<span class=\"sow-icon-ionicons\" data-sow-icon=\"&#xf218;\"\n\t\t \n\t\taria-hidden=\"true\"><\/span>\t\t\t\t\t\t\t<\/div>\n\t\t\t\t\t\t\t<div class=\"sow-accordion-close-button\">\n\t\t\t\t\t\t\t\t<span class=\"sow-icon-ionicons\" data-sow-icon=\"&#xf209;\"\n\t\t \n\t\taria-hidden=\"true\"><\/span>\t\t\t\t\t\t\t<\/div>\n\t\t\t\t\t\t<\/div>\n\t\t\t\t\t<\/div>\n\t\t\t\t<\/div>\n\n\t\t\t<div\n\t\t\t\tclass=\"sow-accordion-panel-content\"\n\t\t\t\trole=\"region\"\n\t\t\t\taria-labelledby=\"accordion-label-prof-dr-fabio-augusto-meira-c%c3%a1ssaro\"\n\t\t\t\tid=\"accordion-content-prof-dr-fabio-augusto-meira-c%c3%a1ssaro\"\n\t\t\t\tstyle=\"display: none;\"\t\t\t>\n\t\t\t\t<div class=\"sow-accordion-panel-border\" tabindex=\"0\">\n\t\t\t\t\t<p>Sem orienta\u00e7\u00f5es de mestrado no momento.<\/p>\n\t\t\t\t<\/div>\n\t\t\t<\/div>\n\t\t<\/div>\n\t\t\t<div class=\"sow-accordion-panel\"\n\t\t\t data-anchor=\"prof-dr-luiz-fernando-pires\">\n\t\t\t\t<div class=\"sow-accordion-panel-header-container\" role=\"heading\" aria-level=\"2\">\n\t\t\t\t\t<div class=\"sow-accordion-panel-header\" tabindex=\"0\" role=\"button\" id=\"accordion-label-prof-dr-luiz-fernando-pires\" aria-controls=\"accordion-content-prof-dr-luiz-fernando-pires\" aria-expanded=\"false\">\n\t\t\t\t\t\t<div class=\"sow-accordion-title sow-accordion-title-icon-left\">\n\t\t\t\t\t\t\t\t\t\t\t\t\t\tProf. Dr. Luiz Fernando Pires\t\t\t\t\t\t\t\t\t\t\t\t\t<\/div>\n\t\t\t\t\t\t<div class=\"sow-accordion-open-close-button\">\n\t\t\t\t\t\t\t<div class=\"sow-accordion-open-button\">\n\t\t\t\t\t\t\t\t<span class=\"sow-icon-ionicons\" data-sow-icon=\"&#xf218;\"\n\t\t \n\t\taria-hidden=\"true\"><\/span>\t\t\t\t\t\t\t<\/div>\n\t\t\t\t\t\t\t<div class=\"sow-accordion-close-button\">\n\t\t\t\t\t\t\t\t<span class=\"sow-icon-ionicons\" data-sow-icon=\"&#xf209;\"\n\t\t \n\t\taria-hidden=\"true\"><\/span>\t\t\t\t\t\t\t<\/div>\n\t\t\t\t\t\t<\/div>\n\t\t\t\t\t<\/div>\n\t\t\t\t<\/div>\n\n\t\t\t<div\n\t\t\t\tclass=\"sow-accordion-panel-content\"\n\t\t\t\trole=\"region\"\n\t\t\t\taria-labelledby=\"accordion-label-prof-dr-luiz-fernando-pires\"\n\t\t\t\tid=\"accordion-content-prof-dr-luiz-fernando-pires\"\n\t\t\t\tstyle=\"display: none;\"\t\t\t>\n\t\t\t\t<div class=\"sow-accordion-panel-border\" tabindex=\"0\">\n\t\t\t\t\t<p>1. <strong>Gabrielli Wisniewski Pietralla<\/strong>. Variabilidade espacial de par\u00e2metros de intera\u00e7\u00e3o da radia\u00e7\u00e3o (coeficiente de atenu\u00e7\u00e3o, se\u00e7\u00f5es de choque e n\u00famero at\u00f4mico efetivo) com o solo. In\u00edcio: 2022. Disserta\u00e7\u00e3o (Mestrado em Ci\u00eancias\/F\u00edsica) - Universidade Estadual de Ponta Grossa - <a href=\"http:\/\/lattes.cnpq.br\/6845443379811049\">CV Lattes<\/a><\/p>\n<p>2. <strong>\u00c9dipo Rafael dos Santos<\/strong>. Analise de propriedades f\u00edsicas de \u00e1rea vulner\u00e1vel a queda de blocos. In\u00edcio: 2024. Disserta\u00e7\u00e3o (Mestrado em Gest\u00e3o do Territ\u00f3rio) - Universidade Estadual de Ponta Grossa.<\/p>\n\t\t\t\t<\/div>\n\t\t\t<\/div>\n\t\t<\/div>\n\t\t\t<div class=\"sow-accordion-panel\"\n\t\t\t data-anchor=\"prof-dr-s%c3%a9rgio-da-costa-saab\">\n\t\t\t\t<div class=\"sow-accordion-panel-header-container\" role=\"heading\" aria-level=\"2\">\n\t\t\t\t\t<div class=\"sow-accordion-panel-header\" tabindex=\"0\" role=\"button\" id=\"accordion-label-prof-dr-s%c3%a9rgio-da-costa-saab\" aria-controls=\"accordion-content-prof-dr-s%c3%a9rgio-da-costa-saab\" aria-expanded=\"false\">\n\t\t\t\t\t\t<div class=\"sow-accordion-title sow-accordion-title-icon-left\">\n\t\t\t\t\t\t\t\t\t\t\t\t\t\tProf. Dr. S\u00e9rgio da Costa Saab \t\t\t\t\t\t\t\t\t\t\t\t\t<\/div>\n\t\t\t\t\t\t<div class=\"sow-accordion-open-close-button\">\n\t\t\t\t\t\t\t<div class=\"sow-accordion-open-button\">\n\t\t\t\t\t\t\t\t<span class=\"sow-icon-ionicons\" data-sow-icon=\"&#xf218;\"\n\t\t \n\t\taria-hidden=\"true\"><\/span>\t\t\t\t\t\t\t<\/div>\n\t\t\t\t\t\t\t<div class=\"sow-accordion-close-button\">\n\t\t\t\t\t\t\t\t<span class=\"sow-icon-ionicons\" data-sow-icon=\"&#xf209;\"\n\t\t \n\t\taria-hidden=\"true\"><\/span>\t\t\t\t\t\t\t<\/div>\n\t\t\t\t\t\t<\/div>\n\t\t\t\t\t<\/div>\n\t\t\t\t<\/div>\n\n\t\t\t<div\n\t\t\t\tclass=\"sow-accordion-panel-content\"\n\t\t\t\trole=\"region\"\n\t\t\t\taria-labelledby=\"accordion-label-prof-dr-s%c3%a9rgio-da-costa-saab\"\n\t\t\t\tid=\"accordion-content-prof-dr-s%c3%a9rgio-da-costa-saab\"\n\t\t\t\tstyle=\"display: none;\"\t\t\t>\n\t\t\t\t<div class=\"sow-accordion-panel-border\" tabindex=\"0\">\n\t\t\t\t\t<div class=\"layout-cell layout-cell-1 text-align-right\">\n<div class=\"layout-cell-pad-5 text-align-right\">Sem orienta\u00e7\u00f5es de mestrado no momento.<\/div>\n<\/div>\n\t\t\t\t<\/div>\n\t\t\t<\/div>\n\t\t<\/div>\n\t\t<\/div>\n<\/div>\n<\/div><\/div><\/div><\/div><\/div>","protected":false},"excerpt":{"rendered":"<p>Orienta\u00e7\u00f5es em andamento &#8211; MSc Prof. Dr. Andr\u00e9 Maur\u00edcio Brinatti 1. Jose Felipe Hneda. Abordagem do conceito de campo el\u00e9trico numa perspectiva significativa por meio de uma sequ\u00eancia did\u00e1tica (t\u00edtulo provis\u00f3rio). In\u00edcio: 2018. Disserta\u00e7\u00e3o (Mestrado profissional em Ensino de F\u00edsica) &#8211; Universidade Estadual de Ponta Grossa &#8211;\u00a0CV Lattes Prof. Dr. Fabio Augusto Meira C\u00e1ssaro Sem&nbsp;&hellip;<\/p>\n","protected":false},"author":204,"featured_media":0,"parent":0,"menu_order":0,"comment_status":"closed","ping_status":"closed","template":"","meta":[],"_links":{"self":[{"href":"https:\/\/www2.uepg.br\/fasca\/wp-json\/wp\/v2\/pages\/169"}],"collection":[{"href":"https:\/\/www2.uepg.br\/fasca\/wp-json\/wp\/v2\/pages"}],"about":[{"href":"https:\/\/www2.uepg.br\/fasca\/wp-json\/wp\/v2\/types\/page"}],"author":[{"embeddable":true,"href":"https:\/\/www2.uepg.br\/fasca\/wp-json\/wp\/v2\/users\/204"}],"replies":[{"embeddable":true,"href":"https:\/\/www2.uepg.br\/fasca\/wp-json\/wp\/v2\/comments?post=169"}],"version-history":[{"count":22,"href":"https:\/\/www2.uepg.br\/fasca\/wp-json\/wp\/v2\/pages\/169\/revisions"}],"predecessor-version":[{"id":495,"href":"https:\/\/www2.uepg.br\/fasca\/wp-json\/wp\/v2\/pages\/169\/revisions\/495"}],"wp:attachment":[{"href":"https:\/\/www2.uepg.br\/fasca\/wp-json\/wp\/v2\/media?parent=169"}],"curies":[{"name":"wp","href":"https:\/\/api.w.org\/{rel}","templated":true}]}}