{"id":171,"date":"2020-12-09T09:22:58","date_gmt":"2020-12-09T12:22:58","guid":{"rendered":"http:\/\/www2.uepg.br\/fasca\/?page_id=171"},"modified":"2022-11-09T23:56:18","modified_gmt":"2022-11-10T02:56:18","slug":"doutorado","status":"publish","type":"page","link":"https:\/\/www2.uepg.br\/fasca\/doutorado\/","title":{"rendered":"Doutorado"},"content":{"rendered":"<div id=\"pl-171\"  class=\"panel-layout\" ><div id=\"pg-171-0\"  class=\"panel-grid panel-no-style\" ><div id=\"pgc-171-0-0\"  class=\"panel-grid-cell\" ><div id=\"panel-171-0-0-0\" class=\"so-panel widget widget_sow-accordion panel-first-child panel-last-child\" data-index=\"0\" ><div\n\t\t\t\n\t\t\tclass=\"so-widget-sow-accordion so-widget-sow-accordion-default-818752f61983-171\"\n\t\t\t\n\t\t><h3 class=\"widget-title\">Orienta\u00e7\u00f5es em andamento - PhD<\/h3><div>\n\t<div class=\"sow-accordion\">\n\t\t\t<div class=\"sow-accordion-panel\"\n\t\t\t data-anchor=\"prof-dr-andr%c3%a9-maur%c3%adcio-brinatti\">\n\t\t\t\t<div class=\"sow-accordion-panel-header-container\" role=\"heading\" aria-level=\"2\">\n\t\t\t\t\t<div class=\"sow-accordion-panel-header\" tabindex=\"0\" role=\"button\" id=\"accordion-label-prof-dr-andr%c3%a9-maur%c3%adcio-brinatti\" aria-controls=\"accordion-content-prof-dr-andr%c3%a9-maur%c3%adcio-brinatti\" aria-expanded=\"false\">\n\t\t\t\t\t\t<div class=\"sow-accordion-title sow-accordion-title-icon-left\">\n\t\t\t\t\t\t\t\t\t\t\t\t\t\tProf. Dr. Andr\u00e9 Maur\u00edcio Brinatti\t\t\t\t\t\t\t\t\t\t\t\t\t<\/div>\n\t\t\t\t\t\t<div class=\"sow-accordion-open-close-button\">\n\t\t\t\t\t\t\t<div class=\"sow-accordion-open-button\">\n\t\t\t\t\t\t\t\t<span class=\"sow-icon-ionicons\" data-sow-icon=\"&#xf218;\"\n\t\t \n\t\taria-hidden=\"true\"><\/span>\t\t\t\t\t\t\t<\/div>\n\t\t\t\t\t\t\t<div class=\"sow-accordion-close-button\">\n\t\t\t\t\t\t\t\t<span class=\"sow-icon-ionicons\" data-sow-icon=\"&#xf209;\"\n\t\t \n\t\taria-hidden=\"true\"><\/span>\t\t\t\t\t\t\t<\/div>\n\t\t\t\t\t\t<\/div>\n\t\t\t\t\t<\/div>\n\t\t\t\t<\/div>\n\n\t\t\t<div\n\t\t\t\tclass=\"sow-accordion-panel-content\"\n\t\t\t\trole=\"region\"\n\t\t\t\taria-labelledby=\"accordion-label-prof-dr-andr%c3%a9-maur%c3%adcio-brinatti\"\n\t\t\t\tid=\"accordion-content-prof-dr-andr%c3%a9-maur%c3%adcio-brinatti\"\n\t\t\t\tstyle=\"display: none;\"\t\t\t>\n\t\t\t\t<div class=\"sow-accordion-panel-border\" tabindex=\"0\">\n\t\t\t\t\t<div class=\"layout-cell layout-cell-1 text-align-right\">\n<div class=\"layout-cell-pad-5 text-align-right\"><b>1. <\/b>Victor Akio Yanaguisawa. Caracteriza\u00e7\u00e3o mineral\u00f3gica de uma topossequ\u00eancia formada por diferentes Neossolos pelas t\u00e9cnicas de espectroscopias, microscopias e difra\u00e7\u00e3o de raios X. In\u00edcio: 2019. Tese (Doutorado em Ci\u00eancias) - Universidade Estadual de Ponta Grossa, Coordena\u00e7\u00e3o de Aperfei\u00e7oamento de Pessoal de N\u00edvel Superior -\u00a0<a href=\"http:\/\/lattes.cnpq.br\/4104909409503040\" target=\"_blank\" rel=\"noopener\">CV Lattes<\/a><\/div>\n<\/div>\n<div class=\"layout-cell layout-cell-1 text-align-right\">\n<div><\/div>\n<div class=\"layout-cell-pad-5 text-align-right\"><b><br \/>\n2. <\/b>Wellington Luis de Almeida. Emprego do M\u00e9todo de Rietveld no estudo da mineral\u00f3gica de solos e de suas respectivas fra\u00e7\u00f5es granulom\u00e9tricas (t\u00edtulo provis\u00f3rio). In\u00edcio: 2018. Tese (Doutorado em Ci\u00eancias) - Universidade Estadual de Ponta Grossa -\u00a0<a href=\"http:\/\/lattes.cnpq.br\/3883009413536249\" target=\"_blank\" rel=\"noopener\">CV Lattes<\/a><\/div>\n<\/div>\n\t\t\t\t<\/div>\n\t\t\t<\/div>\n\t\t<\/div>\n\t\t\t<div class=\"sow-accordion-panel\"\n\t\t\t data-anchor=\"prof-dr-fabio-augusto-meira-c%c3%a1ssaro\">\n\t\t\t\t<div class=\"sow-accordion-panel-header-container\" role=\"heading\" aria-level=\"2\">\n\t\t\t\t\t<div class=\"sow-accordion-panel-header\" tabindex=\"0\" role=\"button\" id=\"accordion-label-prof-dr-fabio-augusto-meira-c%c3%a1ssaro\" aria-controls=\"accordion-content-prof-dr-fabio-augusto-meira-c%c3%a1ssaro\" aria-expanded=\"false\">\n\t\t\t\t\t\t<div class=\"sow-accordion-title sow-accordion-title-icon-left\">\n\t\t\t\t\t\t\t\t\t\t\t\t\t\tProf. Dr. Fabio Augusto Meira C\u00e1ssaro\t\t\t\t\t\t\t\t\t\t\t\t\t<\/div>\n\t\t\t\t\t\t<div class=\"sow-accordion-open-close-button\">\n\t\t\t\t\t\t\t<div class=\"sow-accordion-open-button\">\n\t\t\t\t\t\t\t\t<span class=\"sow-icon-ionicons\" data-sow-icon=\"&#xf218;\"\n\t\t \n\t\taria-hidden=\"true\"><\/span>\t\t\t\t\t\t\t<\/div>\n\t\t\t\t\t\t\t<div class=\"sow-accordion-close-button\">\n\t\t\t\t\t\t\t\t<span class=\"sow-icon-ionicons\" data-sow-icon=\"&#xf209;\"\n\t\t \n\t\taria-hidden=\"true\"><\/span>\t\t\t\t\t\t\t<\/div>\n\t\t\t\t\t\t<\/div>\n\t\t\t\t\t<\/div>\n\t\t\t\t<\/div>\n\n\t\t\t<div\n\t\t\t\tclass=\"sow-accordion-panel-content\"\n\t\t\t\trole=\"region\"\n\t\t\t\taria-labelledby=\"accordion-label-prof-dr-fabio-augusto-meira-c%c3%a1ssaro\"\n\t\t\t\tid=\"accordion-content-prof-dr-fabio-augusto-meira-c%c3%a1ssaro\"\n\t\t\t\tstyle=\"display: none;\"\t\t\t>\n\t\t\t\t<div class=\"sow-accordion-panel-border\" tabindex=\"0\">\n\t\t\t\t\t<p>Sem orienta\u00e7\u00f5es de doutorado no momento.<\/p>\n\t\t\t\t<\/div>\n\t\t\t<\/div>\n\t\t<\/div>\n\t\t\t<div class=\"sow-accordion-panel sow-accordion-panel-open\"\n\t\t\t data-anchor=\"prof-dr-luiz-fernando-pires\">\n\t\t\t\t<div class=\"sow-accordion-panel-header-container\" role=\"heading\" aria-level=\"2\">\n\t\t\t\t\t<div class=\"sow-accordion-panel-header\" tabindex=\"0\" role=\"button\" id=\"accordion-label-prof-dr-luiz-fernando-pires\" aria-controls=\"accordion-content-prof-dr-luiz-fernando-pires\" aria-expanded=\"true\">\n\t\t\t\t\t\t<div class=\"sow-accordion-title sow-accordion-title-icon-left\">\n\t\t\t\t\t\t\t\t\t\t\t\t\t\tProf. Dr. Luiz Fernando Pires \t\t\t\t\t\t\t\t\t\t\t\t\t<\/div>\n\t\t\t\t\t\t<div class=\"sow-accordion-open-close-button\">\n\t\t\t\t\t\t\t<div class=\"sow-accordion-open-button\">\n\t\t\t\t\t\t\t\t<span class=\"sow-icon-ionicons\" data-sow-icon=\"&#xf218;\"\n\t\t \n\t\taria-hidden=\"true\"><\/span>\t\t\t\t\t\t\t<\/div>\n\t\t\t\t\t\t\t<div class=\"sow-accordion-close-button\">\n\t\t\t\t\t\t\t\t<span class=\"sow-icon-ionicons\" data-sow-icon=\"&#xf209;\"\n\t\t \n\t\taria-hidden=\"true\"><\/span>\t\t\t\t\t\t\t<\/div>\n\t\t\t\t\t\t<\/div>\n\t\t\t\t\t<\/div>\n\t\t\t\t<\/div>\n\n\t\t\t<div\n\t\t\t\tclass=\"sow-accordion-panel-content\"\n\t\t\t\trole=\"region\"\n\t\t\t\taria-labelledby=\"accordion-label-prof-dr-luiz-fernando-pires\"\n\t\t\t\tid=\"accordion-content-prof-dr-luiz-fernando-pires\"\n\t\t\t\t\t\t\t>\n\t\t\t\t<div class=\"sow-accordion-panel-border\" tabindex=\"0\">\n\t\t\t\t\t<div class=\"layout-cell layout-cell-1 text-align-right\">\n<div class=\"layout-cell-pad-5 text-align-right\"><b>1. <\/b>Mario Augusto Camargo. Caracteriza\u00e7\u00e3o micromorfol\u00f3gica do solo submetido a diferentes usos por meio de imagens 3D e simula\u00e7\u00e3o computacional. In\u00edcio: 2019. Tese (Doutorado em Ci\u00eancias-F\u00edsica) - Universidade Estadual de Ponta Grossa -\u00a0<a href=\"http:\/\/lattes.cnpq.br\/8896813338648890\" target=\"_blank\" rel=\"noopener\">CV Lattes<\/a><\/div>\n<\/div>\n<div>\n<div><\/div>\n<div class=\"layout-cell-pad-5 text-align-right\"><b>\u00a0<\/b><\/div>\n<\/div>\n<div>\n<div class=\"layout-cell layout-cell-1 text-align-right\">\n<div>\n<div class=\"layout-cell layout-cell-1 text-align-right\">\n<div class=\"layout-cell-pad-5 text-align-right\"><b>2. <\/b>\u00c9verton de Andrade. Microtomografia de raios X usando radia\u00e7\u00e3o s\u00edncrotron na an\u00e1lise de mudan\u00e7as na estrutura do solo devido a diferentes manejos e ciclos de umedecimento e secamento. In\u00edcio: 2021. Tese (Doutorado em Ci\u00eancias\/F\u00edsica) - Universidade Estadual de Ponta Grossa, Coordena\u00e7\u00e3o de Aperfei\u00e7oamento de Pessoal de N\u00edvel Superior - <a href=\"http:\/\/lattes.cnpq.br\/6506379810306123\">CV Lattes<\/a><\/div>\n<\/div>\n<\/div>\n<\/div>\n<\/div>\n<div>\n<div><\/div>\n<div class=\"layout-cell-pad-5 text-align-right\"><b>\u00a0<\/b><\/div>\n<\/div>\n<div>\n<div class=\"layout-cell layout-cell-1 text-align-right\">\n<div>\n<div><b>3.<\/b> Simonn\u00ed Elias Furtado Leite. An\u00e1lise espa\u00e7o-temporal sobre o prisma da degrada\u00e7\u00e3o do solo frente a expans\u00e3o do Matopiba na microrregi\u00e3o Porto Nacional. In\u00edcio: 2021. Tese (Doutorado em Geografia) - Universidade Estadual de Ponta Grossa (corienta\u00e7\u00e3o) - <a href=\"http:\/\/lattes.cnpq.br\/5004606507861536\">CV Lattes<\/a><\/div>\n<\/div>\n<\/div>\n<\/div>\n\t\t\t\t<\/div>\n\t\t\t<\/div>\n\t\t<\/div>\n\t\t\t<div class=\"sow-accordion-panel\"\n\t\t\t data-anchor=\"prof-dr-s%c3%a9rgio-da-costa-saab\">\n\t\t\t\t<div class=\"sow-accordion-panel-header-container\" role=\"heading\" aria-level=\"2\">\n\t\t\t\t\t<div class=\"sow-accordion-panel-header\" tabindex=\"0\" role=\"button\" id=\"accordion-label-prof-dr-s%c3%a9rgio-da-costa-saab\" aria-controls=\"accordion-content-prof-dr-s%c3%a9rgio-da-costa-saab\" aria-expanded=\"false\">\n\t\t\t\t\t\t<div class=\"sow-accordion-title sow-accordion-title-icon-left\">\n\t\t\t\t\t\t\t\t\t\t\t\t\t\tProf. Dr. S\u00e9rgio da Costa Saab \t\t\t\t\t\t\t\t\t\t\t\t\t<\/div>\n\t\t\t\t\t\t<div class=\"sow-accordion-open-close-button\">\n\t\t\t\t\t\t\t<div class=\"sow-accordion-open-button\">\n\t\t\t\t\t\t\t\t<span class=\"sow-icon-ionicons\" data-sow-icon=\"&#xf218;\"\n\t\t \n\t\taria-hidden=\"true\"><\/span>\t\t\t\t\t\t\t<\/div>\n\t\t\t\t\t\t\t<div class=\"sow-accordion-close-button\">\n\t\t\t\t\t\t\t\t<span class=\"sow-icon-ionicons\" data-sow-icon=\"&#xf209;\"\n\t\t \n\t\taria-hidden=\"true\"><\/span>\t\t\t\t\t\t\t<\/div>\n\t\t\t\t\t\t<\/div>\n\t\t\t\t\t<\/div>\n\t\t\t\t<\/div>\n\n\t\t\t<div\n\t\t\t\tclass=\"sow-accordion-panel-content\"\n\t\t\t\trole=\"region\"\n\t\t\t\taria-labelledby=\"accordion-label-prof-dr-s%c3%a9rgio-da-costa-saab\"\n\t\t\t\tid=\"accordion-content-prof-dr-s%c3%a9rgio-da-costa-saab\"\n\t\t\t\tstyle=\"display: none;\"\t\t\t>\n\t\t\t\t<div class=\"sow-accordion-panel-border\" tabindex=\"0\">\n\t\t\t\t\t<div class=\"layout-cell layout-cell-1 text-align-right\">\n<div class=\"layout-cell-pad-5 text-align-right\"><strong>1.\u00a0<\/strong> Karuane Schechtel Kodum.An\u00e1lise de solos do Parque Estadual da Serra Dourada \u2013 GO, atrav\u00e9s das t\u00e9cnicas de: espectroscopia, DRX, MEV, imagem tomogr\u00e1fica e intera\u00e7\u00e3o da radia\u00e7\u00e3o . In\u00edcio: 2021. Tese (Doutorado em Ci\u00eancias) - Universidade Estadual de Ponta Grossa, Coordena\u00e7\u00e3o de Aperfei\u00e7oamento de Pessoal de N\u00edvel Superior - <a href=\"http:\/\/lattes.cnpq.br\/6957819908444554\" target=\"_blank\" rel=\"noopener\">CV Lattes<\/a><\/div>\n<\/div>\n<p>&nbsp;<\/p>\n\t\t\t\t<\/div>\n\t\t\t<\/div>\n\t\t<\/div>\n\t\t<\/div>\n<\/div>\n<\/div><\/div><\/div><\/div><\/div>","protected":false},"excerpt":{"rendered":"<p>Orienta\u00e7\u00f5es em andamento &#8211; PhD Prof. Dr. Andr\u00e9 Maur\u00edcio Brinatti 1. Victor Akio Yanaguisawa. Caracteriza\u00e7\u00e3o mineral\u00f3gica de uma topossequ\u00eancia formada por diferentes Neossolos pelas t\u00e9cnicas de espectroscopias, microscopias e difra\u00e7\u00e3o de raios X. In\u00edcio: 2019. Tese (Doutorado em Ci\u00eancias) &#8211; Universidade Estadual de Ponta Grossa, Coordena\u00e7\u00e3o de Aperfei\u00e7oamento de Pessoal de N\u00edvel Superior &#8211;\u00a0CV Lattes&nbsp;&hellip;<\/p>\n","protected":false},"author":204,"featured_media":0,"parent":0,"menu_order":0,"comment_status":"closed","ping_status":"closed","template":"","meta":[],"_links":{"self":[{"href":"https:\/\/www2.uepg.br\/fasca\/wp-json\/wp\/v2\/pages\/171"}],"collection":[{"href":"https:\/\/www2.uepg.br\/fasca\/wp-json\/wp\/v2\/pages"}],"about":[{"href":"https:\/\/www2.uepg.br\/fasca\/wp-json\/wp\/v2\/types\/page"}],"author":[{"embeddable":true,"href":"https:\/\/www2.uepg.br\/fasca\/wp-json\/wp\/v2\/users\/204"}],"replies":[{"embeddable":true,"href":"https:\/\/www2.uepg.br\/fasca\/wp-json\/wp\/v2\/comments?post=171"}],"version-history":[{"count":33,"href":"https:\/\/www2.uepg.br\/fasca\/wp-json\/wp\/v2\/pages\/171\/revisions"}],"predecessor-version":[{"id":824,"href":"https:\/\/www2.uepg.br\/fasca\/wp-json\/wp\/v2\/pages\/171\/revisions\/824"}],"wp:attachment":[{"href":"https:\/\/www2.uepg.br\/fasca\/wp-json\/wp\/v2\/media?parent=171"}],"curies":[{"name":"wp","href":"https:\/\/api.w.org\/{rel}","templated":true}]}}