{"id":177,"date":"2020-12-09T09:25:14","date_gmt":"2020-12-09T12:25:14","guid":{"rendered":"http:\/\/www2.uepg.br\/fasca\/?page_id=177"},"modified":"2024-03-15T22:58:24","modified_gmt":"2024-03-16T01:58:24","slug":"teses","status":"publish","type":"page","link":"https:\/\/www2.uepg.br\/fasca\/teses\/","title":{"rendered":"Teses"},"content":{"rendered":"<div id=\"pl-177\"  class=\"panel-layout\" ><div id=\"pg-177-0\"  class=\"panel-grid panel-no-style\" ><div id=\"pgc-177-0-0\"  class=\"panel-grid-cell\" ><div id=\"panel-177-0-0-0\" class=\"so-panel widget widget_sow-accordion panel-first-child panel-last-child\" data-index=\"0\" ><div\n\t\t\t\n\t\t\tclass=\"so-widget-sow-accordion so-widget-sow-accordion-default-02c2800b176d-177\"\n\t\t\t\n\t\t><h3 class=\"widget-title\">Teses Defendidas<\/h3><div>\n\t<div class=\"sow-accordion\">\n\t\t\t<div class=\"sow-accordion-panel\"\n\t\t\t data-anchor=\"2022\">\n\t\t\t\t<div class=\"sow-accordion-panel-header-container\" role=\"heading\" aria-level=\"2\">\n\t\t\t\t\t<div class=\"sow-accordion-panel-header\" tabindex=\"0\" role=\"button\" id=\"accordion-label-2022\" aria-controls=\"accordion-content-2022\" aria-expanded=\"false\">\n\t\t\t\t\t\t<div class=\"sow-accordion-title sow-accordion-title-icon-left\">\n\t\t\t\t\t\t\t\t\t\t\t\t\t\t2022\t\t\t\t\t\t\t\t\t\t\t\t\t<\/div>\n\t\t\t\t\t\t<div class=\"sow-accordion-open-close-button\">\n\t\t\t\t\t\t\t<div class=\"sow-accordion-open-button\">\n\t\t\t\t\t\t\t\t<span class=\"sow-icon-ionicons\" data-sow-icon=\"&#xf218;\"\n\t\t \n\t\taria-hidden=\"true\"><\/span>\t\t\t\t\t\t\t<\/div>\n\t\t\t\t\t\t\t<div class=\"sow-accordion-close-button\">\n\t\t\t\t\t\t\t\t<span class=\"sow-icon-ionicons\" data-sow-icon=\"&#xf209;\"\n\t\t \n\t\taria-hidden=\"true\"><\/span>\t\t\t\t\t\t\t<\/div>\n\t\t\t\t\t\t<\/div>\n\t\t\t\t\t<\/div>\n\t\t\t\t<\/div>\n\n\t\t\t<div\n\t\t\t\tclass=\"sow-accordion-panel-content\"\n\t\t\t\trole=\"region\"\n\t\t\t\taria-labelledby=\"accordion-label-2022\"\n\t\t\t\tid=\"accordion-content-2022\"\n\t\t\t\tstyle=\"display: none;\"\t\t\t>\n\t\t\t\t<div class=\"sow-accordion-panel-border\" tabindex=\"0\">\n\t\t\t\t\t<p><strong>Lohane Tech<\/strong>\u00a0- T\u00edtulo da tese de doutorado:\u00a0<strong>Caracteriza\u00e7\u00e3o de solos pouco desenvolvidos com foco na fluoresc\u00eancia de raios x e par\u00e2metros de intera\u00e7\u00e3o da radia\u00e7\u00e3o<\/strong>. Doutorado em Ci\u00eancias\/F\u00edsica. Universidade Estadual de Ponta Grossa. Bolsista da Coordena\u00e7\u00e3o de Aperfei\u00e7oamento de Pessoal de N\u00edvel Superior. Orientador: Prof. Dr. Luiz F. Pires. Co-Orientador: Prof. Dr. Andr\u00e9 M. Brinatti. Link para o trabalho de tese:\u00a0<a href=\"http:\/\/tede2.uepg.br\/jspui\/handle\/prefix\/3773\">http:\/\/tede2.uepg.br\/jspui\/handle\/prefix\/3773<\/a><\/p>\n\t\t\t\t<\/div>\n\t\t\t<\/div>\n\t\t<\/div>\n\t\t\t<div class=\"sow-accordion-panel\"\n\t\t\t data-anchor=\"2021\">\n\t\t\t\t<div class=\"sow-accordion-panel-header-container\" role=\"heading\" aria-level=\"2\">\n\t\t\t\t\t<div class=\"sow-accordion-panel-header\" tabindex=\"0\" role=\"button\" id=\"accordion-label-2021\" aria-controls=\"accordion-content-2021\" aria-expanded=\"false\">\n\t\t\t\t\t\t<div class=\"sow-accordion-title sow-accordion-title-icon-left\">\n\t\t\t\t\t\t\t\t\t\t\t\t\t\t2021\t\t\t\t\t\t\t\t\t\t\t\t\t<\/div>\n\t\t\t\t\t\t<div class=\"sow-accordion-open-close-button\">\n\t\t\t\t\t\t\t<div class=\"sow-accordion-open-button\">\n\t\t\t\t\t\t\t\t<span class=\"sow-icon-ionicons\" data-sow-icon=\"&#xf218;\"\n\t\t \n\t\taria-hidden=\"true\"><\/span>\t\t\t\t\t\t\t<\/div>\n\t\t\t\t\t\t\t<div class=\"sow-accordion-close-button\">\n\t\t\t\t\t\t\t\t<span class=\"sow-icon-ionicons\" data-sow-icon=\"&#xf209;\"\n\t\t \n\t\taria-hidden=\"true\"><\/span>\t\t\t\t\t\t\t<\/div>\n\t\t\t\t\t\t<\/div>\n\t\t\t\t\t<\/div>\n\t\t\t\t<\/div>\n\n\t\t\t<div\n\t\t\t\tclass=\"sow-accordion-panel-content\"\n\t\t\t\trole=\"region\"\n\t\t\t\taria-labelledby=\"accordion-label-2021\"\n\t\t\t\tid=\"accordion-content-2021\"\n\t\t\t\tstyle=\"display: none;\"\t\t\t>\n\t\t\t\t<div class=\"sow-accordion-panel-border\" tabindex=\"0\">\n\t\t\t\t\t<p><strong>Jocenei Ant\u00f4nio Teodoro de Oliveira<\/strong>\u00a0- T\u00edtulo da tese de doutorado:\u00a0<strong>Imagens microtomogr\u00e1ficas e simula\u00e7\u00e3o computacional na an\u00e1lise do sistema poroso do solo<\/strong>. Doutorado em Ci\u00eancias\/F\u00edsica. Universidade Estadual de Ponta Grossa. Bolsista da Coordena\u00e7\u00e3o de Aperfei\u00e7oamento de Pessoal de N\u00edvel Superior. Orientador: Prof. Dr. Luiz F. Pires. Co-Orientador: Prof. Dr. F\u00e1bio A.M. C\u00e1ssaro. Link para o trabalho de tese:\u00a0<a href=\"http:\/\/tede2.uepg.br\/jspui\/handle\/prefix\/3341\">http:\/\/tede2.uepg.br\/jspui\/handle\/prefix\/3341<\/a><\/p>\n\t\t\t\t<\/div>\n\t\t\t<\/div>\n\t\t<\/div>\n\t\t\t<div class=\"sow-accordion-panel\"\n\t\t\t data-anchor=\"2020\">\n\t\t\t\t<div class=\"sow-accordion-panel-header-container\" role=\"heading\" aria-level=\"2\">\n\t\t\t\t\t<div class=\"sow-accordion-panel-header\" tabindex=\"0\" role=\"button\" id=\"accordion-label-2020\" aria-controls=\"accordion-content-2020\" aria-expanded=\"false\">\n\t\t\t\t\t\t<div class=\"sow-accordion-title sow-accordion-title-icon-left\">\n\t\t\t\t\t\t\t\t\t\t\t\t\t\t2020\t\t\t\t\t\t\t\t\t\t\t\t\t<\/div>\n\t\t\t\t\t\t<div class=\"sow-accordion-open-close-button\">\n\t\t\t\t\t\t\t<div class=\"sow-accordion-open-button\">\n\t\t\t\t\t\t\t\t<span class=\"sow-icon-ionicons\" data-sow-icon=\"&#xf218;\"\n\t\t \n\t\taria-hidden=\"true\"><\/span>\t\t\t\t\t\t\t<\/div>\n\t\t\t\t\t\t\t<div class=\"sow-accordion-close-button\">\n\t\t\t\t\t\t\t\t<span class=\"sow-icon-ionicons\" data-sow-icon=\"&#xf209;\"\n\t\t \n\t\taria-hidden=\"true\"><\/span>\t\t\t\t\t\t\t<\/div>\n\t\t\t\t\t\t<\/div>\n\t\t\t\t\t<\/div>\n\t\t\t\t<\/div>\n\n\t\t\t<div\n\t\t\t\tclass=\"sow-accordion-panel-content\"\n\t\t\t\trole=\"region\"\n\t\t\t\taria-labelledby=\"accordion-label-2020\"\n\t\t\t\tid=\"accordion-content-2020\"\n\t\t\t\tstyle=\"display: none;\"\t\t\t>\n\t\t\t\t<div class=\"sow-accordion-panel-border\" tabindex=\"0\">\n\t\t\t\t\t<ul>\n<li><strong>Aline Mari Huf dos Reis<\/strong>\u00a0- T\u00edtulo da tese de doutorado:\u00a0<strong>Modelos de pedotransfer\u00eancia pontual, param\u00e9trico e hier\u00e1rquico para estimativa da reten\u00e7\u00e3o de \u00e1gua em solos<\/strong>. Doutorado em Ci\u00eancia do Solo. Universidade Federal do Paran\u00e1. Bolsista da Coordena\u00e7\u00e3o de Aperfei\u00e7oamento de Pessoal de N\u00edvel Superior. Orientador: Prof. Dr. Robson A. Armindo. Co-Orientador: Prof. Dr. Luiz F. Pires. Link para o trabalho de tese: (em breve ser\u00e1 disponibilizado)<\/li>\n<\/ul>\n\t\t\t\t<\/div>\n\t\t\t<\/div>\n\t\t<\/div>\n\t\t\t<div class=\"sow-accordion-panel\"\n\t\t\t data-anchor=\"2018\">\n\t\t\t\t<div class=\"sow-accordion-panel-header-container\" role=\"heading\" aria-level=\"2\">\n\t\t\t\t\t<div class=\"sow-accordion-panel-header\" tabindex=\"0\" role=\"button\" id=\"accordion-label-2018\" aria-controls=\"accordion-content-2018\" aria-expanded=\"false\">\n\t\t\t\t\t\t<div class=\"sow-accordion-title sow-accordion-title-icon-left\">\n\t\t\t\t\t\t\t\t\t\t\t\t\t\t2018\t\t\t\t\t\t\t\t\t\t\t\t\t<\/div>\n\t\t\t\t\t\t<div class=\"sow-accordion-open-close-button\">\n\t\t\t\t\t\t\t<div class=\"sow-accordion-open-button\">\n\t\t\t\t\t\t\t\t<span class=\"sow-icon-ionicons\" data-sow-icon=\"&#xf218;\"\n\t\t \n\t\taria-hidden=\"true\"><\/span>\t\t\t\t\t\t\t<\/div>\n\t\t\t\t\t\t\t<div class=\"sow-accordion-close-button\">\n\t\t\t\t\t\t\t\t<span class=\"sow-icon-ionicons\" data-sow-icon=\"&#xf209;\"\n\t\t \n\t\taria-hidden=\"true\"><\/span>\t\t\t\t\t\t\t<\/div>\n\t\t\t\t\t\t<\/div>\n\t\t\t\t\t<\/div>\n\t\t\t\t<\/div>\n\n\t\t\t<div\n\t\t\t\tclass=\"sow-accordion-panel-content\"\n\t\t\t\trole=\"region\"\n\t\t\t\taria-labelledby=\"accordion-label-2018\"\n\t\t\t\tid=\"accordion-content-2018\"\n\t\t\t\tstyle=\"display: none;\"\t\t\t>\n\t\t\t\t<div class=\"sow-accordion-panel-border\" tabindex=\"0\">\n\t\t\t\t\t<ul>\n<li><strong>Andr\u00e9 Carlos Auler<\/strong>\u00a0- T\u00edtulo da tese de doutorado:\u00a0<strong>Efeitos de corretivos da acidez do solo associados ao gesso agr\u00edcola sobre os atributos f\u00edsicos e qu\u00edmicos do solo<\/strong>. Doutorado em Agronomia. Universidade Estadual de Ponta Grossa. Bolsista da Coordena\u00e7\u00e3o de Aperfei\u00e7oamento de Pessoal de N\u00edvel Superior. Orientador: Prof. Dr. Luiz F. Pires. Link para o trabalho de tese:\u00a0<a href=\"http:\/\/tede2.uepg.br\/jspui\/handle\/prefix\/2536\">http:\/\/tede2.uepg.br\/jspui\/handle\/prefix\/2536<\/a><\/li>\n<\/ul>\n<p>&nbsp;<\/p>\n<ul>\n<li><strong>Talita Rosas Ferreira<\/strong>\u00a0- T\u00edtulo da tese de doutorado:\u00a0<strong>Propriedades f\u00edsicas de um Cambissolo submetido \u00e0 calagem usando espectroscopia de fluoresc\u00eancia e microtomografia de raios X<\/strong>. Doutorado em Ci\u00eancias\/F\u00edsica. Universidade Estadual de Ponta Grossa. Bolsista da Coordena\u00e7\u00e3o de Aperfei\u00e7oamento de Pessoal de N\u00edvel Superior. Orientador: Prof. Dr. Luiz F. Pires. Co-orientador: Prof. Dr. Andr\u00e9 M. Brinatti. Link para o trabalho de tese:\u00a0<a href=\"http:\/\/tede2.uepg.br\/jspui\/handle\/prefix\/2556\">http:\/\/tede2.uepg.br\/jspui\/handle\/prefix\/2556<\/a><\/li>\n<\/ul>\n\t\t\t\t<\/div>\n\t\t\t<\/div>\n\t\t<\/div>\n\t\t\t<div class=\"sow-accordion-panel\"\n\t\t\t data-anchor=\"2017\">\n\t\t\t\t<div class=\"sow-accordion-panel-header-container\" role=\"heading\" aria-level=\"2\">\n\t\t\t\t\t<div class=\"sow-accordion-panel-header\" tabindex=\"0\" role=\"button\" id=\"accordion-label-2017\" aria-controls=\"accordion-content-2017\" aria-expanded=\"false\">\n\t\t\t\t\t\t<div class=\"sow-accordion-title sow-accordion-title-icon-left\">\n\t\t\t\t\t\t\t\t\t\t\t\t\t\t2017\t\t\t\t\t\t\t\t\t\t\t\t\t<\/div>\n\t\t\t\t\t\t<div class=\"sow-accordion-open-close-button\">\n\t\t\t\t\t\t\t<div class=\"sow-accordion-open-button\">\n\t\t\t\t\t\t\t\t<span class=\"sow-icon-ionicons\" data-sow-icon=\"&#xf218;\"\n\t\t \n\t\taria-hidden=\"true\"><\/span>\t\t\t\t\t\t\t<\/div>\n\t\t\t\t\t\t\t<div class=\"sow-accordion-close-button\">\n\t\t\t\t\t\t\t\t<span class=\"sow-icon-ionicons\" data-sow-icon=\"&#xf209;\"\n\t\t \n\t\taria-hidden=\"true\"><\/span>\t\t\t\t\t\t\t<\/div>\n\t\t\t\t\t\t<\/div>\n\t\t\t\t\t<\/div>\n\t\t\t\t<\/div>\n\n\t\t\t<div\n\t\t\t\tclass=\"sow-accordion-panel-content\"\n\t\t\t\trole=\"region\"\n\t\t\t\taria-labelledby=\"accordion-label-2017\"\n\t\t\t\tid=\"accordion-content-2017\"\n\t\t\t\tstyle=\"display: none;\"\t\t\t>\n\t\t\t\t<div class=\"sow-accordion-panel-border\" tabindex=\"0\">\n\t\t\t\t\t<ul>\n<li><strong>Lu\u00eds Miguel Scheibelbein<\/strong>\u00a0- T\u00edtulo da tese de doutorado:\u00a0<strong>Atributos f\u00edsicos do solo e cobertura de inverno sobre a disponibilidade de \u00e1gua e os componentes de rendimento do milho<\/strong>. Doutorado em Agronomia. Universidade Estadual de Ponta Grossa. Orientador: Prof. Dr. Andr\u00e9 B. Pereira. Co-Orientador: Prof. Dr. Luiz F. Pires. Link para o trabalho de tese:\u00a0<a href=\"http:\/\/tede2.uepg.br\/jspui\/handle\/prefix\/2415\">http:\/\/tede2.uepg.br\/jspui\/handle\/prefix\/2415<\/a><\/li>\n<\/ul>\n\t\t\t\t<\/div>\n\t\t\t<\/div>\n\t\t<\/div>\n\t\t\t<div class=\"sow-accordion-panel\"\n\t\t\t data-anchor=\"2016\">\n\t\t\t\t<div class=\"sow-accordion-panel-header-container\" role=\"heading\" aria-level=\"2\">\n\t\t\t\t\t<div class=\"sow-accordion-panel-header\" tabindex=\"0\" role=\"button\" id=\"accordion-label-2016\" aria-controls=\"accordion-content-2016\" aria-expanded=\"false\">\n\t\t\t\t\t\t<div class=\"sow-accordion-title sow-accordion-title-icon-left\">\n\t\t\t\t\t\t\t\t\t\t\t\t\t\t2016\t\t\t\t\t\t\t\t\t\t\t\t\t<\/div>\n\t\t\t\t\t\t<div class=\"sow-accordion-open-close-button\">\n\t\t\t\t\t\t\t<div class=\"sow-accordion-open-button\">\n\t\t\t\t\t\t\t\t<span class=\"sow-icon-ionicons\" data-sow-icon=\"&#xf218;\"\n\t\t \n\t\taria-hidden=\"true\"><\/span>\t\t\t\t\t\t\t<\/div>\n\t\t\t\t\t\t\t<div class=\"sow-accordion-close-button\">\n\t\t\t\t\t\t\t\t<span class=\"sow-icon-ionicons\" data-sow-icon=\"&#xf209;\"\n\t\t \n\t\taria-hidden=\"true\"><\/span>\t\t\t\t\t\t\t<\/div>\n\t\t\t\t\t\t<\/div>\n\t\t\t\t\t<\/div>\n\t\t\t\t<\/div>\n\n\t\t\t<div\n\t\t\t\tclass=\"sow-accordion-panel-content\"\n\t\t\t\trole=\"region\"\n\t\t\t\taria-labelledby=\"accordion-label-2016\"\n\t\t\t\tid=\"accordion-content-2016\"\n\t\t\t\tstyle=\"display: none;\"\t\t\t>\n\t\t\t\t<div class=\"sow-accordion-panel-border\" tabindex=\"0\">\n\t\t\t\t\t<ul>\n<li><strong>Wellington Claiton Leite<\/strong>\u00a0- T\u00edtulo da tese de doutorado:\u00a0<strong>Caracteriza\u00e7\u00e3o funcional e determina\u00e7\u00e3o da estrutura tridimensional por cristalografia de raios X da prote\u00edna RecA de Hebaspirillum seropedicae<\/strong>. Doutorado em Ci\u00eancias\/F\u00edsica. Universidade Estadual de Ponta Grossa. Bolsista da Coordena\u00e7\u00e3o de Aperfei\u00e7oamento de Pessoal de N\u00edvel Superior. Orientador: Prof. Dr. S\u00e9rgio da Costa Saab. Co-Orientador: Prof. Dr. Andr\u00e9 M. Brinatti. Link para o trabalho de tese:\u00a0<a href=\"http:\/\/tede2.uepg.br\/jspui\/handle\/prefix\/863\">http:\/\/tede2.uepg.br\/jspui\/handle\/prefix\/863<\/a><\/li>\n<\/ul>\n\t\t\t\t<\/div>\n\t\t\t<\/div>\n\t\t<\/div>\n\t\t\t<div class=\"sow-accordion-panel\"\n\t\t\t data-anchor=\"2015\">\n\t\t\t\t<div class=\"sow-accordion-panel-header-container\" role=\"heading\" aria-level=\"2\">\n\t\t\t\t\t<div class=\"sow-accordion-panel-header\" tabindex=\"0\" role=\"button\" id=\"accordion-label-2015\" aria-controls=\"accordion-content-2015\" aria-expanded=\"false\">\n\t\t\t\t\t\t<div class=\"sow-accordion-title sow-accordion-title-icon-left\">\n\t\t\t\t\t\t\t\t\t\t\t\t\t\t2015\t\t\t\t\t\t\t\t\t\t\t\t\t<\/div>\n\t\t\t\t\t\t<div class=\"sow-accordion-open-close-button\">\n\t\t\t\t\t\t\t<div class=\"sow-accordion-open-button\">\n\t\t\t\t\t\t\t\t<span class=\"sow-icon-ionicons\" data-sow-icon=\"&#xf218;\"\n\t\t \n\t\taria-hidden=\"true\"><\/span>\t\t\t\t\t\t\t<\/div>\n\t\t\t\t\t\t\t<div class=\"sow-accordion-close-button\">\n\t\t\t\t\t\t\t\t<span class=\"sow-icon-ionicons\" data-sow-icon=\"&#xf209;\"\n\t\t \n\t\taria-hidden=\"true\"><\/span>\t\t\t\t\t\t\t<\/div>\n\t\t\t\t\t\t<\/div>\n\t\t\t\t\t<\/div>\n\t\t\t\t<\/div>\n\n\t\t\t<div\n\t\t\t\tclass=\"sow-accordion-panel-content\"\n\t\t\t\trole=\"region\"\n\t\t\t\taria-labelledby=\"accordion-label-2015\"\n\t\t\t\tid=\"accordion-content-2015\"\n\t\t\t\tstyle=\"display: none;\"\t\t\t>\n\t\t\t\t<div class=\"sow-accordion-panel-border\" tabindex=\"0\">\n\t\t\t\t\t<ul>\n<li><strong>Jaqueline Aparecida Ribaski Borges<\/strong>\u00a0- T\u00edtulo da tese de doutorado:\u00a0<strong>Tamanhos elementares representativos de atributos do solo via atenua\u00e7\u00e3o de raios gama e tomografia computadorizada<\/strong>. Doutorado em Ci\u00eancias\/F\u00edsica. Universidade Estadual de Ponta Grossa. Bolsista da Coordena\u00e7\u00e3o de Aperfei\u00e7oamento de Pessoal de N\u00edvel Superior. Orientador: Prof. Dr. Luiz F. Pires. Link para o trabalho de tese:\u00a0<a href=\"http:\/\/tede2.uepg.br\/jspui\/handle\/prefix\/849\">http:\/\/tede2.uepg.br\/jspui\/handle\/prefix\/849<\/a><\/li>\n<\/ul>\n<p>&nbsp;<\/p>\n<ul>\n<li><strong>Lu\u00eds Val\u00e9rio Prandel<\/strong>\u00a0- T\u00edtulo da tese de doutorado:\u00a0<strong>Integra\u00e7\u00e3o de m\u00e9todos de caracteriza\u00e7\u00e3o mineral\u00f3gica de solos caulinit\u00edcos<\/strong>. Doutorado em Ci\u00eancias\/F\u00edsica. Universidade Estadual de Ponta Grossa. Bolsista da Coordena\u00e7\u00e3o de Aperfei\u00e7oamento de Pessoal de N\u00edvel Superior. Orientador: Prof. Dr. S\u00e9rgio C. Saab. Co-Orientador: Prof. Dr. Andr\u00e9 M. Brinatti. Link para o trabalho de tese:\u00a0<a href=\"http:\/\/tede2.uepg.br\/jspui\/handle\/prefix\/845\">http:\/\/tede2.uepg.br\/jspui\/handle\/prefix\/845<\/a><\/li>\n<\/ul>\n\t\t\t\t<\/div>\n\t\t\t<\/div>\n\t\t<\/div>\n\t\t<\/div>\n<\/div>\n<\/div><\/div><\/div><\/div><\/div>","protected":false},"excerpt":{"rendered":"<p>Teses Defendidas 2022 Lohane Tech\u00a0&#8211; T\u00edtulo da tese de doutorado:\u00a0Caracteriza\u00e7\u00e3o de solos pouco desenvolvidos com foco na fluoresc\u00eancia de raios x e par\u00e2metros de intera\u00e7\u00e3o da radia\u00e7\u00e3o. Doutorado em Ci\u00eancias\/F\u00edsica. Universidade Estadual de Ponta Grossa. Bolsista da Coordena\u00e7\u00e3o de Aperfei\u00e7oamento de Pessoal de N\u00edvel Superior. Orientador: Prof. Dr. Luiz F. Pires. Co-Orientador: Prof. Dr. Andr\u00e9&nbsp;&hellip;<\/p>\n","protected":false},"author":204,"featured_media":0,"parent":0,"menu_order":0,"comment_status":"closed","ping_status":"closed","template":"","meta":[],"_links":{"self":[{"href":"https:\/\/www2.uepg.br\/fasca\/wp-json\/wp\/v2\/pages\/177"}],"collection":[{"href":"https:\/\/www2.uepg.br\/fasca\/wp-json\/wp\/v2\/pages"}],"about":[{"href":"https:\/\/www2.uepg.br\/fasca\/wp-json\/wp\/v2\/types\/page"}],"author":[{"embeddable":true,"href":"https:\/\/www2.uepg.br\/fasca\/wp-json\/wp\/v2\/users\/204"}],"replies":[{"embeddable":true,"href":"https:\/\/www2.uepg.br\/fasca\/wp-json\/wp\/v2\/comments?post=177"}],"version-history":[{"count":13,"href":"https:\/\/www2.uepg.br\/fasca\/wp-json\/wp\/v2\/pages\/177\/revisions"}],"predecessor-version":[{"id":296,"href":"https:\/\/www2.uepg.br\/fasca\/wp-json\/wp\/v2\/pages\/177\/revisions\/296"}],"wp:attachment":[{"href":"https:\/\/www2.uepg.br\/fasca\/wp-json\/wp\/v2\/media?parent=177"}],"curies":[{"name":"wp","href":"https:\/\/api.w.org\/{rel}","templated":true}]}}