{"id":6,"date":"2020-04-20T14:56:52","date_gmt":"2020-04-20T17:56:52","guid":{"rendered":"http:\/\/www2.uepg.br\/fasca\/?page_id=6"},"modified":"2021-02-20T12:47:48","modified_gmt":"2021-02-20T15:47:48","slug":"home","status":"publish","type":"page","link":"https:\/\/www2.uepg.br\/fasca\/","title":{"rendered":"Home"},"content":{"rendered":"<div id=\"pl-6\"  class=\"panel-layout\" ><div id=\"pg-6-0\"  class=\"panel-grid panel-no-style\" ><div id=\"pgc-6-0-0\"  class=\"panel-grid-cell\" ><div id=\"panel-6-0-0-0\" class=\"so-panel widget widget_sow-editor panel-first-child panel-last-child\" data-index=\"0\" ><div class=\"panel-widget-style panel-widget-style-for-6-0-0-0\" ><div\n\t\t\t\n\t\t\tclass=\"so-widget-sow-editor so-widget-sow-editor-base\"\n\t\t\t\n\t\t>\n<div class=\"siteorigin-widget-tinymce textwidget\">\n\t<h4 style=\"text-align: center\"><strong>\u00daltimas Not\u00edcias<\/strong><\/h4>\n\t\t<div class=\"wppsac-slick-carousel-wrp wppsac-clearfix \">\r\n\t\t\t<div id=\"wppsac-post-carousel-1\" class=\"wppsac-post-slider-init wppsac-post-carousel design-1\">\r\n\t\t\t\t\r\n<div class=\"wppsac-carousel-slides\">\r\n\t\t<div class=\"wppsac-post-content-position\">\r\n\t\t\t\t\t<div class=\"wppsac-post-categories\"><ul class=\"wppsac-post-categories-list\"><li><a href=\"https:\/\/www2.uepg.br\/fasca\/category\/noticias\/\" rel=\"category\"> Not\u00edcias <\/a><\/li><li><a href=\"https:\/\/www2.uepg.br\/fasca\/category\/pesquisa\/\" rel=\"category\"> Pesquisa <\/a><\/li><\/ul><\/div>\r\n\t\t\t  \t<h2 class=\"wppsac-post-title\">\r\n\t\t\t<a href=\"https:\/\/www2.uepg.br\/fasca\/top-2-stanford-elsevier\/\">Top 2% &#8211; Stanford\/Elsevier<\/a>\r\n\t\t<\/h2>\r\n\t\t\t\t\t<div class=\"wppsac-post-date\">\r\n\t\t\t\t19 de novembro de 2024\t\t\t<\/div>\r\n\t\t\t\t\t<\/div>\r\n<\/div>\r\n<div class=\"wppsac-carousel-slides\">\r\n\t\t<div class=\"wppsac-post-content-position\">\r\n\t\t\t\t\t<div class=\"wppsac-post-categories\"><ul class=\"wppsac-post-categories-list\"><li><a href=\"https:\/\/www2.uepg.br\/fasca\/category\/noticias\/\" rel=\"category\"> Not\u00edcias <\/a><\/li><li><a href=\"https:\/\/www2.uepg.br\/fasca\/category\/pesquisa\/\" rel=\"category\"> Pesquisa <\/a><\/li><li><a href=\"https:\/\/www2.uepg.br\/fasca\/category\/publicacoes\/\" rel=\"category\"> Publica\u00e7\u00f5es <\/a><\/li><\/ul><\/div>\r\n\t\t\t  \t<h2 class=\"wppsac-post-title\">\r\n\t\t\t<a href=\"https:\/\/www2.uepg.br\/fasca\/fracao-argila-do-solo-e-blindagem-da-radiacao\/\">Fra\u00e7\u00e3o argila do solo e blindagem da radia\u00e7\u00e3o<\/a>\r\n\t\t<\/h2>\r\n\t\t\t\t\t<div class=\"wppsac-post-date\">\r\n\t\t\t\t18 de novembro de 2024\t\t\t<\/div>\r\n\t\t\t\t\t<\/div>\r\n<\/div>\r\n<div class=\"wppsac-carousel-slides\">\r\n\t\t<div class=\"wppsac-post-content-position\">\r\n\t\t\t\t\t<div class=\"wppsac-post-categories\"><ul class=\"wppsac-post-categories-list\"><li><a href=\"https:\/\/www2.uepg.br\/fasca\/category\/noticias\/\" rel=\"category\"> Not\u00edcias <\/a><\/li><\/ul><\/div>\r\n\t\t\t  \t<h2 class=\"wppsac-post-title\">\r\n\t\t\t<a href=\"https:\/\/www2.uepg.br\/fasca\/palestra-mudancas-climaticas\/\">Palestra: Mudan\u00e7as clim\u00e1ticas<\/a>\r\n\t\t<\/h2>\r\n\t\t\t\t\t<div class=\"wppsac-post-date\">\r\n\t\t\t\t7 de outubro de 2024\t\t\t<\/div>\r\n\t\t\t\t\t<\/div>\r\n<\/div>\r\n<div class=\"wppsac-carousel-slides\">\r\n\t\t<div class=\"wppsac-post-content-position\">\r\n\t\t\t\t\t<div class=\"wppsac-post-categories\"><ul class=\"wppsac-post-categories-list\"><li><a href=\"https:\/\/www2.uepg.br\/fasca\/category\/colaboracoes\/\" rel=\"category\"> Colabora\u00e7\u00f5es <\/a><\/li><li><a href=\"https:\/\/www2.uepg.br\/fasca\/category\/pesquisa\/\" rel=\"category\"> Pesquisa <\/a><\/li><li><a href=\"https:\/\/www2.uepg.br\/fasca\/category\/publicacoes\/\" rel=\"category\"> Publica\u00e7\u00f5es <\/a><\/li><\/ul><\/div>\r\n\t\t\t  \t<h2 class=\"wppsac-post-title\">\r\n\t\t\t<a href=\"https:\/\/www2.uepg.br\/fasca\/efeito-da-escala-em-medidas-de-propriedades-fisicas-do-solo\/\">Efeito da escala em medidas de propriedades f\u00edsicas do solo<\/a>\r\n\t\t<\/h2>\r\n\t\t\t\t\t<div class=\"wppsac-post-date\">\r\n\t\t\t\t15 de mar\u00e7o de 2024\t\t\t<\/div>\r\n\t\t\t\t\t<\/div>\r\n<\/div>\r\n<div class=\"wppsac-carousel-slides\">\r\n\t\t<div class=\"wppsac-post-content-position\">\r\n\t\t\t\t\t<div class=\"wppsac-post-categories\"><ul class=\"wppsac-post-categories-list\"><li><a href=\"https:\/\/www2.uepg.br\/fasca\/category\/colaboracoes\/\" rel=\"category\"> Colabora\u00e7\u00f5es <\/a><\/li><li><a href=\"https:\/\/www2.uepg.br\/fasca\/category\/pesquisa\/\" rel=\"category\"> Pesquisa <\/a><\/li><li><a href=\"https:\/\/www2.uepg.br\/fasca\/category\/publicacoes\/\" rel=\"category\"> Publica\u00e7\u00f5es <\/a><\/li><\/ul><\/div>\r\n\t\t\t  \t<h2 class=\"wppsac-post-title\">\r\n\t\t\t<a href=\"https:\/\/www2.uepg.br\/fasca\/simulacao-da-infiltracao-de-agua-em-meios-porosos\/\">Simula\u00e7\u00e3o da infiltra\u00e7\u00e3o de \u00e1gua em meios porosos<\/a>\r\n\t\t<\/h2>\r\n\t\t\t\t\t<div class=\"wppsac-post-date\">\r\n\t\t\t\t15 de mar\u00e7o de 2024\t\t\t<\/div>\r\n\t\t\t\t\t<\/div>\r\n<\/div>\r\n<div class=\"wppsac-carousel-slides\">\r\n\t\t<div class=\"wppsac-post-content-position\">\r\n\t\t\t\t\t<div class=\"wppsac-post-categories\"><ul class=\"wppsac-post-categories-list\"><li><a href=\"https:\/\/www2.uepg.br\/fasca\/category\/defesas\/\" rel=\"category\"> Defesas <\/a><\/li><li><a href=\"https:\/\/www2.uepg.br\/fasca\/category\/noticias\/\" rel=\"category\"> Not\u00edcias <\/a><\/li><li><a href=\"https:\/\/www2.uepg.br\/fasca\/category\/pesquisa\/\" rel=\"category\"> Pesquisa <\/a><\/li><\/ul><\/div>\r\n\t\t\t  \t<h2 class=\"wppsac-post-title\">\r\n\t\t\t<a href=\"https:\/\/www2.uepg.br\/fasca\/defesa-de-mestrado\/\">Defesa de mestrado<\/a>\r\n\t\t<\/h2>\r\n\t\t\t\t\t<div class=\"wppsac-post-date\">\r\n\t\t\t\t15 de mar\u00e7o de 2024\t\t\t<\/div>\r\n\t\t\t\t\t<\/div>\r\n<\/div>\r\n<div class=\"wppsac-carousel-slides\">\r\n\t\t<div class=\"wppsac-post-content-position\">\r\n\t\t\t\t\t<div class=\"wppsac-post-categories\"><ul class=\"wppsac-post-categories-list\"><li><a href=\"https:\/\/www2.uepg.br\/fasca\/category\/noticias\/\" rel=\"category\"> Not\u00edcias <\/a><\/li><li><a href=\"https:\/\/www2.uepg.br\/fasca\/category\/pesquisa\/\" rel=\"category\"> Pesquisa <\/a><\/li><\/ul><\/div>\r\n\t\t\t  \t<h2 class=\"wppsac-post-title\">\r\n\t\t\t<a href=\"https:\/\/www2.uepg.br\/fasca\/bolsa-de-produtividade-em-pesquisa-cnpq\/\">Bolsa de Produtividade em Pesquisa CNPq<\/a>\r\n\t\t<\/h2>\r\n\t\t\t\t\t<div class=\"wppsac-post-date\">\r\n\t\t\t\t29 de dezembro de 2023\t\t\t<\/div>\r\n\t\t\t\t\t<\/div>\r\n<\/div>\r\n<div class=\"wppsac-carousel-slides\">\r\n\t\t<div class=\"wppsac-post-content-position\">\r\n\t\t\t\t\t<div class=\"wppsac-post-categories\"><ul class=\"wppsac-post-categories-list\"><li><a href=\"https:\/\/www2.uepg.br\/fasca\/category\/defesas\/\" rel=\"category\"> Defesas <\/a><\/li><li><a href=\"https:\/\/www2.uepg.br\/fasca\/category\/pesquisa\/\" rel=\"category\"> Pesquisa <\/a><\/li><\/ul><\/div>\r\n\t\t\t  \t<h2 class=\"wppsac-post-title\">\r\n\t\t\t<a href=\"https:\/\/www2.uepg.br\/fasca\/qualificacao-de-doutorado-3\/\">Qualifica\u00e7\u00e3o de Doutorado<\/a>\r\n\t\t<\/h2>\r\n\t\t\t\t\t<div class=\"wppsac-post-date\">\r\n\t\t\t\t29 de dezembro de 2023\t\t\t<\/div>\r\n\t\t\t\t\t<\/div>\r\n<\/div>\r\n<div class=\"wppsac-carousel-slides\">\r\n\t\t<div class=\"wppsac-post-content-position\">\r\n\t\t\t\t\t<div class=\"wppsac-post-categories\"><ul class=\"wppsac-post-categories-list\"><li><a href=\"https:\/\/www2.uepg.br\/fasca\/category\/defesas\/\" rel=\"category\"> Defesas <\/a><\/li><li><a href=\"https:\/\/www2.uepg.br\/fasca\/category\/pesquisa\/\" rel=\"category\"> Pesquisa <\/a><\/li><\/ul><\/div>\r\n\t\t\t  \t<h2 class=\"wppsac-post-title\">\r\n\t\t\t<a href=\"https:\/\/www2.uepg.br\/fasca\/qualificacao-de-mestrado\/\">Qualifica\u00e7\u00e3o de Mestrado<\/a>\r\n\t\t<\/h2>\r\n\t\t\t\t\t<div class=\"wppsac-post-date\">\r\n\t\t\t\t29 de dezembro de 2023\t\t\t<\/div>\r\n\t\t\t\t\t<\/div>\r\n<\/div>\r\n<div class=\"wppsac-carousel-slides\">\r\n\t\t<div class=\"wppsac-post-content-position\">\r\n\t\t\t\t\t<div class=\"wppsac-post-categories\"><ul class=\"wppsac-post-categories-list\"><li><a href=\"https:\/\/www2.uepg.br\/fasca\/category\/colaboracoes\/\" rel=\"category\"> Colabora\u00e7\u00f5es <\/a><\/li><li><a href=\"https:\/\/www2.uepg.br\/fasca\/category\/defesas\/\" rel=\"category\"> Defesas <\/a><\/li><li><a href=\"https:\/\/www2.uepg.br\/fasca\/category\/noticias\/\" rel=\"category\"> Not\u00edcias <\/a><\/li><li><a href=\"https:\/\/www2.uepg.br\/fasca\/category\/projetos\/\" rel=\"category\"> Projetos <\/a><\/li><\/ul><\/div>\r\n\t\t\t  \t<h2 class=\"wppsac-post-title\">\r\n\t\t\t<a href=\"https:\/\/www2.uepg.br\/fasca\/qualificacao-de-doutorado-2\/\">Qualifica\u00e7\u00e3o de doutorado<\/a>\r\n\t\t<\/h2>\r\n\t\t\t\t\t<div class=\"wppsac-post-date\">\r\n\t\t\t\t11 de dezembro de 2023\t\t\t<\/div>\r\n\t\t\t\t\t<\/div>\r\n<\/div>\r\n<div class=\"wppsac-carousel-slides\">\r\n\t\t<div class=\"wppsac-post-content-position\">\r\n\t\t\t\t\t<div class=\"wppsac-post-categories\"><ul class=\"wppsac-post-categories-list\"><li><a href=\"https:\/\/www2.uepg.br\/fasca\/category\/colaboracoes\/\" rel=\"category\"> Colabora\u00e7\u00f5es <\/a><\/li><li><a href=\"https:\/\/www2.uepg.br\/fasca\/category\/eventos\/\" rel=\"category\"> Eventos <\/a><\/li><li><a href=\"https:\/\/www2.uepg.br\/fasca\/category\/noticias\/\" rel=\"category\"> Not\u00edcias <\/a><\/li><li><a href=\"https:\/\/www2.uepg.br\/fasca\/category\/pesquisa\/\" rel=\"category\"> Pesquisa <\/a><\/li><\/ul><\/div>\r\n\t\t\t  \t<h2 class=\"wppsac-post-title\">\r\n\t\t\t<a href=\"https:\/\/www2.uepg.br\/fasca\/ciclo-de-palestras-do-fasca-2\/\">Ciclo de palestras do FASCA: Edi\u00e7\u00e3o 2023<\/a>\r\n\t\t<\/h2>\r\n\t\t\t\t\t<div class=\"wppsac-post-date\">\r\n\t\t\t\t4 de dezembro de 2023\t\t\t<\/div>\r\n\t\t\t\t\t<\/div>\r\n<\/div>\r\n<div class=\"wppsac-carousel-slides\">\r\n\t\t<div class=\"wppsac-post-content-position\">\r\n\t\t\t\t\t<div class=\"wppsac-post-categories\"><ul class=\"wppsac-post-categories-list\"><li><a href=\"https:\/\/www2.uepg.br\/fasca\/category\/noticias\/\" rel=\"category\"> Not\u00edcias <\/a><\/li><li><a href=\"https:\/\/www2.uepg.br\/fasca\/category\/pesquisa\/\" rel=\"category\"> Pesquisa <\/a><\/li><\/ul><\/div>\r\n\t\t\t  \t<h2 class=\"wppsac-post-title\">\r\n\t\t\t<a href=\"https:\/\/www2.uepg.br\/fasca\/cientistas-mais-influentes-do-mundo-stanford-university-scopus-2\/\">Cientistas mais influentes do mundo (Stanford University &amp; Scopus)<\/a>\r\n\t\t<\/h2>\r\n\t\t\t\t\t<div class=\"wppsac-post-date\">\r\n\t\t\t\t11 de outubro de 2023\t\t\t<\/div>\r\n\t\t\t\t\t<\/div>\r\n<\/div>\r\n<div class=\"wppsac-carousel-slides\">\r\n\t\t<div class=\"wppsac-post-content-position\">\r\n\t\t\t\t\t<div class=\"wppsac-post-categories\"><ul class=\"wppsac-post-categories-list\"><li><a href=\"https:\/\/www2.uepg.br\/fasca\/category\/noticias\/\" rel=\"category\"> Not\u00edcias <\/a><\/li><\/ul><\/div>\r\n\t\t\t  \t<h2 class=\"wppsac-post-title\">\r\n\t\t\t<a href=\"https:\/\/www2.uepg.br\/fasca\/aquecimento-global\/\">Aquecimento global<\/a>\r\n\t\t<\/h2>\r\n\t\t\t\t\t<div class=\"wppsac-post-date\">\r\n\t\t\t\t7 de setembro de 2023\t\t\t<\/div>\r\n\t\t\t\t\t<\/div>\r\n<\/div>\r\n<div class=\"wppsac-carousel-slides\">\r\n\t\t<div class=\"wppsac-post-content-position\">\r\n\t\t\t\t\t<div class=\"wppsac-post-categories\"><ul class=\"wppsac-post-categories-list\"><li><a href=\"https:\/\/www2.uepg.br\/fasca\/category\/noticias\/\" rel=\"category\"> Not\u00edcias <\/a><\/li><li><a href=\"https:\/\/www2.uepg.br\/fasca\/category\/pesquisa\/\" rel=\"category\"> Pesquisa <\/a><\/li><li><a href=\"https:\/\/www2.uepg.br\/fasca\/category\/publicacoes\/\" rel=\"category\"> Publica\u00e7\u00f5es <\/a><\/li><\/ul><\/div>\r\n\t\t\t  \t<h2 class=\"wppsac-post-title\">\r\n\t\t\t<a href=\"https:\/\/www2.uepg.br\/fasca\/umidade-do-solo-no-ensino-de-fisica-moderna-aplicada\/\">Umidade do solo no ensino de f\u00edsica moderna aplicada<\/a>\r\n\t\t<\/h2>\r\n\t\t\t\t\t<div class=\"wppsac-post-date\">\r\n\t\t\t\t7 de julho de 2023\t\t\t<\/div>\r\n\t\t\t\t\t<\/div>\r\n<\/div>\r\n<div class=\"wppsac-carousel-slides\">\r\n\t\t<div class=\"wppsac-post-content-position\">\r\n\t\t\t\t\t<div class=\"wppsac-post-categories\"><ul class=\"wppsac-post-categories-list\"><li><a href=\"https:\/\/www2.uepg.br\/fasca\/category\/noticias\/\" rel=\"category\"> Not\u00edcias <\/a><\/li><li><a href=\"https:\/\/www2.uepg.br\/fasca\/category\/pesquisa\/\" rel=\"category\"> Pesquisa <\/a><\/li><li><a href=\"https:\/\/www2.uepg.br\/fasca\/category\/publicacoes\/\" rel=\"category\"> Publica\u00e7\u00f5es <\/a><\/li><\/ul><\/div>\r\n\t\t\t  \t<h2 class=\"wppsac-post-title\">\r\n\t\t\t<a href=\"https:\/\/www2.uepg.br\/fasca\/importancia-da-escala-em-fisica-do-solo\/\">Import\u00e2ncia da escala em F\u00edsica do Solo<\/a>\r\n\t\t<\/h2>\r\n\t\t\t\t\t<div class=\"wppsac-post-date\">\r\n\t\t\t\t12 de junho de 2023\t\t\t<\/div>\r\n\t\t\t\t\t<\/div>\r\n<\/div>\t\t\t<\/div>\r\n\t\t\t<div class=\"wppsac-carousel-conf wppsac-hide\" data-conf=\"{&quot;slides_to_show&quot;:&quot;4&quot;,&quot;slides_to_scroll&quot;:1,&quot;dots&quot;:&quot;false&quot;,&quot;arrows&quot;:&quot;true&quot;,&quot;autoplay&quot;:&quot;true&quot;,&quot;autoplay_interval&quot;:&quot;19500&quot;,&quot;speed&quot;:500,&quot;rtl&quot;:&quot;false&quot;,&quot;lazyload&quot;:&quot;&quot;}\"><\/div>\r\n\t\t<\/div>\r\n\t\n<\/div>\n<\/div><\/div><\/div><\/div><\/div><div id=\"pg-6-1\"  class=\"panel-grid panel-no-style\" ><div id=\"pgc-6-1-0\"  class=\"panel-grid-cell\" ><div id=\"panel-6-1-0-0\" class=\"so-panel widget widget_sow-button panel-first-child panel-last-child\" data-index=\"1\" ><div class=\"panel-widget-style panel-widget-style-for-6-1-0-0\" ><div\n\t\t\t\n\t\t\tclass=\"so-widget-sow-button so-widget-sow-button-atom-f28947f507e4-897\"\n\t\t\t\n\t\t><div class=\"ow-button-base ow-button-align-center\">\n\t<a href=\"https:\/\/www2.uepg.br\/fasca\/noticias\/\" class=\"ow-icon-placement-left ow-button-hover\" \t\t>\n\t\t<span>\n\t\t\t\n\t\t\tveja todas as not\u00edcias\t\t<\/span>\n\t<\/a>\n<\/div>\n<\/div><\/div><\/div><\/div><\/div><div id=\"pg-6-2\"  class=\"panel-grid panel-no-style\" ><div id=\"pgc-6-2-0\"  class=\"panel-grid-cell\" ><div id=\"panel-6-2-0-0\" class=\"so-panel widget widget_sow-editor panel-first-child panel-last-child\" data-index=\"2\" ><div\n\t\t\t\n\t\t\tclass=\"so-widget-sow-editor so-widget-sow-editor-base\"\n\t\t\t\n\t\t>\n<div class=\"siteorigin-widget-tinymce textwidget\">\n\t\n\t\t<style type=\"text\/css\">\n\t\t\t#gallery-1 {\n\t\t\t\tmargin: auto;\n\t\t\t}\n\t\t\t#gallery-1 .gallery-item {\n\t\t\t\tfloat: left;\n\t\t\t\tmargin-top: 10px;\n\t\t\t\ttext-align: center;\n\t\t\t\twidth: 33%;\n\t\t\t}\n\t\t\t#gallery-1 img {\n\t\t\t\tborder: 2px solid #cfcfcf;\n\t\t\t}\n\t\t\t#gallery-1 .gallery-caption {\n\t\t\t\tmargin-left: 0;\n\t\t\t}\n\t\t\t\/* see gallery_shortcode() in wp-includes\/media.php *\/\n\t\t<\/style>\n\t\t<div id='gallery-1' class='gallery galleryid-897 gallery-columns-3 gallery-size-medium'><dl class='gallery-item'>\n\t\t\t<dt class='gallery-icon landscape'>\n\t\t\t\t<a href='https:\/\/www2.uepg.br\/fasca\/lancado-o-logotipo-comemorativo-dos-25-anos-do-fasca\/logo-redondo-25-anos-pires-2\/'><img width=\"300\" height=\"300\" src=\"https:\/\/www2.uepg.br\/fasca\/wp-content\/uploads\/sites\/159\/2020\/12\/logo-redondo-25-anos-Pires-1-300x300.png\" class=\"attachment-medium size-medium\" alt=\"\" loading=\"lazy\" aria-describedby=\"gallery-1-355\" srcset=\"https:\/\/www2.uepg.br\/fasca\/wp-content\/uploads\/sites\/159\/2020\/12\/logo-redondo-25-anos-Pires-1-300x300.png 300w, https:\/\/www2.uepg.br\/fasca\/wp-content\/uploads\/sites\/159\/2020\/12\/logo-redondo-25-anos-Pires-1-1024x1024.png 1024w, https:\/\/www2.uepg.br\/fasca\/wp-content\/uploads\/sites\/159\/2020\/12\/logo-redondo-25-anos-Pires-1-150x150.png 150w, https:\/\/www2.uepg.br\/fasca\/wp-content\/uploads\/sites\/159\/2020\/12\/logo-redondo-25-anos-Pires-1-768x768.png 768w, https:\/\/www2.uepg.br\/fasca\/wp-content\/uploads\/sites\/159\/2020\/12\/logo-redondo-25-anos-Pires-1-1536x1536.png 1536w, https:\/\/www2.uepg.br\/fasca\/wp-content\/uploads\/sites\/159\/2020\/12\/logo-redondo-25-anos-Pires-1-1232x1232.png 1232w, https:\/\/www2.uepg.br\/fasca\/wp-content\/uploads\/sites\/159\/2020\/12\/logo-redondo-25-anos-Pires-1-1080x1080.png 1080w, https:\/\/www2.uepg.br\/fasca\/wp-content\/uploads\/sites\/159\/2020\/12\/logo-redondo-25-anos-Pires-1.png 1807w\" sizes=\"(max-width: 300px) 100vw, 300px\" \/><\/a>\n\t\t\t<\/dt>\n\t\t\t\t<dd class='wp-caption-text gallery-caption' id='gallery-1-355'>\n\t\t\t\tLogotipo comemorativo de 25 anos do grupo\n\t\t\t\t<\/dd><\/dl><dl class='gallery-item'>\n\t\t\t<dt class='gallery-icon landscape'>\n\t\t\t\t<a href='https:\/\/www2.uepg.br\/fasca\/lancado-o-logotipo-comemorativo-dos-25-anos-do-fasca\/fasca2-2\/'><img width=\"300\" height=\"172\" src=\"https:\/\/www2.uepg.br\/fasca\/wp-content\/uploads\/sites\/159\/2020\/12\/fasca2-1-300x172.jpg\" class=\"attachment-medium size-medium\" alt=\"\" loading=\"lazy\" aria-describedby=\"gallery-1-353\" srcset=\"https:\/\/www2.uepg.br\/fasca\/wp-content\/uploads\/sites\/159\/2020\/12\/fasca2-1-300x172.jpg 300w, https:\/\/www2.uepg.br\/fasca\/wp-content\/uploads\/sites\/159\/2020\/12\/fasca2-1-1024x586.jpg 1024w, https:\/\/www2.uepg.br\/fasca\/wp-content\/uploads\/sites\/159\/2020\/12\/fasca2-1-768x439.jpg 768w, https:\/\/www2.uepg.br\/fasca\/wp-content\/uploads\/sites\/159\/2020\/12\/fasca2-1-1232x705.jpg 1232w, https:\/\/www2.uepg.br\/fasca\/wp-content\/uploads\/sites\/159\/2020\/12\/fasca2-1.jpg 1393w\" sizes=\"(max-width: 300px) 100vw, 300px\" \/><\/a>\n\t\t\t<\/dt>\n\t\t\t\t<dd class='wp-caption-text gallery-caption' id='gallery-1-353'>\n\t\t\t\tLogotipo em uso desde 2005\n\t\t\t\t<\/dd><\/dl><dl class='gallery-item'>\n\t\t\t<dt class='gallery-icon landscape'>\n\t\t\t\t<a href='https:\/\/www2.uepg.br\/fasca\/lancado-o-logotipo-comemorativo-dos-25-anos-do-fasca\/logo-grupo-de-pesquisa-2\/'><img width=\"283\" height=\"283\" src=\"https:\/\/www2.uepg.br\/fasca\/wp-content\/uploads\/sites\/159\/2020\/12\/Logo-grupo-de-pesquisa-1.png\" class=\"attachment-medium size-medium\" alt=\"\" loading=\"lazy\" aria-describedby=\"gallery-1-354\" srcset=\"https:\/\/www2.uepg.br\/fasca\/wp-content\/uploads\/sites\/159\/2020\/12\/Logo-grupo-de-pesquisa-1.png 283w, https:\/\/www2.uepg.br\/fasca\/wp-content\/uploads\/sites\/159\/2020\/12\/Logo-grupo-de-pesquisa-1-150x150.png 150w\" sizes=\"(max-width: 283px) 100vw, 283px\" \/><\/a>\n\t\t\t<\/dt>\n\t\t\t\t<dd class='wp-caption-text gallery-caption' id='gallery-1-354'>\n\t\t\t\tLogotipo inicial\n\t\t\t\t<\/dd><\/dl><br style=\"clear: both\" \/><dl class='gallery-item'>\n\t\t\t<dt class='gallery-icon landscape'>\n\t\t\t\t<a href='https:\/\/www2.uepg.br\/fasca\/home\/log2\/'><img width=\"119\" height=\"104\" src=\"https:\/\/www2.uepg.br\/fasca\/wp-content\/uploads\/sites\/159\/2020\/12\/log2.png\" class=\"attachment-medium size-medium\" alt=\"\" loading=\"lazy\" \/><\/a>\n\t\t\t<\/dt><\/dl><dl class='gallery-item'>\n\t\t\t<dt class='gallery-icon landscape'>\n\t\t\t\t<a href='https:\/\/www2.uepg.br\/fasca\/home\/uepg\/'><img width=\"300\" height=\"152\" src=\"https:\/\/www2.uepg.br\/fasca\/wp-content\/uploads\/sites\/159\/2020\/12\/uepg-300x152.jpg\" class=\"attachment-medium size-medium\" alt=\"\" loading=\"lazy\" srcset=\"https:\/\/www2.uepg.br\/fasca\/wp-content\/uploads\/sites\/159\/2020\/12\/uepg-300x152.jpg 300w, https:\/\/www2.uepg.br\/fasca\/wp-content\/uploads\/sites\/159\/2020\/12\/uepg.jpg 500w\" sizes=\"(max-width: 300px) 100vw, 300px\" \/><\/a>\n\t\t\t<\/dt><\/dl>\n\t\t\t<br style='clear: both' \/>\n\t\t<\/div>\n\n<\/div>\n<\/div><\/div><\/div><\/div><\/div>","protected":false},"excerpt":{"rendered":"<p>\u00daltimas Not\u00edcias<\/p>\n","protected":false},"author":24,"featured_media":0,"parent":0,"menu_order":0,"comment_status":"closed","ping_status":"closed","template":"","meta":[],"_links":{"self":[{"href":"https:\/\/www2.uepg.br\/fasca\/wp-json\/wp\/v2\/pages\/6"}],"collection":[{"href":"https:\/\/www2.uepg.br\/fasca\/wp-json\/wp\/v2\/pages"}],"about":[{"href":"https:\/\/www2.uepg.br\/fasca\/wp-json\/wp\/v2\/types\/page"}],"author":[{"embeddable":true,"href":"https:\/\/www2.uepg.br\/fasca\/wp-json\/wp\/v2\/users\/24"}],"replies":[{"embeddable":true,"href":"https:\/\/www2.uepg.br\/fasca\/wp-json\/wp\/v2\/comments?post=6"}],"version-history":[{"count":30,"href":"https:\/\/www2.uepg.br\/fasca\/wp-json\/wp\/v2\/pages\/6\/revisions"}],"predecessor-version":[{"id":401,"href":"https:\/\/www2.uepg.br\/fasca\/wp-json\/wp\/v2\/pages\/6\/revisions\/401"}],"wp:attachment":[{"href":"https:\/\/www2.uepg.br\/fasca\/wp-json\/wp\/v2\/media?parent=6"}],"curies":[{"name":"wp","href":"https:\/\/api.w.org\/{rel}","templated":true}]}}