{"id":6,"date":"2020-04-20T14:56:52","date_gmt":"2020-04-20T17:56:52","guid":{"rendered":"http:\/\/www2.uepg.br\/feiradeprofissoes\/?page_id=6"},"modified":"2025-08-01T16:39:47","modified_gmt":"2025-08-01T19:39:47","slug":"home","status":"publish","type":"page","link":"https:\/\/www2.uepg.br\/feiradeprofissoes\/","title":{"rendered":"Home"},"content":{"rendered":"<div id=\"pl-6\"  class=\"panel-layout\" ><div id=\"pg-6-0\"  class=\"panel-grid panel-no-style\" ><div id=\"pgc-6-0-0\"  class=\"panel-grid-cell\" ><div id=\"panel-6-0-0-0\" class=\"so-panel widget widget_sow-image panel-first-child\" data-index=\"0\" ><div\n\t\t\t\n\t\t\tclass=\"so-widget-sow-image so-widget-sow-image-default-d6014b76747a-6\"\n\t\t\t\n\t\t>\n\n<div class=\"sow-image-container\">\n\t\t\t<a href=\"https:\/\/docs.google.com\/forms\/d\/e\/1FAIpQLScC4YA8H9LsnOu5S_RkTyDpdhPy1RrEzMlrBr0QWKFQIbqxhg\/viewform\"\n\t\t\ttarget=\"_blank\" rel=\"noopener noreferrer\" \t\t>\n\t\t\t<img src=\"https:\/\/www2.uepg.br\/feiradeprofissoes\/wp-content\/uploads\/sites\/273\/2024\/08\/inscricao.png\" width=\"300\" height=\"91\" sizes=\"(max-width: 300px) 100vw, 300px\" alt=\"\" loading=\"lazy\" \t\tclass=\"so-widget-image\"\/>\n\t<\/a><\/div>\n\n<\/div><\/div><div id=\"panel-6-0-0-1\" class=\"so-panel widget widget_sow-editor panel-last-child\" data-index=\"1\" ><div\n\t\t\t\n\t\t\tclass=\"so-widget-sow-editor so-widget-sow-editor-base\"\n\t\t\t\n\t\t>\n<div class=\"siteorigin-widget-tinymce textwidget\">\n\t<p style=\"font-size: 12px; color: #fdbc3e; text-align: center;\">Alunos e professores da Educa\u00e7\u00e3o B\u00e1sica que fizerem check-in no Evento concorrer\u00e3o a um notebook.<\/p>\n<\/div>\n<\/div><\/div><\/div><div id=\"pgc-6-0-1\"  class=\"panel-grid-cell\" ><div id=\"panel-6-0-1-0\" class=\"so-panel widget widget_sow-image panel-first-child panel-last-child\" data-index=\"2\" ><div\n\t\t\t\n\t\t\tclass=\"so-widget-sow-image so-widget-sow-image-default-d6014b76747a-6\"\n\t\t\t\n\t\t>\n\n<div class=\"sow-image-container\">\n\t\t\t<a href=\"https:\/\/www.uepg.br\/universidade\/cursos-graduacao\/\"\n\t\t\ttarget=\"_blank\" rel=\"noopener noreferrer\" \t\t>\n\t\t\t<img src=\"https:\/\/www2.uepg.br\/feiradeprofissoes\/wp-content\/uploads\/sites\/273\/2024\/08\/cursos.png\" width=\"300\" height=\"91\" sizes=\"(max-width: 300px) 100vw, 300px\" alt=\"\" loading=\"lazy\" \t\tclass=\"so-widget-image\"\/>\n\t<\/a><\/div>\n\n<\/div><\/div><\/div><div id=\"pgc-6-0-2\"  class=\"panel-grid-cell\" ><div id=\"panel-6-0-2-0\" class=\"so-panel widget widget_sow-image panel-first-child panel-last-child\" data-index=\"3\" ><div\n\t\t\t\n\t\t\tclass=\"so-widget-sow-image so-widget-sow-image-default-d6014b76747a-6\"\n\t\t\t\n\t\t>\n\n<div class=\"sow-image-container\">\n\t\t\t<a href=\"https:\/\/cps.uepg.br\/inicio\/\"\n\t\t\ttarget=\"_blank\" rel=\"noopener noreferrer\" \t\t>\n\t\t\t<img src=\"https:\/\/www2.uepg.br\/feiradeprofissoes\/wp-content\/uploads\/sites\/273\/2024\/08\/Vestibular-e-PSS.png\" width=\"300\" height=\"91\" sizes=\"(max-width: 300px) 100vw, 300px\" title=\"Vestibular e PSS\" alt=\"\" loading=\"lazy\" \t\tclass=\"so-widget-image\"\/>\n\t<\/a><\/div>\n\n<\/div><\/div><\/div><div id=\"pgc-6-0-3\"  class=\"panel-grid-cell\" ><div id=\"panel-6-0-3-0\" class=\"so-panel widget widget_sow-image panel-first-child panel-last-child\" data-index=\"4\" ><div\n\t\t\t\n\t\t\tclass=\"so-widget-sow-image so-widget-sow-image-default-d6014b76747a-6\"\n\t\t\t\n\t\t>\n\n<div class=\"sow-image-container\">\n\t\t\t<a href=\"https:\/\/maps.app.goo.gl\/XryqozL2mSGAmGGo7\"\n\t\t\ttarget=\"_blank\" rel=\"noopener noreferrer\" \t\t>\n\t\t\t<img src=\"https:\/\/www2.uepg.br\/feiradeprofissoes\/wp-content\/uploads\/sites\/273\/2024\/08\/onde-fica.png\" width=\"300\" height=\"91\" sizes=\"(max-width: 300px) 100vw, 300px\" title=\"onde fica\" alt=\"\" loading=\"lazy\" \t\tclass=\"so-widget-image\"\/>\n\t<\/a><\/div>\n\n<\/div><\/div><\/div><\/div><div id=\"pg-6-1\"  class=\"panel-grid panel-no-style\" ><div id=\"pgc-6-1-0\"  class=\"panel-grid-cell panel-grid-cell-empty\" ><\/div><div id=\"pgc-6-1-1\"  class=\"panel-grid-cell panel-grid-cell-empty panel-grid-cell-mobile-last\" ><\/div><div id=\"pgc-6-1-2\"  class=\"panel-grid-cell panel-grid-cell-empty\" ><\/div><\/div><\/div>","protected":false},"excerpt":{"rendered":"<p>Alunos e professores da Educa\u00e7\u00e3o B\u00e1sica que fizerem check-in no Evento concorrer\u00e3o a um notebook.<\/p>\n","protected":false},"author":24,"featured_media":0,"parent":0,"menu_order":0,"comment_status":"closed","ping_status":"closed","template":"","meta":[],"_links":{"self":[{"href":"https:\/\/www2.uepg.br\/feiradeprofissoes\/wp-json\/wp\/v2\/pages\/6"}],"collection":[{"href":"https:\/\/www2.uepg.br\/feiradeprofissoes\/wp-json\/wp\/v2\/pages"}],"about":[{"href":"https:\/\/www2.uepg.br\/feiradeprofissoes\/wp-json\/wp\/v2\/types\/page"}],"author":[{"embeddable":true,"href":"https:\/\/www2.uepg.br\/feiradeprofissoes\/wp-json\/wp\/v2\/users\/24"}],"replies":[{"embeddable":true,"href":"https:\/\/www2.uepg.br\/feiradeprofissoes\/wp-json\/wp\/v2\/comments?post=6"}],"version-history":[{"count":61,"href":"https:\/\/www2.uepg.br\/feiradeprofissoes\/wp-json\/wp\/v2\/pages\/6\/revisions"}],"predecessor-version":[{"id":293,"href":"https:\/\/www2.uepg.br\/feiradeprofissoes\/wp-json\/wp\/v2\/pages\/6\/revisions\/293"}],"wp:attachment":[{"href":"https:\/\/www2.uepg.br\/feiradeprofissoes\/wp-json\/wp\/v2\/media?parent=6"}],"curies":[{"name":"wp","href":"https:\/\/api.w.org\/{rel}","templated":true}]}}