{"id":1567,"date":"2025-10-27T16:47:28","date_gmt":"2025-10-27T19:47:28","guid":{"rendered":"https:\/\/www2.uepg.br\/fenata\/?page_id=1567"},"modified":"2025-11-03T21:46:16","modified_gmt":"2025-11-04T00:46:16","slug":"as-dez-em-cena","status":"publish","type":"page","link":"https:\/\/www2.uepg.br\/fenata\/as-dez-em-cena\/","title":{"rendered":"\u00c0s dez em cena"},"content":{"rendered":"<div id=\"pl-1567\"  class=\"panel-layout\" ><div id=\"pg-1567-0\"  class=\"panel-grid panel-has-style\" ><div class=\"panel-row-style panel-row-style-for-1567-0\" ><div id=\"pgc-1567-0-0\"  class=\"panel-grid-cell\" ><div id=\"panel-1567-0-0-0\" class=\"so-panel widget widget_sow-editor panel-first-child panel-last-child\" data-index=\"0\" ><div class=\"panel-widget-style panel-widget-style-for-1567-0-0-0\" ><div\n\t\t\t\n\t\t\tclass=\"so-widget-sow-editor so-widget-sow-editor-base\"\n\t\t\t\n\t\t><h3 class=\"widget-title\">Monstro<\/h3>\n<div class=\"siteorigin-widget-tinymce textwidget\">\n\t<p class=\"western\" align=\"justify\">Setra Companhia (Curitiba\/PR)<\/p>\n<p class=\"western\" align=\"justify\">10\/11 \u2013 segunda-feira - 22h \u2013 Cine-Teatro \u00d3pera C<\/p>\n<p class=\"western\" align=\"justify\">Classifica\u00e7\u00e3o: 18 anos (possui cenas de nudez)<\/p>\n<p class=\"western\" align=\"justify\">Dura\u00e7\u00e3o: 80 min<\/p>\n<p class=\"western\" align=\"justify\">Sinopse: O monstro \u00e9, ao mesmo tempo, absolutamente transparente e totalmente opaco. Quando o encaramos, nosso olhar fica paralisado e absorto em um fasc\u00ednio sem fim. Ao exibir a sua deformidade, a sua anormalidade \u2013 que normalmente se esconde \u2013 o monstro oferece ao olhar a sua aberra\u00e7\u00e3o para que todos a vejam. Seu corpo \u00e9 o reverso de um corpo com alma. Ao revelar o que deve permanecer oculto, o corpo monstruoso subverte a mais sagrada das rela\u00e7\u00f5es entre a alma e o corpo: a alma revelada deixa de ser uma alma, torna-se, no sentido pr\u00f3prio, o reverso do corpo, um outro corpo, mas amorfo e horr\u00edvel, um n\u00e3o-corpo, devorando os signos, amedrontando e provocando ang\u00fastia para quem o observa.<\/p>\n<p align=\"justify\">Ingressos: R$ 30 (inteira) e R$ 15 (meia) - <a href=\"https:\/\/ingressodigital.com\/evento\/18056\/53-fenata-monstro\">compre aqui<\/a><\/p>\n<\/div>\n<\/div><\/div><\/div><\/div><div id=\"pgc-1567-0-1\"  class=\"panel-grid-cell\" ><div id=\"panel-1567-0-1-0\" class=\"so-panel widget widget_media_image panel-first-child panel-last-child\" data-index=\"1\" ><img width=\"1024\" height=\"683\" src=\"https:\/\/www2.uepg.br\/fenata\/wp-content\/uploads\/sites\/136\/2025\/10\/DEZ-Monstro-1024x683.jpg\" class=\"image wp-image-1568  attachment-large size-large\" alt=\"\" loading=\"lazy\" style=\"max-width: 100%; height: auto;\" srcset=\"https:\/\/www2.uepg.br\/fenata\/wp-content\/uploads\/sites\/136\/2025\/10\/DEZ-Monstro-1024x683.jpg 1024w, https:\/\/www2.uepg.br\/fenata\/wp-content\/uploads\/sites\/136\/2025\/10\/DEZ-Monstro-300x200.jpg 300w, https:\/\/www2.uepg.br\/fenata\/wp-content\/uploads\/sites\/136\/2025\/10\/DEZ-Monstro-768x512.jpg 768w, https:\/\/www2.uepg.br\/fenata\/wp-content\/uploads\/sites\/136\/2025\/10\/DEZ-Monstro-1536x1024.jpg 1536w, https:\/\/www2.uepg.br\/fenata\/wp-content\/uploads\/sites\/136\/2025\/10\/DEZ-Monstro-2048x1365.jpg 2048w, https:\/\/www2.uepg.br\/fenata\/wp-content\/uploads\/sites\/136\/2025\/10\/DEZ-Monstro-1232x821.jpg 1232w, https:\/\/www2.uepg.br\/fenata\/wp-content\/uploads\/sites\/136\/2025\/10\/DEZ-Monstro-1620x1080.jpg 1620w, https:\/\/www2.uepg.br\/fenata\/wp-content\/uploads\/sites\/136\/2025\/10\/DEZ-Monstro-272x182.jpg 272w\" sizes=\"(max-width: 1024px) 100vw, 1024px\" \/><\/div><\/div><\/div><\/div><div id=\"pg-1567-1\"  class=\"panel-grid panel-has-style\" ><div class=\"panel-row-style panel-row-style-for-1567-1\" ><div id=\"pgc-1567-1-0\"  class=\"panel-grid-cell\" ><div id=\"panel-1567-1-0-0\" class=\"so-panel widget widget_sow-editor panel-first-child panel-last-child\" data-index=\"2\" ><div class=\"panel-widget-style panel-widget-style-for-1567-1-0-0\" ><div\n\t\t\t\n\t\t\tclass=\"so-widget-sow-editor so-widget-sow-editor-base\"\n\t\t\t\n\t\t><h3 class=\"widget-title\">Vivenda<\/h3>\n<div class=\"siteorigin-widget-tinymce textwidget\">\n\t<p class=\"western\" align=\"justify\">Dupla Face (Curitiba\/PR)<\/p>\n<p class=\"western\" align=\"justify\">11\/11 \u2013 ter\u00e7a-feira - 22h \u2013 Cine-Teatro \u00d3pera C<\/p>\n<p class=\"western\" align=\"justify\">Classifica\u00e7\u00e3o: 12 anos<\/p>\n<p class=\"western\" align=\"justify\">Dura\u00e7\u00e3o: 50 min<\/p>\n<p class=\"western\" align=\"justify\">Sinopse: Um lugar, infinitas hist\u00f3rias. \u2018Vivenda\u2019 convida o p\u00fablico a testemunhar a vida pulsante que se esconde por tr\u00e1s de cada parede de um lugar. A partir do relato de um espectador, um espa\u00e7o aparentemente comum ganha vida e se transforma em cena, revelando uma hist\u00f3ria totalmente improvisada, ou seja, criada ali, ao vivo, diante dos olhos do p\u00fablico. A pe\u00e7a transporta o p\u00fablico para o passado, presente e futuro, atrav\u00e9s de hist\u00f3rias de personagens e suas rela\u00e7\u00f5es, que mesclam entre o c\u00f4mico e o dram\u00e1tico, o fazendo rir, chorar e refletir. Se as paredes pudessem falar, o que elas diriam?<\/p>\n<p align=\"justify\">Ingressos: R$ 30 (inteira) e R$ 15 (meia) - <a href=\"https:\/\/ingressodigital.com\/evento\/18057\/53-fenata-vivenda\">compre aqui<\/a><\/p>\n<\/div>\n<\/div><\/div><\/div><\/div><div id=\"pgc-1567-1-1\"  class=\"panel-grid-cell\" ><div id=\"panel-1567-1-1-0\" class=\"so-panel widget widget_media_image panel-first-child panel-last-child\" data-index=\"3\" ><img width=\"1024\" height=\"678\" src=\"https:\/\/www2.uepg.br\/fenata\/wp-content\/uploads\/sites\/136\/2025\/10\/DEZ-Vivenda-foto-de-Thayna-Bressan-1024x678.jpg\" class=\"image wp-image-1571  attachment-large size-large\" alt=\"\" loading=\"lazy\" style=\"max-width: 100%; height: auto;\" srcset=\"https:\/\/www2.uepg.br\/fenata\/wp-content\/uploads\/sites\/136\/2025\/10\/DEZ-Vivenda-foto-de-Thayna-Bressan-1024x678.jpg 1024w, https:\/\/www2.uepg.br\/fenata\/wp-content\/uploads\/sites\/136\/2025\/10\/DEZ-Vivenda-foto-de-Thayna-Bressan-300x199.jpg 300w, https:\/\/www2.uepg.br\/fenata\/wp-content\/uploads\/sites\/136\/2025\/10\/DEZ-Vivenda-foto-de-Thayna-Bressan-768x509.jpg 768w, https:\/\/www2.uepg.br\/fenata\/wp-content\/uploads\/sites\/136\/2025\/10\/DEZ-Vivenda-foto-de-Thayna-Bressan-1536x1017.jpg 1536w, https:\/\/www2.uepg.br\/fenata\/wp-content\/uploads\/sites\/136\/2025\/10\/DEZ-Vivenda-foto-de-Thayna-Bressan-2048x1356.jpg 2048w, https:\/\/www2.uepg.br\/fenata\/wp-content\/uploads\/sites\/136\/2025\/10\/DEZ-Vivenda-foto-de-Thayna-Bressan-1232x816.jpg 1232w, https:\/\/www2.uepg.br\/fenata\/wp-content\/uploads\/sites\/136\/2025\/10\/DEZ-Vivenda-foto-de-Thayna-Bressan-1631x1080.jpg 1631w\" sizes=\"(max-width: 1024px) 100vw, 1024px\" \/><\/div><\/div><\/div><\/div><div id=\"pg-1567-2\"  class=\"panel-grid panel-has-style\" ><div class=\"panel-row-style panel-row-style-for-1567-2\" ><div id=\"pgc-1567-2-0\"  class=\"panel-grid-cell\" ><div id=\"panel-1567-2-0-0\" class=\"so-panel widget widget_sow-editor panel-first-child panel-last-child\" data-index=\"4\" ><div class=\"panel-widget-style panel-widget-style-for-1567-2-0-0\" ><div\n\t\t\t\n\t\t\tclass=\"so-widget-sow-editor so-widget-sow-editor-base\"\n\t\t\t\n\t\t><h3 class=\"widget-title\">Vers\u00e3o Demo<\/h3>\n<div class=\"siteorigin-widget-tinymce textwidget\">\n\t<p class=\"western\" align=\"justify\">Tairone Vale (Rio de Janeiro\/RJ)<\/p>\n<p class=\"western\" align=\"justify\">12\/11 \u2013 quarta-feira - 22h \u2013 Cine-Teatro \u00d3pera C<\/p>\n<p class=\"western\" align=\"justify\">Classifica\u00e7\u00e3o: 14 anos<\/p>\n<p class=\"western\" align=\"justify\">Dura\u00e7\u00e3o: 90 min<\/p>\n<p class=\"western\" align=\"justify\">Sinopse: Ele j\u00e1 foi o favorito do Patr\u00e3o. Agora \u00e9 persona non grata. Neste solo irreverente, o chamado Senhor das Trevas atravessa tempos e vozes para narrar, com humor e acidez, a sua vers\u00e3o do livro mais vendido do mundo; uma hist\u00f3ria antiga demais pra ser esquecida \u2014 ou aceita sem questionar. A pe\u00e7a mergulha nas entrelinhas de uma narrativa que todos acham conhecer, mas que aqui ganha contornos inesperados: um imenso resort paradis\u00edaco constru\u00eddo para apenas dois habitantes; cidades inteiras destru\u00eddas por decis\u00f5es intempestivas; planos de salva\u00e7\u00e3o reservados a poucos afortunados. O narrador \u2013 ora debochado, ora comovido \u2013 transita entre m\u00faltiplas vozes e situa\u00e7\u00f5es, tecendo um grande manifesto pela desobedi\u00eancia e pela empatia. Nada \u00e9 nomeado diretamente, mas tudo soa perigosamente familiar.<\/p>\n<p align=\"justify\">Ingressos: R$ 30 (inteira) e R$ 15 (meia) - <a href=\"https:\/\/ingressodigital.com\/evento\/18058\/53-fenata-versao-demo\">compre aqui<\/a><\/p>\n<\/div>\n<\/div><\/div><\/div><\/div><div id=\"pgc-1567-2-1\"  class=\"panel-grid-cell\" ><div id=\"panel-1567-2-1-0\" class=\"so-panel widget widget_media_image panel-first-child panel-last-child\" data-index=\"5\" ><img width=\"1024\" height=\"683\" src=\"https:\/\/www2.uepg.br\/fenata\/wp-content\/uploads\/sites\/136\/2025\/10\/DEZ-Versao-Demo-foto-de-Thais-Andressa-1024x683.jpg\" class=\"image wp-image-1578  attachment-large size-large\" alt=\"\" loading=\"lazy\" style=\"max-width: 100%; height: auto;\" srcset=\"https:\/\/www2.uepg.br\/fenata\/wp-content\/uploads\/sites\/136\/2025\/10\/DEZ-Versao-Demo-foto-de-Thais-Andressa-1024x683.jpg 1024w, https:\/\/www2.uepg.br\/fenata\/wp-content\/uploads\/sites\/136\/2025\/10\/DEZ-Versao-Demo-foto-de-Thais-Andressa-300x200.jpg 300w, https:\/\/www2.uepg.br\/fenata\/wp-content\/uploads\/sites\/136\/2025\/10\/DEZ-Versao-Demo-foto-de-Thais-Andressa-768x512.jpg 768w, https:\/\/www2.uepg.br\/fenata\/wp-content\/uploads\/sites\/136\/2025\/10\/DEZ-Versao-Demo-foto-de-Thais-Andressa-1536x1024.jpg 1536w, https:\/\/www2.uepg.br\/fenata\/wp-content\/uploads\/sites\/136\/2025\/10\/DEZ-Versao-Demo-foto-de-Thais-Andressa-2048x1365.jpg 2048w, https:\/\/www2.uepg.br\/fenata\/wp-content\/uploads\/sites\/136\/2025\/10\/DEZ-Versao-Demo-foto-de-Thais-Andressa-1232x821.jpg 1232w, https:\/\/www2.uepg.br\/fenata\/wp-content\/uploads\/sites\/136\/2025\/10\/DEZ-Versao-Demo-foto-de-Thais-Andressa-1620x1080.jpg 1620w, https:\/\/www2.uepg.br\/fenata\/wp-content\/uploads\/sites\/136\/2025\/10\/DEZ-Versao-Demo-foto-de-Thais-Andressa-272x182.jpg 272w\" sizes=\"(max-width: 1024px) 100vw, 1024px\" \/><\/div><\/div><\/div><\/div><\/div>","protected":false},"excerpt":{"rendered":"<p>Setra Companhia (Curitiba\/PR) 10\/11 \u2013 segunda-feira &#8211; 22h \u2013 Cine-Teatro \u00d3pera C Classifica\u00e7\u00e3o: 18 anos (possui cenas de nudez) Dura\u00e7\u00e3o: 80 min Sinopse: O monstro \u00e9, ao mesmo tempo, absolutamente transparente e totalmente opaco. Quando o encaramos, nosso olhar fica paralisado e absorto em um fasc\u00ednio sem fim. Ao exibir a sua deformidade, a sua&nbsp;&hellip;<\/p>\n","protected":false},"author":84,"featured_media":0,"parent":0,"menu_order":0,"comment_status":"closed","ping_status":"closed","template":"","meta":{"_monsterinsights_skip_tracking":false,"_monsterinsights_sitenote_active":false,"_monsterinsights_sitenote_note":"","_monsterinsights_sitenote_category":0},"_links":{"self":[{"href":"https:\/\/www2.uepg.br\/fenata\/wp-json\/wp\/v2\/pages\/1567"}],"collection":[{"href":"https:\/\/www2.uepg.br\/fenata\/wp-json\/wp\/v2\/pages"}],"about":[{"href":"https:\/\/www2.uepg.br\/fenata\/wp-json\/wp\/v2\/types\/page"}],"author":[{"embeddable":true,"href":"https:\/\/www2.uepg.br\/fenata\/wp-json\/wp\/v2\/users\/84"}],"replies":[{"embeddable":true,"href":"https:\/\/www2.uepg.br\/fenata\/wp-json\/wp\/v2\/comments?post=1567"}],"version-history":[{"count":7,"href":"https:\/\/www2.uepg.br\/fenata\/wp-json\/wp\/v2\/pages\/1567\/revisions"}],"predecessor-version":[{"id":1733,"href":"https:\/\/www2.uepg.br\/fenata\/wp-json\/wp\/v2\/pages\/1567\/revisions\/1733"}],"wp:attachment":[{"href":"https:\/\/www2.uepg.br\/fenata\/wp-json\/wp\/v2\/media?parent=1567"}],"curies":[{"name":"wp","href":"https:\/\/api.w.org\/{rel}","templated":true}]}}