{"id":1649,"date":"2025-10-28T13:57:13","date_gmt":"2025-10-28T16:57:13","guid":{"rendered":"https:\/\/www2.uepg.br\/fenata\/?page_id=1649"},"modified":"2025-11-03T23:17:22","modified_gmt":"2025-11-04T02:17:22","slug":"teatro-para-criancas","status":"publish","type":"page","link":"https:\/\/www2.uepg.br\/fenata\/teatro-para-criancas\/","title":{"rendered":"TEATRO PARA CRIAN\u00c7AS"},"content":{"rendered":"<div id=\"pl-1649\"  class=\"panel-layout\" ><div id=\"pg-1649-0\"  class=\"panel-grid panel-has-style\" ><div class=\"panel-row-style panel-row-style-for-1649-0\" ><div id=\"pgc-1649-0-0\"  class=\"panel-grid-cell\" ><div id=\"panel-1649-0-0-0\" class=\"so-panel widget widget_sow-editor panel-first-child panel-last-child\" data-index=\"0\" ><div class=\"panel-widget-style panel-widget-style-for-1649-0-0-0\" ><div\n\t\t\t\n\t\t\tclass=\"so-widget-sow-editor so-widget-sow-editor-base\"\n\t\t\t\n\t\t><h3 class=\"widget-title\">No arm\u00e1rio n\u00e3o cabe ningu\u00e9m<\/h3>\n<div class=\"siteorigin-widget-tinymce textwidget\">\n\t<p style=\"text-align: justify\">GPeTI - Grupo de Pesquisa em Teatro para Inf\u00e2ncia (Curitiba\/PR)<\/p>\n<p style=\"text-align: justify\">09\/11 - domingo \u2013 15h \u2013 Cine-Teatro \u00d3pera B<\/p>\n<p style=\"text-align: justify\">Classifica\u00e7\u00e3o: livre (indicado para 4 a 9 anos)<br \/>\nDura\u00e7\u00e3o: 50 min<\/p>\n<p style=\"text-align: justify\">Sinopse: O espet\u00e1culo traz para a cena bonecos e objetos manipulados para contar a hist\u00f3ria de Pi e Tat\u00e1: dois monstros que vivem rotinas repetitivas e tediosas. Um dia, depois de uma enorme tempestade que traz ao Vale dos Monstros uma criatura desconhecida, os dois se veem frente a frente com quest\u00f5es profundas sobre si mesmos e a rela\u00e7\u00e3o que vivem juntos. Permeado de muita divers\u00e3o e ludicidade, o espet\u00e1culo promove di\u00e1logos e reflex\u00f5es sobre rela\u00e7\u00f5es de parentalidade, toler\u00e2ncia e a conviv\u00eancia com a diferen\u00e7a.<\/p>\n<p>Ingressos: gratuito - distribui\u00e7\u00e3o 30 minutos antes do in\u00edcio do espet\u00e1culo.<\/p>\n<\/div>\n<\/div><\/div><\/div><\/div><div id=\"pgc-1649-0-1\"  class=\"panel-grid-cell\" ><div id=\"panel-1649-0-1-0\" class=\"so-panel widget widget_media_image panel-first-child panel-last-child\" data-index=\"1\" ><img width=\"1024\" height=\"682\" src=\"https:\/\/www2.uepg.br\/fenata\/wp-content\/uploads\/sites\/136\/2025\/10\/INFANTIL-No-armario-nao-cabe-ninguem-foto-de-Vitor-Dias-1024x682.jpg\" class=\"image wp-image-1650  attachment-large size-large\" alt=\"\" loading=\"lazy\" style=\"max-width: 100%; height: auto;\" srcset=\"https:\/\/www2.uepg.br\/fenata\/wp-content\/uploads\/sites\/136\/2025\/10\/INFANTIL-No-armario-nao-cabe-ninguem-foto-de-Vitor-Dias-1024x682.jpg 1024w, https:\/\/www2.uepg.br\/fenata\/wp-content\/uploads\/sites\/136\/2025\/10\/INFANTIL-No-armario-nao-cabe-ninguem-foto-de-Vitor-Dias-300x200.jpg 300w, https:\/\/www2.uepg.br\/fenata\/wp-content\/uploads\/sites\/136\/2025\/10\/INFANTIL-No-armario-nao-cabe-ninguem-foto-de-Vitor-Dias-768x512.jpg 768w, https:\/\/www2.uepg.br\/fenata\/wp-content\/uploads\/sites\/136\/2025\/10\/INFANTIL-No-armario-nao-cabe-ninguem-foto-de-Vitor-Dias-1536x1024.jpg 1536w, https:\/\/www2.uepg.br\/fenata\/wp-content\/uploads\/sites\/136\/2025\/10\/INFANTIL-No-armario-nao-cabe-ninguem-foto-de-Vitor-Dias-1232x821.jpg 1232w, https:\/\/www2.uepg.br\/fenata\/wp-content\/uploads\/sites\/136\/2025\/10\/INFANTIL-No-armario-nao-cabe-ninguem-foto-de-Vitor-Dias-1620x1080.jpg 1620w, https:\/\/www2.uepg.br\/fenata\/wp-content\/uploads\/sites\/136\/2025\/10\/INFANTIL-No-armario-nao-cabe-ninguem-foto-de-Vitor-Dias-272x182.jpg 272w, https:\/\/www2.uepg.br\/fenata\/wp-content\/uploads\/sites\/136\/2025\/10\/INFANTIL-No-armario-nao-cabe-ninguem-foto-de-Vitor-Dias.jpg 1772w\" sizes=\"(max-width: 1024px) 100vw, 1024px\" \/><\/div><\/div><\/div><\/div><div id=\"pg-1649-1\"  class=\"panel-grid panel-has-style\" ><div class=\"panel-row-style panel-row-style-for-1649-1\" ><div id=\"pgc-1649-1-0\"  class=\"panel-grid-cell\" ><div id=\"panel-1649-1-0-0\" class=\"so-panel widget widget_sow-editor panel-first-child panel-last-child\" data-index=\"2\" ><div class=\"panel-widget-style panel-widget-style-for-1649-1-0-0\" ><div\n\t\t\t\n\t\t\tclass=\"so-widget-sow-editor so-widget-sow-editor-base\"\n\t\t\t\n\t\t><h3 class=\"widget-title\">Her\u00f3is da natureza<\/h3>\n<div class=\"siteorigin-widget-tinymce textwidget\">\n\t<p>Ponto de Cultura Dia de Arte (Ponta Grossa\/PR)<\/p>\n<p>10\/11 \u2013 segunda-feira - 10h - Parque Monteiro Lobato<\/p>\n<p>Classifica\u00e7\u00e3o: livre<br \/>\nDura\u00e7\u00e3o: 30 min<\/p>\n<p style=\"text-align: justify\">Sinopse: Com o desequil\u00edbrio ambiental e a crescente amea\u00e7a do excesso de lixo, a M\u00e3e Natureza enfrenta graves transforma\u00e7\u00f5es, colocando o mundo em perigo. Abelhuda, guiada pela sabedoria de seus antepassados, decide agir para salvar o planeta. Em sua jornada, ela encontra o poderoso Guerreiro da Natureza e, juntos, embarcam em uma grande aventura para restaurar o equil\u00edbrio. Ao longo de sua miss\u00e3o, eles descobrem que, se cada um fizer a sua parte, ainda h\u00e1 esperan\u00e7a de transformar e proteger o nosso planeta.<\/p>\n<p>Ingressos: gratuito.<\/p>\n<\/div>\n<\/div><\/div><\/div><\/div><div id=\"pgc-1649-1-1\"  class=\"panel-grid-cell\" ><div id=\"panel-1649-1-1-0\" class=\"so-panel widget widget_media_image panel-first-child panel-last-child\" data-index=\"3\" ><img width=\"1024\" height=\"683\" src=\"https:\/\/www2.uepg.br\/fenata\/wp-content\/uploads\/sites\/136\/2025\/10\/INFANTIL-Herois-da-Natureza-foto-de-Mirna-Bazzi-1024x683.jpg\" class=\"image wp-image-1655  attachment-large size-large\" alt=\"\" loading=\"lazy\" style=\"max-width: 100%; height: auto;\" srcset=\"https:\/\/www2.uepg.br\/fenata\/wp-content\/uploads\/sites\/136\/2025\/10\/INFANTIL-Herois-da-Natureza-foto-de-Mirna-Bazzi-1024x683.jpg 1024w, https:\/\/www2.uepg.br\/fenata\/wp-content\/uploads\/sites\/136\/2025\/10\/INFANTIL-Herois-da-Natureza-foto-de-Mirna-Bazzi-300x200.jpg 300w, https:\/\/www2.uepg.br\/fenata\/wp-content\/uploads\/sites\/136\/2025\/10\/INFANTIL-Herois-da-Natureza-foto-de-Mirna-Bazzi-768x512.jpg 768w, https:\/\/www2.uepg.br\/fenata\/wp-content\/uploads\/sites\/136\/2025\/10\/INFANTIL-Herois-da-Natureza-foto-de-Mirna-Bazzi-1536x1024.jpg 1536w, https:\/\/www2.uepg.br\/fenata\/wp-content\/uploads\/sites\/136\/2025\/10\/INFANTIL-Herois-da-Natureza-foto-de-Mirna-Bazzi-2048x1365.jpg 2048w, https:\/\/www2.uepg.br\/fenata\/wp-content\/uploads\/sites\/136\/2025\/10\/INFANTIL-Herois-da-Natureza-foto-de-Mirna-Bazzi-1232x821.jpg 1232w, https:\/\/www2.uepg.br\/fenata\/wp-content\/uploads\/sites\/136\/2025\/10\/INFANTIL-Herois-da-Natureza-foto-de-Mirna-Bazzi-1620x1080.jpg 1620w, https:\/\/www2.uepg.br\/fenata\/wp-content\/uploads\/sites\/136\/2025\/10\/INFANTIL-Herois-da-Natureza-foto-de-Mirna-Bazzi-272x182.jpg 272w\" sizes=\"(max-width: 1024px) 100vw, 1024px\" \/><\/div><\/div><\/div><\/div><div id=\"pg-1649-2\"  class=\"panel-grid panel-has-style\" ><div class=\"panel-row-style panel-row-style-for-1649-2\" ><div id=\"pgc-1649-2-0\"  class=\"panel-grid-cell\" ><div id=\"panel-1649-2-0-0\" class=\"so-panel widget widget_sow-editor panel-first-child panel-last-child\" data-index=\"4\" ><div class=\"panel-widget-style panel-widget-style-for-1649-2-0-0\" ><div\n\t\t\t\n\t\t\tclass=\"so-widget-sow-editor so-widget-sow-editor-base\"\n\t\t\t\n\t\t><h3 class=\"widget-title\">Dentro d'\u00e1gua<\/h3>\n<div class=\"siteorigin-widget-tinymce textwidget\">\n\t<p class=\"western\" align=\"justify\">Cia Talagad\u00e1 (Itapira\/SP)<\/p>\n<p class=\"western\" align=\"justify\">11\/11 \u2013 ter\u00e7a-feira - 14h \u2013 Cine-Teatro \u00d3pera C<\/p>\n<p class=\"western\" align=\"justify\">Classifica\u00e7\u00e3o: 3 anos<\/p>\n<p class=\"western\" align=\"justify\">Dura\u00e7\u00e3o: 45 min<\/p>\n<p class=\"western\" style=\"text-align: justify\" align=\"justify\">Sinopse: O lixo retirado da praia e outros tipos de materialidades tornam-se mat\u00e9ria prima para a constru\u00e7\u00e3o de uma poesia dram\u00e1tica-visual que tem como disparador criativo o universo das \u00e1guas, onde rio e mar se encontram. Numa atmosfera fant\u00e1stica, seres peculiares ganham vida diante dos olhos dos pequenos espectadores, os quais s\u00e3o convidados a mergulhar juntos na constru\u00e7\u00e3o da encena\u00e7\u00e3o. Por meio do teatro de bonecos, formas, cores, sons, movimentos e momentos de interatividade com o p\u00fablico fazem do espet\u00e1culo \u2018Dentro d\u00b4\u00e1gua\u2019 uma deliciosa experi\u00eancia sensorial que estimula de diversas formas a criatividade e o universo l\u00fadico de crian\u00e7as e adultos.<\/p>\n<p align=\"justify\">Ingressos: gratuito - distribui\u00e7\u00e3o 30 minutos antes do in\u00edcio do espet\u00e1culo.<\/p>\n<\/div>\n<\/div><\/div><\/div><\/div><div id=\"pgc-1649-2-1\"  class=\"panel-grid-cell\" ><div id=\"panel-1649-2-1-0\" class=\"so-panel widget widget_media_image panel-first-child panel-last-child\" data-index=\"5\" ><div class=\"panel-widget-style panel-widget-style-for-1649-2-1-0\" ><img width=\"1024\" height=\"684\" src=\"https:\/\/www2.uepg.br\/fenata\/wp-content\/uploads\/sites\/136\/2025\/10\/INFANTIL-Dentro-D\u00b4agua-foto-de-Fixar-Imagens-1024x684.jpg\" class=\"image wp-image-1657  attachment-large size-large\" alt=\"\" loading=\"lazy\" style=\"max-width: 100%; height: auto;\" srcset=\"https:\/\/www2.uepg.br\/fenata\/wp-content\/uploads\/sites\/136\/2025\/10\/INFANTIL-Dentro-D\u00b4agua-foto-de-Fixar-Imagens-1024x684.jpg 1024w, https:\/\/www2.uepg.br\/fenata\/wp-content\/uploads\/sites\/136\/2025\/10\/INFANTIL-Dentro-D\u00b4agua-foto-de-Fixar-Imagens-300x200.jpg 300w, https:\/\/www2.uepg.br\/fenata\/wp-content\/uploads\/sites\/136\/2025\/10\/INFANTIL-Dentro-D\u00b4agua-foto-de-Fixar-Imagens-768x513.jpg 768w, https:\/\/www2.uepg.br\/fenata\/wp-content\/uploads\/sites\/136\/2025\/10\/INFANTIL-Dentro-D\u00b4agua-foto-de-Fixar-Imagens-1536x1025.jpg 1536w, https:\/\/www2.uepg.br\/fenata\/wp-content\/uploads\/sites\/136\/2025\/10\/INFANTIL-Dentro-D\u00b4agua-foto-de-Fixar-Imagens-1232x823.jpg 1232w, https:\/\/www2.uepg.br\/fenata\/wp-content\/uploads\/sites\/136\/2025\/10\/INFANTIL-Dentro-D\u00b4agua-foto-de-Fixar-Imagens-1618x1080.jpg 1618w, https:\/\/www2.uepg.br\/fenata\/wp-content\/uploads\/sites\/136\/2025\/10\/INFANTIL-Dentro-D\u00b4agua-foto-de-Fixar-Imagens-272x182.jpg 272w, https:\/\/www2.uepg.br\/fenata\/wp-content\/uploads\/sites\/136\/2025\/10\/INFANTIL-Dentro-D\u00b4agua-foto-de-Fixar-Imagens.jpg 1730w\" sizes=\"(max-width: 1024px) 100vw, 1024px\" \/><\/div><\/div><\/div><\/div><\/div><div id=\"pg-1649-3\"  class=\"panel-grid panel-has-style\" ><div class=\"panel-row-style panel-row-style-for-1649-3\" ><div id=\"pgc-1649-3-0\"  class=\"panel-grid-cell\" ><div id=\"panel-1649-3-0-0\" class=\"so-panel widget widget_sow-editor panel-first-child panel-last-child\" data-index=\"6\" ><div class=\"panel-widget-style panel-widget-style-for-1649-3-0-0\" ><div\n\t\t\t\n\t\t\tclass=\"so-widget-sow-editor so-widget-sow-editor-base\"\n\t\t\t\n\t\t><h3 class=\"widget-title\">Ora bolas, Clarinha e suas hist\u00f3rias<\/h3>\n<div class=\"siteorigin-widget-tinymce textwidget\">\n\t<p style=\"text-align: justify\">Companhia Maria Em\u00edlia (S\u00e3o Paulo\/SP)<\/p>\n<p style=\"text-align: justify\">12\/11 \u2013 quarta-feira - 14h \u2013 Cine-Teatro \u00d3pera C<\/p>\n<p style=\"text-align: justify\">Classifica\u00e7\u00e3o: livre<br \/>\nDura\u00e7\u00e3o: 50 min<\/p>\n<p style=\"text-align: justify\">Sinopse: Seguindo o caminho das lendas e das hist\u00f3rias cl\u00e1ssicas que tanto encantam as crian\u00e7as e adultos de todas as idades, sem fugir da regra de \u201cquem conta um conto aumenta um ponto\u201d, o p\u00fablico \u00e9 convidado a acompanhar a saga de Clarinha, numa jornada de aventuras que v\u00e3o da cozinha de sua casa a um reino nem t\u00e3o encantado, enquanto passa por temas e quest\u00f5es importantes da inf\u00e2ncia - como amizade, medos, inseguran\u00e7as, constru\u00e7\u00e3o de car\u00e1ter e muita fantasia.<\/p>\n<p>Ingressos: gratuito - distribui\u00e7\u00e3o 30 minutos antes do in\u00edcio do espet\u00e1culo.<\/p>\n<\/div>\n<\/div><\/div><\/div><\/div><div id=\"pgc-1649-3-1\"  class=\"panel-grid-cell\" ><div id=\"panel-1649-3-1-0\" class=\"so-panel widget widget_media_image panel-first-child panel-last-child\" data-index=\"7\" ><div class=\"panel-widget-style panel-widget-style-for-1649-3-1-0\" ><img width=\"1024\" height=\"683\" src=\"https:\/\/www2.uepg.br\/fenata\/wp-content\/uploads\/sites\/136\/2025\/10\/INFANTIL-Ora-Bolas-foto-de-Igor-Franco-1024x683.jpg\" class=\"image wp-image-1665  attachment-large size-large\" alt=\"\" loading=\"lazy\" style=\"max-width: 100%; height: auto;\" srcset=\"https:\/\/www2.uepg.br\/fenata\/wp-content\/uploads\/sites\/136\/2025\/10\/INFANTIL-Ora-Bolas-foto-de-Igor-Franco-1024x683.jpg 1024w, https:\/\/www2.uepg.br\/fenata\/wp-content\/uploads\/sites\/136\/2025\/10\/INFANTIL-Ora-Bolas-foto-de-Igor-Franco-300x200.jpg 300w, https:\/\/www2.uepg.br\/fenata\/wp-content\/uploads\/sites\/136\/2025\/10\/INFANTIL-Ora-Bolas-foto-de-Igor-Franco-768x512.jpg 768w, https:\/\/www2.uepg.br\/fenata\/wp-content\/uploads\/sites\/136\/2025\/10\/INFANTIL-Ora-Bolas-foto-de-Igor-Franco-1536x1024.jpg 1536w, https:\/\/www2.uepg.br\/fenata\/wp-content\/uploads\/sites\/136\/2025\/10\/INFANTIL-Ora-Bolas-foto-de-Igor-Franco-2048x1365.jpg 2048w, https:\/\/www2.uepg.br\/fenata\/wp-content\/uploads\/sites\/136\/2025\/10\/INFANTIL-Ora-Bolas-foto-de-Igor-Franco-1232x821.jpg 1232w, https:\/\/www2.uepg.br\/fenata\/wp-content\/uploads\/sites\/136\/2025\/10\/INFANTIL-Ora-Bolas-foto-de-Igor-Franco-1620x1080.jpg 1620w, https:\/\/www2.uepg.br\/fenata\/wp-content\/uploads\/sites\/136\/2025\/10\/INFANTIL-Ora-Bolas-foto-de-Igor-Franco-272x182.jpg 272w\" sizes=\"(max-width: 1024px) 100vw, 1024px\" \/><\/div><\/div><\/div><\/div><\/div><\/div>","protected":false},"excerpt":{"rendered":"<p>GPeTI &#8211; Grupo de Pesquisa em Teatro para Inf\u00e2ncia (Curitiba\/PR) 09\/11 &#8211; domingo \u2013 15h \u2013 Cine-Teatro \u00d3pera B Classifica\u00e7\u00e3o: livre (indicado para 4 a 9 anos) Dura\u00e7\u00e3o: 50 min Sinopse: O espet\u00e1culo traz para a cena bonecos e objetos manipulados para contar a hist\u00f3ria de Pi e Tat\u00e1: dois monstros que vivem rotinas repetitivas&nbsp;&hellip;<\/p>\n","protected":false},"author":84,"featured_media":0,"parent":0,"menu_order":0,"comment_status":"closed","ping_status":"closed","template":"","meta":{"_monsterinsights_skip_tracking":false,"_monsterinsights_sitenote_active":false,"_monsterinsights_sitenote_note":"","_monsterinsights_sitenote_category":0},"_links":{"self":[{"href":"https:\/\/www2.uepg.br\/fenata\/wp-json\/wp\/v2\/pages\/1649"}],"collection":[{"href":"https:\/\/www2.uepg.br\/fenata\/wp-json\/wp\/v2\/pages"}],"about":[{"href":"https:\/\/www2.uepg.br\/fenata\/wp-json\/wp\/v2\/types\/page"}],"author":[{"embeddable":true,"href":"https:\/\/www2.uepg.br\/fenata\/wp-json\/wp\/v2\/users\/84"}],"replies":[{"embeddable":true,"href":"https:\/\/www2.uepg.br\/fenata\/wp-json\/wp\/v2\/comments?post=1649"}],"version-history":[{"count":10,"href":"https:\/\/www2.uepg.br\/fenata\/wp-json\/wp\/v2\/pages\/1649\/revisions"}],"predecessor-version":[{"id":1744,"href":"https:\/\/www2.uepg.br\/fenata\/wp-json\/wp\/v2\/pages\/1649\/revisions\/1744"}],"wp:attachment":[{"href":"https:\/\/www2.uepg.br\/fenata\/wp-json\/wp\/v2\/media?parent=1649"}],"curies":[{"name":"wp","href":"https:\/\/api.w.org\/{rel}","templated":true}]}}