{"id":1669,"date":"2025-10-28T14:13:47","date_gmt":"2025-10-28T17:13:47","guid":{"rendered":"https:\/\/www2.uepg.br\/fenata\/?page_id=1669"},"modified":"2025-11-03T21:56:10","modified_gmt":"2025-11-04T00:56:10","slug":"mostra-campos-gerais","status":"publish","type":"page","link":"https:\/\/www2.uepg.br\/fenata\/mostra-campos-gerais\/","title":{"rendered":"MOSTRA CAMPOS GERAIS"},"content":{"rendered":"<div id=\"pl-1669\"  class=\"panel-layout\" ><div id=\"pg-1669-0\"  class=\"panel-grid panel-has-style\" ><div class=\"panel-row-style panel-row-style-for-1669-0\" ><div id=\"pgc-1669-0-0\"  class=\"panel-grid-cell\" ><div id=\"panel-1669-0-0-0\" class=\"so-panel widget widget_sow-editor panel-first-child panel-last-child\" data-index=\"0\" ><div class=\"panel-widget-style panel-widget-style-for-1669-0-0-0\" ><div\n\t\t\t\n\t\t\tclass=\"so-widget-sow-editor so-widget-sow-editor-base\"\n\t\t\t\n\t\t><h3 class=\"widget-title\">Folguedo de causos mi\u00fados<\/h3>\n<div class=\"siteorigin-widget-tinymce textwidget\">\n\t<p>Cia Impacto em Cena (Palmeira\/PR)<\/p>\n<p>09\/11 - domingo - 20h30 \u2013 Teatro CECI<\/p>\n<p>Classifica\u00e7\u00e3o: livre<br \/>\nDura\u00e7\u00e3o: 60 min<\/p>\n<p style=\"text-align: justify\">Sinopse: \u2018Folguedo de Causos Mi\u00fados\u2019 \u00e9 um espet\u00e1culo que celebra a riqueza da cultura popular brasileira por meio de lendas, m\u00fasicas e hist\u00f3rias que atravessam gera\u00e7\u00f5es. Com linguagem po\u00e9tica, elementos do teatro de sombras contempor\u00e2neo, conta\u00e7\u00e3o de causos, bonecos mamulengos e m\u00fasica ao vivo, a pe\u00e7a conduz o p\u00fablico por um universo l\u00fadico e encantador, onde o imagin\u00e1rio se mistura ao real. Uma experi\u00eancia sens\u00edvel, divertida e emocionante, que desperta mem\u00f3rias e convida crian\u00e7as e adultos a redescobrir o poder da tradi\u00e7\u00e3o oral e do folclore nacional.<\/p>\n<p>Ingressos: gratuito - distribui\u00e7\u00e3o 30 minutos antes do in\u00edcio do espet\u00e1culo.<\/p>\n<\/div>\n<\/div><\/div><\/div><\/div><div id=\"pgc-1669-0-1\"  class=\"panel-grid-cell\" ><div id=\"panel-1669-0-1-0\" class=\"so-panel widget widget_media_image panel-first-child panel-last-child\" data-index=\"1\" ><img width=\"1024\" height=\"683\" src=\"https:\/\/www2.uepg.br\/fenata\/wp-content\/uploads\/sites\/136\/2025\/10\/CAMPOS-GERAIS-Folguedo-de-Causos-Miudos-foto-de-Igor-Henrique-Moreira-1024x683.jpg\" class=\"image wp-image-1671  attachment-large size-large\" alt=\"\" loading=\"lazy\" style=\"max-width: 100%; height: auto;\" srcset=\"https:\/\/www2.uepg.br\/fenata\/wp-content\/uploads\/sites\/136\/2025\/10\/CAMPOS-GERAIS-Folguedo-de-Causos-Miudos-foto-de-Igor-Henrique-Moreira-1024x683.jpg 1024w, https:\/\/www2.uepg.br\/fenata\/wp-content\/uploads\/sites\/136\/2025\/10\/CAMPOS-GERAIS-Folguedo-de-Causos-Miudos-foto-de-Igor-Henrique-Moreira-300x200.jpg 300w, https:\/\/www2.uepg.br\/fenata\/wp-content\/uploads\/sites\/136\/2025\/10\/CAMPOS-GERAIS-Folguedo-de-Causos-Miudos-foto-de-Igor-Henrique-Moreira-768x512.jpg 768w, https:\/\/www2.uepg.br\/fenata\/wp-content\/uploads\/sites\/136\/2025\/10\/CAMPOS-GERAIS-Folguedo-de-Causos-Miudos-foto-de-Igor-Henrique-Moreira-1536x1024.jpg 1536w, https:\/\/www2.uepg.br\/fenata\/wp-content\/uploads\/sites\/136\/2025\/10\/CAMPOS-GERAIS-Folguedo-de-Causos-Miudos-foto-de-Igor-Henrique-Moreira-2048x1365.jpg 2048w, https:\/\/www2.uepg.br\/fenata\/wp-content\/uploads\/sites\/136\/2025\/10\/CAMPOS-GERAIS-Folguedo-de-Causos-Miudos-foto-de-Igor-Henrique-Moreira-1232x821.jpg 1232w, https:\/\/www2.uepg.br\/fenata\/wp-content\/uploads\/sites\/136\/2025\/10\/CAMPOS-GERAIS-Folguedo-de-Causos-Miudos-foto-de-Igor-Henrique-Moreira-1620x1080.jpg 1620w, https:\/\/www2.uepg.br\/fenata\/wp-content\/uploads\/sites\/136\/2025\/10\/CAMPOS-GERAIS-Folguedo-de-Causos-Miudos-foto-de-Igor-Henrique-Moreira-272x182.jpg 272w\" sizes=\"(max-width: 1024px) 100vw, 1024px\" \/><\/div><\/div><\/div><\/div><div id=\"pg-1669-1\"  class=\"panel-grid panel-has-style\" ><div class=\"panel-row-style panel-row-style-for-1669-1\" ><div id=\"pgc-1669-1-0\"  class=\"panel-grid-cell\" ><div id=\"panel-1669-1-0-0\" class=\"so-panel widget widget_sow-editor panel-first-child panel-last-child\" data-index=\"2\" ><div class=\"panel-widget-style panel-widget-style-for-1669-1-0-0\" ><div\n\t\t\t\n\t\t\tclass=\"so-widget-sow-editor so-widget-sow-editor-base\"\n\t\t\t\n\t\t><h3 class=\"widget-title\">Est\u00f3rias para Thalita<\/h3>\n<div class=\"siteorigin-widget-tinymce textwidget\">\n\t<p>Grupo Teatral UNIDEV\/Ceci (Ponta Grossa\/PR)<\/p>\n<p>13\/11 \u2013 quinta-feira \u2013 14h \u2013 Teatro CECI<\/p>\n<p>Classifica\u00e7\u00e3o: livre<\/p>\n<p>Dura\u00e7\u00e3o: 40 min<\/p>\n<p style=\"text-align: justify\">Sinopse: Encanto e magia, lendas e hist\u00f3rias de lugares distantes salpicam com pitadas de aventura e romantismo uma linda rela\u00e7\u00e3o de amizade entre uma Menina e um P\u00e1ssaro diferente dos demais. Estes s\u00e3o ingredientes que ir\u00e3o temperar a visita de uma querida neta a seu velho av\u00f4.<\/p>\n<p>Ingressos: gratuito - distribui\u00e7\u00e3o 30 minutos antes do in\u00edcio do espet\u00e1culo.<\/p>\n<\/div>\n<\/div><\/div><\/div><\/div><div id=\"pgc-1669-1-1\"  class=\"panel-grid-cell\" ><div id=\"panel-1669-1-1-0\" class=\"so-panel widget widget_media_image panel-first-child panel-last-child\" data-index=\"3\" ><img width=\"1024\" height=\"683\" src=\"https:\/\/www2.uepg.br\/fenata\/wp-content\/uploads\/sites\/136\/2025\/10\/CAMPOS-GERAIS-Estorias-para-Talita-foto-de-Jonas-Boita-1024x683.jpg\" class=\"image wp-image-1673  attachment-large size-large\" alt=\"\" loading=\"lazy\" style=\"max-width: 100%; height: auto;\" srcset=\"https:\/\/www2.uepg.br\/fenata\/wp-content\/uploads\/sites\/136\/2025\/10\/CAMPOS-GERAIS-Estorias-para-Talita-foto-de-Jonas-Boita-1024x683.jpg 1024w, https:\/\/www2.uepg.br\/fenata\/wp-content\/uploads\/sites\/136\/2025\/10\/CAMPOS-GERAIS-Estorias-para-Talita-foto-de-Jonas-Boita-300x200.jpg 300w, https:\/\/www2.uepg.br\/fenata\/wp-content\/uploads\/sites\/136\/2025\/10\/CAMPOS-GERAIS-Estorias-para-Talita-foto-de-Jonas-Boita-768x512.jpg 768w, https:\/\/www2.uepg.br\/fenata\/wp-content\/uploads\/sites\/136\/2025\/10\/CAMPOS-GERAIS-Estorias-para-Talita-foto-de-Jonas-Boita-1536x1024.jpg 1536w, https:\/\/www2.uepg.br\/fenata\/wp-content\/uploads\/sites\/136\/2025\/10\/CAMPOS-GERAIS-Estorias-para-Talita-foto-de-Jonas-Boita-2048x1365.jpg 2048w, https:\/\/www2.uepg.br\/fenata\/wp-content\/uploads\/sites\/136\/2025\/10\/CAMPOS-GERAIS-Estorias-para-Talita-foto-de-Jonas-Boita-1232x821.jpg 1232w, https:\/\/www2.uepg.br\/fenata\/wp-content\/uploads\/sites\/136\/2025\/10\/CAMPOS-GERAIS-Estorias-para-Talita-foto-de-Jonas-Boita-1620x1080.jpg 1620w, https:\/\/www2.uepg.br\/fenata\/wp-content\/uploads\/sites\/136\/2025\/10\/CAMPOS-GERAIS-Estorias-para-Talita-foto-de-Jonas-Boita-272x182.jpg 272w\" sizes=\"(max-width: 1024px) 100vw, 1024px\" \/><\/div><\/div><\/div><\/div><div id=\"pg-1669-2\"  class=\"panel-grid panel-has-style\" ><div class=\"panel-row-style panel-row-style-for-1669-2\" ><div id=\"pgc-1669-2-0\"  class=\"panel-grid-cell\" ><div id=\"panel-1669-2-0-0\" class=\"so-panel widget widget_sow-editor panel-first-child panel-last-child\" data-index=\"4\" ><div class=\"panel-widget-style panel-widget-style-for-1669-2-0-0\" ><div\n\t\t\t\n\t\t\tclass=\"so-widget-sow-editor so-widget-sow-editor-base\"\n\t\t\t\n\t\t><h3 class=\"widget-title\">A viagem de Zen\u00e3o<\/h3>\n<div class=\"siteorigin-widget-tinymce textwidget\">\n\t<p style=\"text-align: justify\">Castro EnCena (Castro\/PR)<\/p>\n<p style=\"text-align: justify\">13\/11 \u2013 quinta-feira - 10h \u2013 Sesc Esta\u00e7\u00e3o Saudade<\/p>\n<p style=\"text-align: justify\">Classifica\u00e7\u00e3o: livre<br \/>\nDura\u00e7\u00e3o: 60 min<\/p>\n<p style=\"text-align: justify\">Sinopse: A Viagem de Zen\u00e3o conta a hist\u00f3ria de um novi\u00e7o meio atrapalhado que, por causa de um feiti\u00e7o malfeito de um monge alquimista, acaba vivendo uma aventura inesperada. A ideia era trazer o maior s\u00e1bio do futuro para zoar o famoso Galileu Galilei\u2026 mas o feiti\u00e7o d\u00e1 errado e quem aparece \u00e9 um garotinho nada comum. Da\u00ed em diante, a pe\u00e7a vira uma viagem no tempo divertida e curiosa, para mostrar que ci\u00eancia, imagina\u00e7\u00e3o e amizade podem andar de m\u00e3os dadas.<\/p>\n<p>Ingressos: gratuito - distribui\u00e7\u00e3o antecipada no SAC do Sesc Esta\u00e7\u00e3o Saudade<\/p>\n<\/div>\n<\/div><\/div><\/div><\/div><div id=\"pgc-1669-2-1\"  class=\"panel-grid-cell\" ><div id=\"panel-1669-2-1-0\" class=\"so-panel widget widget_media_image panel-first-child panel-last-child\" data-index=\"5\" ><img width=\"1024\" height=\"768\" src=\"https:\/\/www2.uepg.br\/fenata\/wp-content\/uploads\/sites\/136\/2025\/10\/CAMPOS-GERAIS-A-viagem-de-Zenao-foto-de-Mateus-Ribeiro-1024x768.jpeg\" class=\"image wp-image-1676  attachment-large size-large\" alt=\"\" loading=\"lazy\" style=\"max-width: 100%; height: auto;\" srcset=\"https:\/\/www2.uepg.br\/fenata\/wp-content\/uploads\/sites\/136\/2025\/10\/CAMPOS-GERAIS-A-viagem-de-Zenao-foto-de-Mateus-Ribeiro-1024x768.jpeg 1024w, https:\/\/www2.uepg.br\/fenata\/wp-content\/uploads\/sites\/136\/2025\/10\/CAMPOS-GERAIS-A-viagem-de-Zenao-foto-de-Mateus-Ribeiro-300x225.jpeg 300w, https:\/\/www2.uepg.br\/fenata\/wp-content\/uploads\/sites\/136\/2025\/10\/CAMPOS-GERAIS-A-viagem-de-Zenao-foto-de-Mateus-Ribeiro-768x576.jpeg 768w, https:\/\/www2.uepg.br\/fenata\/wp-content\/uploads\/sites\/136\/2025\/10\/CAMPOS-GERAIS-A-viagem-de-Zenao-foto-de-Mateus-Ribeiro-1536x1152.jpeg 1536w, https:\/\/www2.uepg.br\/fenata\/wp-content\/uploads\/sites\/136\/2025\/10\/CAMPOS-GERAIS-A-viagem-de-Zenao-foto-de-Mateus-Ribeiro-2048x1536.jpeg 2048w, https:\/\/www2.uepg.br\/fenata\/wp-content\/uploads\/sites\/136\/2025\/10\/CAMPOS-GERAIS-A-viagem-de-Zenao-foto-de-Mateus-Ribeiro-1232x924.jpeg 1232w, https:\/\/www2.uepg.br\/fenata\/wp-content\/uploads\/sites\/136\/2025\/10\/CAMPOS-GERAIS-A-viagem-de-Zenao-foto-de-Mateus-Ribeiro-1440x1080.jpeg 1440w\" sizes=\"(max-width: 1024px) 100vw, 1024px\" \/><\/div><\/div><\/div><\/div><div id=\"pg-1669-3\"  class=\"panel-grid panel-has-style\" ><div class=\"panel-row-style panel-row-style-for-1669-3\" ><div id=\"pgc-1669-3-0\"  class=\"panel-grid-cell\" ><div id=\"panel-1669-3-0-0\" class=\"so-panel widget widget_sow-editor panel-first-child panel-last-child\" data-index=\"6\" ><div class=\"panel-widget-style panel-widget-style-for-1669-3-0-0\" ><div\n\t\t\t\n\t\t\tclass=\"so-widget-sow-editor so-widget-sow-editor-base\"\n\t\t\t\n\t\t><h3 class=\"widget-title\">Bugiganga<\/h3>\n<div class=\"siteorigin-widget-tinymce textwidget\">\n\t<p style=\"text-align: justify\">GTPG - Grupo de Teatro de Ponta Grossa (Ponta Grossa\/PR)<\/p>\n<p style=\"text-align: justify\">13\/11 \u2013 quinta-feira - 18h30 \u2013 Centro de Cultura \u2013 Pra\u00e7a Faris Michaele<\/p>\n<p style=\"text-align: justify\">Classifica\u00e7\u00e3o: 12 anos<br \/>\nDura\u00e7\u00e3o: 40 min<\/p>\n<p style=\"text-align: justify\">Sinopse: Bugiganga \u00e9 uma ilha cercada por montanhas, onde um povo peculiar vive uma tradi\u00e7\u00e3o absolutamente absurda, por\u00e9m... inevit\u00e1vel. Todo ano, os habitantes dessa ilha aguardam ansiosamente o sorteio que decidir\u00e1 quem participar\u00e1 do ritual mais temido dos sete mares. Entre mensageiros misteriosos, uma grande divindade debochada e parentes indesejados, o destino de uma fam\u00edlia inteira enfrentar\u00e1 situa\u00e7\u00f5es que s\u00e3o o puro suco do caos. Misturando o humor de buf\u00f5es impiedosos e uma boa dose de nonsense, a pe\u00e7a conduz o p\u00fablico a uma sequ\u00eancia de reviravoltas imprevis\u00edveis. \u2018Bugiganga\u2019, uma com\u00e9dia irreverente e \u00e1cida, onde a tradi\u00e7\u00e3o, o poder e os la\u00e7os familiares se cruzam de forma t\u00e3o absurda que s\u00f3 poderia acontecer em Bugiganga mesmo.<\/p>\n<p>Ingressos: gratuito - por ordem de chegada.<\/p>\n<\/div>\n<\/div><\/div><\/div><\/div><div id=\"pgc-1669-3-1\"  class=\"panel-grid-cell\" ><div id=\"panel-1669-3-1-0\" class=\"so-panel widget widget_media_image panel-first-child panel-last-child\" data-index=\"7\" ><div class=\"panel-widget-style panel-widget-style-for-1669-3-1-0\" ><img width=\"1024\" height=\"683\" src=\"https:\/\/www2.uepg.br\/fenata\/wp-content\/uploads\/sites\/136\/2025\/10\/CAMPOS-GERAIS-Bugiganga-foto-de-Lauriane-Fotografias-1024x683.jpg\" class=\"image wp-image-1678  attachment-large size-large\" alt=\"\" loading=\"lazy\" style=\"max-width: 100%; height: auto;\" srcset=\"https:\/\/www2.uepg.br\/fenata\/wp-content\/uploads\/sites\/136\/2025\/10\/CAMPOS-GERAIS-Bugiganga-foto-de-Lauriane-Fotografias-1024x683.jpg 1024w, https:\/\/www2.uepg.br\/fenata\/wp-content\/uploads\/sites\/136\/2025\/10\/CAMPOS-GERAIS-Bugiganga-foto-de-Lauriane-Fotografias-300x200.jpg 300w, https:\/\/www2.uepg.br\/fenata\/wp-content\/uploads\/sites\/136\/2025\/10\/CAMPOS-GERAIS-Bugiganga-foto-de-Lauriane-Fotografias-768x512.jpg 768w, https:\/\/www2.uepg.br\/fenata\/wp-content\/uploads\/sites\/136\/2025\/10\/CAMPOS-GERAIS-Bugiganga-foto-de-Lauriane-Fotografias-1536x1024.jpg 1536w, https:\/\/www2.uepg.br\/fenata\/wp-content\/uploads\/sites\/136\/2025\/10\/CAMPOS-GERAIS-Bugiganga-foto-de-Lauriane-Fotografias-2048x1365.jpg 2048w, https:\/\/www2.uepg.br\/fenata\/wp-content\/uploads\/sites\/136\/2025\/10\/CAMPOS-GERAIS-Bugiganga-foto-de-Lauriane-Fotografias-1232x821.jpg 1232w, https:\/\/www2.uepg.br\/fenata\/wp-content\/uploads\/sites\/136\/2025\/10\/CAMPOS-GERAIS-Bugiganga-foto-de-Lauriane-Fotografias-1620x1080.jpg 1620w, https:\/\/www2.uepg.br\/fenata\/wp-content\/uploads\/sites\/136\/2025\/10\/CAMPOS-GERAIS-Bugiganga-foto-de-Lauriane-Fotografias-272x182.jpg 272w\" sizes=\"(max-width: 1024px) 100vw, 1024px\" \/><\/div><\/div><\/div><\/div><\/div><\/div>","protected":false},"excerpt":{"rendered":"<p>Cia Impacto em Cena (Palmeira\/PR) 09\/11 &#8211; domingo &#8211; 20h30 \u2013 Teatro CECI Classifica\u00e7\u00e3o: livre Dura\u00e7\u00e3o: 60 min Sinopse: \u2018Folguedo de Causos Mi\u00fados\u2019 \u00e9 um espet\u00e1culo que celebra a riqueza da cultura popular brasileira por meio de lendas, m\u00fasicas e hist\u00f3rias que atravessam gera\u00e7\u00f5es. Com linguagem po\u00e9tica, elementos do teatro de sombras contempor\u00e2neo, conta\u00e7\u00e3o de&nbsp;&hellip;<\/p>\n","protected":false},"author":84,"featured_media":0,"parent":0,"menu_order":0,"comment_status":"closed","ping_status":"closed","template":"","meta":{"_monsterinsights_skip_tracking":false,"_monsterinsights_sitenote_active":false,"_monsterinsights_sitenote_note":"","_monsterinsights_sitenote_category":0},"_links":{"self":[{"href":"https:\/\/www2.uepg.br\/fenata\/wp-json\/wp\/v2\/pages\/1669"}],"collection":[{"href":"https:\/\/www2.uepg.br\/fenata\/wp-json\/wp\/v2\/pages"}],"about":[{"href":"https:\/\/www2.uepg.br\/fenata\/wp-json\/wp\/v2\/types\/page"}],"author":[{"embeddable":true,"href":"https:\/\/www2.uepg.br\/fenata\/wp-json\/wp\/v2\/users\/84"}],"replies":[{"embeddable":true,"href":"https:\/\/www2.uepg.br\/fenata\/wp-json\/wp\/v2\/comments?post=1669"}],"version-history":[{"count":7,"href":"https:\/\/www2.uepg.br\/fenata\/wp-json\/wp\/v2\/pages\/1669\/revisions"}],"predecessor-version":[{"id":1735,"href":"https:\/\/www2.uepg.br\/fenata\/wp-json\/wp\/v2\/pages\/1669\/revisions\/1735"}],"wp:attachment":[{"href":"https:\/\/www2.uepg.br\/fenata\/wp-json\/wp\/v2\/media?parent=1669"}],"curies":[{"name":"wp","href":"https:\/\/api.w.org\/{rel}","templated":true}]}}