{"id":1683,"date":"2025-10-29T15:50:35","date_gmt":"2025-10-29T18:50:35","guid":{"rendered":"https:\/\/www2.uepg.br\/fenata\/?page_id=1683"},"modified":"2025-11-03T23:13:03","modified_gmt":"2025-11-04T02:13:03","slug":"teatro-cientifico","status":"publish","type":"page","link":"https:\/\/www2.uepg.br\/fenata\/teatro-cientifico\/","title":{"rendered":"TEATRO CIENT\u00cdFICO"},"content":{"rendered":"<div id=\"pl-1683\"  class=\"panel-layout\" ><div id=\"pg-1683-0\"  class=\"panel-grid panel-has-style\" ><div class=\"panel-row-style panel-row-style-for-1683-0\" ><div id=\"pgc-1683-0-0\"  class=\"panel-grid-cell\" ><div id=\"panel-1683-0-0-0\" class=\"so-panel widget widget_sow-editor panel-first-child panel-last-child\" data-index=\"0\" ><div class=\"panel-widget-style panel-widget-style-for-1683-0-0-0\" ><div\n\t\t\t\n\t\t\tclass=\"so-widget-sow-editor so-widget-sow-editor-base\"\n\t\t\t\n\t\t><h3 class=\"widget-title\">Pingo, uma gotinha rumo ao mar<\/h3>\n<div class=\"siteorigin-widget-tinymce textwidget\">\n\t<p class=\"western\" style=\"text-align: justify\" align=\"justify\">Grupo de Teatro Cient\u00edfico da UEPG (Ponta Grossa\/PR)<\/p>\n<p class=\"western\" style=\"text-align: justify\" align=\"justify\">09\/11 \u2013 domingo \u2013 16h \u2013 Sesc Esta\u00e7\u00e3o Saudade<\/p>\n<p align=\"justify\">11\/11 - ter\u00e7a-feira - 10h - CAIC<\/p>\n<p class=\"western\" style=\"text-align: justify\" align=\"justify\">Classifica\u00e7\u00e3o: livre<\/p>\n<p class=\"western\" style=\"text-align: justify\" align=\"justify\">Dura\u00e7\u00e3o: 45 min<\/p>\n<p class=\"western\" style=\"text-align: justify\" align=\"justify\">Sinopse: Pingo \u00e9 uma pequena e sonhadora gotinha d'\u00e1gua que nasceu como orvalho em uma folha de grama. Ao ouvir hist\u00f3rias sobre lugares distantes, Pingo parte em uma aventura para conhecer o mundo, passando para uma po\u00e7a, um riacho e um grande rio, at\u00e9 chegar ao mar. \u2018Pingo, uma gotinha rumo ao mar\u2019 tenta apresentar, de forma l\u00fadica, o ciclo das \u00e1guas, mas alguma coisa est\u00e1 fora do lugar: nada mais \u00e9 como nas hist\u00f3rias que Pingo ouviu.<\/p>\n<p align=\"justify\">Ingressos: gratuito - distribui\u00e7\u00e3o antecipada no SAC do Sesc Esta\u00e7\u00e3o Saudade<\/p>\n<\/div>\n<\/div><\/div><\/div><\/div><div id=\"pgc-1683-0-1\"  class=\"panel-grid-cell\" ><div id=\"panel-1683-0-1-0\" class=\"so-panel widget widget_media_image panel-first-child panel-last-child\" data-index=\"1\" ><img width=\"1024\" height=\"681\" src=\"https:\/\/www2.uepg.br\/fenata\/wp-content\/uploads\/sites\/136\/2025\/10\/WhatsApp-Image-2025-10-29-at-15.48.38-1024x681.jpeg\" class=\"image wp-image-1723  attachment-large size-large\" alt=\"\" loading=\"lazy\" style=\"max-width: 100%; height: auto;\" srcset=\"https:\/\/www2.uepg.br\/fenata\/wp-content\/uploads\/sites\/136\/2025\/10\/WhatsApp-Image-2025-10-29-at-15.48.38-1024x681.jpeg 1024w, https:\/\/www2.uepg.br\/fenata\/wp-content\/uploads\/sites\/136\/2025\/10\/WhatsApp-Image-2025-10-29-at-15.48.38-300x199.jpeg 300w, https:\/\/www2.uepg.br\/fenata\/wp-content\/uploads\/sites\/136\/2025\/10\/WhatsApp-Image-2025-10-29-at-15.48.38-768x511.jpeg 768w, https:\/\/www2.uepg.br\/fenata\/wp-content\/uploads\/sites\/136\/2025\/10\/WhatsApp-Image-2025-10-29-at-15.48.38-1232x819.jpeg 1232w, https:\/\/www2.uepg.br\/fenata\/wp-content\/uploads\/sites\/136\/2025\/10\/WhatsApp-Image-2025-10-29-at-15.48.38-272x182.jpeg 272w, https:\/\/www2.uepg.br\/fenata\/wp-content\/uploads\/sites\/136\/2025\/10\/WhatsApp-Image-2025-10-29-at-15.48.38.jpeg 1504w\" sizes=\"(max-width: 1024px) 100vw, 1024px\" \/><\/div><\/div><\/div><\/div><div id=\"pg-1683-1\"  class=\"panel-grid panel-has-style\" ><div class=\"panel-row-style panel-row-style-for-1683-1\" ><div id=\"pgc-1683-1-0\"  class=\"panel-grid-cell\" ><div id=\"panel-1683-1-0-0\" class=\"so-panel widget widget_sow-editor panel-first-child panel-last-child\" data-index=\"2\" ><div class=\"panel-widget-style panel-widget-style-for-1683-1-0-0\" ><div\n\t\t\t\n\t\t\tclass=\"so-widget-sow-editor so-widget-sow-editor-base\"\n\t\t\t\n\t\t><h3 class=\"widget-title\">A que faz<\/h3>\n<div class=\"siteorigin-widget-tinymce textwidget\">\n\t<p style=\"text-align: justify\">Grupo de Teatro Cient\u00edfico da UEPG (Ponta Grossa\/PR)<\/p>\n<p style=\"text-align: justify\">10\/11 \u2013 segunda-feira - 10h \u2013 Escola<\/p>\n<p style=\"text-align: justify\">Classifica\u00e7\u00e3o: livre<br \/>\nDura\u00e7\u00e3o: 50 min<\/p>\n<p style=\"text-align: justify\">Sinopse: \u2018A que faz\u2019 prop\u00f5e uma imers\u00e3o na saga de mulheres cientistas a partir do ponto de vista de uma menina, de uma mulher e de uma senhora. A hist\u00f3ria se passa na cidade fict\u00edcia de 'N\u00e3o \u00e9 Aqui', com uma narrativa n\u00e3o linear que conta a trajet\u00f3ria de mulheres cientistas ao longo de 50 anos. As mulheres s\u00e3o as protagonistas de ciclos que, em vez de se repetir, se modificam. Alguns ciclos se modificam na mem\u00f3ria, ressignificando uma exist\u00eancia; outros se modificam pela a\u00e7\u00e3o intencional e aquilo que dela resulta, redesenhando trajet\u00f3rias. Afinal, o que faz uma mulher cientista?<\/p>\n<p>Apresenta\u00e7\u00e3o voltada a alunos e professores.<\/p>\n<\/div>\n<\/div><\/div><\/div><\/div><div id=\"pgc-1683-1-1\"  class=\"panel-grid-cell\" ><div id=\"panel-1683-1-1-0\" class=\"so-panel widget widget_media_image panel-first-child panel-last-child\" data-index=\"3\" ><img width=\"1024\" height=\"683\" src=\"https:\/\/www2.uepg.br\/fenata\/wp-content\/uploads\/sites\/136\/2025\/10\/CIENTIFICO-A-que-faz-foto-de-Fabio-Vicente-1024x683.jpg\" class=\"image wp-image-1687  attachment-large size-large\" alt=\"\" loading=\"lazy\" style=\"max-width: 100%; height: auto;\" srcset=\"https:\/\/www2.uepg.br\/fenata\/wp-content\/uploads\/sites\/136\/2025\/10\/CIENTIFICO-A-que-faz-foto-de-Fabio-Vicente-1024x683.jpg 1024w, https:\/\/www2.uepg.br\/fenata\/wp-content\/uploads\/sites\/136\/2025\/10\/CIENTIFICO-A-que-faz-foto-de-Fabio-Vicente-300x200.jpg 300w, https:\/\/www2.uepg.br\/fenata\/wp-content\/uploads\/sites\/136\/2025\/10\/CIENTIFICO-A-que-faz-foto-de-Fabio-Vicente-768x512.jpg 768w, https:\/\/www2.uepg.br\/fenata\/wp-content\/uploads\/sites\/136\/2025\/10\/CIENTIFICO-A-que-faz-foto-de-Fabio-Vicente-1536x1024.jpg 1536w, https:\/\/www2.uepg.br\/fenata\/wp-content\/uploads\/sites\/136\/2025\/10\/CIENTIFICO-A-que-faz-foto-de-Fabio-Vicente-1232x821.jpg 1232w, https:\/\/www2.uepg.br\/fenata\/wp-content\/uploads\/sites\/136\/2025\/10\/CIENTIFICO-A-que-faz-foto-de-Fabio-Vicente-1620x1080.jpg 1620w, https:\/\/www2.uepg.br\/fenata\/wp-content\/uploads\/sites\/136\/2025\/10\/CIENTIFICO-A-que-faz-foto-de-Fabio-Vicente-272x182.jpg 272w, https:\/\/www2.uepg.br\/fenata\/wp-content\/uploads\/sites\/136\/2025\/10\/CIENTIFICO-A-que-faz-foto-de-Fabio-Vicente.jpg 2048w\" sizes=\"(max-width: 1024px) 100vw, 1024px\" \/><\/div><\/div><\/div><\/div><div id=\"pg-1683-2\"  class=\"panel-grid panel-has-style\" ><div class=\"panel-row-style panel-row-style-for-1683-2\" ><div id=\"pgc-1683-2-0\"  class=\"panel-grid-cell\" ><div id=\"panel-1683-2-0-0\" class=\"so-panel widget widget_sow-editor panel-first-child panel-last-child\" data-index=\"4\" ><div class=\"panel-widget-style panel-widget-style-for-1683-2-0-0\" ><div\n\t\t\t\n\t\t\tclass=\"so-widget-sow-editor so-widget-sow-editor-base\"\n\t\t\t\n\t\t><h3 class=\"widget-title\">Cora\u00e7\u00e3o em chagas <\/h3>\n<div class=\"siteorigin-widget-tinymce textwidget\">\n\t<p style=\"text-align: justify\">Grupo de Teatro Cient\u00edfico da UEPG (Ponta Grossa\/PR)<\/p>\n<p style=\"text-align: justify\">10\/11 \u2013 segunda-feira - 14h \u2013 Escola<\/p>\n<p style=\"text-align: justify\">Classifica\u00e7\u00e3o: 12 anos<br \/>\nDura\u00e7\u00e3o: 55 min<\/p>\n<p style=\"text-align: justify\">Sinopse: \u2018Cora\u00e7\u00e3o em Chagas\u2019 apresenta, por meio de um olhar hist\u00f3rico, art\u00edstico, cient\u00edfico e, acima de tudo, humano, um cientista (Carlos Chagas) e suas descobertas. O contexto social e a vida cotidiana s\u00e3o a fonte de conhecimento para cientistas que amam, acima de tudo, as pessoas. Na trama, a tem\u00e1tica da doen\u00e7a de Chagas \u00e9 apresentada, tamb\u00e9m, por meio de pesquisas de mulheres cientistas que investigam esse tema na UEPG. Atrav\u00e9s da pe\u00e7a teatral, o conhecimento cient\u00edfico sobre a doen\u00e7a de Chagas \u00e9 apresentado, enfatizando aspectos sociais e culturais que podem desencadear novas doen\u00e7as.<\/p>\n<p>Apresenta\u00e7\u00e3o direcionada a alunos e professores.<\/p>\n<\/div>\n<\/div><\/div><\/div><\/div><div id=\"pgc-1683-2-1\"  class=\"panel-grid-cell\" ><div id=\"panel-1683-2-1-0\" class=\"so-panel widget widget_media_image panel-first-child panel-last-child\" data-index=\"5\" ><img width=\"1024\" height=\"683\" src=\"https:\/\/www2.uepg.br\/fenata\/wp-content\/uploads\/sites\/136\/2025\/10\/CIENTIFICO-Coracao-em-Chagas-foto-de-Carol-Dums-1024x683.jpg\" class=\"image wp-image-1693  attachment-large size-large\" alt=\"\" loading=\"lazy\" style=\"max-width: 100%; height: auto;\" srcset=\"https:\/\/www2.uepg.br\/fenata\/wp-content\/uploads\/sites\/136\/2025\/10\/CIENTIFICO-Coracao-em-Chagas-foto-de-Carol-Dums-1024x683.jpg 1024w, https:\/\/www2.uepg.br\/fenata\/wp-content\/uploads\/sites\/136\/2025\/10\/CIENTIFICO-Coracao-em-Chagas-foto-de-Carol-Dums-300x200.jpg 300w, https:\/\/www2.uepg.br\/fenata\/wp-content\/uploads\/sites\/136\/2025\/10\/CIENTIFICO-Coracao-em-Chagas-foto-de-Carol-Dums-768x512.jpg 768w, https:\/\/www2.uepg.br\/fenata\/wp-content\/uploads\/sites\/136\/2025\/10\/CIENTIFICO-Coracao-em-Chagas-foto-de-Carol-Dums-1536x1024.jpg 1536w, https:\/\/www2.uepg.br\/fenata\/wp-content\/uploads\/sites\/136\/2025\/10\/CIENTIFICO-Coracao-em-Chagas-foto-de-Carol-Dums-2048x1365.jpg 2048w, https:\/\/www2.uepg.br\/fenata\/wp-content\/uploads\/sites\/136\/2025\/10\/CIENTIFICO-Coracao-em-Chagas-foto-de-Carol-Dums-1232x821.jpg 1232w, https:\/\/www2.uepg.br\/fenata\/wp-content\/uploads\/sites\/136\/2025\/10\/CIENTIFICO-Coracao-em-Chagas-foto-de-Carol-Dums-1620x1080.jpg 1620w, https:\/\/www2.uepg.br\/fenata\/wp-content\/uploads\/sites\/136\/2025\/10\/CIENTIFICO-Coracao-em-Chagas-foto-de-Carol-Dums-272x182.jpg 272w\" sizes=\"(max-width: 1024px) 100vw, 1024px\" \/><\/div><\/div><\/div><\/div><div id=\"pg-1683-3\"  class=\"panel-grid panel-has-style\" ><div class=\"panel-row-style panel-row-style-for-1683-3\" ><div id=\"pgc-1683-3-0\"  class=\"panel-grid-cell\" ><div id=\"panel-1683-3-0-0\" class=\"so-panel widget widget_sow-editor panel-first-child panel-last-child\" data-index=\"6\" ><div class=\"panel-widget-style panel-widget-style-for-1683-3-0-0\" ><div\n\t\t\t\n\t\t\tclass=\"so-widget-sow-editor so-widget-sow-editor-base\"\n\t\t\t\n\t\t><h3 class=\"widget-title\">O dia em que o br\u00f3colis salvou a Terra <\/h3>\n<div class=\"siteorigin-widget-tinymce textwidget\">\n\t<p style=\"text-align: justify\">Neperfekta Coletivo Art\u00edstico (Matinhos\/PR)<\/p>\n<p style=\"text-align: justify\">10\/11 \u2013 segunda-feira - 15h \u2013 CAIC<\/p>\n<p style=\"text-align: justify\">Classifica\u00e7\u00e3o: livre<br \/>\nDura\u00e7\u00e3o: 45 min<\/p>\n<p style=\"text-align: justify\">Sinopse: A pe\u00e7a conta a hist\u00f3ria de Juliana Ney, uma menina atrapalhada e debochada que odeia comer qualquer alimento saud\u00e1vel. Mal sabia ela que por conta desses pequenos maus h\u00e1bitos alimentares o destino do planeta Terra agora corre grande perigo. O espet\u00e1culo aborda quest\u00f5es como consumo e produ\u00e7\u00e3o de alimentos, melhores h\u00e1bitos alimentares e socioambientais, al\u00e9m de trazer conceitos b\u00e1sicos de sa\u00fade, teatro, educa\u00e7\u00e3o e meio ambiente.<\/p>\n<p>Apresenta\u00e7\u00e3o voltada aos alunos e professores do CAIC.<\/p>\n<\/div>\n<\/div><\/div><\/div><\/div><div id=\"pgc-1683-3-1\"  class=\"panel-grid-cell\" ><div id=\"panel-1683-3-1-0\" class=\"so-panel widget widget_media_image panel-first-child panel-last-child\" data-index=\"7\" ><img width=\"1024\" height=\"682\" src=\"https:\/\/www2.uepg.br\/fenata\/wp-content\/uploads\/sites\/136\/2025\/10\/CIENTIFICO-O-dia-em-que-o-brocolis-salvou-a-Terra-foto-de-Beatriz-Fluz-1024x682.jpeg\" class=\"image wp-image-1684  attachment-large size-large\" alt=\"\" loading=\"lazy\" style=\"max-width: 100%; height: auto;\" srcset=\"https:\/\/www2.uepg.br\/fenata\/wp-content\/uploads\/sites\/136\/2025\/10\/CIENTIFICO-O-dia-em-que-o-brocolis-salvou-a-Terra-foto-de-Beatriz-Fluz-1024x682.jpeg 1024w, https:\/\/www2.uepg.br\/fenata\/wp-content\/uploads\/sites\/136\/2025\/10\/CIENTIFICO-O-dia-em-que-o-brocolis-salvou-a-Terra-foto-de-Beatriz-Fluz-300x200.jpeg 300w, https:\/\/www2.uepg.br\/fenata\/wp-content\/uploads\/sites\/136\/2025\/10\/CIENTIFICO-O-dia-em-que-o-brocolis-salvou-a-Terra-foto-de-Beatriz-Fluz-768x512.jpeg 768w, https:\/\/www2.uepg.br\/fenata\/wp-content\/uploads\/sites\/136\/2025\/10\/CIENTIFICO-O-dia-em-que-o-brocolis-salvou-a-Terra-foto-de-Beatriz-Fluz-1232x821.jpeg 1232w, https:\/\/www2.uepg.br\/fenata\/wp-content\/uploads\/sites\/136\/2025\/10\/CIENTIFICO-O-dia-em-que-o-brocolis-salvou-a-Terra-foto-de-Beatriz-Fluz-272x182.jpeg 272w, https:\/\/www2.uepg.br\/fenata\/wp-content\/uploads\/sites\/136\/2025\/10\/CIENTIFICO-O-dia-em-que-o-brocolis-salvou-a-Terra-foto-de-Beatriz-Fluz.jpeg 1280w\" sizes=\"(max-width: 1024px) 100vw, 1024px\" \/><\/div><\/div><\/div><\/div><div id=\"pg-1683-4\"  class=\"panel-grid panel-has-style\" ><div class=\"panel-row-style panel-row-style-for-1683-4\" ><div id=\"pgc-1683-4-0\"  class=\"panel-grid-cell\" ><div id=\"panel-1683-4-0-0\" class=\"so-panel widget widget_sow-editor panel-first-child panel-last-child\" data-index=\"8\" ><div class=\"panel-widget-style panel-widget-style-for-1683-4-0-0\" ><div\n\t\t\t\n\t\t\tclass=\"so-widget-sow-editor so-widget-sow-editor-base\"\n\t\t\t\n\t\t><h3 class=\"widget-title\">Sete ensaios depois do fim do mundo<\/h3>\n<div class=\"siteorigin-widget-tinymce textwidget\">\n\t<p style=\"text-align: justify\">Grupo de Teatro Cient\u00edfico da UEPG (Ponta Grossa\/PR)<\/p>\n<p style=\"text-align: justify\">11\/11 \u2013 ter\u00e7a-feira - 18h \u2013 UTFPR<\/p>\n<p style=\"text-align: justify\">Classifica\u00e7\u00e3o: 14 anos<br \/>\nDura\u00e7\u00e3o: 60 min<\/p>\n<p style=\"text-align: justify\">Sinopse: Uma sala de universidade parece ser, inexplicavelmente, o \u00faltimo ambiente que restou depois do fim do mundo. Presos nesta sala e tentando entender o que houve, est\u00e3o um aluno e sua orientadora. Livremente inspirado na obra de Ailton Krenak, \u2018Sete Ensaios Depois do Fim do Mundo\u2019 apresenta uma alegoria sobre nossa hist\u00f3ria e nossos dias. O que podemos fazer quando o c\u00e9u pesa sobre n\u00f3s?<\/p>\n<p>Ingressos: gratuito - por ordem de chegada.<\/p>\n<\/div>\n<\/div><\/div><\/div><\/div><div id=\"pgc-1683-4-1\"  class=\"panel-grid-cell\" ><div id=\"panel-1683-4-1-0\" class=\"so-panel widget widget_media_image panel-first-child panel-last-child\" data-index=\"9\" ><img width=\"1024\" height=\"683\" src=\"https:\/\/www2.uepg.br\/fenata\/wp-content\/uploads\/sites\/136\/2025\/10\/CIENTIFICO-Sete-Ensaios-foto-de-Fabio-Vicente-1024x683.jpg\" class=\"image wp-image-1691  attachment-large size-large\" alt=\"\" loading=\"lazy\" style=\"max-width: 100%; height: auto;\" srcset=\"https:\/\/www2.uepg.br\/fenata\/wp-content\/uploads\/sites\/136\/2025\/10\/CIENTIFICO-Sete-Ensaios-foto-de-Fabio-Vicente-1024x683.jpg 1024w, https:\/\/www2.uepg.br\/fenata\/wp-content\/uploads\/sites\/136\/2025\/10\/CIENTIFICO-Sete-Ensaios-foto-de-Fabio-Vicente-300x200.jpg 300w, https:\/\/www2.uepg.br\/fenata\/wp-content\/uploads\/sites\/136\/2025\/10\/CIENTIFICO-Sete-Ensaios-foto-de-Fabio-Vicente-768x512.jpg 768w, https:\/\/www2.uepg.br\/fenata\/wp-content\/uploads\/sites\/136\/2025\/10\/CIENTIFICO-Sete-Ensaios-foto-de-Fabio-Vicente-1536x1024.jpg 1536w, https:\/\/www2.uepg.br\/fenata\/wp-content\/uploads\/sites\/136\/2025\/10\/CIENTIFICO-Sete-Ensaios-foto-de-Fabio-Vicente-1232x821.jpg 1232w, https:\/\/www2.uepg.br\/fenata\/wp-content\/uploads\/sites\/136\/2025\/10\/CIENTIFICO-Sete-Ensaios-foto-de-Fabio-Vicente-1620x1080.jpg 1620w, https:\/\/www2.uepg.br\/fenata\/wp-content\/uploads\/sites\/136\/2025\/10\/CIENTIFICO-Sete-Ensaios-foto-de-Fabio-Vicente-272x182.jpg 272w, https:\/\/www2.uepg.br\/fenata\/wp-content\/uploads\/sites\/136\/2025\/10\/CIENTIFICO-Sete-Ensaios-foto-de-Fabio-Vicente.jpg 2048w\" sizes=\"(max-width: 1024px) 100vw, 1024px\" \/><\/div><\/div><\/div><\/div><\/div>","protected":false},"excerpt":{"rendered":"<p>Grupo de Teatro Cient\u00edfico da UEPG (Ponta Grossa\/PR) 09\/11 \u2013 domingo \u2013 16h \u2013 Sesc Esta\u00e7\u00e3o Saudade 11\/11 &#8211; ter\u00e7a-feira &#8211; 10h &#8211; CAIC Classifica\u00e7\u00e3o: livre Dura\u00e7\u00e3o: 45 min Sinopse: Pingo \u00e9 uma pequena e sonhadora gotinha d&#8217;\u00e1gua que nasceu como orvalho em uma folha de grama. Ao ouvir hist\u00f3rias sobre lugares distantes, Pingo parte&nbsp;&hellip;<\/p>\n","protected":false},"author":84,"featured_media":0,"parent":0,"menu_order":0,"comment_status":"closed","ping_status":"closed","template":"","meta":{"_monsterinsights_skip_tracking":false,"_monsterinsights_sitenote_active":false,"_monsterinsights_sitenote_note":"","_monsterinsights_sitenote_category":0},"_links":{"self":[{"href":"https:\/\/www2.uepg.br\/fenata\/wp-json\/wp\/v2\/pages\/1683"}],"collection":[{"href":"https:\/\/www2.uepg.br\/fenata\/wp-json\/wp\/v2\/pages"}],"about":[{"href":"https:\/\/www2.uepg.br\/fenata\/wp-json\/wp\/v2\/types\/page"}],"author":[{"embeddable":true,"href":"https:\/\/www2.uepg.br\/fenata\/wp-json\/wp\/v2\/users\/84"}],"replies":[{"embeddable":true,"href":"https:\/\/www2.uepg.br\/fenata\/wp-json\/wp\/v2\/comments?post=1683"}],"version-history":[{"count":7,"href":"https:\/\/www2.uepg.br\/fenata\/wp-json\/wp\/v2\/pages\/1683\/revisions"}],"predecessor-version":[{"id":1741,"href":"https:\/\/www2.uepg.br\/fenata\/wp-json\/wp\/v2\/pages\/1683\/revisions\/1741"}],"wp:attachment":[{"href":"https:\/\/www2.uepg.br\/fenata\/wp-json\/wp\/v2\/media?parent=1683"}],"curies":[{"name":"wp","href":"https:\/\/api.w.org\/{rel}","templated":true}]}}