{"id":449,"date":"2020-08-26T11:44:46","date_gmt":"2020-08-26T14:44:46","guid":{"rendered":"http:\/\/www2.uepg.br\/fenata\/?page_id=449"},"modified":"2025-10-27T14:18:09","modified_gmt":"2025-10-27T17:18:09","slug":"editais","status":"publish","type":"page","link":"https:\/\/www2.uepg.br\/fenata\/editais\/","title":{"rendered":"Editais"},"content":{"rendered":"<h2 style=\"text-align: center\"><\/h2>\n<h2 style=\"text-align: center\">53\u00ba Fenata (2025)<\/h2>\n<p style=\"text-align: center\"><strong>MEIA ENTRADA\u00a0 NO 53\u00ba FENATA\u00a0 &#8211;\u00a0 ARTISTAS E ALUNOS DE TEATRO DE PONTA GROSSA\u00a0<\/strong><\/p>\n<p style=\"text-align: center\"><a href=\"https:\/\/forms.gle\/sq9jPHUCJJH6wLUe6\">https:\/\/forms.gle\/sq9jPHUCJJH6wLUe6<\/a><\/p>\n<p style=\"text-align: center\"><strong>Mostra Boteco\u00a0<\/strong><\/p>\n<p style=\"text-align: center\"><a href=\"http:\/\/www2.uepg.br\/fenata\/wp-content\/uploads\/sites\/136\/2025\/10\/Regulamento-retificacao-Mostra-de-Teatro-de-Boteco.pdf\">Regulamento retifica\u00e7\u00e3o &#8211; Mostra de Teatro de Boteco<\/a><\/p>\n<p style=\"text-align: center\"><a href=\"http:\/\/www2.uepg.br\/fenata\/wp-content\/uploads\/sites\/136\/2025\/10\/Regulamento-Mostra-de-Teatro-de-Boteco-1.pdf\">Regulamento &#8211; Mostra de Teatro de Boteco<\/a><\/p>\n<p style=\"text-align: center\"><a href=\"https:\/\/forms.gle\/uPV1Jas5mXoDG2Av6\">https:\/\/forms.gle\/uPV1Jas5mXoDG2Av6<\/a><\/p>\n<h3 style=\"text-align: center\">Voluntariado<\/h3>\n<p style=\"text-align: center\"><a href=\"http:\/\/www2.uepg.br\/fenata\/wp-content\/uploads\/sites\/136\/2025\/10\/Edital-voluntariado-53o-FENATA.docx-1-1-1.pdf\">Edital Voluntariado<\/a><\/p>\n<p style=\"text-align: center\"><a href=\"https:\/\/forms.gle\/c4PetUTppLsgwU4z7\">Inscri\u00e7\u00f5es voluntariado 53\u00b0 FENATA: ENCERRADO<\/a><\/p>\n<p style=\"text-align: center\"><a href=\"http:\/\/www2.uepg.br\/fenata\/wp-content\/uploads\/sites\/136\/2025\/10\/53-FENATA-SELECAO-DE-VOLUNTARIOS.pdf\">Resultado sele\u00e7\u00e3o dos volunt\u00e1rios<\/a><\/p>\n<h3 style=\"text-align: center\">Prestadores de servi\u00e7os<\/h3>\n<p style=\"text-align: center\"><a href=\"http:\/\/www2.uepg.br\/fenata\/wp-content\/uploads\/sites\/136\/2025\/10\/EDITAL-FAUEPG-No-195-2025-RESULTADO-FINAL-DO-CHAMAMENTO-PUBLICO-PARA-PRESTADORES-DE-SERVICO-NO-53o-FENATA.pdf\">EDITAL-FAUEPG-No-195-2025-RESULTADO-FINAL-DO-CHAMAMENTO-PUBLICO-PARA-PRESTADORES-DE-SERVICO-NO-53o-FENATA<\/a><\/p>\n<p style=\"text-align: center\"><a href=\"http:\/\/www2.uepg.br\/fenata\/wp-content\/uploads\/sites\/136\/2025\/10\/EDITAL-FAUEPG-No-188-2025-RESULTADO-PRELIMINAR-DO-CHAMAMENTO-PUBLICO-PARA-PRESTADORES-DE-SERVICO-NO-53o-FENATA.pdf\">EDITAL DE RESULTADO PRELIMINAR N\u00b0 188\/2025: PRESTADORES DE SERVI\u00c7OS PARA ATUA\u00c7\u00c3O NO 53\u00ba FENATA <\/a><\/p>\n<p style=\"text-align: center\"><a href=\"https:\/\/www2.uepg.br\/fenata\/wp-content\/uploads\/sites\/136\/2025\/10\/EDITAL-FAUEPG-183.pdf\">EDITAL DE HOMOLOGA\u00c7\u00c3O DE INSCRI\u00c7\u00d5ES N\u00b0 183\/2025: PRESTADORES DE SERVI\u00c7OS PARA ATUA\u00c7\u00c3O NO 53\u00ba FENATA<\/a><\/p>\n<p style=\"text-align: center\"><a href=\"https:\/\/www2.uepg.br\/fenata\/wp-content\/uploads\/sites\/136\/2025\/09\/EDITAL-FAUEPG-No-172-2025-CHAMAMENTO-PUBLICO-PARA-PRESTADORES-DE-SERVICO-NO-52o-FENATA.pdf\">EDITAL DE CHAMAMENTO P\u00daBLICO DE PESSOA JUR\u00cdDICA N\u00b0 172\/2025: PRESTADORES DE SERVI\u00c7OS<\/a><\/p>\n<p style=\"text-align: center\"><a href=\"https:\/\/docs.google.com\/forms\/d\/1FUfWHjLZdCYZaCBoLerobgKMA-z8XOMU2FfzT-xF-Og\/edit\">Inscri\u00e7\u00f5es Pessoa Jur\u00eddica: ENCERRADO<\/a><\/p>\n<p>&nbsp;<\/p>\n<h3 style=\"text-align: center\">Sele\u00e7\u00e3o de pe\u00e7as<\/h3>\n<p style=\"text-align: center\"><a href=\"http:\/\/www2.uepg.br\/fenata\/wp-content\/uploads\/sites\/136\/2025\/07\/Regulamento-53o-FENATA.pdf\">Regulamento 53\u00b0 FENATA<\/a><\/p>\n<p style=\"text-align: center\"><a href=\"http:\/\/www2.uepg.br\/fenata\/wp-content\/uploads\/sites\/136\/2025\/08\/Deferimento-inscricoes-53-FENATA.pdf\">Deferimento inscri\u00e7\u00f5es 53 FENATA<\/a><\/p>\n<p style=\"text-align: center\"><a href=\"http:\/\/www2.uepg.br\/fenata\/wp-content\/uploads\/sites\/136\/2025\/09\/Espetaculos-selecionados.pdf\">Espet\u00e1culos selecionados<\/a><\/p>\n<p>&nbsp;<\/p>\n<h2 style=\"text-align: center\">52\u00ba Fenata (2024)<\/h2>\n<p style=\"text-align: center\"><a href=\"http:\/\/www2.uepg.br\/fenata\/wp-content\/uploads\/sites\/136\/2024\/06\/Chamada-publica-52o-Fenata-1.pdf\">Regulamento 52\u00ba FENATA<\/a><\/p>\n<p style=\"text-align: center\"><a href=\"http:\/\/www2.uepg.br\/fenata\/wp-content\/uploads\/sites\/136\/2024\/08\/Espetaculos-selecionados-1.pdf\">Selecionados para o 52\u00ba FENATA<\/a><\/p>\n<p style=\"text-align: center\"><a href=\"https:\/\/www2.uepg.br\/proex\/wp-content\/uploads\/sites\/8\/2024\/10\/Edital-voluntariado-52o-FENATA.docx.pdf\">Edital voluntariado<\/a><\/p>\n<p style=\"text-align: center\"><a href=\"https:\/\/www2.uepg.br\/proex\/wp-content\/uploads\/sites\/8\/2024\/10\/Documento-sem-titulo-6.pdf\">Resultado edital de voluntariado<\/a><\/p>\n<p>&nbsp;<\/p>\n<p style=\"text-align: center\"><a href=\"https:\/\/www.fauepg.org.br\/wp-content\/uploads\/\/sites\/133\/2024\/09\/EDITAL-FAUEPG-No-81-2024-CHAMAMENTO-PUBLICO-PARA-PRESTADORES-DE-SERVICO-NO-52o-FENATA.pdf\">EDITAL DE CHAMAMENTO P\u00daBLICO N\u00b0 81\/2024 \u2013 PRESTADORES DE SERVI\u00c7OS PARA ATUA\u00c7\u00c3O NO 52\u00ba FENATA<\/a><\/p>\n<p style=\"text-align: center\">Encerrado<br \/>\n<a href=\"https:\/\/www.fauepg.org.br\/wp-content\/uploads\/\/sites\/133\/2024\/10\/EDITAL-FAUEPG-No-87-2024-RESULTADO-DO-CHAMAMENTO-PUBLICO-PARA-PRESTADORES-DE-SERVICO-NO-52o-FENATA-2.pdf\">RESULTADO EDITAL DE CHAMAMENTO P\u00daBLICO N\u00b0 81\/2024 \u2013 PRESTADORES DE SERVI\u00c7OS PARA ATUA\u00c7\u00c3O NO 52\u00ba FENATA<\/a><\/p>\n<p>&nbsp;<\/p>\n<p style=\"text-align: center\"><a href=\"https:\/\/www.fauepg.org.br\/wp-content\/uploads\/\/sites\/133\/2024\/10\/EDITAL-FAUEPG-No-93-2024-CHAMAMENTO-PUBLICO-PRESTADOR-DE-SERVICO-52o-FENATA-VAGA-REMANESCENTE-COORDENACAO-RUA.pdf\">EDITAL DE CHAMAMENTO P\u00daBLICO N\u00b0 93\/2024 \u2013 VAGAS REMANESCENTE PRESTADORES DE SERVI\u00c7OSPARA ATUA\u00c7\u00c3O NO 52\u00ba FENATA<\/a><\/p>\n<p style=\"text-align: center\"><a href=\"https:\/\/forms.gle\/otzCbud2tpTtVw8f8\">Inscreva-se aqui<\/a><\/p>\n<h2><\/h2>\n<h2 style=\"text-align: center\">51\u00ba Fenata (2023)<\/h2>\n<p style=\"text-align: center\"><a href=\"http:\/\/www2.uepg.br\/fenata\/wp-content\/uploads\/sites\/136\/2023\/08\/Regulamento-51-FENATA.pdf\">Regulamento 51\u00ba FENATA<\/a><\/p>\n<p style=\"text-align: center\"><a href=\"http:\/\/www2.uepg.br\/fenata\/wp-content\/uploads\/sites\/136\/2023\/08\/Moddelo-de-proposta-de-cache.pdf\">Modelo de proposta de cach\u00ea<\/a><\/p>\n<p style=\"text-align: center\"><a href=\"http:\/\/www2.uepg.br\/fenata\/wp-content\/uploads\/sites\/136\/2023\/09\/Deferimento-das-inscricoes.pdf\">Deferimento das inscri\u00e7\u00f5es<\/a><\/p>\n<p style=\"text-align: center\"><a href=\"http:\/\/www2.uepg.br\/fenata\/wp-content\/uploads\/sites\/136\/2023\/09\/Espetaculos-selecionados-prorrogacao-divulgacao.pdf\">Comunicado &#8211; Espet\u00e1culos selecionados<\/a><\/p>\n<p style=\"text-align: center\"><a href=\"http:\/\/www2.uepg.br\/fenata\/wp-content\/uploads\/sites\/136\/2023\/10\/51o-Fenata-Espetaculos-selecionados.pdf\">Espet\u00e1culos selecionados<\/a><\/p>\n<p style=\"text-align: center\"><a href=\"http:\/\/www2.uepg.br\/fenata\/wp-content\/uploads\/sites\/136\/2023\/10\/Edital-Selecao-de-voluntarios-51o-Fenata-1.pdf\">Sele\u00e7\u00e3o de volunt\u00e1rios<\/a><\/p>\n<p>&nbsp;<\/p>\n<h2 style=\"text-align: center\">50\u00ba Fenata (2022)<\/h2>\n<p style=\"text-align: center\"><a href=\"http:\/\/www2.uepg.br\/fenata\/wp-content\/uploads\/sites\/136\/2022\/08\/REGULAMENTO-50o-FENATA-2.pdf\">REGULAMENTO 50\u00b0 FENATA<\/a><\/p>\n<p style=\"text-align: center\"><a href=\"http:\/\/www2.uepg.br\/fenata\/wp-content\/uploads\/sites\/136\/2022\/09\/Edital-2-deferimento-das-inscricoes-salvo-22-setembro.pdf\">EDITAL N\u00ba 2\u00a0 &#8211; DEFERIMENTO DE INSCRI\u00c7\u00d5ES DA MOSTRA DE TEATRO &#8211; 50\u00ba FENATA<\/a><\/p>\n<p style=\"text-align: center\"><a href=\"http:\/\/www2.uepg.br\/fenata\/wp-content\/uploads\/sites\/136\/2022\/09\/EDITAL-3-ESPETACULOS-SELECIONADOS.pdf\">EDITAL N\u00ba 3 &#8211; ESPET\u00c1CULOS SELECIONADOS MOSTRA DE TREATRO &#8211; 50\u00ba FENATA<\/a><\/p>\n<p style=\"text-align: center\"><a href=\"http:\/\/www2.uepg.br\/fenata\/wp-content\/uploads\/sites\/136\/2022\/09\/Cronograma-apresentacoes-50o-Fenata.pdf\">CRONOGRAMA DE APRESENTA\u00c7\u00d5ES DOS ESPET\u00c1CULOS\u00a0<\/a><\/p>\n<p>&nbsp;<\/p>\n<p style=\"text-align: center\">VOLUNT\u00c1RIOS<\/p>\n<p style=\"text-align: center\"><a href=\"http:\/\/www2.uepg.br\/fenata\/wp-content\/uploads\/sites\/136\/2022\/09\/Edital-Sele\u00e7\u00e3o-de-volunt\u00e1rios-50\u00ba-Fenata.pdf\">EDITAL N\u00ba 1 &#8211; SELE\u00c7\u00c3O VOLUNT\u00c1RIOS DA MOSTRA DE TEATRO 50\u00ba FENATA<\/a><\/p>\n<p style=\"text-align: center\"><a href=\"https:\/\/www2.uepg.br\/proex\/wp-content\/uploads\/sites\/8\/2022\/10\/EDITAL-2-SELECIONADOS-VOLUNTARIOS.pdf\">EDITAL N\u00ba 2 &#8211; RESULTADO SELE\u00c7\u00c3O DE VOLUNT\u00c1RIOS DA MOSTRA DE TEATRO 50\u00ba FENATA<\/a><\/p>\n<p>&nbsp;<\/p>\n<p style=\"text-align: center\">GRUPOS DE TEATRO PARA REALIZA\u00c7\u00c3O DE PALESTRAS<\/p>\n<p style=\"text-align: center\"><a href=\"http:\/\/www2.uepg.br\/fenata\/wp-content\/uploads\/sites\/136\/2022\/09\/Edital-Palestras-50o-Fenata-1-ok.pdf\">EDITAL \u2013 SELE\u00c7\u00c3O DE GRUPOS DE TEATRO PARA REALIZA\u00c7\u00c3O DE PALESTRAS<\/a><\/p>\n<p style=\"text-align: center\"><a href=\"http:\/\/www2.uepg.br\/fenata\/wp-content\/uploads\/sites\/136\/2022\/10\/Resultado-Palestras-50o-Fenata.pdf\">RESULTADO DA SELE\u00c7\u00c3O DE GRUPOS DE TEATRO PARA REALIZA\u00c7\u00c3O DE PALESTRAS<\/a><\/p>\n","protected":false},"excerpt":{"rendered":"<p>53\u00ba Fenata (2025) MEIA ENTRADA\u00a0 NO 53\u00ba FENATA\u00a0 &#8211;\u00a0 ARTISTAS E ALUNOS DE TEATRO DE PONTA GROSSA\u00a0 https:\/\/forms.gle\/sq9jPHUCJJH6wLUe6 Mostra Boteco\u00a0 Regulamento retifica\u00e7\u00e3o &#8211; Mostra de Teatro de Boteco Regulamento &#8211; Mostra de Teatro de Boteco https:\/\/forms.gle\/uPV1Jas5mXoDG2Av6 Voluntariado Edital Voluntariado Inscri\u00e7\u00f5es voluntariado 53\u00b0 FENATA: ENCERRADO Resultado sele\u00e7\u00e3o dos volunt\u00e1rios Prestadores de servi\u00e7os EDITAL-FAUEPG-No-195-2025-RESULTADO-FINAL-DO-CHAMAMENTO-PUBLICO-PARA-PRESTADORES-DE-SERVICO-NO-53o-FENATA EDITAL DE RESULTADO&nbsp;&hellip;<\/p>\n","protected":false},"author":76,"featured_media":678,"parent":0,"menu_order":0,"comment_status":"closed","ping_status":"closed","template":"","meta":{"_monsterinsights_skip_tracking":false,"_monsterinsights_sitenote_active":false,"_monsterinsights_sitenote_note":"","_monsterinsights_sitenote_category":0},"_links":{"self":[{"href":"https:\/\/www2.uepg.br\/fenata\/wp-json\/wp\/v2\/pages\/449"}],"collection":[{"href":"https:\/\/www2.uepg.br\/fenata\/wp-json\/wp\/v2\/pages"}],"about":[{"href":"https:\/\/www2.uepg.br\/fenata\/wp-json\/wp\/v2\/types\/page"}],"author":[{"embeddable":true,"href":"https:\/\/www2.uepg.br\/fenata\/wp-json\/wp\/v2\/users\/76"}],"replies":[{"embeddable":true,"href":"https:\/\/www2.uepg.br\/fenata\/wp-json\/wp\/v2\/comments?post=449"}],"version-history":[{"count":89,"href":"https:\/\/www2.uepg.br\/fenata\/wp-json\/wp\/v2\/pages\/449\/revisions"}],"predecessor-version":[{"id":1478,"href":"https:\/\/www2.uepg.br\/fenata\/wp-json\/wp\/v2\/pages\/449\/revisions\/1478"}],"wp:featuredmedia":[{"embeddable":true,"href":"https:\/\/www2.uepg.br\/fenata\/wp-json\/wp\/v2\/media\/678"}],"wp:attachment":[{"href":"https:\/\/www2.uepg.br\/fenata\/wp-json\/wp\/v2\/media?parent=449"}],"curies":[{"name":"wp","href":"https:\/\/api.w.org\/{rel}","templated":true}]}}