{"id":151,"date":"2019-05-07T12:39:35","date_gmt":"2019-05-07T15:39:35","guid":{"rendered":"http:\/\/www2.uepg.br\/fuc\/?page_id=151"},"modified":"2024-03-19T09:12:18","modified_gmt":"2024-03-19T12:12:18","slug":"videos","status":"publish","type":"page","link":"https:\/\/www2.uepg.br\/fuc\/videos\/","title":{"rendered":"V\u00eddeos"},"content":{"rendered":"<h3 style=\"text-align: center\">35\u00ba Festival Universit\u00e1rio da Can\u00e7\u00e3o (FUC) &#8211; 2023<\/h3>\n<h5 style=\"text-align: center\"><a href=\"https:\/\/www.youtube.com\/watch?v=SdApZkg3U3s\">35\u00ba FUC &#8211; Melhores momentos<\/a><\/h5>\n<h5 style=\"text-align: center\">Apresenta\u00e7\u00f5es<\/h5>\n<p class=\"style-scope ytd-watch-metadata\" style=\"text-align: center\"><a href=\"https:\/\/www.youtube.com\/watch?v=Lezrf7aNl1I\">Chave de Mandril &#8211; Bate Palma<\/a><\/p>\n<p class=\"style-scope ytd-watch-metadata\" style=\"text-align: center\"><a href=\"https:\/\/www.youtube.com\/watch?v=O6RQjKxZTmk\">Silvestre Alves &#8211; Acalanto Princesino<\/a><\/p>\n<p class=\"style-scope ytd-watch-metadata\" style=\"text-align: center\"><a href=\"https:\/\/www.youtube.com\/watch?v=nK1Nld4LBAo\">MUM &#8211; Sanguin\u00e1ria<\/a><\/p>\n<p class=\"style-scope ytd-watch-metadata\" style=\"text-align: center\"><a href=\"https:\/\/www.youtube.com\/watch?v=1pB0COxPp1Q\">Lorinezz &#8211; N\u00e3o quero ser mais uma<\/a><\/p>\n<p class=\"style-scope ytd-watch-metadata\" style=\"text-align: center\"><a href=\"https:\/\/www.youtube.com\/watch?v=SyPBGDkjkPs\">3Madru &#8211; Aprendi Amar<\/a><\/p>\n<p class=\"style-scope ytd-watch-metadata\" style=\"text-align: center\"><a href=\"https:\/\/www.youtube.com\/watch?v=jdRc0sNxJig\">Eulimo &#8211; Felicidade, a autocinesia<\/a><\/p>\n<p class=\"style-scope ytd-watch-metadata\" style=\"text-align: center\"><a href=\"https:\/\/www.youtube.com\/watch?v=dcFTrcF37ls\">Samba com Dend\u00ea &#8211; Samba de terreiro<\/a><\/p>\n<p class=\"style-scope ytd-watch-metadata\" style=\"text-align: center\"><a href=\"https:\/\/www.youtube.com\/watch?v=KMyyO9qtOsQ\">Banda Casa Cantante &#8211; Carta Aberta ao Mundo em R\u00e9 Maior<\/a><\/p>\n<p class=\"style-scope ytd-watch-metadata\" style=\"text-align: center\"><a href=\"https:\/\/www.youtube.com\/watch?v=sRB1Qkt5E34\">William Braz &#8211; Minha Pele<\/a><\/p>\n<p class=\"style-scope ytd-watch-metadata\" style=\"text-align: center\"><a href=\"https:\/\/www.youtube.com\/watch?v=kJ8mvOPQ2vI\">Fernanda Correa &#8211; Estrada de F\u00e9<\/a><\/p>\n<p class=\"style-scope ytd-watch-metadata\" style=\"text-align: center\"><a href=\"https:\/\/www.youtube.com\/watch?v=TJHGQo9V2b4\">Amanda Kristin e Gafanhoto &#8211; Brinde<\/a><\/p>\n<p class=\"style-scope ytd-watch-metadata\" style=\"text-align: center\"><a href=\"https:\/\/www.youtube.com\/watch?v=qT_pbcEgyQ0\">DuoDuke &#8211; Menina Mulher<\/a><\/p>\n<p>&nbsp;<\/p>\n<h5 style=\"text-align: center\">Entrevista com os compositores selecionadas<\/h5>\n<p class=\"style-scope ytd-watch-metadata\" style=\"text-align: center\"><a href=\"https:\/\/www.youtube.com\/watch?v=WD_tDZuYWEg&amp;list=PLOu8X52u8QbbbyudTqtAXUaAT0Jn8TOBH&amp;index=1\">Chave de Mandril<\/a><\/p>\n<p class=\"style-scope ytd-watch-metadata\" style=\"text-align: center\"><a href=\"https:\/\/www.youtube.com\/watch?v=UTa-dudUuSk&amp;list=PLOu8X52u8QbbbyudTqtAXUaAT0Jn8TOBH&amp;index=2\">Silvestre Alves<\/a><\/p>\n<p class=\"style-scope ytd-watch-metadata\" style=\"text-align: center\"><a href=\"https:\/\/www.youtube.com\/watch?v=5y3RiAGPW9s&amp;list=PLOu8X52u8QbbbyudTqtAXUaAT0Jn8TOBH&amp;index=3\">MUM<\/a><\/p>\n<p class=\"style-scope ytd-watch-metadata\" style=\"text-align: center\"><a href=\"https:\/\/www.youtube.com\/watch?v=wR9Os32tJSg&amp;list=PLOu8X52u8QbbbyudTqtAXUaAT0Jn8TOBH&amp;index=4\">Lorinezz<\/a><\/p>\n<p class=\"style-scope ytd-watch-metadata\" style=\"text-align: center\"><a href=\"https:\/\/www.youtube.com\/watch?v=xlorAwKZro0&amp;list=PLOu8X52u8QbbbyudTqtAXUaAT0Jn8TOBH&amp;index=5\">3Madru<\/a><\/p>\n<p class=\"style-scope ytd-watch-metadata\" style=\"text-align: center\"><a href=\"https:\/\/www.youtube.com\/watch?v=HpGnTAvUQgc&amp;list=PLOu8X52u8QbbbyudTqtAXUaAT0Jn8TOBH&amp;index=6\">Eulimo<\/a><\/p>\n<p class=\"style-scope ytd-watch-metadata\" style=\"text-align: center\"><a href=\"https:\/\/www.youtube.com\/watch?v=-uOpgA-Obi4&amp;list=PLOu8X52u8QbbbyudTqtAXUaAT0Jn8TOBH&amp;index=7\">Banda Casa Cantante<\/a><\/p>\n<p class=\"style-scope ytd-watch-metadata\" style=\"text-align: center\"><a href=\"https:\/\/www.youtube.com\/watch?v=ADyqItTr31c&amp;list=PLOu8X52u8QbbbyudTqtAXUaAT0Jn8TOBH&amp;index=8\">Fernanda Corr\u00eaa<\/a><\/p>\n<p class=\"style-scope ytd-watch-metadata\" style=\"text-align: center\"><a href=\"https:\/\/www.youtube.com\/watch?v=aSdYBk69ZW8&amp;list=PLOu8X52u8QbbbyudTqtAXUaAT0Jn8TOBH&amp;index=9\">Amanda Kristin e Gafanhoto<\/a><\/p>\n<p class=\"style-scope ytd-watch-metadata\" style=\"text-align: center\"><a href=\"https:\/\/www.youtube.com\/watch?v=ALQkuFTC7oM&amp;list=PLOu8X52u8QbbbyudTqtAXUaAT0Jn8TOBH&amp;index=10\">Grupo Samba de Dend\u00ea<\/a><\/p>\n<p class=\"style-scope ytd-watch-metadata\" style=\"text-align: center\"><a href=\"https:\/\/www.youtube.com\/watch?v=KeTMBbLxqPM&amp;list=PLOu8X52u8QbbbyudTqtAXUaAT0Jn8TOBH&amp;index=11\">Willian Braz<\/a><\/p>\n<p style=\"text-align: center\"><a href=\"https:\/\/www.youtube.com\/watch?v=oVnCCwYjauU&amp;list=PLOu8X52u8QbbbyudTqtAXUaAT0Jn8TOBH&amp;index=12\">Duo Duke<\/a><\/p>\n<h3><\/h3>\n<h3 style=\"text-align: center\">34\u00ba Festival Universit\u00e1rio da Can\u00e7\u00e3o (FUC) &#8211; 2022<\/h3>\n<h5 style=\"text-align: center\">Apresenta\u00e7\u00f5es<\/h5>\n<p style=\"text-align: center\"><a href=\"https:\/\/youtu.be\/t2f6KJVjJoI\">FUC 2022 &#8211; Carta para Ti\u00e3o<\/a><\/p>\n<p style=\"text-align: center\"><a href=\"https:\/\/youtu.be\/MQyY7wTSQe4\">FUC 2022 &#8211; Fuga<\/a><\/p>\n<p style=\"text-align: center\"><a href=\"https:\/\/youtu.be\/NvD_4rZB0tU\">FUC 2022 &#8211; Aquilo que Podemos Ser<\/a><\/p>\n<p style=\"text-align: center\"><a href=\"https:\/\/youtu.be\/E8anN5-zVoQ\">FUC 2022 &#8211; F\u00e9 Menino<\/a><\/p>\n<p style=\"text-align: center\"><a href=\"https:\/\/youtu.be\/VoDtVbcjhUY\">FUC 2022 &#8211; Sil\u00eancio<\/a><\/p>\n<p style=\"text-align: center\"><a href=\"https:\/\/youtu.be\/4rZ84_ip1mE\">FUC 2022 &#8211; Terra \u00e0 vista<\/a><\/p>\n<p style=\"text-align: center\"><a href=\"https:\/\/youtu.be\/j-EVyEUEGHE\">FUC 2022 &#8211; Acende a Luz do Lampi\u00e3o<\/a><\/p>\n<p style=\"text-align: center\"><a href=\"https:\/\/youtu.be\/rwLsv4Cgijc\">FUC 2022 &#8211; Luz dos Nossos<\/a><\/p>\n<p style=\"text-align: center\"><a href=\"https:\/\/youtu.be\/TQkg9hrNtX0\">FUC 2022 &#8211; Ladeiras da Minha Cabe\u00e7a<\/a><\/p>\n<p style=\"text-align: center\"><a href=\"https:\/\/youtu.be\/vP8AZ6hxHks\">FUC 2022 &#8211; Longe<\/a><\/p>\n<p style=\"text-align: center\"><a href=\"https:\/\/youtu.be\/RAji46ijFZI\">FUC 2022 &#8211; Peda\u00e7os<\/a><\/p>\n<p style=\"text-align: center\"><a href=\"https:\/\/youtu.be\/lwUyZZOfm3w\">FUC 2022 &#8211; Mundo Afora<\/a><\/p>\n<h5 style=\"text-align: center\">Clipes FUC Reverbera<\/h5>\n<p style=\"text-align: center\"><a href=\"https:\/\/www.youtube.com\/watch?v=B7GnGZY286w&amp;list=PLQ0sK0y_SL2GujyV5NZnHjyRyHHWbEUn7&amp;index=8\">Scilas &amp; Banda &#8211; Acende a Luz do Lampia\u0303o<\/a><\/p>\n<h3><\/h3>\n<h3 style=\"text-align: center\">33\u00ba Festival Universit\u00e1rio da Can\u00e7\u00e3o (FUC) &#8211; 2021<\/h3>\n<p style=\"text-align: center\"><a href=\"https:\/\/www.facebook.com\/oficialuepg\/videos\/565343138071112\/?hc_ref=ARS8YbNcr0Suwrr7l9GAucuN3dVPy3Jbs0F9y6BjTLKZGGs6CH6sp8-xxcNrMCxscmw&amp;fref=nf&amp;__xts__[0]=68.ARAYZEH_Ui07MqCA8Qv8JQ02Upezze1jfQIpLZ0gK3vaXvdBMIoZJvsAjxsUEj62IbKFE0orNkSLiqoZ5X0LXLeDnH5-KI1pTtzepBE02pLcuto0TuyaJvtmCJu4Yn-eg5HTdy6EM1p3n-93htwFEsC3nRt4Uwp4CKZWAfsMlWF9FMWxGOloxyK7wlyg8OzKjsBnKI199BGTKF7k2eP9TPVV2DBQW004FJthQ1hCodP2PiARAY7XFkLCMeZqYICEsvcl0p7jHyrVZ9JmW17DQDpHIPWuSGrBpVnu7NIZEw4\">33\u00ba FUC na \u00cdntegra<\/a><\/p>\n<p style=\"text-align: center\"><a href=\"https:\/\/www.youtube.com\/watch?v=Z_HA_-dKNR0&amp;list=UU0FaavHWnRDTYyXpqrWeukw&amp;index=1\">Show do 33\u00b0 FUC<\/a><\/p>\n<h5 style=\"text-align: center\">Entrevistas com artistas selecionados para o 33\u00b0 FUC<\/h5>\n<p style=\"text-align: center\"><a href=\"https:\/\/www.youtube.com\/watch?v=XWWkf8KgCr4&amp;list=UU0FaavHWnRDTYyXpqrWeukw&amp;index=11\">FUC 2021 &#8211; Babim<\/a><\/p>\n<p style=\"text-align: center\"><a href=\"https:\/\/www.youtube.com\/watch?v=wAZKEkw0fAc&amp;list=UU0FaavHWnRDTYyXpqrWeukw&amp;index=10\">FUC 2021 &#8211; Guilherme Santos<\/a><\/p>\n<p style=\"text-align: center\"><a href=\"https:\/\/www.youtube.com\/watch?v=-6YeugRoBcc&amp;list=UU0FaavHWnRDTYyXpqrWeukw&amp;index=9\">FUC 2021 &#8211; Zero Meia<\/a><\/p>\n<p style=\"text-align: center\"><a href=\"https:\/\/www.youtube.com\/watch?v=4qLE2g1peb0&amp;list=UU0FaavHWnRDTYyXpqrWeukw&amp;index=8\">FUC 2021 &#8211; Melissa Garabeli, Phayga Gruber e Phillip Willian<\/a><\/p>\n<p style=\"text-align: center\"><a href=\"https:\/\/www.youtube.com\/watch?v=ANgfDid9Mus&amp;list=UU0FaavHWnRDTYyXpqrWeukw&amp;index=7\">FUC 2021 &#8211; Lucas Cabral<\/a><\/p>\n<p style=\"text-align: center\"><a href=\"https:\/\/www.youtube.com\/watch?v=O0bk27iiWBc&amp;list=UU0FaavHWnRDTYyXpqrWeukw&amp;index=6\">FUC 2021 &#8211; Scilas<\/a><\/p>\n<p style=\"text-align: center\"><a href=\"https:\/\/www.youtube.com\/watch?v=wmFK6OGwfPM&amp;list=UU0FaavHWnRDTYyXpqrWeukw&amp;index=5\">FUC 2021 &#8211; Augusto Aguieiras<\/a><\/p>\n<p style=\"text-align: center\"><a href=\"https:\/\/www.youtube.com\/watch?v=W0jQNgQUTGs&amp;list=UU0FaavHWnRDTYyXpqrWeukw&amp;index=4\">FUC 2021 &#8211; Crioulo Cant\u00e1<\/a><\/p>\n<p style=\"text-align: center\"><a href=\"https:\/\/www.youtube.com\/watch?v=Yf6HdrxwH2M&amp;list=UU0FaavHWnRDTYyXpqrWeukw&amp;index=3\">FUC 2021 &#8211; Luizinho<\/a><\/p>\n<p style=\"text-align: center\"><a href=\"https:\/\/www.youtube.com\/watch?v=q6IrD8OLEzQ&amp;list=UU0FaavHWnRDTYyXpqrWeukw&amp;index=2\">FUC 2021 &#8211; Fios Baianos<\/a><\/p>\n<p>&nbsp;<\/p>\n<p style=\"text-align: center\">\n","protected":false},"excerpt":{"rendered":"<p>35\u00ba Festival Universit\u00e1rio da Can\u00e7\u00e3o (FUC) &#8211; 2023 35\u00ba FUC &#8211; Melhores momentos Apresenta\u00e7\u00f5es Chave de Mandril &#8211; Bate Palma Silvestre Alves &#8211; Acalanto Princesino MUM &#8211; Sanguin\u00e1ria Lorinezz &#8211; N\u00e3o quero ser mais uma 3Madru &#8211; Aprendi Amar Eulimo &#8211; Felicidade, a autocinesia Samba com Dend\u00ea &#8211; Samba de terreiro Banda Casa Cantante &#8211;&nbsp;&hellip;<\/p>\n","protected":false},"author":24,"featured_media":0,"parent":0,"menu_order":0,"comment_status":"closed","ping_status":"closed","template":"","meta":[],"_links":{"self":[{"href":"https:\/\/www2.uepg.br\/fuc\/wp-json\/wp\/v2\/pages\/151"}],"collection":[{"href":"https:\/\/www2.uepg.br\/fuc\/wp-json\/wp\/v2\/pages"}],"about":[{"href":"https:\/\/www2.uepg.br\/fuc\/wp-json\/wp\/v2\/types\/page"}],"author":[{"embeddable":true,"href":"https:\/\/www2.uepg.br\/fuc\/wp-json\/wp\/v2\/users\/24"}],"replies":[{"embeddable":true,"href":"https:\/\/www2.uepg.br\/fuc\/wp-json\/wp\/v2\/comments?post=151"}],"version-history":[{"count":12,"href":"https:\/\/www2.uepg.br\/fuc\/wp-json\/wp\/v2\/pages\/151\/revisions"}],"predecessor-version":[{"id":786,"href":"https:\/\/www2.uepg.br\/fuc\/wp-json\/wp\/v2\/pages\/151\/revisions\/786"}],"wp:attachment":[{"href":"https:\/\/www2.uepg.br\/fuc\/wp-json\/wp\/v2\/media?parent=151"}],"curies":[{"name":"wp","href":"https:\/\/api.w.org\/{rel}","templated":true}]}}