{"id":222,"date":"2019-05-27T08:42:17","date_gmt":"2019-05-27T11:42:17","guid":{"rendered":"http:\/\/www2.uepg.br\/fuc\/?page_id=222"},"modified":"2026-04-01T15:44:05","modified_gmt":"2026-04-01T18:44:05","slug":"editais","status":"publish","type":"page","link":"https:\/\/www2.uepg.br\/fuc\/editais\/","title":{"rendered":"Editais"},"content":{"rendered":"<div id=\"pl-222\"  class=\"panel-layout\" ><div id=\"pg-222-0\"  class=\"panel-grid panel-no-style\" ><div id=\"pgc-222-0-0\"  class=\"panel-grid-cell\" ><div id=\"panel-222-0-0-0\" class=\"so-panel widget widget_sow-editor panel-first-child panel-last-child\" data-index=\"0\" ><div\n\t\t\t\n\t\t\tclass=\"so-widget-sow-editor so-widget-sow-editor-base\"\n\t\t\t\n\t\t>\n<div class=\"siteorigin-widget-tinymce textwidget\">\n\t<div style=\"text-align: center\">\n<h1 class=\"fuc-titulo-pagina\">38\u00ba Festival Universit\u00e1rio da Can\u00e7\u00e3o<\/h1>\n<div class=\"fuc-titulo-barra\"><\/div>\n<\/div>\n<p><!-- IN\u00cdCIO DO GRUPO DE DOCUMENTOS 3 --><\/p>\n<div class=\"fuc-data-grupo\">\n<div class=\"fuc-data-header\">\ud83d\udcc5 PUBLICADO EM: 01\/04\/2026<\/div>\n<p><a class=\"fuc-link-doc\" href=\"https:\/\/www2.uepg.br\/fuc\/wp-content\/uploads\/sites\/12\/2026\/04\/EDITAL-DE-HOMOLOGACAO-DAS-CANCOES-INSCRITAS.pdf\" target=\"_blank\" rel=\"noopener\">Edital de homologa\u00e7\u00e3o das can\u00e7\u00f5es inscritas<br \/>\n<span class=\"fuc-badge-download\">Visualizar<\/span><br \/>\n<\/a><\/p>\n<\/div>\n<p><!-- FIM DO GRUPO DE DOCUMENTOS 3 --><br \/>\n<!-- IN\u00cdCIO DO GRUPO DE DOCUMENTOS 2 --><\/p>\n<div class=\"fuc-data-grupo\">\n<div class=\"fuc-data-header\">\ud83d\udcc5 PUBLICADO EM: 12\/03\/2026<\/div>\n<p><a class=\"fuc-link-doc\" href=\"https:\/\/www2.uepg.br\/fuc\/wp-content\/uploads\/sites\/12\/2026\/03\/EDITAL-FAUEPG-57-2026-PRESTADORES-DE-SERVICOS-38-FUC..pdf\" target=\"_blank\" rel=\"noopener\">EDITAL DE CHAMAMENTO P\u00daBLICO - Prestadores de servi\u00e7o<br \/>\n<span class=\"fuc-badge-download\">Visualizar<\/span><br \/>\n<\/a><a class=\"fuc-link-doc\" href=\"https:\/\/docs.google.com\/forms\/d\/e\/1FAIpQLSfhY85Ecug--3YPDBIUlZZhW6yurE7JFaGOERGqqUPZJPhFPA\/viewform\" target=\"_blank\" rel=\"noopener\">INSCRI\u00c7\u00d5ES - Prestadores de servi\u00e7o<br \/>\n<span class=\"fuc-badge-download\">Inscrever-se<\/span><br \/>\n<\/a><\/p>\n<p>&nbsp;<\/p>\n<\/div>\n<p><!-- FIM DO GRUPO DE DOCUMENTOS 2 --><\/p>\n<p><!-- IN\u00cdCIO DO GRUPO DE DOCUMENTOS 1 --><\/p>\n<div class=\"fuc-data-grupo\">\n<div class=\"fuc-data-header\">\ud83d\udcc5 PUBLICADO EM: 19\/02\/2026<\/div>\n<p><a class=\"fuc-link-doc\" href=\"https:\/\/www2.uepg.br\/fuc\/wp-content\/uploads\/sites\/12\/2026\/02\/REGULAMENTO-38o-FESTIVAL-UNIVERSITARIO-DA-CANCAO-2026-VERSAO-FINAL.pdf\" target=\"_blank\" rel=\"noopener\">REGULAMENTO<br \/>\n<span class=\"fuc-badge-download\">Visualizar<\/span><br \/>\n<\/a><\/p>\n<p><a class=\"fuc-link-doc\" href=\"https:\/\/www2.uepg.br\/fuc\/wp-content\/uploads\/sites\/12\/2026\/02\/ANEXO-I-CESSAO-DE-DIREITOS.pdf\" target=\"_blank\" rel=\"noopener\">ANEXO I - Cess\u00e3o de direitos<br \/>\n<span class=\"fuc-badge-download\">Visualizar<\/span><br \/>\n<\/a><\/p>\n<p><a class=\"fuc-link-doc\" href=\"https:\/\/www2.uepg.br\/fuc\/wp-content\/uploads\/sites\/12\/2026\/02\/ANEXO-II-DECLARACAO-DE-CO-RESIDENCIA.pdf\" target=\"_blank\" rel=\"noopener\">ANEXO II - Declara\u00e7\u00e3o de co-resid\u00eancia<br \/>\n<span class=\"fuc-badge-download\">Visualizar<\/span><br \/>\n<\/a><\/p>\n<\/div>\n<p><!-- FIM DO GRUPO DE DOCUMENTOS --><br \/>\n<!-- Para novos editais no futuro, basta copiar o bloco \"fuc-data-grupo\" acima e colar aqui embaixo --><\/p>\n<\/div>\n<\/div><\/div><\/div><\/div><\/div>","protected":false},"excerpt":{"rendered":"<p>38\u00ba Festival Universit\u00e1rio da Can\u00e7\u00e3o \ud83d\udcc5 PUBLICADO EM: 01\/04\/2026 Edital de homologa\u00e7\u00e3o das can\u00e7\u00f5es inscritas Visualizar \ud83d\udcc5 PUBLICADO EM: 12\/03\/2026 EDITAL DE CHAMAMENTO P\u00daBLICO &#8211; Prestadores de servi\u00e7o Visualizar INSCRI\u00c7\u00d5ES &#8211; Prestadores de servi\u00e7o Inscrever-se &nbsp; \ud83d\udcc5 PUBLICADO EM: 19\/02\/2026 REGULAMENTO Visualizar ANEXO I &#8211; Cess\u00e3o de direitos Visualizar ANEXO II &#8211; Declara\u00e7\u00e3o de co-resid\u00eancia&nbsp;&hellip;<\/p>\n","protected":false},"author":24,"featured_media":0,"parent":0,"menu_order":0,"comment_status":"closed","ping_status":"closed","template":"","meta":[],"_links":{"self":[{"href":"https:\/\/www2.uepg.br\/fuc\/wp-json\/wp\/v2\/pages\/222"}],"collection":[{"href":"https:\/\/www2.uepg.br\/fuc\/wp-json\/wp\/v2\/pages"}],"about":[{"href":"https:\/\/www2.uepg.br\/fuc\/wp-json\/wp\/v2\/types\/page"}],"author":[{"embeddable":true,"href":"https:\/\/www2.uepg.br\/fuc\/wp-json\/wp\/v2\/users\/24"}],"replies":[{"embeddable":true,"href":"https:\/\/www2.uepg.br\/fuc\/wp-json\/wp\/v2\/comments?post=222"}],"version-history":[{"count":81,"href":"https:\/\/www2.uepg.br\/fuc\/wp-json\/wp\/v2\/pages\/222\/revisions"}],"predecessor-version":[{"id":1105,"href":"https:\/\/www2.uepg.br\/fuc\/wp-json\/wp\/v2\/pages\/222\/revisions\/1105"}],"wp:attachment":[{"href":"https:\/\/www2.uepg.br\/fuc\/wp-json\/wp\/v2\/media?parent=222"}],"curies":[{"name":"wp","href":"https:\/\/api.w.org\/{rel}","templated":true}]}}