{"id":62,"date":"2019-04-01T23:00:06","date_gmt":"2019-04-02T02:00:06","guid":{"rendered":"http:\/\/www2.uepg.br\/fuc\/?page_id=62"},"modified":"2025-06-12T15:32:23","modified_gmt":"2025-06-12T18:32:23","slug":"inscricao-2","status":"publish","type":"page","link":"https:\/\/www2.uepg.br\/fuc\/inscricao-2\/","title":{"rendered":"Inscri\u00e7\u00e3o"},"content":{"rendered":"<div id=\"pl-62\"  class=\"panel-layout\" ><div id=\"pg-62-0\"  class=\"panel-grid panel-no-style\" ><div id=\"pgc-62-0-0\"  class=\"panel-grid-cell\" ><div id=\"panel-62-0-0-0\" class=\"so-panel widget widget_sow-editor panel-first-child panel-last-child\" data-index=\"0\" ><div class=\"panel-widget-style panel-widget-style-for-62-0-0-0\" ><div\n\t\t\t\n\t\t\tclass=\"so-widget-sow-editor so-widget-sow-editor-base\"\n\t\t\t\n\t\t>\n<div class=\"siteorigin-widget-tinymce textwidget\">\n\t<p>&nbsp;<\/p>\n<p style=\"text-align: center\">OFICINA<\/p>\n<p style=\"text-align: center\"><a href=\"https:\/\/form.jotform.com\/251605853064658\">INSCRI\u00c7\u00c3O PARA A OFICINA COMPONDO EM ORALIDADES COM JANINE MATHIAS\u00a0<\/a><\/p>\n<p>&nbsp;<\/p>\n<p style=\"text-align: center\">EDITAL VOLUNT\u00c1RIOS 37\u00ba FUC<\/p>\n<p style=\"text-align: center\"><a href=\"https:\/\/www2.uepg.br\/fuc\/wp-content\/uploads\/sites\/12\/2025\/05\/Edital-Selecao-de-voluntarios-37\u00b0-FUC.pdf\">ACESSAR EDITAL<\/a><\/p>\n<p style=\"text-align: center\"><a href=\"https:\/\/forms.gle\/XuMYbDwipqwde7yw6\">FORMUL\u00c1RIO DE INSCRI\u00c7\u00c3O<\/a><\/p>\n<p>&nbsp;<\/p>\n<p>&nbsp;<\/p>\n<p style=\"text-align: center\">---------------------------<\/p>\n<p style=\"text-align: center\">36\u00ba FESTIVAL UNIVERSIT\u00c1RIO DA CAN\u00c7\u00c3O (FUC 2024)<\/p>\n<p style=\"text-align: center\"><a href=\"https:\/\/www2.uepg.br\/fuc\/wp-content\/uploads\/sites\/12\/2024\/03\/REGULAMENTO-36o-FESTIVAL-UNIVERSITARIO-DA-CANCAO.pdf\">REGULAMENTO GERAL<\/a><\/p>\n<p style=\"text-align: center\">FORMUL\u00c1RIO PARA INSCRI\u00c7\u00c3O NO 36\u00ba FUC<br \/>\n<strong><em>ENCERRADO<\/em><\/strong><\/p>\n<p style=\"text-align: center\">CAN\u00c7\u00d5ES INSCRITAS<br \/>\n<a href=\"https:\/\/www2.uepg.br\/fuc\/wp-content\/uploads\/sites\/12\/2024\/04\/CANCOES-INSCRITAS-FUC.pdf\">RESULTADOS<\/a><\/p>\n<p>&nbsp;<\/p>\n<p>&nbsp;<\/p>\n<p style=\"text-align: center\">EDITAL PARA SELE\u00c7\u00c3O DE VOLUNT\u00c1RIOS<\/p>\n<p style=\"text-align: center\"><a href=\"https:\/\/www2.uepg.br\/fuc\/wp-content\/uploads\/sites\/12\/2024\/03\/Edital-Selecao-de-voluntarios-36\u00b0-FUC.pdf\">EDITAL<\/a><\/p>\n<p>&nbsp;<\/p>\n<p>&nbsp;<\/p>\n<p>&nbsp;<\/p>\n<p style=\"text-align: center\">EDITAL DE CHAMAMENTO P\u00daBLICO N\u00b0 25\/2024 \u2013 PRESTADORES DE SERVI\u00c7OS PARA<br \/>\nATUA\u00c7\u00c3O NO 36\u00ba FUC<\/p>\n<p style=\"text-align: center\"><a href=\"https:\/\/www.fauepg.org.br\/wp-content\/uploads\/\/sites\/133\/2024\/04\/EDITAL-FAUEPG-No-25-2024-EDITAL-DE-CHAMAMENTO-PUBLICO-PRESTADORES-DE-SERVICOS-PARA-ATUACAO-NO-36o-FUC..pdf\">EDITAL<\/a><\/p>\n<p style=\"text-align: center\"><strong>ENCERRADO<\/strong><\/p>\n<p style=\"text-align: center\">EDITAL FAUEPG N\u00b0 31\/2024 - HOMOLOGA\u00c7\u00c3O DE INSCRI\u00c7\u00d5ES:\u00a0Prestadores de servi\u00e7os para atua\u00e7\u00e3o no 36\u00ba FUC<\/p>\n<p style=\"text-align: center\"><a href=\"https:\/\/www2.uepg.br\/fuc\/wp-content\/uploads\/sites\/12\/2024\/04\/EDITAL-FAUEPG-No-31-2024-HOMOLOGACAO-DAS-INSCRICOES-PRESTADORES-DE-SERVICO-36o-FUC-CF-EDITAL-FAUEPG-No-25-2024.pdf\">\u00a0RESULTADO<\/a><\/p>\n<h3><\/h3>\n<h3><\/h3>\n<p>&nbsp;<\/p>\n<h3 style=\"text-align: center\"><strong>MODELOS<\/strong><\/h3>\n<p style=\"text-align: center\">DECLARA\u00c7\u00c3O DE CO-RESID\u00caNCIA<\/p>\n<p style=\"text-align: center\"><a href=\"https:\/\/www2.uepg.br\/fuc\/wp-content\/uploads\/sites\/12\/2024\/03\/DECLARACAO-DE-CO-RESIDENCIA.docx\">MODELO AQUI<\/a><\/p>\n<p style=\"text-align: center\">CESS\u00c3O DE DIREITOS (APENAS SELECIONADOS)<\/p>\n<p style=\"text-align: center\"><a href=\"https:\/\/www2.uepg.br\/fuc\/wp-content\/uploads\/sites\/12\/2024\/03\/CESSAO-DE-DIREITOS.docx\">MODELO AQUI<\/a><\/p>\n<p style=\"text-align: center\"><strong>\u00a0<\/strong><\/p>\n<p style=\"text-align: center\">\n<\/div>\n<\/div><\/div><\/div><\/div><\/div><\/div>","protected":false},"excerpt":{"rendered":"<p>&nbsp; OFICINA INSCRI\u00c7\u00c3O PARA A OFICINA COMPONDO EM ORALIDADES COM JANINE MATHIAS\u00a0 &nbsp; EDITAL VOLUNT\u00c1RIOS 37\u00ba FUC ACESSAR EDITAL FORMUL\u00c1RIO DE INSCRI\u00c7\u00c3O &nbsp; &nbsp; &#8212;&#8212;&#8212;&#8212;&#8212;&#8212;&#8212;&#8212;&#8212; 36\u00ba FESTIVAL UNIVERSIT\u00c1RIO DA CAN\u00c7\u00c3O (FUC 2024) REGULAMENTO GERAL FORMUL\u00c1RIO PARA INSCRI\u00c7\u00c3O NO 36\u00ba FUC ENCERRADO CAN\u00c7\u00d5ES INSCRITAS RESULTADOS &nbsp; &nbsp; EDITAL PARA SELE\u00c7\u00c3O DE VOLUNT\u00c1RIOS EDITAL &nbsp; &nbsp; &nbsp;&nbsp;&hellip;<\/p>\n","protected":false},"author":10,"featured_media":0,"parent":0,"menu_order":0,"comment_status":"closed","ping_status":"closed","template":"","meta":[],"_links":{"self":[{"href":"https:\/\/www2.uepg.br\/fuc\/wp-json\/wp\/v2\/pages\/62"}],"collection":[{"href":"https:\/\/www2.uepg.br\/fuc\/wp-json\/wp\/v2\/pages"}],"about":[{"href":"https:\/\/www2.uepg.br\/fuc\/wp-json\/wp\/v2\/types\/page"}],"author":[{"embeddable":true,"href":"https:\/\/www2.uepg.br\/fuc\/wp-json\/wp\/v2\/users\/10"}],"replies":[{"embeddable":true,"href":"https:\/\/www2.uepg.br\/fuc\/wp-json\/wp\/v2\/comments?post=62"}],"version-history":[{"count":48,"href":"https:\/\/www2.uepg.br\/fuc\/wp-json\/wp\/v2\/pages\/62\/revisions"}],"predecessor-version":[{"id":1014,"href":"https:\/\/www2.uepg.br\/fuc\/wp-json\/wp\/v2\/pages\/62\/revisions\/1014"}],"wp:attachment":[{"href":"https:\/\/www2.uepg.br\/fuc\/wp-json\/wp\/v2\/media?parent=62"}],"curies":[{"name":"wp","href":"https:\/\/api.w.org\/{rel}","templated":true}]}}