{"id":864,"date":"2024-04-24T08:56:46","date_gmt":"2024-04-24T11:56:46","guid":{"rendered":"https:\/\/www2.uepg.br\/fuc\/?page_id=864"},"modified":"2024-05-21T16:00:01","modified_gmt":"2024-05-21T19:00:01","slug":"36fuc-2024","status":"publish","type":"page","link":"https:\/\/www2.uepg.br\/fuc\/editais\/36fuc-2024\/","title":{"rendered":"36\u00ba FUC &#8211; 2024"},"content":{"rendered":"<h3 style=\"text-align: center\">36\u00ba Festival Universit\u00e1rio da Can\u00e7\u00e3o (FUC 2024)<\/h3>\n<h4 style=\"text-align: center\"><strong><em>Prorrogado at\u00e9 14\/04<\/em><\/strong><\/h4>\n<p style=\"text-align: center\"><a href=\"https:\/\/www2.uepg.br\/fuc\/wp-content\/uploads\/sites\/12\/2024\/03\/REGULAMENTO-36o-FESTIVAL-UNIVERSITARIO-DA-CANCAO.pdf\">REGULAMENTO GERAL<\/a><\/p>\n<p style=\"text-align: center\">ENCERRADO<\/p>\n<p>&nbsp;<\/p>\n<h3 style=\"text-align: center\">Can\u00e7\u00f5es Inscritas<\/h3>\n<p style=\"text-align: center\"><a href=\"https:\/\/www2.uepg.br\/fuc\/wp-content\/uploads\/sites\/12\/2024\/04\/CANCOES-INSCRITAS-FUC.pdf\">RESULTADO<\/a><\/p>\n<h3><\/h3>\n<h3 style=\"text-align: center\">Can\u00e7\u00f5es Inscritas ap\u00f3s recurso<\/h3>\n<p style=\"text-align: center\"><a href=\"https:\/\/www2.uepg.br\/fuc\/wp-content\/uploads\/sites\/12\/2024\/04\/CANCOES-INSCRITAS-FUC-APOS-RECURSO.pdf\">RESULTADO<\/a><\/p>\n<p>&nbsp;<\/p>\n<h3 style=\"text-align: center\">Can\u00e7\u00f5es Selecionadas<\/h3>\n<p style=\"text-align: center\"><a href=\"https:\/\/www2.uepg.br\/fuc\/wp-content\/uploads\/sites\/12\/2024\/05\/CANCOES-SELECIONADAS-36-FUC.pdf\">RESULTADO<\/a><\/p>\n<p>&nbsp;<\/p>\n<h3 style=\"text-align: center\">Can\u00e7\u00f5es Selecionadas\u00a0com a inclus\u00e3o da<\/h3>\n<h3 style=\"text-align: center\">da primeira suplente<\/h3>\n<p style=\"text-align: center\"><a href=\"https:\/\/www2.uepg.br\/fuc\/wp-content\/uploads\/sites\/12\/2024\/05\/CANCOES-SELECIONADAS-COM-A-SUPLENTE.pdf\">RESULTADO<\/a><\/p>\n<p>&nbsp;<\/p>\n<h3 style=\"text-align: center\">Cess\u00e3o de direitos<\/h3>\n<p style=\"text-align: center\"><a href=\"https:\/\/www2.uepg.br\/fuc\/wp-content\/uploads\/sites\/12\/2024\/05\/CESSAO-DE-DIREITOS.pdf\">ACESSAR MODELO<\/a><\/p>\n<p>&nbsp;<\/p>\n<h3 style=\"text-align: center\">Ordem de passagem de som e das apresenta\u00e7\u00f5es<\/h3>\n<p style=\"text-align: center\"><a href=\"https:\/\/www2.uepg.br\/fuc\/wp-content\/uploads\/sites\/12\/2024\/05\/ORDEM-DE-PASSAGEM-DE-SOM-E-APRESENTACAO.pdf\">RESULTADO<\/a><\/p>\n<p>&nbsp;<\/p>\n<p style=\"text-align: center\">&#8212;&#8212;&#8212;&#8212;&#8212;&#8212;&#8212;&#8212;&#8212;&#8212;&#8212;&#8212;&#8212;&#8212;&#8212;&#8212;&#8212;&#8212;&#8212;&#8212;&#8212;&#8212;&#8212;&#8212;&#8212;&#8212;&#8212;&#8212;&#8212;&#8212;&#8212;&#8212;&#8212;&#8212;&#8212;&#8212;&#8212;&#8212;&#8212;&#8212;&#8212;&#8212;&#8212;&#8212;&#8212;&#8212;&#8212;&#8212;&#8212;&#8212;&#8212;&#8212;&#8212;&#8212;&#8212;&#8212;&#8212;&#8212;&#8212;&#8212;&#8212;&#8212;&#8212;&#8212;&#8212;&#8212;&#8212;<\/p>\n<h3 style=\"text-align: center\">Edital\u00a0para\u00a0sele\u00e7\u00e3o\u00a0de\u00a0volunt\u00e1rios<\/h3>\n<p style=\"text-align: center\"><a href=\"https:\/\/www2.uepg.br\/fuc\/wp-content\/uploads\/sites\/12\/2024\/03\/Edital-Selecao-de-voluntarios-36\u00b0-FUC.pdf\">EDITAL<\/a><\/p>\n<h3 style=\"text-align: center\">Edital resultado da sele\u00e7\u00e3o de volunt\u00e1rio<\/h3>\n<p style=\"text-align: center\">(Retificado 9 de maio de 2024)<\/p>\n<p>&nbsp;<\/p>\n<p style=\"text-align: center\"><a href=\"https:\/\/www2.uepg.br\/fuc\/wp-content\/uploads\/sites\/12\/2024\/05\/Edital-Selecao-de-voluntarios-36o-FUC-SELECAO-VOLUNTARIADO-05-06-20231-1.pdf\">RESULTADO<\/a><\/p>\n<p>&nbsp;<\/p>\n<p style=\"text-align: center\">&#8212;&#8212;&#8212;&#8212;&#8212;&#8212;&#8212;&#8212;&#8212;&#8212;&#8212;&#8212;&#8212;&#8212;&#8212;&#8212;&#8212;&#8212;&#8212;&#8212;&#8212;&#8212;&#8212;&#8212;&#8212;&#8212;&#8212;&#8212;&#8212;&#8212;&#8212;&#8212;&#8212;&#8212;&#8212;&#8212;&#8212;&#8212;&#8212;&#8212;&#8212;&#8212;&#8212;&#8212;&#8212;&#8212;&#8212;&#8212;&#8212;&#8212;&#8212;&#8212;&#8212;&#8212;&#8212;&#8212;&#8212;&#8212;&#8212;&#8212;&#8212;&#8212;&#8212;&#8212;&#8212;&#8212;&#8212;<\/p>\n<p>&nbsp;<\/p>\n<h3><\/h3>\n<h3 style=\"text-align: center\">Edital de chamamento p\u00fablico n\u00b0 25\/2024 \u2013 Prestadores de servi\u00e7os para atua\u00e7\u00e3o no 36\u00ba FUC<\/h3>\n<p style=\"text-align: center\"><a href=\"https:\/\/www.fauepg.org.br\/wp-content\/uploads\/\/sites\/133\/2024\/04\/EDITAL-FAUEPG-No-25-2024-EDITAL-DE-CHAMAMENTO-PUBLICO-PRESTADORES-DE-SERVICOS-PARA-ATUACAO-NO-36o-FUC..pdf\">EDITAL<\/a><\/p>\n<p style=\"text-align: center\"><strong>ENCERRADO<\/strong><\/p>\n<p>&nbsp;<\/p>\n<h3 style=\"text-align: center\">EDITAL FAUEPG N\u00b0 31\/2024 &#8211; HOMOLOGA\u00c7\u00c3O DE INSCRI\u00c7\u00d5ES:\u00a0Prestadores de servi\u00e7os para atua\u00e7\u00e3o no 36\u00ba FUC<\/h3>\n<p style=\"text-align: center\"><a href=\"https:\/\/www2.uepg.br\/fuc\/wp-content\/uploads\/sites\/12\/2024\/04\/EDITAL-FAUEPG-No-31-2024-HOMOLOGACAO-DAS-INSCRICOES-PRESTADORES-DE-SERVICO-36o-FUC-CF-EDITAL-FAUEPG-No-25-2024.pdf\">\u00a0RESULTADO<\/a><\/p>\n<p>&nbsp;<\/p>\n<h3 style=\"text-align: center\">EDITAL FAUEPG N\u00b0 35\/2024 RESULTADO DO CHAMAMENTO P\u00daBLICO &#8211; PRESTADORES DE SERVI\u00c7OS PARA ATUA\u00c7\u00c3O NO 36\u00ba FUC \u2013 Festival Universit\u00e1rio da Can\u00e7\u00e3o<\/h3>\n<p style=\"text-align: center\"><a href=\"https:\/\/www.fauepg.org.br\/wp-content\/uploads\/\/sites\/133\/2024\/04\/EDITAL-FAUEPG-No-35-2024-EDITAL-DE-RESULTADO-%E2%80%93-PRESTADORES-DE-SERVICOS-PARA-ATUACAO-NO-36o-FUC.pdf\">RESULTADO<\/a><\/p>\n<p>&nbsp;<\/p>\n","protected":false},"excerpt":{"rendered":"<p>36\u00ba Festival Universit\u00e1rio da Can\u00e7\u00e3o (FUC 2024) Prorrogado at\u00e9 14\/04 REGULAMENTO GERAL ENCERRADO &nbsp; Can\u00e7\u00f5es Inscritas RESULTADO Can\u00e7\u00f5es Inscritas ap\u00f3s recurso RESULTADO &nbsp; Can\u00e7\u00f5es Selecionadas RESULTADO &nbsp; Can\u00e7\u00f5es Selecionadas\u00a0com a inclus\u00e3o da da primeira suplente RESULTADO &nbsp; Cess\u00e3o de direitos ACESSAR MODELO &nbsp; Ordem de passagem de som e das apresenta\u00e7\u00f5es RESULTADO &nbsp; &#8212;&#8212;&#8212;&#8212;&#8212;&#8212;&#8212;&#8212;&#8212;&#8212;&#8212;&#8212;&#8212;&#8212;&#8212;&#8212;&#8212;&#8212;&#8212;&#8212;&#8212;&#8212;&#8212;&#8212;&#8212;&#8212;&#8212;&#8212;&#8212;&#8212;&#8212;&#8212;&#8212;&#8212;&#8212;&#8212;&#8212;&#8212;&#8212;&#8212;&#8212;&#8212;&#8212;&#8212;&#8212;&#8212;&#8212;&#8212;&#8212;&#8212;&#8212;&#8212;&#8212;&#8212;&#8212;&#8212;&#8212;&#8212;&#8212;&#8212;&#8212;&#8212;&#8212;&#8212;&#8212;&#8212;&#8212; Edital\u00a0para\u00a0sele\u00e7\u00e3o\u00a0de\u00a0volunt\u00e1rios&nbsp;&hellip;<\/p>\n","protected":false},"author":592,"featured_media":0,"parent":222,"menu_order":0,"comment_status":"closed","ping_status":"closed","template":"","meta":[],"_links":{"self":[{"href":"https:\/\/www2.uepg.br\/fuc\/wp-json\/wp\/v2\/pages\/864"}],"collection":[{"href":"https:\/\/www2.uepg.br\/fuc\/wp-json\/wp\/v2\/pages"}],"about":[{"href":"https:\/\/www2.uepg.br\/fuc\/wp-json\/wp\/v2\/types\/page"}],"author":[{"embeddable":true,"href":"https:\/\/www2.uepg.br\/fuc\/wp-json\/wp\/v2\/users\/592"}],"replies":[{"embeddable":true,"href":"https:\/\/www2.uepg.br\/fuc\/wp-json\/wp\/v2\/comments?post=864"}],"version-history":[{"count":22,"href":"https:\/\/www2.uepg.br\/fuc\/wp-json\/wp\/v2\/pages\/864\/revisions"}],"predecessor-version":[{"id":916,"href":"https:\/\/www2.uepg.br\/fuc\/wp-json\/wp\/v2\/pages\/864\/revisions\/916"}],"up":[{"embeddable":true,"href":"https:\/\/www2.uepg.br\/fuc\/wp-json\/wp\/v2\/pages\/222"}],"wp:attachment":[{"href":"https:\/\/www2.uepg.br\/fuc\/wp-json\/wp\/v2\/media?parent=864"}],"curies":[{"name":"wp","href":"https:\/\/api.w.org\/{rel}","templated":true}]}}