{"id":935,"date":"2025-02-28T10:43:25","date_gmt":"2025-02-28T13:43:25","guid":{"rendered":"https:\/\/www2.uepg.br\/fuc\/?page_id=935"},"modified":"2025-06-17T16:01:19","modified_gmt":"2025-06-17T19:01:19","slug":"37o-fuc-2025","status":"publish","type":"page","link":"https:\/\/www2.uepg.br\/fuc\/editais\/37o-fuc-2025\/","title":{"rendered":"37\u00ba FUC &#8211; 2025"},"content":{"rendered":"<p style=\"text-align: center\">LIVRETO<\/p>\n<p style=\"text-align: center\"><a href=\"https:\/\/www2.uepg.br\/fuc\/wp-content\/uploads\/sites\/12\/2025\/06\/2_livreto_fuc37_2025_cor-2.pdf\">https:\/\/www2.uepg.br\/fuc\/wp-content\/uploads\/sites\/12\/2025\/06\/2_livreto_fuc37_2025_cor-2.pdf<\/a><\/p>\n<p>&nbsp;<\/p>\n<p style=\"text-align: center\"><a href=\"https:\/\/www2.uepg.br\/fuc\/wp-content\/uploads\/sites\/12\/2025\/02\/ANEXO-II-DECLARACAO-DE-CO-RESIDENCIA-1.pdf\">ANEXO II DECLARA\u00c7\u00c3O DE CO RESIDENCIA<\/a><\/p>\n<p style=\"text-align: center\"><a href=\"https:\/\/www2.uepg.br\/fuc\/wp-content\/uploads\/sites\/12\/2025\/02\/ANEXO-I-CESSAO-DE-DIREITOS-1.pdf\">ANEXO I CESS\u00c3O DE DIREITOS<\/a><\/p>\n<p style=\"text-align: center\"><a href=\"https:\/\/www2.uepg.br\/fuc\/wp-content\/uploads\/sites\/12\/2025\/02\/REGULAMENTO-37o-FESTIVAL-UNIVERSITARIO-DA-CANCAO-25-FEV-1.pdf\">REGULAMENTO 37\u00ba FESTIVAL UNIVERSIT\u00c1RIO DA CAN\u00c7\u00c3O 25 FEV<\/a><\/p>\n<p style=\"text-align: center\"><a href=\"https:\/\/www2.uepg.br\/fuc\/wp-content\/uploads\/sites\/12\/2025\/04\/HOMOLOGACAO-DAS-INSCRICOES.pdf\">HOMOLOGA\u00c7\u00c3O DAS INSCRI\u00c7\u00d5ES<\/a><\/p>\n<p style=\"text-align: center\"><a href=\"https:\/\/www2.uepg.br\/fuc\/wp-content\/uploads\/sites\/12\/2025\/04\/CANCOES-SELECIONADAS-1.pdf\">CAN\u00c7\u00d5ES SELECIONADAS<\/a><\/p>\n<p style=\"text-align: center\"><a href=\"https:\/\/www2.uepg.br\/fuc\/wp-content\/uploads\/sites\/12\/2025\/04\/CANCOES-SELECIONADAS-E-SUPLENTES-INCLUSAS.pdf\">CAN\u00c7\u00d5ES SELECIONADAS E SUPLENTES INCLUSAS<\/a><\/p>\n<p style=\"text-align: center\"><a href=\"https:\/\/www2.uepg.br\/fuc\/wp-content\/uploads\/sites\/12\/2025\/04\/EDITAL-FAUEPG-No-87-2025-CHAMAMENTO-PUBLICO-PARA-CREDENCIAMENTO-DE-PRESTADORES-DE-SERVICOS-37-FUC.pdf\">EDITAL FAUEPG N\u00ba 87 2025 CHAMAMENTO P\u00daBLICO PARA CREDENCIAMENTO DE PRESTADORES DE SERVI\u00c7OS<\/a><\/p>\n<p style=\"text-align: center\"><a href=\"https:\/\/docs.google.com\/forms\/d\/e\/1FAIpQLSebQjwjR2ss_xhIuYKrSK7C1jTZZV-hizuEPxescgGxlb_zig\/viewform\">https:\/\/docs.google.com\/forms\/d\/e\/1FAIpQLSebQjwjR2ss_xhIuYKrSK7C1jTZZV-hizuEPxescgGxlb_zig\/viewform<\/a><\/p>\n<p style=\"text-align: center\"><a href=\"https:\/\/www2.uepg.br\/fuc\/wp-content\/uploads\/sites\/12\/2025\/04\/ORDEM-DE-APRESENTACAO-14-DE-JUNHO-DE-2025.pdf\">ORDEM DE APRESENTA\u00c7\u00c3O 14 DE JUNHO DE 2025<\/a><\/p>\n<p style=\"text-align: center\"><a href=\"https:\/\/www2.uepg.br\/fuc\/wp-content\/uploads\/sites\/12\/2025\/05\/EDITAL-FAUEPG-No-89-2025-HOMOLOGACAO-DAS-INSCRICOES-DO-CHAMAMENTO-PUBLICO-PARA-CREDENCIAMENTO-DE-PRESTADORES-DE-SERVICOS-37-FUC.pdf\">EDITAL FAUEPG N\u00ba 89 2025 HOMOLOGA\u00c7\u00c3O DAS INSCRI\u00c7\u00d5ES DO CHAMAMENTO P\u00daBLICO PARA CREDENCIAMENTO DE PRESTADORES DE SERVI\u00c7OS 37 FUC<\/a><\/p>\n<p>&nbsp;<\/p>\n<p style=\"text-align: center\">EDITAL VOLUNT\u00c1RIOS<\/p>\n<p style=\"text-align: center\"><a href=\"https:\/\/www2.uepg.br\/fuc\/wp-content\/uploads\/sites\/12\/2025\/05\/Edital-Selecao-de-voluntarios-37\u00b0-FUC.pdf\">ACESSAR EDITAL<\/a><\/p>\n<p style=\"text-align: center\"><a href=\"https:\/\/forms.gle\/XuMYbDwipqwde7yw6\">FORMUL\u00c1RIO DE INSCRI\u00c7\u00c3O<\/a><\/p>\n<p style=\"text-align: center\"><a href=\"https:\/\/www2.uepg.br\/fuc\/wp-content\/uploads\/sites\/12\/2025\/06\/Edital-Selecao-de-voluntarios-37o-FUC-SELECAO-VOLUNTARIADO.docx.pdf\">RESULTADO<\/a><\/p>\n<p style=\"text-align: center\">OFICINA<\/p>\n<p style=\"text-align: center\"><a href=\"https:\/\/form.jotform.com\/251605853064658\">INSCRI\u00c7\u00c3O PARA A OFICINA COMPONDO EM ORALIDADES COM JANINE MATHIAS\u00a0<\/a><\/p>\n","protected":false},"excerpt":{"rendered":"<p>LIVRETO https:\/\/www2.uepg.br\/fuc\/wp-content\/uploads\/sites\/12\/2025\/06\/2_livreto_fuc37_2025_cor-2.pdf &nbsp; ANEXO II DECLARA\u00c7\u00c3O DE CO RESIDENCIA ANEXO I CESS\u00c3O DE DIREITOS REGULAMENTO 37\u00ba FESTIVAL UNIVERSIT\u00c1RIO DA CAN\u00c7\u00c3O 25 FEV HOMOLOGA\u00c7\u00c3O DAS INSCRI\u00c7\u00d5ES CAN\u00c7\u00d5ES SELECIONADAS CAN\u00c7\u00d5ES SELECIONADAS E SUPLENTES INCLUSAS EDITAL FAUEPG N\u00ba 87 2025 CHAMAMENTO P\u00daBLICO PARA CREDENCIAMENTO DE PRESTADORES DE SERVI\u00c7OS https:\/\/docs.google.com\/forms\/d\/e\/1FAIpQLSebQjwjR2ss_xhIuYKrSK7C1jTZZV-hizuEPxescgGxlb_zig\/viewform ORDEM DE APRESENTA\u00c7\u00c3O 14 DE JUNHO DE 2025 EDITAL&nbsp;&hellip;<\/p>\n","protected":false},"author":378,"featured_media":0,"parent":222,"menu_order":0,"comment_status":"closed","ping_status":"closed","template":"","meta":[],"_links":{"self":[{"href":"https:\/\/www2.uepg.br\/fuc\/wp-json\/wp\/v2\/pages\/935"}],"collection":[{"href":"https:\/\/www2.uepg.br\/fuc\/wp-json\/wp\/v2\/pages"}],"about":[{"href":"https:\/\/www2.uepg.br\/fuc\/wp-json\/wp\/v2\/types\/page"}],"author":[{"embeddable":true,"href":"https:\/\/www2.uepg.br\/fuc\/wp-json\/wp\/v2\/users\/378"}],"replies":[{"embeddable":true,"href":"https:\/\/www2.uepg.br\/fuc\/wp-json\/wp\/v2\/comments?post=935"}],"version-history":[{"count":23,"href":"https:\/\/www2.uepg.br\/fuc\/wp-json\/wp\/v2\/pages\/935\/revisions"}],"predecessor-version":[{"id":1042,"href":"https:\/\/www2.uepg.br\/fuc\/wp-json\/wp\/v2\/pages\/935\/revisions\/1042"}],"up":[{"embeddable":true,"href":"https:\/\/www2.uepg.br\/fuc\/wp-json\/wp\/v2\/pages\/222"}],"wp:attachment":[{"href":"https:\/\/www2.uepg.br\/fuc\/wp-json\/wp\/v2\/media?parent=935"}],"curies":[{"name":"wp","href":"https:\/\/api.w.org\/{rel}","templated":true}]}}