{"id":41,"date":"2020-07-20T10:12:55","date_gmt":"2020-07-20T13:12:55","guid":{"rendered":"http:\/\/www2.uepg.br\/gedhi\/?page_id=41"},"modified":"2020-08-31T20:00:44","modified_gmt":"2020-08-31T23:00:44","slug":"quem-somos","status":"publish","type":"page","link":"https:\/\/www2.uepg.br\/gedhi\/quem-somos\/","title":{"rendered":"Quem Somos"},"content":{"rendered":"<p style=\"text-align: left\">O Grupo de Estudos em Did\u00e1tica da Hist\u00f3ria \u00e9 integrante do Diret\u00f3rio dos Grupos de Pesquisa do CNPq. Surgiu em 2003, inicialmente vinculado ao Programa de P\u00f3s-gradua\u00e7\u00e3o em Educa\u00e7\u00e3o da UEPG, onde atuava o prof. Luis Fernando Cerri, criador e l\u00edder do grupo. Nesse per\u00edodo, o prof. Cerri participava como colaborador no Programa de P\u00f3s-Gradua\u00e7\u00e3o em Educa\u00e7\u00e3o da UFPR, onde orientou a vice-l\u00edder do grupo, profal Jana\u00edna de Paula. A partir de 2013 o GEDHI vinculou-se tamb\u00e9m Programa de P\u00f3s-gradua\u00e7\u00e3o em Hist\u00f3ria, ent\u00e3o rec\u00e9m credenciado na CAPES. A partir de 2017, com o descredenciamento a pedido do prof. Cerri do PPGE, o GEDHI passou a ser vinculado exclusivamente ao PPGH da UEPG, tendo registrado parcerias e colabora\u00e7\u00f5es com o n\u00facleo local do Mestrado Profissional em Ensino de Hist\u00f3ria da UFRJ.<\/p>\n<p>Para conhecer todos os pesquisadores que participam ou j\u00e1 participaram do GEDHI, acesse o espelho do grupo no DGP\/CNPq clicando <strong><a href=\"http:\/\/dgp.cnpq.br\/dgp\/espelhogrupo\/3442356312746147\">aqui<\/a><\/strong>.<\/p>\n","protected":false},"excerpt":{"rendered":"<p>O Grupo de Estudos em Did\u00e1tica da Hist\u00f3ria \u00e9 integrante do Diret\u00f3rio dos Grupos de Pesquisa do CNPq. Surgiu em 2003, inicialmente vinculado ao Programa de P\u00f3s-gradua\u00e7\u00e3o em Educa\u00e7\u00e3o da UEPG, onde atuava o prof. Luis Fernando Cerri, criador e l\u00edder do grupo. Nesse per\u00edodo, o prof. Cerri participava como colaborador no Programa de P\u00f3s-Gradua\u00e7\u00e3o&nbsp;&hellip;<\/p>\n","protected":false},"author":24,"featured_media":0,"parent":0,"menu_order":0,"comment_status":"closed","ping_status":"closed","template":"","meta":[],"_links":{"self":[{"href":"https:\/\/www2.uepg.br\/gedhi\/wp-json\/wp\/v2\/pages\/41"}],"collection":[{"href":"https:\/\/www2.uepg.br\/gedhi\/wp-json\/wp\/v2\/pages"}],"about":[{"href":"https:\/\/www2.uepg.br\/gedhi\/wp-json\/wp\/v2\/types\/page"}],"author":[{"embeddable":true,"href":"https:\/\/www2.uepg.br\/gedhi\/wp-json\/wp\/v2\/users\/24"}],"replies":[{"embeddable":true,"href":"https:\/\/www2.uepg.br\/gedhi\/wp-json\/wp\/v2\/comments?post=41"}],"version-history":[{"count":3,"href":"https:\/\/www2.uepg.br\/gedhi\/wp-json\/wp\/v2\/pages\/41\/revisions"}],"predecessor-version":[{"id":168,"href":"https:\/\/www2.uepg.br\/gedhi\/wp-json\/wp\/v2\/pages\/41\/revisions\/168"}],"wp:attachment":[{"href":"https:\/\/www2.uepg.br\/gedhi\/wp-json\/wp\/v2\/media?parent=41"}],"curies":[{"name":"wp","href":"https:\/\/api.w.org\/{rel}","templated":true}]}}