{"id":49,"date":"2020-07-20T10:14:43","date_gmt":"2020-07-20T13:14:43","guid":{"rendered":"http:\/\/www2.uepg.br\/gedhi\/?page_id=49"},"modified":"2023-07-28T12:55:17","modified_gmt":"2023-07-28T15:55:17","slug":"pesquisadores","status":"publish","type":"page","link":"https:\/\/www2.uepg.br\/gedhi\/pesquisadores\/","title":{"rendered":"Pesquisadores"},"content":{"rendered":"<p><img loading=\"lazy\" class=\"alignnone  wp-image-375\" src=\"http:\/\/www2.uepg.br\/gedhi\/wp-content\/uploads\/sites\/128\/2023\/07\/imagem_2023-07-28_125314192.png\" alt=\"\" width=\"291\" height=\"291\" \/><\/p>\n<p>Prof. Dr. Luis Fernando Cerri &#8211; Departamento de Hist\u00f3ria da UEPG (<a href=\"http:\/\/lattes.cnpq.br\/8736574102082133\">curr\u00edculo<\/a>)<\/p>\n<p>&nbsp;<\/p>\n<p><a href=\"http:\/\/lattes.cnpq.br\/4443327571018340\"><img loading=\"lazy\" class=\"alignnone  wp-image-376\" src=\"http:\/\/www2.uepg.br\/gedhi\/wp-content\/uploads\/sites\/128\/2023\/07\/imagem_2023-07-28_125426618.png\" alt=\"\" width=\"291\" height=\"194\" \/><\/a><\/p>\n<p>Profa. Dra. Jana\u00edna de Paula do Esp\u00edrito Santo (<a href=\"http:\/\/lattes.cnpq.br\/4443327571018340\">curr\u00edculo<\/a>)<\/p>\n","protected":false},"excerpt":{"rendered":"<p>Prof. Dr. Luis Fernando Cerri &#8211; Departamento de Hist\u00f3ria da UEPG (curr\u00edculo) &nbsp; Profa. Dra. Jana\u00edna de Paula do Esp\u00edrito Santo (curr\u00edculo)<\/p>\n","protected":false},"author":24,"featured_media":0,"parent":0,"menu_order":0,"comment_status":"closed","ping_status":"closed","template":"","meta":[],"_links":{"self":[{"href":"https:\/\/www2.uepg.br\/gedhi\/wp-json\/wp\/v2\/pages\/49"}],"collection":[{"href":"https:\/\/www2.uepg.br\/gedhi\/wp-json\/wp\/v2\/pages"}],"about":[{"href":"https:\/\/www2.uepg.br\/gedhi\/wp-json\/wp\/v2\/types\/page"}],"author":[{"embeddable":true,"href":"https:\/\/www2.uepg.br\/gedhi\/wp-json\/wp\/v2\/users\/24"}],"replies":[{"embeddable":true,"href":"https:\/\/www2.uepg.br\/gedhi\/wp-json\/wp\/v2\/comments?post=49"}],"version-history":[{"count":5,"href":"https:\/\/www2.uepg.br\/gedhi\/wp-json\/wp\/v2\/pages\/49\/revisions"}],"predecessor-version":[{"id":377,"href":"https:\/\/www2.uepg.br\/gedhi\/wp-json\/wp\/v2\/pages\/49\/revisions\/377"}],"wp:attachment":[{"href":"https:\/\/www2.uepg.br\/gedhi\/wp-json\/wp\/v2\/media?parent=49"}],"curies":[{"name":"wp","href":"https:\/\/api.w.org\/{rel}","templated":true}]}}