{"id":125,"date":"2021-12-10T13:35:49","date_gmt":"2021-12-10T16:35:49","guid":{"rendered":"https:\/\/www2.uepg.br\/geocidades\/?page_id=125"},"modified":"2021-12-13T18:37:54","modified_gmt":"2021-12-13T21:37:54","slug":"plano-de-trabalho","status":"publish","type":"page","link":"https:\/\/www2.uepg.br\/geocidades\/plano-de-trabalho\/","title":{"rendered":"Plano de Trabalho"},"content":{"rendered":"<p>Objetivo Geral<\/p>\n<p>&#8211; Assessorar a constru\u00e7\u00e3o de projetos de desenvolvimento urbano e regional dos munic\u00edpios com IDH M\u00e9dio e Baixo no Estado do Paran\u00e1, por meio da elabora\u00e7\u00e3o \/ revis\u00e3o de seus Planos Diretores Participativos.<\/p>\n<p>Objetivos Espec\u00edficos<\/p>\n<p>&#8211; Compartilhar o conhecimento adquirido por meio do ensino e da pesquisa desenvolvidos na Universidade Estadual de Ponta Grossa;<\/p>\n<p>&#8211; Participar no processo de desenvolvimento urbano e regional dos munic\u00edpios do Paran\u00e1 com IDH m\u00e9dio e baixo, atrav\u00e9s da busca de caminhos alternativos que atendam aos interesses e necessidades das comunidades;<\/p>\n<p>&#8211; Realimentar a rela\u00e7\u00e3o entre ensino e pesquisa na \u00e1rea da pr\u00e1tica profissional do Bacharelado em Geografia, contribuindo para a reflex\u00e3o cr\u00edtica de concep\u00e7\u00f5es e pr\u00e1ticas do Planejamento Urbano e Regional;<\/p>\n<p>&#8211; Dinamizar o futuro exerc\u00edcio profissional de ge\u00f3grafas e ge\u00f3grafos, em fun\u00e7\u00e3o das exig\u00eancias da realidade, atrav\u00e9s da revis\u00e3o do Plano Diretor de munic\u00edpios com IDH M\u00e9dio e Baixo no Estado do Paran\u00e1.<\/p>\n<p>Procedimentos Metodol\u00f3gicos<\/p>\n<p>As etapas de execu\u00e7\u00e3o deste projeto est\u00e3o assim organizadas:<\/p>\n<p>1. Sele\u00e7\u00e3o do munic\u00edpio objeto da a\u00e7\u00e3o;<br \/>\nMunic\u00edpios que est\u00e3o em atraso de revis\u00e3o de seus planos diretores, com popula\u00e7\u00e3o igual\/maior que 20.000 habitantes (Estimativa Popula\u00e7\u00e3o IBGE 2021) e os localizados<br \/>\nnas Regi\u00f5es Metropolitanas paranaenses [3] (1. Regi\u00e3o Metropolitana de Apucarana; 2. Regi\u00e3o Metropolitana de Campo Mour\u00e3o; 3. Regi\u00e3o Metropolitana de Cascavel; 4. Regi\u00e3o Metropolitana de Curitiba; 5. Regi\u00e3o Metropolitana de Londrina; 6. Regi\u00e3o Metropolitana de Maring\u00e1; 7. Regi\u00e3o Metropolitana de Toledo; 8. Regi\u00e3o Metropolitana<br \/>\nde Umuarama) com IDH m\u00e9dio e baixo, na ordem crescente de IDH (0,546 &gt; 0,699); Munic\u00edpios que est\u00e3o em atraso de revis\u00e3o de seus planos diretores, que possuem um total<br \/>\npopulacional menor que 20.000 habitantes e que n\u00e3o est\u00e3o localizados em Regi\u00f5es Metropolitanas paranaenses, com IDH m\u00e9dio e baixo, na ordem crescente de IDH (0,546 &gt; 0,699).<\/p>\n<p>2. Estabelecimento de conv\u00eanio t\u00e9cnico e cient\u00edfico entre a UEPG e o munic\u00edpio escolhido;<\/p>\n<p>3. Elabora\u00e7\u00e3o da revis\u00e3o do Plano Diretor deste munic\u00edpio.<\/p>\n<p>De todos os munic\u00edpios do Paran\u00e1, os dois com mais baixo IDH (PNUD 2010) s\u00e3o o munic\u00edpio de Doutor Ulysses (IDH &#8211; 0,546) e o munic\u00edpio de Cerro Azul (IDH &#8211; 0,573). Um vez que o Plano Diretor do Munic\u00edpio de Doutor Ulysses j\u00e1 foi revisado no ano de 2018, estabeleceu-se contato com a Prefeitura de Cerro Azul, que informou que este munic\u00edpio est\u00e1 atrasado em 3 anos com a revis\u00e3o de seu Plano Diretor.<\/p>\n<p>Todas as tratativas iniciais com o munic\u00edpio foram realizadas, tendo ocorrido em 23\/09\/2021 a assinatura da coopera\u00e7\u00e3o t\u00e9cnica-cient\u00edfica entre a Universidade Estadual de Ponta Grossa e o munic\u00edpio de Cerro Azul &#8211; Paran\u00e1, com vistas \u00e0 realiza\u00e7\u00e3o da revis\u00e3o do Plano Diretor participativo deste munic\u00edpio (Resolu\u00e7\u00e3o CA no 2021.150).  Portanto, esta a\u00e7\u00e3o extensionista ser\u00e1 iniciada por este munic\u00edpio.<\/p>\n","protected":false},"excerpt":{"rendered":"<p>Objetivo Geral &#8211; Assessorar a constru\u00e7\u00e3o de projetos de desenvolvimento urbano e regional dos munic\u00edpios com IDH M\u00e9dio e Baixo no Estado do Paran\u00e1, por meio da elabora\u00e7\u00e3o \/ revis\u00e3o de seus Planos Diretores Participativos. Objetivos Espec\u00edficos &#8211; Compartilhar o conhecimento adquirido por meio do ensino e da pesquisa desenvolvidos na Universidade Estadual de Ponta&nbsp;&hellip;<\/p>\n","protected":false},"author":378,"featured_media":0,"parent":0,"menu_order":0,"comment_status":"closed","ping_status":"closed","template":"","meta":[],"_links":{"self":[{"href":"https:\/\/www2.uepg.br\/geocidades\/wp-json\/wp\/v2\/pages\/125"}],"collection":[{"href":"https:\/\/www2.uepg.br\/geocidades\/wp-json\/wp\/v2\/pages"}],"about":[{"href":"https:\/\/www2.uepg.br\/geocidades\/wp-json\/wp\/v2\/types\/page"}],"author":[{"embeddable":true,"href":"https:\/\/www2.uepg.br\/geocidades\/wp-json\/wp\/v2\/users\/378"}],"replies":[{"embeddable":true,"href":"https:\/\/www2.uepg.br\/geocidades\/wp-json\/wp\/v2\/comments?post=125"}],"version-history":[{"count":3,"href":"https:\/\/www2.uepg.br\/geocidades\/wp-json\/wp\/v2\/pages\/125\/revisions"}],"predecessor-version":[{"id":221,"href":"https:\/\/www2.uepg.br\/geocidades\/wp-json\/wp\/v2\/pages\/125\/revisions\/221"}],"wp:attachment":[{"href":"https:\/\/www2.uepg.br\/geocidades\/wp-json\/wp\/v2\/media?parent=125"}],"curies":[{"name":"wp","href":"https:\/\/api.w.org\/{rel}","templated":true}]}}