{"id":1363,"date":"2024-12-06T12:03:15","date_gmt":"2024-12-06T15:03:15","guid":{"rendered":"https:\/\/www2.uepg.br\/geocidades\/?page_id=1363"},"modified":"2024-12-06T12:40:25","modified_gmt":"2024-12-06T15:40:25","slug":"adrianopolis","status":"publish","type":"page","link":"https:\/\/www2.uepg.br\/geocidades\/plano-diretor\/adrianopolis\/","title":{"rendered":"Adrian\u00f3polis"},"content":{"rendered":"<div id=\"page-content\" class=\"page-content\">\n<div class=\"gridContainer content\">\n<div id=\"post-476\" class=\"post-476 page type-page status-publish has-post-thumbnail hentry\">\n<div>\n<div id=\"page-content\" class=\"page-content\">\n<div class=\"gridContainer content\">\n<div id=\"post-144\" class=\"post-144 page type-page status-publish has-post-thumbnail hentry\">\n<div>\n<p>Mem\u00f3rias do Plano Diretor Participativo de Adrian\u00f3polis, Paran\u00e1 \u2013 2024-2034<\/p>\n<p>\u2013 <a href=\"https:\/\/www2.uepg.br\/geocidades\/plano-diretor\/adrianopolis\/documentos\/\">Documentos<\/a><\/p>\n<p>\u2013 <a href=\"https:\/\/www2.uepg.br\/geocidades\/plano-diretor\/adrianopolis\/mapas\/\">Mapas<\/a><\/p>\n<p>\u2013 <a href=\"https:\/\/www2.uepg.br\/geocidades\/plano-diretor\/adrianopolis\/noticias\/\">Not\u00edcias<\/a><\/p>\n<p>\u2013 <a href=\"https:\/\/www2.uepg.br\/geocidades\/plano-diretor\/adrianopolis\/legislacoes\/\">Legisla\u00e7\u00f5es<\/a><\/p>\n<p>\u2013 <a href=\"https:\/\/www2.uepg.br\/geocidades\/plano-diretor\/adrianopolis\/reunioes\/\">Reuni\u00f5es<\/a><\/p>\n<p>\u2013 <a href=\"https:\/\/www2.uepg.br\/geocidades\/plano-diretor\/adrianopolis\/audiencia-publica\/\">Audi\u00eancia P\u00fablica<\/a><\/p>\n<p>\u2013 <a href=\"https:\/\/www2.uepg.br\/geocidades\/plano-diretor\/adrianopolis\/videos\/\">V\u00eddeos<\/a><\/p>\n<p>\u2013 <a href=\"https:\/\/www2.uepg.br\/geocidades\/plano-diretor\/adrianopolis\/agenda\/\">Agenda<\/a><\/p>\n<\/div>\n<\/div>\n<\/div>\n<\/div>\n<\/div>\n<\/div>\n<\/div>\n<\/div>\n","protected":false},"excerpt":{"rendered":"<p>Mem\u00f3rias do Plano Diretor Participativo de Adrian\u00f3polis, Paran\u00e1 \u2013 2024-2034 \u2013 Documentos \u2013 Mapas \u2013 Not\u00edcias \u2013 Legisla\u00e7\u00f5es \u2013 Reuni\u00f5es \u2013 Audi\u00eancia P\u00fablica \u2013 V\u00eddeos \u2013 Agenda<\/p>\n","protected":false},"author":426,"featured_media":0,"parent":143,"menu_order":0,"comment_status":"closed","ping_status":"closed","template":"","meta":[],"_links":{"self":[{"href":"https:\/\/www2.uepg.br\/geocidades\/wp-json\/wp\/v2\/pages\/1363"}],"collection":[{"href":"https:\/\/www2.uepg.br\/geocidades\/wp-json\/wp\/v2\/pages"}],"about":[{"href":"https:\/\/www2.uepg.br\/geocidades\/wp-json\/wp\/v2\/types\/page"}],"author":[{"embeddable":true,"href":"https:\/\/www2.uepg.br\/geocidades\/wp-json\/wp\/v2\/users\/426"}],"replies":[{"embeddable":true,"href":"https:\/\/www2.uepg.br\/geocidades\/wp-json\/wp\/v2\/comments?post=1363"}],"version-history":[{"count":3,"href":"https:\/\/www2.uepg.br\/geocidades\/wp-json\/wp\/v2\/pages\/1363\/revisions"}],"predecessor-version":[{"id":1383,"href":"https:\/\/www2.uepg.br\/geocidades\/wp-json\/wp\/v2\/pages\/1363\/revisions\/1383"}],"up":[{"embeddable":true,"href":"https:\/\/www2.uepg.br\/geocidades\/wp-json\/wp\/v2\/pages\/143"}],"wp:attachment":[{"href":"https:\/\/www2.uepg.br\/geocidades\/wp-json\/wp\/v2\/media?parent=1363"}],"curies":[{"name":"wp","href":"https:\/\/api.w.org\/{rel}","templated":true}]}}