{"id":1366,"date":"2024-12-06T12:35:52","date_gmt":"2024-12-06T15:35:52","guid":{"rendered":"https:\/\/www2.uepg.br\/geocidades\/?page_id=1366"},"modified":"2026-01-14T15:39:50","modified_gmt":"2026-01-14T18:39:50","slug":"documentos","status":"publish","type":"page","link":"https:\/\/www2.uepg.br\/geocidades\/plano-diretor\/adrianopolis\/documentos\/","title":{"rendered":"Documentos"},"content":{"rendered":"<ul>\n<li><a href=\"https:\/\/www2.uepg.br\/geocidades\/wp-content\/uploads\/sites\/209\/2026\/01\/Documento-AMEP-Barra-Grande.pdf\">Material Audi\u00eancia P\u00fablica Amplia\u00e7\u00e3o Per\u00edmetro Urbano do Munic\u00edpio de Adrian\u00f3polis na Localidade de Barra Brande<\/a><\/li>\n<\/ul>\n","protected":false},"excerpt":{"rendered":"<p>Material Audi\u00eancia P\u00fablica Amplia\u00e7\u00e3o Per\u00edmetro Urbano do Munic\u00edpio de Adrian\u00f3polis na Localidade de Barra Brande<\/p>\n","protected":false},"author":426,"featured_media":0,"parent":1363,"menu_order":0,"comment_status":"closed","ping_status":"closed","template":"","meta":[],"_links":{"self":[{"href":"https:\/\/www2.uepg.br\/geocidades\/wp-json\/wp\/v2\/pages\/1366"}],"collection":[{"href":"https:\/\/www2.uepg.br\/geocidades\/wp-json\/wp\/v2\/pages"}],"about":[{"href":"https:\/\/www2.uepg.br\/geocidades\/wp-json\/wp\/v2\/types\/page"}],"author":[{"embeddable":true,"href":"https:\/\/www2.uepg.br\/geocidades\/wp-json\/wp\/v2\/users\/426"}],"replies":[{"embeddable":true,"href":"https:\/\/www2.uepg.br\/geocidades\/wp-json\/wp\/v2\/comments?post=1366"}],"version-history":[{"count":2,"href":"https:\/\/www2.uepg.br\/geocidades\/wp-json\/wp\/v2\/pages\/1366\/revisions"}],"predecessor-version":[{"id":2108,"href":"https:\/\/www2.uepg.br\/geocidades\/wp-json\/wp\/v2\/pages\/1366\/revisions\/2108"}],"up":[{"embeddable":true,"href":"https:\/\/www2.uepg.br\/geocidades\/wp-json\/wp\/v2\/pages\/1363"}],"wp:attachment":[{"href":"https:\/\/www2.uepg.br\/geocidades\/wp-json\/wp\/v2\/media?parent=1366"}],"curies":[{"name":"wp","href":"https:\/\/api.w.org\/{rel}","templated":true}]}}