{"id":1387,"date":"2024-12-06T12:42:57","date_gmt":"2024-12-06T15:42:57","guid":{"rendered":"https:\/\/www2.uepg.br\/geocidades\/?page_id=1387"},"modified":"2024-12-10T11:42:55","modified_gmt":"2024-12-10T14:42:55","slug":"adrianopolis-pgv","status":"publish","type":"page","link":"https:\/\/www2.uepg.br\/geocidades\/planta-generica-de-valores\/adrianopolis-pgv\/","title":{"rendered":"Adrian\u00f3polis"},"content":{"rendered":"<div id=\"page-content\" class=\"page-content\">\n<div class=\"gridContainer content\">\n<div id=\"post-1363\" class=\"post-1363 page type-page status-publish hentry\">\n<div>\n<div id=\"page-content\" class=\"page-content\">\n<div class=\"gridContainer content\">\n<div id=\"post-476\" class=\"post-476 page type-page status-publish has-post-thumbnail hentry\">\n<div>\n<div id=\"page-content\" class=\"page-content\">\n<div class=\"gridContainer content\">\n<div id=\"post-144\" class=\"post-144 page type-page status-publish has-post-thumbnail hentry\">\n<div>\n<p>Mem\u00f3rias da Planta Gen\u00e9rica de Valores de Adrian\u00f3polis, Paran\u00e1<\/p>\n<p>\u2013 <a href=\"https:\/\/www2.uepg.br\/geocidades\/planta-generica-de-valores\/adrianopolis-pgv\/documentos\/\">Documentos<\/a><\/p>\n<p>\u2013 <a href=\"https:\/\/www2.uepg.br\/geocidades\/planta-generica-de-valores\/adrianopolis-pgv\/mapas-revisao-planta-generica-de-valores-adrianopolis-parana\/\">Mapas<\/a><\/p>\n<p>\u2013 <a href=\"https:\/\/www2.uepg.br\/geocidades\/planta-generica-de-valores\/adrianopolis-pgv\/noticias\/\">Not\u00edcias<\/a><\/p>\n<p>\u2013 <a href=\"https:\/\/www2.uepg.br\/geocidades\/planta-generica-de-valores\/adrianopolis-pgv\/legislacoes\/\">Legisla\u00e7\u00f5es<\/a><\/p>\n<p>\u2013 <a href=\"https:\/\/www2.uepg.br\/geocidades\/planta-generica-de-valores\/adrianopolis-pgv\/reunioes\/\">Reuni\u00f5es<\/a><\/p>\n<p>\u2013 <a href=\"https:\/\/www2.uepg.br\/geocidades\/planta-generica-de-valores\/adrianopolis-pgv\/audiencia-publica\/\">Audi\u00eancia P\u00fablica<\/a><\/p>\n<p>\u2013 <a href=\"https:\/\/www2.uepg.br\/geocidades\/planta-generica-de-valores\/adrianopolis-pgv\/videos\/\">V\u00eddeos<\/a><\/p>\n<p>\u2013 <a href=\"https:\/\/www2.uepg.br\/geocidades\/planta-generica-de-valores\/adrianopolis-pgv\/agenda\/\">Agenda<\/a><\/p>\n<\/div>\n<\/div>\n<\/div>\n<\/div>\n<\/div>\n<\/div>\n<\/div>\n<\/div>\n<\/div>\n<\/div>\n<\/div>\n<\/div>\n","protected":false},"excerpt":{"rendered":"<p>Mem\u00f3rias da Planta Gen\u00e9rica de Valores de Adrian\u00f3polis, Paran\u00e1 \u2013 Documentos \u2013 Mapas \u2013 Not\u00edcias \u2013 Legisla\u00e7\u00f5es \u2013 Reuni\u00f5es \u2013 Audi\u00eancia P\u00fablica \u2013 V\u00eddeos \u2013 Agenda<\/p>\n","protected":false},"author":426,"featured_media":0,"parent":1385,"menu_order":0,"comment_status":"closed","ping_status":"closed","template":"","meta":[],"_links":{"self":[{"href":"https:\/\/www2.uepg.br\/geocidades\/wp-json\/wp\/v2\/pages\/1387"}],"collection":[{"href":"https:\/\/www2.uepg.br\/geocidades\/wp-json\/wp\/v2\/pages"}],"about":[{"href":"https:\/\/www2.uepg.br\/geocidades\/wp-json\/wp\/v2\/types\/page"}],"author":[{"embeddable":true,"href":"https:\/\/www2.uepg.br\/geocidades\/wp-json\/wp\/v2\/users\/426"}],"replies":[{"embeddable":true,"href":"https:\/\/www2.uepg.br\/geocidades\/wp-json\/wp\/v2\/comments?post=1387"}],"version-history":[{"count":4,"href":"https:\/\/www2.uepg.br\/geocidades\/wp-json\/wp\/v2\/pages\/1387\/revisions"}],"predecessor-version":[{"id":1491,"href":"https:\/\/www2.uepg.br\/geocidades\/wp-json\/wp\/v2\/pages\/1387\/revisions\/1491"}],"up":[{"embeddable":true,"href":"https:\/\/www2.uepg.br\/geocidades\/wp-json\/wp\/v2\/pages\/1385"}],"wp:attachment":[{"href":"https:\/\/www2.uepg.br\/geocidades\/wp-json\/wp\/v2\/media?parent=1387"}],"curies":[{"name":"wp","href":"https:\/\/api.w.org\/{rel}","templated":true}]}}