{"id":1418,"date":"2024-12-06T14:00:35","date_gmt":"2024-12-06T17:00:35","guid":{"rendered":"https:\/\/www2.uepg.br\/geocidades\/?page_id=1418"},"modified":"2026-04-06T14:05:29","modified_gmt":"2026-04-06T17:05:29","slug":"documentos","status":"publish","type":"page","link":"https:\/\/www2.uepg.br\/geocidades\/plano-de-mobilidade\/cerro-azul-revisao-do-plano-de-mobilidade\/documentos\/","title":{"rendered":"Documentos"},"content":{"rendered":"<p>Relat\u00f3rios da Elabora\u00e7\u00e3o do Plano de Mobilidade Campo &#8211; Cidade de Cerro Azul &#8211; PR<\/p>\n<ul>\n<li>1\u00aa Fase &#8211; Estrutura\u00e7\u00e3o Organizacional<\/li>\n<\/ul>\n<p><a href=\"https:\/\/www2.uepg.br\/geocidades\/wp-content\/uploads\/sites\/209\/2026\/04\/Relatorio_I_Fase_Plano_Mobilidade_Cerro_Azul_fevereiro_2026.pdf\">Relatorio I Fase Plano Mobilidade Cerro Azul &#8211; vers\u00e3o para avalia\u00e7\u00e3o<\/a><\/p>\n<p><a href=\"https:\/\/www2.uepg.br\/geocidades\/wp-content\/uploads\/sites\/209\/2026\/04\/Relatorio_Fase_I_2026_02_06-versao-consolidada.pdf\">Relatorio I Fase Plano de Mobilidade Cerro Azul- vers\u00e3o consolidada<\/a><\/p>\n<ul>\n<li>2\u00aa Fase &#8211; An\u00e1lise Tem\u00e1tica Integrada<\/li>\n<\/ul>\n<p><a href=\"https:\/\/www2.uepg.br\/geocidades\/wp-content\/uploads\/sites\/209\/2026\/04\/Relatorio-2a-Fase-Analise-Tematica-Integrada-Finalizado-2026.pdf\">Relat\u00f3rio II Fase &#8211; An\u00e1lise Tem\u00e1tica Integrada &#8211; vers\u00e3o para avalia\u00e7\u00e3o<\/a><\/p>\n<p><a href=\"https:\/\/drive.google.com\/drive\/folders\/1LmuvwVwYcawKtqVsD7aHLxUJ13K0p-xM?usp=sharing\">Relat\u00f3rio II Fase &#8211; An\u00e1lise Tem\u00e1tica Integrada &#8211; vers\u00e3o consolidada<\/a><\/p>\n<ul>\n<li>3\u00aa Fase &#8211; Diretrizes e Propostas<\/li>\n<\/ul>\n<p><a href=\"https:\/\/www2.uepg.br\/geocidades\/wp-content\/uploads\/sites\/209\/2026\/04\/Relatorio-3a-Fase-Diretrizes-e-Propostas-Finalizado-2026.pdf\">Relat\u00f3rio III Fase &#8211; Diretrizes e Propostas &#8211; vers\u00e3o para avalia\u00e7\u00e3o<\/a><\/p>\n<p><a href=\"https:\/\/www2.uepg.br\/geocidades\/wp-content\/uploads\/sites\/209\/2026\/04\/Relatorio-3a-Fase-Diretrizes-e-Propostas-Versao-Consolidada-2026.pdf\">Relat\u00f3rio III Fase &#8211; Diretrizes e Propostas &#8211; vers\u00e3o consolidada<\/a><\/p>\n<ul>\n<li>4\u00aa Fase &#8211; Plano de A\u00e7\u00e3o e Investimentos (PAI) e Institucionaliza\u00e7\u00e3o do Plano de Mobilidade<\/li>\n<\/ul>\n<p><a href=\"https:\/\/www2.uepg.br\/geocidades\/wp-content\/uploads\/sites\/209\/2026\/04\/Relatorio-01_02-4a-Fase-PlanMob-Finalizado-2026.pdf\">Relat\u00f3rio 01 IV Fase &#8211; Plano de A\u00e7\u00e3o e Investimentos &#8211; vers\u00e3o para avalia\u00e7\u00e3o<\/a><\/p>\n<p><a href=\"https:\/\/drive.google.com\/drive\/folders\/1DWPBIbDNC6fpWGUeBZI3FsOjsxOyZYWV?usp=sharing\">Relat\u00f3rio 01 IV Fase &#8211; Plano de A\u00e7\u00e3o e Investimentos &#8211; vers\u00e3o consolidada<\/a><\/p>\n<p><a href=\"https:\/\/www2.uepg.br\/geocidades\/wp-content\/uploads\/sites\/209\/2026\/04\/Relatorio-02_02-4o-Fase-Projeto-de-Lei-Mobilidade-Finalizado-2026.pdf\">Relat\u00f3rio 02 IV Fase &#8211; Institucionaliza\u00e7\u00e3o do Plano de Mobilidade &#8211; vers\u00e3o para avalia\u00e7\u00e3o<\/a><\/p>\n<p><a href=\"https:\/\/drive.google.com\/drive\/folders\/1uQdBnlQLOu-yHKIqzrC9QOjzAOV-bhD6?usp=sharing\">Relat\u00f3rio 02 IV Fase &#8211; Institucionaliza\u00e7\u00e3o do Plano de Mobilidade &#8211; vers\u00e3o consolidada<\/a><\/p>\n<ul>\n<li>Minutas dos Projetos de Lei<\/li>\n<\/ul>\n<p><a href=\"https:\/\/drive.google.com\/drive\/u\/1\/folders\/1OMl-Uwl7fQRTOa_rv3rs0cIe9lq7tJII\">Minuta do Plano de Mobilidade Campo &#8211; Cidade de Cerro Azul &#8211; vers\u00e3o para avalia\u00e7\u00e3o<\/a><\/p>\n<p><a href=\"https:\/\/www2.uepg.br\/geocidades\/wp-content\/uploads\/sites\/209\/2026\/04\/Minuta-Plano-de-Acao-e-Investimentos-Plano-de-Moblidade-Campo-Cidade-Cerro-Azul-2026.pdf\">Minuta Plano de A\u00e7\u00e3o e Investimentos &#8211; Plano de Moblidade Campo Cidade Cerro Azul &#8211; vers\u00e3o para avalia\u00e7\u00e3o<\/a><\/p>\n<ul>\n<li>Formul\u00e1rio para manifesta\u00e7\u00f5es de sugest\u00f5es e questionamentos acerca das minutas disponibilizadas para avalia\u00e7\u00e3o, para a 1\u00aa audi\u00eancia p\u00fablica da 4\u00aa fase do Plano de Mobilidade Campo &#8211; Cidade.<\/li>\n<\/ul>\n<p><a href=\"https:\/\/forms.gle\/CAqnYQifp6EEWuBE8\">https:\/\/forms.gle\/CAqnYQifp6EEWuBE8<\/a><\/p>\n","protected":false},"excerpt":{"rendered":"<p>Relat\u00f3rios da Elabora\u00e7\u00e3o do Plano de Mobilidade Campo &#8211; Cidade de Cerro Azul &#8211; PR 1\u00aa Fase &#8211; Estrutura\u00e7\u00e3o Organizacional Relatorio I Fase Plano Mobilidade Cerro Azul &#8211; vers\u00e3o para avalia\u00e7\u00e3o Relatorio I Fase Plano de Mobilidade Cerro Azul- vers\u00e3o consolidada 2\u00aa Fase &#8211; An\u00e1lise Tem\u00e1tica Integrada Relat\u00f3rio II Fase &#8211; An\u00e1lise Tem\u00e1tica Integrada &#8211;&nbsp;&hellip;<\/p>\n","protected":false},"author":426,"featured_media":0,"parent":1413,"menu_order":0,"comment_status":"closed","ping_status":"closed","template":"","meta":[],"_links":{"self":[{"href":"https:\/\/www2.uepg.br\/geocidades\/wp-json\/wp\/v2\/pages\/1418"}],"collection":[{"href":"https:\/\/www2.uepg.br\/geocidades\/wp-json\/wp\/v2\/pages"}],"about":[{"href":"https:\/\/www2.uepg.br\/geocidades\/wp-json\/wp\/v2\/types\/page"}],"author":[{"embeddable":true,"href":"https:\/\/www2.uepg.br\/geocidades\/wp-json\/wp\/v2\/users\/426"}],"replies":[{"embeddable":true,"href":"https:\/\/www2.uepg.br\/geocidades\/wp-json\/wp\/v2\/comments?post=1418"}],"version-history":[{"count":24,"href":"https:\/\/www2.uepg.br\/geocidades\/wp-json\/wp\/v2\/pages\/1418\/revisions"}],"predecessor-version":[{"id":2157,"href":"https:\/\/www2.uepg.br\/geocidades\/wp-json\/wp\/v2\/pages\/1418\/revisions\/2157"}],"up":[{"embeddable":true,"href":"https:\/\/www2.uepg.br\/geocidades\/wp-json\/wp\/v2\/pages\/1413"}],"wp:attachment":[{"href":"https:\/\/www2.uepg.br\/geocidades\/wp-json\/wp\/v2\/media?parent=1418"}],"curies":[{"name":"wp","href":"https:\/\/api.w.org\/{rel}","templated":true}]}}