{"id":1420,"date":"2024-12-06T14:00:52","date_gmt":"2024-12-06T17:00:52","guid":{"rendered":"https:\/\/www2.uepg.br\/geocidades\/?page_id=1420"},"modified":"2025-11-10T08:44:34","modified_gmt":"2025-11-10T11:44:34","slug":"mapas","status":"publish","type":"page","link":"https:\/\/www2.uepg.br\/geocidades\/plano-de-mobilidade\/cerro-azul-revisao-do-plano-de-mobilidade\/mapas\/","title":{"rendered":"Mapas Revis\u00e3o Plano Mobilidade \u201cCerro Azul, Paran\u00e1\u201d"},"content":{"rendered":"<p>Sistema de circula\u00e7\u00e3o para pedestres<\/p>\n<ul>\n<li><a href=\"https:\/\/www2.uepg.br\/geocidades\/wp-content\/uploads\/sites\/209\/2025\/10\/Largura_calcadas_Cerro_Azul_2025.pdf\">Largura &#8211; cal\u00e7adas &#8211; Cerro Azul 2025<\/a><\/li>\n<li><a href=\"https:\/\/www2.uepg.br\/geocidades\/wp-content\/uploads\/sites\/209\/2025\/10\/tipo_de_material_calcadas_Cerro_Azul_2025.pdf\">Tipo de material &#8211; cal\u00e7adas &#8211; Cerro Azul 2025<\/a><\/li>\n<li><a href=\"https:\/\/www2.uepg.br\/geocidades\/wp-content\/uploads\/sites\/209\/2025\/10\/rampa_calcadas_Cerro_Azul_2025.pdf\">Rampa &#8211; cal\u00e7adas &#8211; Cerro Azul 2025<\/a><\/li>\n<li><a href=\"https:\/\/www2.uepg.br\/geocidades\/wp-content\/uploads\/sites\/209\/2025\/10\/piso_tatil_calcadas_Cerro_Azul_2025.pdf\">Piso t\u00e1til &#8211; cal\u00e7adas &#8211; Cerro Azul 2025<\/a><\/li>\n<li><a href=\"https:\/\/www2.uepg.br\/geocidades\/wp-content\/uploads\/sites\/209\/2025\/10\/Obstaculos_calcadas_Cerro_Azul_2025.pdf\">Obstaculos_cal\u00e7adas_Cerro_Azul_2025<\/a><\/li>\n<\/ul>\n<p>Sistema de circula\u00e7\u00e3o para Bicicletas<\/p>\n<p>&nbsp;<\/p>\n<p>Sistema de circula\u00e7\u00e3o do transporte coletivo<\/p>\n<ul>\n<li><a href=\"https:\/\/www2.uepg.br\/geocidades\/wp-content\/uploads\/sites\/209\/2025\/10\/Linhas_transp_coletivo_Cerro_Azul_2025.pdf\">Linhas do transporte coletivo &#8211; Cerro Azul 2025<\/a><\/li>\n<li><a href=\"https:\/\/www2.uepg.br\/geocidades\/wp-content\/uploads\/sites\/209\/2025\/10\/Abrigos_transp_coletivo_Cerro_Azul_2025.pdf\">Abrigos nos pontos de passagem do transporte coletivo &#8211; Cerro Azul 2025<\/a><\/li>\n<li><a href=\"https:\/\/www2.uepg.br\/geocidades\/wp-content\/uploads\/sites\/209\/2025\/10\/Terminal_transp_coletivo_Cerro_Azul_2025.pdf\">Terminal &#8211; transporte coletivo &#8211; Cerro Azul 2025<\/a><\/li>\n<li><a href=\"https:\/\/www2.uepg.br\/geocidades\/wp-content\/uploads\/sites\/209\/2025\/10\/Garagens_transp_coletivo_Cerro_Azul_2025.pdf\">Garagens &#8211; transporte coletivo &#8211; Cerro_Azul_2025<\/a><\/li>\n<\/ul>\n<p>Sistema de circula\u00e7\u00e3o para o tr\u00e1fego geral<\/p>\n<ul>\n<li><a href=\"https:\/\/www2.uepg.br\/geocidades\/wp-content\/uploads\/sites\/209\/2025\/10\/Largura_eixo_viario_Cerro_Azul_2025.png\">Largura dos eixos vi\u00e1rios &#8211; Cerro Azul 2025<\/a><\/li>\n<li><a href=\"https:\/\/www2.uepg.br\/geocidades\/wp-content\/uploads\/sites\/209\/2025\/10\/Tipo_Revestimento_eixo_viario_Cerro_Azul_2025.png\">Tipo de revestimento dos eixos vi\u00e1rios &#8211; Cerro Azul 2025<\/a><\/li>\n<li><a href=\"https:\/\/www2.uepg.br\/geocidades\/wp-content\/uploads\/sites\/209\/2025\/10\/sentidos_eixo_viario_Cerro_Azul_2025.pdf\">Sentidos dos eixos vi\u00e1rios &#8211; Cerro Azul 2025<\/a><\/li>\n<li><a href=\"https:\/\/www2.uepg.br\/geocidades\/wp-content\/uploads\/sites\/209\/2025\/10\/Classificacao_viaria_Cerro_Azul_2025.png\">Classifica\u00e7\u00e3o vi\u00e1ria &#8211; Cerro Azul 2025<\/a><\/li>\n<li><a href=\"https:\/\/www2.uepg.br\/geocidades\/wp-content\/uploads\/sites\/209\/2025\/10\/estradas_e_caminhos_Cerro_Azul_2025.pdf\">Estradas e caminhos rurais &#8211; Cerro Azul 2025<\/a><\/li>\n<li><a href=\"https:\/\/www2.uepg.br\/geocidades\/wp-content\/uploads\/sites\/209\/2025\/10\/iluminacao_01-04_Cerro_Azul_2025.pdf\">Ilumina\u00e7\u00e3o 01-04 &#8211; Cerro Azul 2025<\/a><\/li>\n<li><a href=\"https:\/\/www2.uepg.br\/geocidades\/wp-content\/uploads\/sites\/209\/2025\/10\/iluminacao_02-04_Cerro_Azul_2025.pdf\">Ilumina\u00e7\u00e3o 02-04 &#8211; Cerro Azul 2025<\/a><\/li>\n<li><a href=\"https:\/\/www2.uepg.br\/geocidades\/wp-content\/uploads\/sites\/209\/2025\/10\/iluminacao_03-04_Cerro_Azul_2025.pdf\">Ilumina\u00e7\u00e3o 03-04 &#8211; Cerro Azul 2025<\/a><\/li>\n<li><a href=\"https:\/\/www2.uepg.br\/geocidades\/wp-content\/uploads\/sites\/209\/2025\/10\/iluminacao_04-04_Cerro_Azul_2025.pdf\">Ilumina\u00e7\u00e3o 04-04 &#8211; Cerro Azul 2025<\/a><\/li>\n<li><a href=\"https:\/\/www2.uepg.br\/geocidades\/wp-content\/uploads\/sites\/209\/2025\/10\/Pontes_centro_Cerro_Azul_2025.pdf\">Pontes centro &#8211; Cerro Azul 2025<\/a><\/li>\n<li><a href=\"https:\/\/www2.uepg.br\/geocidades\/wp-content\/uploads\/sites\/209\/2025\/10\/Pontes_norte_Cerro_Azul_2025.pdf\">Pontes norte &#8211; Cerro Azul_2025<\/a><\/li>\n<li><a href=\"https:\/\/www2.uepg.br\/geocidades\/wp-content\/uploads\/sites\/209\/2025\/10\/Pontes_oeste_Cerro_Azul_2025.pdf\">Pontes oeste &#8211; Cerro Azul 2025<\/a><\/li>\n<li><a href=\"https:\/\/www2.uepg.br\/geocidades\/wp-content\/uploads\/sites\/209\/2025\/10\/Pontes_sede_Cerro_Azul_2025.pdf\">Pontes sede &#8211; Cerro Azul 2025<\/a><\/li>\n<li><a href=\"https:\/\/www2.uepg.br\/geocidades\/wp-content\/uploads\/sites\/209\/2025\/10\/Pontes_sul_Cerro_Azul_2025.pdf\">Pontes sul &#8211; Cerro Azul 2025<\/a><\/li>\n<li><a href=\"https:\/\/www2.uepg.br\/geocidades\/wp-content\/uploads\/sites\/209\/2025\/10\/Trechos_declividade_Cerro_Azul_2025-scaled.jpg\">Trechos com declividade superior a 10% &#8211; Cerro Azul 2025<\/a><\/li>\n<\/ul>\n<p>Sistema de circula\u00e7\u00e3o de cargas<\/p>\n<ul>\n<li><a href=\"https:\/\/www2.uepg.br\/geocidades\/wp-content\/uploads\/sites\/209\/2025\/10\/Mineracao_Cerro_Azul_2025.pdf\">Minera\u00e7\u00e3o &#8211; Cerro Azul 2025<\/a><\/li>\n<li><a href=\"https:\/\/www2.uepg.br\/geocidades\/wp-content\/uploads\/sites\/209\/2025\/10\/Silvicultura_Cerro_Azul_2025.pdf\">Silvicultura &#8211; Cerro Azul 2025<\/a><\/li>\n<li><a href=\"https:\/\/www2.uepg.br\/geocidades\/wp-content\/uploads\/sites\/209\/2025\/10\/Ponkan_Cerro_Azul_2025.pdf\">Ponkan &#8211; Cerro Azul 2025<\/a><\/li>\n<li><a href=\"https:\/\/www2.uepg.br\/geocidades\/wp-content\/uploads\/sites\/209\/2025\/10\/Ponkan_por_regiao_Cerro_Azul_2025.pdf\">Produ\u00e7\u00e3o de Ponkan por regi\u00e3o &#8211; Cerro Azul_2025<\/a><\/li>\n<\/ul>\n<p>Invent\u00e1rio de sistemas de controle de tr\u00e1fego<\/p>\n<ul>\n<li><a href=\"https:\/\/www2.uepg.br\/geocidades\/wp-content\/uploads\/sites\/209\/2025\/10\/sinalizacao_norte_Cerro_Azul_2025.pdf\">Sinaliza\u00e7\u00e3o vertical norte &#8211; Cerro Azul 2025<\/a><\/li>\n<li><a href=\"https:\/\/www2.uepg.br\/geocidades\/wp-content\/uploads\/sites\/209\/2025\/10\/sinalizacao_sul_Cerro_Azul_2025.pdf\">Sinaliza\u00e7\u00e3o vertical sul &#8211; Cerro Azul 2025<\/a><\/li>\n<li><a href=\"https:\/\/www2.uepg.br\/geocidades\/wp-content\/uploads\/sites\/209\/2025\/10\/sinalizacao_horizontal_Cerro_Azul_2025.pdf\">Sinaliza\u00e7\u00e3o horizontal &#8211; Cerro Azul 2025<\/a><\/li>\n<\/ul>\n<p>Invent\u00e1rio de estacionamento<\/p>\n<ul>\n<li><a href=\"https:\/\/www2.uepg.br\/geocidades\/wp-content\/uploads\/sites\/209\/2025\/10\/Estacionamento_Cerro_Azul_2025.pdf\">Estacionamento &#8211; Cerro Azul 2025<\/a><\/li>\n<\/ul>\n<p>Invent\u00e1rios complementares<\/p>\n<ul>\n<li><a href=\"https:\/\/www2.uepg.br\/geocidades\/wp-content\/uploads\/sites\/209\/2025\/10\/Circulacao_restrita_Cerro_Azul_2025.pdf\">\u00c1reas com circula\u00e7\u00e3o restrita &#8211; Cerro Azul 2025<\/a><\/li>\n<li><a href=\"https:\/\/www2.uepg.br\/geocidades\/wp-content\/uploads\/sites\/209\/2025\/10\/Estabelecimentos_saude_Cerro_Azul_2025.png\">Estabelecimentos com sa\u00edda dos ve\u00edculos da sa\u00fade &#8211; Cerro Azul &#8211; 2025<\/a><\/li>\n<li><a href=\"https:\/\/www2.uepg.br\/geocidades\/wp-content\/uploads\/sites\/209\/2025\/10\/Rotas_escolares_Cerro_Azul_2025.png\">Rotas escolares &#8211; Cerro Azul &#8211; 2025<\/a><\/li>\n<li><a href=\"https:\/\/www2.uepg.br\/geocidades\/wp-content\/uploads\/sites\/209\/2025\/10\/Polos_Geradores_Viagem_Cerro_Azul_2025.pdf\">Polos Geradores de Viagem &#8211; Cerro Azul 2025<\/a><\/li>\n<li><a href=\"https:\/\/www2.uepg.br\/geocidades\/wp-content\/uploads\/sites\/209\/2025\/10\/Polos_viagem_sede_Cerro_Azul_2025.pdf\">Polos Geradores de Viagem &#8211; ede_Cerro_Azul_2025<\/a><\/li>\n<\/ul>\n<p>Pesquisas de comportamento na circula\u00e7\u00e3o<\/p>\n<ul>\n<li><a href=\"https:\/\/www2.uepg.br\/geocidades\/wp-content\/uploads\/sites\/209\/2025\/10\/Pessoas_rotatoria_Cerro_Azul_2025.pdf\">Pessoas ponto 1 &#8211; Cerro Azul 2025<\/a><\/li>\n<li><a href=\"https:\/\/www2.uepg.br\/geocidades\/wp-content\/uploads\/sites\/209\/2025\/10\/Pessoas_Colegios_Cerro_Azul_2025.pdf\">Pessoas ponto 2 &#8211; Cerro Azul 2025<\/a><\/li>\n<li><a href=\"https:\/\/www2.uepg.br\/geocidades\/wp-content\/uploads\/sites\/209\/2025\/10\/Pessoas_Margem_Esquerda_Cerro_Azul_2025.pdf\">Pessoas ponto 3 &#8211; Cerro Azul 2025<\/a><\/li>\n<li><a href=\"https:\/\/www2.uepg.br\/geocidades\/wp-content\/uploads\/sites\/209\/2025\/10\/Pessoas_skinao_Cerro_Azul_2025.pdf\">Pessoas ponto 4 &#8211; Cerro Azul 2025<\/a><\/li>\n<li><a href=\"https:\/\/www2.uepg.br\/geocidades\/wp-content\/uploads\/sites\/209\/2025\/10\/Bicicletas_rotatoria_Cerro_Azul_2025.pdf\">Bicicletas ponto 1 &#8211; Cerro Azul 2025<\/a><\/li>\n<li><a href=\"https:\/\/www2.uepg.br\/geocidades\/wp-content\/uploads\/sites\/209\/2025\/10\/Bicicletas_colegios_Cerro_Azul_2025.pdf\">Bicicletas ponto 2 &#8211; Cerro Azul 2025<\/a><\/li>\n<li><a href=\"https:\/\/www2.uepg.br\/geocidades\/wp-content\/uploads\/sites\/209\/2025\/10\/Bicicletas_Margem_esquerda_Cerro_Azul_2025.pdf\">Bicicletas ponto 3 &#8211; Cerro Azul 2025<\/a><\/li>\n<li><a href=\"https:\/\/www2.uepg.br\/geocidades\/wp-content\/uploads\/sites\/209\/2025\/10\/Bicicleta_skinao_Cerro_Azul_2025.pdf\">Bicicleta ponto 4 &#8211; Cerro_Azul_2025<\/a><\/li>\n<\/ul>\n","protected":false},"excerpt":{"rendered":"<p>Sistema de circula\u00e7\u00e3o para pedestres Largura &#8211; cal\u00e7adas &#8211; Cerro Azul 2025 Tipo de material &#8211; cal\u00e7adas &#8211; Cerro Azul 2025 Rampa &#8211; cal\u00e7adas &#8211; Cerro Azul 2025 Piso t\u00e1til &#8211; cal\u00e7adas &#8211; Cerro Azul 2025 Obstaculos_cal\u00e7adas_Cerro_Azul_2025 Sistema de circula\u00e7\u00e3o para Bicicletas &nbsp; Sistema de circula\u00e7\u00e3o do transporte coletivo Linhas do transporte coletivo &#8211; Cerro&nbsp;&hellip;<\/p>\n","protected":false},"author":426,"featured_media":0,"parent":1413,"menu_order":0,"comment_status":"closed","ping_status":"closed","template":"","meta":[],"_links":{"self":[{"href":"https:\/\/www2.uepg.br\/geocidades\/wp-json\/wp\/v2\/pages\/1420"}],"collection":[{"href":"https:\/\/www2.uepg.br\/geocidades\/wp-json\/wp\/v2\/pages"}],"about":[{"href":"https:\/\/www2.uepg.br\/geocidades\/wp-json\/wp\/v2\/types\/page"}],"author":[{"embeddable":true,"href":"https:\/\/www2.uepg.br\/geocidades\/wp-json\/wp\/v2\/users\/426"}],"replies":[{"embeddable":true,"href":"https:\/\/www2.uepg.br\/geocidades\/wp-json\/wp\/v2\/comments?post=1420"}],"version-history":[{"count":24,"href":"https:\/\/www2.uepg.br\/geocidades\/wp-json\/wp\/v2\/pages\/1420\/revisions"}],"predecessor-version":[{"id":2104,"href":"https:\/\/www2.uepg.br\/geocidades\/wp-json\/wp\/v2\/pages\/1420\/revisions\/2104"}],"up":[{"embeddable":true,"href":"https:\/\/www2.uepg.br\/geocidades\/wp-json\/wp\/v2\/pages\/1413"}],"wp:attachment":[{"href":"https:\/\/www2.uepg.br\/geocidades\/wp-json\/wp\/v2\/media?parent=1420"}],"curies":[{"name":"wp","href":"https:\/\/api.w.org\/{rel}","templated":true}]}}