{"id":1427,"date":"2024-12-06T14:02:32","date_gmt":"2024-12-06T17:02:32","guid":{"rendered":"https:\/\/www2.uepg.br\/geocidades\/?page_id=1427"},"modified":"2025-10-21T16:30:25","modified_gmt":"2025-10-21T19:30:25","slug":"reunioes","status":"publish","type":"page","link":"https:\/\/www2.uepg.br\/geocidades\/plano-de-mobilidade\/cerro-azul-revisao-do-plano-de-mobilidade\/reunioes\/","title":{"rendered":"Reuni\u00f5es"},"content":{"rendered":"<p>Reuni\u00e3o 29\/11\/2024<\/p>\n<ul>\n<li><a href=\"https:\/\/www2.uepg.br\/geocidades\/wp-content\/uploads\/sites\/209\/2025\/10\/Lista_presenca_reuniao_29-11-2024.jpeg\">Lista de presen\u00e7a Reuni\u00e3o T\u00e9cnica &#8211; Cerro Azul 2025<\/a><\/li>\n<\/ul>\n","protected":false},"excerpt":{"rendered":"<p>Reuni\u00e3o 29\/11\/2024 Lista de presen\u00e7a Reuni\u00e3o T\u00e9cnica &#8211; Cerro Azul 2025<\/p>\n","protected":false},"author":426,"featured_media":0,"parent":1413,"menu_order":0,"comment_status":"closed","ping_status":"closed","template":"","meta":[],"_links":{"self":[{"href":"https:\/\/www2.uepg.br\/geocidades\/wp-json\/wp\/v2\/pages\/1427"}],"collection":[{"href":"https:\/\/www2.uepg.br\/geocidades\/wp-json\/wp\/v2\/pages"}],"about":[{"href":"https:\/\/www2.uepg.br\/geocidades\/wp-json\/wp\/v2\/types\/page"}],"author":[{"embeddable":true,"href":"https:\/\/www2.uepg.br\/geocidades\/wp-json\/wp\/v2\/users\/426"}],"replies":[{"embeddable":true,"href":"https:\/\/www2.uepg.br\/geocidades\/wp-json\/wp\/v2\/comments?post=1427"}],"version-history":[{"count":2,"href":"https:\/\/www2.uepg.br\/geocidades\/wp-json\/wp\/v2\/pages\/1427\/revisions"}],"predecessor-version":[{"id":2095,"href":"https:\/\/www2.uepg.br\/geocidades\/wp-json\/wp\/v2\/pages\/1427\/revisions\/2095"}],"up":[{"embeddable":true,"href":"https:\/\/www2.uepg.br\/geocidades\/wp-json\/wp\/v2\/pages\/1413"}],"wp:attachment":[{"href":"https:\/\/www2.uepg.br\/geocidades\/wp-json\/wp\/v2\/media?parent=1427"}],"curies":[{"name":"wp","href":"https:\/\/api.w.org\/{rel}","templated":true}]}}