{"id":143,"date":"2021-12-13T14:11:37","date_gmt":"2021-12-13T17:11:37","guid":{"rendered":"https:\/\/www2.uepg.br\/geocidades\/?page_id=143"},"modified":"2026-02-13T14:35:36","modified_gmt":"2026-02-13T17:35:36","slug":"plano-diretor","status":"publish","type":"page","link":"https:\/\/www2.uepg.br\/geocidades\/plano-diretor\/","title":{"rendered":"Plano Diretor"},"content":{"rendered":"<p>&#8211; <a href=\"https:\/\/www2.uepg.br\/geocidades\/plano-diretor\/cerro-azul\/\">Cerro Azul<\/a><\/p>\n<p>&#8211; <a href=\"https:\/\/www2.uepg.br\/geocidades\/plano-diretor\/doutor-ulysses\/\">Doutor Ulysses<\/a><\/p>\n<p>&#8211; <a href=\"https:\/\/www2.uepg.br\/geocidades\/plano-diretor\/guaraquecaba\/\">Guaraque\u00e7aba<\/a><\/p>\n<p>&#8211; <a href=\"https:\/\/www2.uepg.br\/geocidades\/plano-diretor\/adrianopolis\/\">Adrian\u00f3polis<\/a><\/p>\n<p>&#8211; <a href=\"https:\/\/www2.uepg.br\/geocidades\/plano-diretor\/sao-joao-do-triunfo\/\">S\u00e3o Jo\u00e3o do Triunfo<\/a><\/p>\n","protected":false},"excerpt":{"rendered":"<p>&#8211; Cerro Azul &#8211; Doutor Ulysses &#8211; Guaraque\u00e7aba &#8211; Adrian\u00f3polis &#8211; S\u00e3o Jo\u00e3o do Triunfo<\/p>\n","protected":false},"author":378,"featured_media":0,"parent":0,"menu_order":0,"comment_status":"closed","ping_status":"closed","template":"","meta":[],"_links":{"self":[{"href":"https:\/\/www2.uepg.br\/geocidades\/wp-json\/wp\/v2\/pages\/143"}],"collection":[{"href":"https:\/\/www2.uepg.br\/geocidades\/wp-json\/wp\/v2\/pages"}],"about":[{"href":"https:\/\/www2.uepg.br\/geocidades\/wp-json\/wp\/v2\/types\/page"}],"author":[{"embeddable":true,"href":"https:\/\/www2.uepg.br\/geocidades\/wp-json\/wp\/v2\/users\/378"}],"replies":[{"embeddable":true,"href":"https:\/\/www2.uepg.br\/geocidades\/wp-json\/wp\/v2\/comments?post=143"}],"version-history":[{"count":5,"href":"https:\/\/www2.uepg.br\/geocidades\/wp-json\/wp\/v2\/pages\/143\/revisions"}],"predecessor-version":[{"id":2115,"href":"https:\/\/www2.uepg.br\/geocidades\/wp-json\/wp\/v2\/pages\/143\/revisions\/2115"}],"wp:attachment":[{"href":"https:\/\/www2.uepg.br\/geocidades\/wp-json\/wp\/v2\/media?parent=143"}],"curies":[{"name":"wp","href":"https:\/\/api.w.org\/{rel}","templated":true}]}}