{"id":144,"date":"2021-12-13T14:11:37","date_gmt":"2021-12-13T17:11:37","guid":{"rendered":"https:\/\/www2.uepg.br\/geocidades\/?page_id=144"},"modified":"2023-12-14T15:01:17","modified_gmt":"2023-12-14T18:01:17","slug":"cerro-azul","status":"publish","type":"page","link":"https:\/\/www2.uepg.br\/geocidades\/plano-diretor\/cerro-azul\/","title":{"rendered":"Cerro Azul"},"content":{"rendered":"<p><strong>Mem\u00f3rias do Plano Diretor Participativo de Cerro Azul, Paran\u00e1 &#8211; 2022-2032<\/strong><\/p>\n<p>&#8211; <a href=\"https:\/\/www2.uepg.br\/geocidades\/cerro-azul-documentos\/\">Documentos<\/a><\/p>\n<p>&#8211; <a href=\"https:\/\/www2.uepg.br\/geocidades\/cerro-azul-mapas\/\">Mapas<\/a><\/p>\n<p>&#8211; <a href=\"https:\/\/www2.uepg.br\/geocidades\/\">Not\u00edcias<\/a><\/p>\n<p>&#8211; <a href=\"https:\/\/www2.uepg.br\/geocidades\/cerro-azul-legislacoes\/\">Legisla\u00e7\u00f5es<\/a><\/p>\n<p>&#8211; <a href=\"https:\/\/www2.uepg.br\/geocidades\/cerro-azul-reunioes\/\">Reuni\u00f5es <\/a><\/p>\n<p>&#8211; <a href=\"https:\/\/www2.uepg.br\/geocidades\/cerro-azul-audiencias-publicas\/\">Audi\u00eancia P\u00fablica<\/a><\/p>\n<p>&#8211; <a href=\"https:\/\/www2.uepg.br\/geocidades\/cerro-azul-audiencias-publicas\/\">V\u00eddeos<\/a><\/p>\n<p>&#8211; <a href=\"https:\/\/www2.uepg.br\/geocidades\/cerro-azul-agenda\/\">Agenda<\/a><\/p>\n","protected":false},"excerpt":{"rendered":"<p>Mem\u00f3rias do Plano Diretor Participativo de Cerro Azul, Paran\u00e1 &#8211; 2022-2032 &#8211; Documentos &#8211; Mapas &#8211; Not\u00edcias &#8211; Legisla\u00e7\u00f5es &#8211; Reuni\u00f5es &#8211; Audi\u00eancia P\u00fablica &#8211; V\u00eddeos &#8211; Agenda<\/p>\n","protected":false},"author":378,"featured_media":667,"parent":143,"menu_order":0,"comment_status":"closed","ping_status":"closed","template":"","meta":[],"_links":{"self":[{"href":"https:\/\/www2.uepg.br\/geocidades\/wp-json\/wp\/v2\/pages\/144"}],"collection":[{"href":"https:\/\/www2.uepg.br\/geocidades\/wp-json\/wp\/v2\/pages"}],"about":[{"href":"https:\/\/www2.uepg.br\/geocidades\/wp-json\/wp\/v2\/types\/page"}],"author":[{"embeddable":true,"href":"https:\/\/www2.uepg.br\/geocidades\/wp-json\/wp\/v2\/users\/378"}],"replies":[{"embeddable":true,"href":"https:\/\/www2.uepg.br\/geocidades\/wp-json\/wp\/v2\/comments?post=144"}],"version-history":[{"count":13,"href":"https:\/\/www2.uepg.br\/geocidades\/wp-json\/wp\/v2\/pages\/144\/revisions"}],"predecessor-version":[{"id":297,"href":"https:\/\/www2.uepg.br\/geocidades\/wp-json\/wp\/v2\/pages\/144\/revisions\/297"}],"up":[{"embeddable":true,"href":"https:\/\/www2.uepg.br\/geocidades\/wp-json\/wp\/v2\/pages\/143"}],"wp:featuredmedia":[{"embeddable":true,"href":"https:\/\/www2.uepg.br\/geocidades\/wp-json\/wp\/v2\/media\/667"}],"wp:attachment":[{"href":"https:\/\/www2.uepg.br\/geocidades\/wp-json\/wp\/v2\/media?parent=144"}],"curies":[{"name":"wp","href":"https:\/\/api.w.org\/{rel}","templated":true}]}}