{"id":160,"date":"2021-12-13T14:31:27","date_gmt":"2021-12-13T17:31:27","guid":{"rendered":"https:\/\/www2.uepg.br\/geocidades\/?page_id=160"},"modified":"2023-12-14T15:08:06","modified_gmt":"2023-12-14T18:08:06","slug":"cerro-azul-noticias","status":"publish","type":"page","link":"https:\/\/www2.uepg.br\/geocidades\/plano-diretor\/cerro-azul\/cerro-azul-noticias\/","title":{"rendered":"Not\u00edcias"},"content":{"rendered":"<p><strong>Em 18\/12\/2021<\/strong><\/p>\n<p>Foi realizado no dia 18\/12\/2021, \u00e0s 9 horas, nas depend\u00eancias do Centro Comunit\u00e1rio de Cerro Azul \u201cBernardo Von M\u00fcller Berneck\u201d, Rua Marechal Deodoro da Fonseca, a 1\u00aa Audi\u00eancia P\u00fablica de Lan\u00e7amento da Revis\u00e3o do Plano Diretor Participativo de Cerro Azul, Paran\u00e1 (2022 \u2013 2032).<\/p>\n<p>O evento contou com a palestra do Ge\u00f3grafo Marcio Jose Ornat, Doutor em Geografia, Professor do Departamento de Geoci\u00eancias da Universidade Estadual de Ponta Grossa. O Professor Marcio, em conjunto com a Professora Andrea Tedesco,\u00a0 \u00e9 Coordenador do Conv\u00eanio de Coopera\u00e7\u00e3o T\u00e9cnica-Cient\u00edfica que entre si celebraram a Universidade Estadual de Ponta Grossa e o Munic\u00edpio de Cerro Azul, com vistas a realiza\u00e7\u00e3o da Revis\u00e3o do Plano Diretor Participativo deste munic\u00edpio.<\/p>\n<p>Na sua palestra, o Professor Marcio Jose Ornat tratou sobre \u201cO Plano Diretor Participativo do Munic\u00edpio de Cerro Azul (2022 \u2013 2032)\u201d, <span style=\"font-family: Liberation Serif, Times New Roman, serif\">quando abordou a trajet\u00f3ria desenvolvida atrav\u00e9s das reuni\u00f5es do Grupo de Trabalho institu\u00eddo pela Portaria n\u00ba 917 \/ 2021, que nomeou a equipe para exercer a revis\u00e3o, execu\u00e7\u00e3o e acompanhamento do Plano Diretor Participativo de Cerro Azul. <\/span><\/p>\n<p><span style=\"font-family: Liberation Serif, Times New Roman, serif\">Na sequ\u00eancia, o Professor Marcio Jose Ornat tratou sobre a compreens\u00e3o do Plano Diretor, que de acordo com a Constitui\u00e7\u00e3o Federal, \u00e9 o instrumento b\u00e1sico da pol\u00edtica de desenvolvimento e expans\u00e3o urbana. Segundo sua fala, esta lei \u00e9 de compet\u00eancia municipal, devendo conter os aspectos f\u00edsicos, aos aspectos econ\u00f4micos e os aspectos sociais que s\u00e3o desejados pela coletividade do munic\u00edpio.<\/span><\/p>\n<p>O segundo momento de fala do Professor Marcio Jose Ornat esteve relacionado a metodologia para exercer a revis\u00e3o, a execu\u00e7\u00e3o e o acompanhamento do Plano Diretor Participativo de Cerro Azul que a equipe elaborou nas discuss\u00f5es realizadas nos dias 05\/10\/2021, 05\/11\/2021, 18\/11\/2021 e 02\/12\/2021.<\/p>\n<p>Finalizada a palestra do Prof. Marcio, o Sr. Alexandre Dantas Brighetti tomou a palavra, abrindo para questionamentos e esclarecimentos da plen\u00e1ria presente.<\/p>\n<p>Ap\u00f3s a realiza\u00e7\u00e3o de todas as manifesta\u00e7\u00f5es dos presentes, o Sr. Alexandre Dantas Brighetti, em regime de vota\u00e7\u00e3o, submeteu para aprova\u00e7\u00e3o a Proposta de Metodologia para Revis\u00e3o do Plano Diretor Participativo de Cerro Azul. Com a manifesta\u00e7\u00e3o por indica\u00e7\u00e3o de cart\u00e3o verde de 31 presentes, por UNANIMIDADE, a Proposta de Metodologia para Revis\u00e3o do Plano Diretor Participativo de Cerro Azul foi APROVADA, e ap\u00f3s declarando iniciado os trabalhos do Plano Diretor Participativo de Cerro Azul, Paran\u00e1.<\/p>\n<div class='embed-container'><iframe loading=\"lazy\" title=\"1\u00aa AUDI\u00caNCIA P\u00daBLICA DE LAN\u00c7AMENTO DA REVIS\u00c3O DO PLANO DIRETOR PARTICIPATIVO DE CERRO AZUL\" width=\"1778\" height=\"1000\" src=\"https:\/\/www.youtube.com\/embed\/CLj2eucjK_0?feature=oembed\" frameborder=\"0\" allow=\"accelerometer; autoplay; clipboard-write; encrypted-media; gyroscope; picture-in-picture; web-share\" allowfullscreen><\/iframe><\/div>\n<p>&nbsp;<\/p>\n","protected":false},"excerpt":{"rendered":"<p>Em 18\/12\/2021 Foi realizado no dia 18\/12\/2021, \u00e0s 9 horas, nas depend\u00eancias do Centro Comunit\u00e1rio de Cerro Azul \u201cBernardo Von M\u00fcller Berneck\u201d, Rua Marechal Deodoro da Fonseca, a 1\u00aa Audi\u00eancia P\u00fablica de Lan\u00e7amento da Revis\u00e3o do Plano Diretor Participativo de Cerro Azul, Paran\u00e1 (2022 \u2013 2032). O evento contou com a palestra do Ge\u00f3grafo Marcio&nbsp;&hellip;<\/p>\n","protected":false},"author":378,"featured_media":667,"parent":144,"menu_order":0,"comment_status":"closed","ping_status":"closed","template":"","meta":[],"_links":{"self":[{"href":"https:\/\/www2.uepg.br\/geocidades\/wp-json\/wp\/v2\/pages\/160"}],"collection":[{"href":"https:\/\/www2.uepg.br\/geocidades\/wp-json\/wp\/v2\/pages"}],"about":[{"href":"https:\/\/www2.uepg.br\/geocidades\/wp-json\/wp\/v2\/types\/page"}],"author":[{"embeddable":true,"href":"https:\/\/www2.uepg.br\/geocidades\/wp-json\/wp\/v2\/users\/378"}],"replies":[{"embeddable":true,"href":"https:\/\/www2.uepg.br\/geocidades\/wp-json\/wp\/v2\/comments?post=160"}],"version-history":[{"count":6,"href":"https:\/\/www2.uepg.br\/geocidades\/wp-json\/wp\/v2\/pages\/160\/revisions"}],"predecessor-version":[{"id":289,"href":"https:\/\/www2.uepg.br\/geocidades\/wp-json\/wp\/v2\/pages\/160\/revisions\/289"}],"up":[{"embeddable":true,"href":"https:\/\/www2.uepg.br\/geocidades\/wp-json\/wp\/v2\/pages\/144"}],"wp:featuredmedia":[{"embeddable":true,"href":"https:\/\/www2.uepg.br\/geocidades\/wp-json\/wp\/v2\/media\/667"}],"wp:attachment":[{"href":"https:\/\/www2.uepg.br\/geocidades\/wp-json\/wp\/v2\/media?parent=160"}],"curies":[{"name":"wp","href":"https:\/\/api.w.org\/{rel}","templated":true}]}}