{"id":162,"date":"2021-12-13T14:31:27","date_gmt":"2021-12-13T17:31:27","guid":{"rendered":"https:\/\/www2.uepg.br\/geocidades\/?page_id=162"},"modified":"2023-12-14T15:04:41","modified_gmt":"2023-12-14T18:04:41","slug":"cerro-azul-legislacoes","status":"publish","type":"page","link":"https:\/\/www2.uepg.br\/geocidades\/plano-diretor\/cerro-azul\/cerro-azul-legislacoes\/","title":{"rendered":"Legisla\u00e7\u00f5es"},"content":{"rendered":"<p><strong>Legisla\u00e7\u00e3o Plano Diretor Cerro Azul &#8211; 2008<\/strong><\/p>\n<p>&#8211; <a href=\"https:\/\/www2.uepg.br\/geocidades\/wp-content\/uploads\/sites\/209\/2021\/12\/Lei-16-2008_Lei_Plano_Diretor.pdf\">Lei n\u00ba 16\/2008<\/a><br \/>\nDisp\u00f5e sobre o novo Plano Diretor Municipal de Cerro Azul e d\u00e1 outras provid\u00eancias.<\/p>\n<p>&#8211; <a href=\"https:\/\/www2.uepg.br\/geocidades\/wp-content\/uploads\/sites\/209\/2021\/12\/Lei-050-2008_Dispoe_sobre_Parcelamento_Edificacao_Utilizacao_Compulsoria_Imposto_Predial_Territorial-_Desapropriacao.pdf\">Lei n\u00ba 050\/2008<\/a><br \/>\nDisp\u00f5e sobre o parcelamento, a edifica\u00e7\u00e3o e a utiliza\u00e7\u00e3o compuls\u00f3ria de im\u00f3veis urbanos, sobre o imposto predial e territorial urbano progressivo no tempo e a desapropria\u00e7\u00e3o com o pagamento de t\u00edtulos da d\u00edvida p\u00fablica no Munic\u00edpio.<\/p>\n<p>&#8211; <a href=\"https:\/\/www2.uepg.br\/geocidades\/wp-content\/uploads\/sites\/209\/2021\/12\/Lei-051-2008..pdf\">Lei n\u00ba 051\/2008<\/a><br \/>\nDisp\u00f5e sobre a Outorga Onerosa do Direito de Construir e da Altera\u00e7\u00e3o de Uso, e d\u00e1 outras provid\u00eancias.<\/p>\n<p>&#8211; <a href=\"https:\/\/www2.uepg.br\/geocidades\/wp-content\/uploads\/sites\/209\/2021\/12\/Lei-052-2008..pdf\">Lei n\u00ba 052\/2008<\/a><br \/>\nDisp\u00f5e sobre a Transfer\u00eancia do Direito de Construir no Munic\u00edpio.<\/p>\n<p>&#8211; <a href=\"https:\/\/www2.uepg.br\/geocidades\/wp-content\/uploads\/sites\/209\/2021\/12\/Lei-053-2008..pdf\">Lei n\u00ba 053\/2008<\/a><br \/>\nAutoriza o Chefe do Poder Executivo Municipal a participar de Opera\u00e7\u00f5es Urbanas Consorciadas e d\u00e1 outras provid\u00eancias.<\/p>\n<p>&#8211; <a href=\"https:\/\/www2.uepg.br\/geocidades\/wp-content\/uploads\/sites\/209\/2021\/12\/Lei-054-2008..pdf\">Lei n\u00ba 054\/2008<\/a><br \/>\nDisp\u00f5e sobre o direito de preemp\u00e7\u00e3o .<\/p>\n<p>&#8211; <a href=\"https:\/\/www2.uepg.br\/geocidades\/wp-content\/uploads\/sites\/209\/2021\/12\/Lei-055-2008..pdf\">Lei n\u00ba 055\/2008<\/a><br \/>\nDisp\u00f5e sobre o Zoneamento, Uso e Ocupa\u00e7\u00e3o do Solo do Munic\u00edpio de Cerro Azul e d\u00e1 outras provid\u00eancias.<\/p>\n<p>&#8211; <a href=\"https:\/\/www2.uepg.br\/geocidades\/wp-content\/uploads\/sites\/209\/2021\/12\/Lei-056-2008..pdf\">Lei n\u00ba 056\/2008<\/a><br \/>\nDisp\u00f5e sobre o Sistema Vi\u00e1rio do Munic\u00edpio de Cerro Azul e d\u00e1 outras provid\u00eancias.<\/p>\n<p>&#8211; <a href=\"https:\/\/www2.uepg.br\/geocidades\/wp-content\/uploads\/sites\/209\/2021\/12\/Lei-057-2008..pdf\">Lei n\u00ba 057\/2008<\/a><br \/>\nDisp\u00f5e sobre a preserva\u00e7\u00e3o do Patrim\u00f4nio Cultural e Natural do Munic\u00edpio de Cerro Azul, cria o Conselho Municipal do Patrim\u00f4nio Cultural e institui o Fundo Municipal de Prote\u00e7\u00e3o do Patrim\u00f4nio Cultural.<\/p>\n<p>&#8211; <a href=\"https:\/\/www2.uepg.br\/geocidades\/wp-content\/uploads\/sites\/209\/2021\/12\/Lei-058-2008..pdf\">Lei n\u00ba 058\/2008<\/a><br \/>\nDisp\u00f5e sobre o parcelamento do solo para fins urbanos no Munic\u00edpio de Cerro Azul e d\u00e1 outras provid\u00eancias.<\/p>\n<p>&#8211; <a href=\"https:\/\/www2.uepg.br\/geocidades\/wp-content\/uploads\/sites\/209\/2021\/12\/Lei-059-2008.pdf\">Lei n\u00ba 059\/2008<\/a><br \/>\nEstabelece o novo C\u00f3digo de Obras e Atividades Econ\u00f4micas do Munic\u00edpio e d\u00e1 outras provid\u00eancias.<\/p>\n<p>&#8211; <a href=\"https:\/\/www2.uepg.br\/geocidades\/wp-content\/uploads\/sites\/209\/2021\/12\/Lei-060-2008..pdf\">Lei n\u00ba 060\/2008<\/a><br \/>\nDisp\u00f5e sobre o C\u00f3digo de Posturas do Munic\u00edpio e d\u00e1 outras provid\u00eancias.<\/p>\n<p>&#8211; <a href=\"https:\/\/www2.uepg.br\/geocidades\/wp-content\/uploads\/sites\/209\/2021\/12\/Lei-061-2008..pdf\">Lei n\u00ba 061\/2008<\/a><br \/>\nInstitui a pol\u00edtica municipal do meio ambiente, cria o Conselho Municipal de Defesa do Meio Ambiente e o Fundo Municipal de Defesa do Meio Ambiente e d\u00e1 outras provid\u00eancias.<\/p>\n<p>&#8211; <a href=\"https:\/\/www2.uepg.br\/geocidades\/wp-content\/uploads\/sites\/209\/2021\/12\/Lei-062-2008..pdf\">Lei n\u00ba 062\/2008<\/a><br \/>\nDisp\u00f5e sobre a drenagem urbana, o abastecimento de \u00e1gua, o esgotamento sanit\u00e1rio e o manejo de res\u00edduos s\u00f3lidos.<\/p>\n<p>&#8211; <a href=\"https:\/\/www2.uepg.br\/geocidades\/wp-content\/uploads\/sites\/209\/2021\/12\/Lei-063-2008..pdf\">Lei n\u00ba 063\/2008<\/a><br \/>\nEstabelece os Per\u00edmetros Urbanos e d\u00e1 outras provid\u00eancias.<\/p>\n","protected":false},"excerpt":{"rendered":"<p>Legisla\u00e7\u00e3o Plano Diretor Cerro Azul &#8211; 2008 &#8211; Lei n\u00ba 16\/2008 Disp\u00f5e sobre o novo Plano Diretor Municipal de Cerro Azul e d\u00e1 outras provid\u00eancias. &#8211; Lei n\u00ba 050\/2008 Disp\u00f5e sobre o parcelamento, a edifica\u00e7\u00e3o e a utiliza\u00e7\u00e3o compuls\u00f3ria de im\u00f3veis urbanos, sobre o imposto predial e territorial urbano progressivo no tempo e a desapropria\u00e7\u00e3o&nbsp;&hellip;<\/p>\n","protected":false},"author":378,"featured_media":667,"parent":144,"menu_order":0,"comment_status":"closed","ping_status":"closed","template":"","meta":[],"_links":{"self":[{"href":"https:\/\/www2.uepg.br\/geocidades\/wp-json\/wp\/v2\/pages\/162"}],"collection":[{"href":"https:\/\/www2.uepg.br\/geocidades\/wp-json\/wp\/v2\/pages"}],"about":[{"href":"https:\/\/www2.uepg.br\/geocidades\/wp-json\/wp\/v2\/types\/page"}],"author":[{"embeddable":true,"href":"https:\/\/www2.uepg.br\/geocidades\/wp-json\/wp\/v2\/users\/378"}],"replies":[{"embeddable":true,"href":"https:\/\/www2.uepg.br\/geocidades\/wp-json\/wp\/v2\/comments?post=162"}],"version-history":[{"count":4,"href":"https:\/\/www2.uepg.br\/geocidades\/wp-json\/wp\/v2\/pages\/162\/revisions"}],"predecessor-version":[{"id":263,"href":"https:\/\/www2.uepg.br\/geocidades\/wp-json\/wp\/v2\/pages\/162\/revisions\/263"}],"up":[{"embeddable":true,"href":"https:\/\/www2.uepg.br\/geocidades\/wp-json\/wp\/v2\/pages\/144"}],"wp:featuredmedia":[{"embeddable":true,"href":"https:\/\/www2.uepg.br\/geocidades\/wp-json\/wp\/v2\/media\/667"}],"wp:attachment":[{"href":"https:\/\/www2.uepg.br\/geocidades\/wp-json\/wp\/v2\/media?parent=162"}],"curies":[{"name":"wp","href":"https:\/\/api.w.org\/{rel}","templated":true}]}}