{"id":2109,"date":"2026-02-13T14:28:21","date_gmt":"2026-02-13T17:28:21","guid":{"rendered":"https:\/\/www2.uepg.br\/geocidades\/?page_id=2109"},"modified":"2026-04-01T09:40:25","modified_gmt":"2026-04-01T12:40:25","slug":"sao-joao-do-triunfo","status":"publish","type":"page","link":"https:\/\/www2.uepg.br\/geocidades\/plano-diretor\/sao-joao-do-triunfo\/","title":{"rendered":"S\u00e3o Jo\u00e3o do Triunfo"},"content":{"rendered":"<p>Agenda<\/p>\n<p>Audi\u00eancias P\u00fablicas<\/p>\n<p><a href=\"https:\/\/www2.uepg.br\/geocidades\/plano-diretor\/sao-joao-do-triunfo\/documentos\/\">Documentos<\/a><\/p>\n<p>Legisla\u00e7\u00f5es<\/p>\n<p>Mapas<\/p>\n<p>Not\u00edcias<\/p>\n<p>Reuni\u00f5es<\/p>\n<p>V\u00eddeos<\/p>\n","protected":false},"excerpt":{"rendered":"<p>Agenda Audi\u00eancias P\u00fablicas Documentos Legisla\u00e7\u00f5es Mapas Not\u00edcias Reuni\u00f5es V\u00eddeos<\/p>\n","protected":false},"author":426,"featured_media":2116,"parent":143,"menu_order":0,"comment_status":"closed","ping_status":"closed","template":"","meta":[],"_links":{"self":[{"href":"https:\/\/www2.uepg.br\/geocidades\/wp-json\/wp\/v2\/pages\/2109"}],"collection":[{"href":"https:\/\/www2.uepg.br\/geocidades\/wp-json\/wp\/v2\/pages"}],"about":[{"href":"https:\/\/www2.uepg.br\/geocidades\/wp-json\/wp\/v2\/types\/page"}],"author":[{"embeddable":true,"href":"https:\/\/www2.uepg.br\/geocidades\/wp-json\/wp\/v2\/users\/426"}],"replies":[{"embeddable":true,"href":"https:\/\/www2.uepg.br\/geocidades\/wp-json\/wp\/v2\/comments?post=2109"}],"version-history":[{"count":6,"href":"https:\/\/www2.uepg.br\/geocidades\/wp-json\/wp\/v2\/pages\/2109\/revisions"}],"predecessor-version":[{"id":2135,"href":"https:\/\/www2.uepg.br\/geocidades\/wp-json\/wp\/v2\/pages\/2109\/revisions\/2135"}],"up":[{"embeddable":true,"href":"https:\/\/www2.uepg.br\/geocidades\/wp-json\/wp\/v2\/pages\/143"}],"wp:featuredmedia":[{"embeddable":true,"href":"https:\/\/www2.uepg.br\/geocidades\/wp-json\/wp\/v2\/media\/2116"}],"wp:attachment":[{"href":"https:\/\/www2.uepg.br\/geocidades\/wp-json\/wp\/v2\/media?parent=2109"}],"curies":[{"name":"wp","href":"https:\/\/api.w.org\/{rel}","templated":true}]}}