{"id":2111,"date":"2026-02-13T14:29:02","date_gmt":"2026-02-13T17:29:02","guid":{"rendered":"https:\/\/www2.uepg.br\/geocidades\/?page_id=2111"},"modified":"2026-04-01T10:34:46","modified_gmt":"2026-04-01T13:34:46","slug":"documentos","status":"publish","type":"page","link":"https:\/\/www2.uepg.br\/geocidades\/plano-diretor\/sao-joao-do-triunfo\/documentos\/","title":{"rendered":"Documentos"},"content":{"rendered":"<p><a href=\"https:\/\/www2.uepg.br\/geocidades\/wp-content\/uploads\/sites\/209\/2026\/03\/Relatorio_1_Fase_Mobilizacao_SJT_versao_analise.pdf\">Relat\u00f3rio da 1\u00b0 Fase do Plano Diretor de S\u00e3o Jo\u00e3o do Triunfo &#8211; Mobiliza\u00e7\u00e3o &#8211; Vers\u00e3o de An\u00e1lise<\/a><\/p>\n<p>&nbsp;<\/p>\n<p><a href=\"https:\/\/www2.uepg.br\/geocidades\/wp-content\/uploads\/sites\/209\/2026\/04\/Relatorio_Final_Versao_Consolidada_1_Fase_compressed.pdf\">Relat\u00f3rio da 1\u00b0 Fase do Plano Diretor de S\u00e3o Jo\u00e3o do Triunfo &#8211; Mobiliza\u00e7\u00e3o &#8211; Vers\u00e3o Consolidada<\/a><\/p>\n","protected":false},"excerpt":{"rendered":"<p>Relat\u00f3rio da 1\u00b0 Fase do Plano Diretor de S\u00e3o Jo\u00e3o do Triunfo &#8211; Mobiliza\u00e7\u00e3o &#8211; Vers\u00e3o de An\u00e1lise &nbsp; Relat\u00f3rio da 1\u00b0 Fase do Plano Diretor de S\u00e3o Jo\u00e3o do Triunfo &#8211; Mobiliza\u00e7\u00e3o &#8211; Vers\u00e3o Consolidada<\/p>\n","protected":false},"author":426,"featured_media":0,"parent":2109,"menu_order":0,"comment_status":"closed","ping_status":"closed","template":"","meta":[],"_links":{"self":[{"href":"https:\/\/www2.uepg.br\/geocidades\/wp-json\/wp\/v2\/pages\/2111"}],"collection":[{"href":"https:\/\/www2.uepg.br\/geocidades\/wp-json\/wp\/v2\/pages"}],"about":[{"href":"https:\/\/www2.uepg.br\/geocidades\/wp-json\/wp\/v2\/types\/page"}],"author":[{"embeddable":true,"href":"https:\/\/www2.uepg.br\/geocidades\/wp-json\/wp\/v2\/users\/426"}],"replies":[{"embeddable":true,"href":"https:\/\/www2.uepg.br\/geocidades\/wp-json\/wp\/v2\/comments?post=2111"}],"version-history":[{"count":7,"href":"https:\/\/www2.uepg.br\/geocidades\/wp-json\/wp\/v2\/pages\/2111\/revisions"}],"predecessor-version":[{"id":2142,"href":"https:\/\/www2.uepg.br\/geocidades\/wp-json\/wp\/v2\/pages\/2111\/revisions\/2142"}],"up":[{"embeddable":true,"href":"https:\/\/www2.uepg.br\/geocidades\/wp-json\/wp\/v2\/pages\/2109"}],"wp:attachment":[{"href":"https:\/\/www2.uepg.br\/geocidades\/wp-json\/wp\/v2\/media?parent=2111"}],"curies":[{"name":"wp","href":"https:\/\/api.w.org\/{rel}","templated":true}]}}