{"id":476,"date":"2023-07-21T16:39:13","date_gmt":"2023-07-21T19:39:13","guid":{"rendered":"https:\/\/www2.uepg.br\/geocidades\/?page_id=476"},"modified":"2023-07-21T17:04:33","modified_gmt":"2023-07-21T20:04:33","slug":"guaraquecaba","status":"publish","type":"page","link":"https:\/\/www2.uepg.br\/geocidades\/plano-diretor\/guaraquecaba\/","title":{"rendered":"Guaraque\u00e7aba"},"content":{"rendered":"<div id=\"page-content\" class=\"page-content\">\n<div class=\"gridContainer content\">\n<div id=\"post-144\" class=\"post-144 page type-page status-publish has-post-thumbnail hentry\">\n<div>\n<p>Mem\u00f3rias do Plano Diretor Participativo de Guaraque\u00e7aba, Paran\u00e1 \u2013 2022-2032<\/p>\n<p>\u2013 <a href=\"https:\/\/www2.uepg.br\/geocidades\/plano-diretor\/guaraquecaba\/guaraquecaba-documentos\/\">Documentos<\/a><\/p>\n<p>\u2013 <a href=\"https:\/\/www2.uepg.br\/geocidades\/plano-diretor\/guaraquecaba\/guaraquecaba-mapas\/\">Mapas<\/a><\/p>\n<p>\u2013 <a href=\"https:\/\/www2.uepg.br\/geocidades\/plano-diretor\/guaraquecaba\/guaraquecaba-noticias\/\">Not\u00edcias<\/a><\/p>\n<p>\u2013 <a href=\"https:\/\/www2.uepg.br\/geocidades\/plano-diretor\/guaraquecaba\/guaraquecaba-legislacoes\/\">Legisla\u00e7\u00f5es<\/a><\/p>\n<p>\u2013 <a href=\"https:\/\/www2.uepg.br\/geocidades\/plano-diretor\/guaraquecaba\/guaraquecaba-reunioes\/\">Reuni\u00f5es<\/a><\/p>\n<p>\u2013 <a href=\"https:\/\/www2.uepg.br\/geocidades\/plano-diretor\/guaraquecaba\/guaraquecaba-audiencias-publicas\/\">Audi\u00eancia P\u00fablica<\/a><\/p>\n<p>\u2013 <a href=\"https:\/\/www2.uepg.br\/geocidades\/plano-diretor\/guaraquecaba\/guaraquecaba-videos\/\">V\u00eddeos<\/a><\/p>\n<p>\u2013 <a href=\"https:\/\/www2.uepg.br\/geocidades\/plano-diretor\/guaraquecaba\/guaraquecaba-agenda\/\">Agenda<\/a><\/p>\n<\/div>\n<\/div>\n<\/div>\n<\/div>\n","protected":false},"excerpt":{"rendered":"<p>Mem\u00f3rias do Plano Diretor Participativo de Guaraque\u00e7aba, Paran\u00e1 \u2013 2022-2032 \u2013 Documentos \u2013 Mapas \u2013 Not\u00edcias \u2013 Legisla\u00e7\u00f5es \u2013 Reuni\u00f5es \u2013 Audi\u00eancia P\u00fablica \u2013 V\u00eddeos \u2013 Agenda<\/p>\n","protected":false},"author":426,"featured_media":499,"parent":143,"menu_order":0,"comment_status":"closed","ping_status":"closed","template":"","meta":[],"_links":{"self":[{"href":"https:\/\/www2.uepg.br\/geocidades\/wp-json\/wp\/v2\/pages\/476"}],"collection":[{"href":"https:\/\/www2.uepg.br\/geocidades\/wp-json\/wp\/v2\/pages"}],"about":[{"href":"https:\/\/www2.uepg.br\/geocidades\/wp-json\/wp\/v2\/types\/page"}],"author":[{"embeddable":true,"href":"https:\/\/www2.uepg.br\/geocidades\/wp-json\/wp\/v2\/users\/426"}],"replies":[{"embeddable":true,"href":"https:\/\/www2.uepg.br\/geocidades\/wp-json\/wp\/v2\/comments?post=476"}],"version-history":[{"count":4,"href":"https:\/\/www2.uepg.br\/geocidades\/wp-json\/wp\/v2\/pages\/476\/revisions"}],"predecessor-version":[{"id":498,"href":"https:\/\/www2.uepg.br\/geocidades\/wp-json\/wp\/v2\/pages\/476\/revisions\/498"}],"up":[{"embeddable":true,"href":"https:\/\/www2.uepg.br\/geocidades\/wp-json\/wp\/v2\/pages\/143"}],"wp:featuredmedia":[{"embeddable":true,"href":"https:\/\/www2.uepg.br\/geocidades\/wp-json\/wp\/v2\/media\/499"}],"wp:attachment":[{"href":"https:\/\/www2.uepg.br\/geocidades\/wp-json\/wp\/v2\/media?parent=476"}],"curies":[{"name":"wp","href":"https:\/\/api.w.org\/{rel}","templated":true}]}}